{"id":22613,"date":"2022-11-04T12:27:13","date_gmt":"2022-11-04T11:27:13","guid":{"rendered":"https:\/\/www.royal-horse.com\/?page_id=22613"},"modified":"2022-12-02T15:58:38","modified_gmt":"2022-12-02T14:58:38","slug":"find-os","status":"publish","type":"page","link":"https:\/\/www.royal-horse.com\/da\/find-os\/","title":{"rendered":"Find os"},"content":{"rendered":"","protected":false},"excerpt":{"rendered":"<p> [&#8230;]<\/p>\n<p><a class=\"btn btn-secondary understrap-read-more-link\" href=\"https:\/\/www.royal-horse.com\/da\/find-os\/\">L\u00e6s mere&#8230;<span class=\"screen-reader-text\"> from Find os<\/span><\/a><\/p>\n","protected":false},"author":13,"featured_media":0,"parent":0,"menu_order":0,"comment_status":"closed","ping_status":"closed","template":"page-ou-nous-trouver.php","meta":{"_acf_changed":false,"_joinchat":[],"footnotes":""},"class_list":["post-22613","page","type-page","status-publish","hentry"],"acf":[],"yoast_head":"<!-- This site is optimized with the Yoast SEO plugin v27.5 - https:\/\/yoast.com\/product\/yoast-seo-wordpress\/ -->\n<title>Hvor kan man finde hestefoder? - Royal Horse<\/title>\n<meta name=\"description\" content=\"Find den n\u00e6rmeste forhandler af hestefoder og tilskudsfoder i n\u00e6rheden af dig ved at klikke p\u00e5 det interaktive kort.\" \/>\n<meta name=\"robots\" content=\"index, follow, max-snippet:-1, max-image-preview:large, max-video-preview:-1\" \/>\n<link rel=\"canonical\" href=\"https:\/\/www.royal-horse.com\/da\/find-os\/\" \/>\n<meta property=\"og:locale\" content=\"da_DK\" \/>\n<meta property=\"og:type\" content=\"article\" \/>\n<meta property=\"og:title\" content=\"Hvor kan man finde hestefoder? - Royal Horse\" \/>\n<meta property=\"og:description\" content=\"Find den n\u00e6rmeste forhandler af hestefoder og tilskudsfoder i n\u00e6rheden af dig ved at klikke p\u00e5 det interaktive kort.\" \/>\n<meta property=\"og:url\" content=\"https:\/\/www.royal-horse.com\/da\/find-os\/\" \/>\n<meta property=\"og:site_name\" content=\"Royal Horse\" \/>\n<meta property=\"article:modified_time\" content=\"2022-12-02T14:58:38+00:00\" \/>\n<meta name=\"twitter:card\" content=\"summary_large_image\" \/>\n<script type=\"application\/ld+json\" class=\"yoast-schema-graph\">{\"@context\":\"https:\\\/\\\/schema.org\",\"@graph\":[{\"@type\":\"WebPage\",\"@id\":\"https:\\\/\\\/www.royal-horse.com\\\/da\\\/find-os\\\/\",\"url\":\"https:\\\/\\\/www.royal-horse.com\\\/da\\\/find-os\\\/\",\"name\":\"Hvor kan man finde hestefoder? - Royal Horse\",\"isPartOf\":{\"@id\":\"https:\\\/\\\/www.royal-horse.com\\\/da\\\/#website\"},\"datePublished\":\"2022-11-04T11:27:13+00:00\",\"dateModified\":\"2022-12-02T14:58:38+00:00\",\"description\":\"Find den n\u00e6rmeste forhandler af hestefoder og tilskudsfoder i n\u00e6rheden af dig ved at klikke p\u00e5 det interaktive kort.\",\"breadcrumb\":{\"@id\":\"https:\\\/\\\/www.royal-horse.com\\\/da\\\/find-os\\\/#breadcrumb\"},\"inLanguage\":\"da-DK\",\"potentialAction\":[{\"@type\":\"ReadAction\",\"target\":[\"https:\\\/\\\/www.royal-horse.com\\\/da\\\/find-os\\\/\"]}]},{\"@type\":\"BreadcrumbList\",\"@id\":\"https:\\\/\\\/www.royal-horse.com\\\/da\\\/find-os\\\/#breadcrumb\",\"itemListElement\":[{\"@type\":\"ListItem\",\"position\":1,\"name\":\"Accueil\",\"item\":\"https:\\\/\\\/www.royal-horse.com\\\/da\\\/\"},{\"@type\":\"ListItem\",\"position\":2,\"name\":\"Find os\"}]},{\"@type\":\"WebSite\",\"@id\":\"https:\\\/\\\/www.royal-horse.com\\\/da\\\/#website\",\"url\":\"https:\\\/\\\/www.royal-horse.com\\\/da\\\/\",\"name\":\"Royal Horse\",\"description\":\"Leader de l&#039;alimentation pour chevaux\",\"publisher\":{\"@id\":\"https:\\\/\\\/www.royal-horse.com\\\/da\\\/#organization\"},\"potentialAction\":[{\"@type\":\"SearchAction\",\"target\":{\"@type\":\"EntryPoint\",\"urlTemplate\":\"https:\\\/\\\/www.royal-horse.com\\\/da\\\/?s={search_term_string}\"},\"query-input\":{\"@type\":\"PropertyValueSpecification\",\"valueRequired\":true,\"valueName\":\"search_term_string\"}}],\"inLanguage\":\"da-DK\"},{\"@type\":\"Organization\",\"@id\":\"https:\\\/\\\/www.royal-horse.com\\\/da\\\/#organization\",\"name\":\"Royal Horse\",\"url\":\"https:\\\/\\\/www.royal-horse.com\\\/da\\\/\",\"logo\":{\"@type\":\"ImageObject\",\"inLanguage\":\"da-DK\",\"@id\":\"https:\\\/\\\/www.royal-horse.com\\\/da\\\/#\\\/schema\\\/logo\\\/image\\\/\",\"url\":\"https:\\\/\\\/www.royal-horse.com\\\/wp-content\\\/uploads\\\/2021\\\/10\\\/Logo-RH.svg\",\"contentUrl\":\"https:\\\/\\\/www.royal-horse.com\\\/wp-content\\\/uploads\\\/2021\\\/10\\\/Logo-RH.svg\",\"width\":71,\"height\":140,\"caption\":\"Royal Horse\"},\"image\":{\"@id\":\"https:\\\/\\\/www.royal-horse.com\\\/da\\\/#\\\/schema\\\/logo\\\/image\\\/\"}}]}<\/script>\n<!-- \/ Yoast SEO plugin. -->","yoast_head_json":{"title":"Hvor kan man finde hestefoder? - Royal Horse","description":"Find den n\u00e6rmeste forhandler af hestefoder og tilskudsfoder i n\u00e6rheden af dig ved at klikke p\u00e5 det interaktive kort.","robots":{"index":"index","follow":"follow","max-snippet":"max-snippet:-1","max-image-preview":"max-image-preview:large","max-video-preview":"max-video-preview:-1"},"canonical":"https:\/\/www.royal-horse.com\/da\/find-os\/","og_locale":"da_DK","og_type":"article","og_title":"Hvor kan man finde hestefoder? - Royal Horse","og_description":"Find den n\u00e6rmeste forhandler af hestefoder og tilskudsfoder i n\u00e6rheden af dig ved at klikke p\u00e5 det interaktive kort.","og_url":"https:\/\/www.royal-horse.com\/da\/find-os\/","og_site_name":"Royal Horse","article_modified_time":"2022-12-02T14:58:38+00:00","twitter_card":"summary_large_image","schema":{"@context":"https:\/\/schema.org","@graph":[{"@type":"WebPage","@id":"https:\/\/www.royal-horse.com\/da\/find-os\/","url":"https:\/\/www.royal-horse.com\/da\/find-os\/","name":"Hvor kan man finde hestefoder? - Royal Horse","isPartOf":{"@id":"https:\/\/www.royal-horse.com\/da\/#website"},"datePublished":"2022-11-04T11:27:13+00:00","dateModified":"2022-12-02T14:58:38+00:00","description":"Find den n\u00e6rmeste forhandler af hestefoder og tilskudsfoder i n\u00e6rheden af dig ved at klikke p\u00e5 det interaktive kort.","breadcrumb":{"@id":"https:\/\/www.royal-horse.com\/da\/find-os\/#breadcrumb"},"inLanguage":"da-DK","potentialAction":[{"@type":"ReadAction","target":["https:\/\/www.royal-horse.com\/da\/find-os\/"]}]},{"@type":"BreadcrumbList","@id":"https:\/\/www.royal-horse.com\/da\/find-os\/#breadcrumb","itemListElement":[{"@type":"ListItem","position":1,"name":"Accueil","item":"https:\/\/www.royal-horse.com\/da\/"},{"@type":"ListItem","position":2,"name":"Find os"}]},{"@type":"WebSite","@id":"https:\/\/www.royal-horse.com\/da\/#website","url":"https:\/\/www.royal-horse.com\/da\/","name":"Royal Horse","description":"Leader de l&#039;alimentation pour chevaux","publisher":{"@id":"https:\/\/www.royal-horse.com\/da\/#organization"},"potentialAction":[{"@type":"SearchAction","target":{"@type":"EntryPoint","urlTemplate":"https:\/\/www.royal-horse.com\/da\/?s={search_term_string}"},"query-input":{"@type":"PropertyValueSpecification","valueRequired":true,"valueName":"search_term_string"}}],"inLanguage":"da-DK"},{"@type":"Organization","@id":"https:\/\/www.royal-horse.com\/da\/#organization","name":"Royal Horse","url":"https:\/\/www.royal-horse.com\/da\/","logo":{"@type":"ImageObject","inLanguage":"da-DK","@id":"https:\/\/www.royal-horse.com\/da\/#\/schema\/logo\/image\/","url":"https:\/\/www.royal-horse.com\/wp-content\/uploads\/2021\/10\/Logo-RH.svg","contentUrl":"https:\/\/www.royal-horse.com\/wp-content\/uploads\/2021\/10\/Logo-RH.svg","width":71,"height":140,"caption":"Royal Horse"},"image":{"@id":"https:\/\/www.royal-horse.com\/da\/#\/schema\/logo\/image\/"}}]}},"_links":{"self":[{"href":"https:\/\/www.royal-horse.com\/da\/wp-json\/wp\/v2\/pages\/22613","targetHints":{"allow":["GET"]}}],"collection":[{"href":"https:\/\/www.royal-horse.com\/da\/wp-json\/wp\/v2\/pages"}],"about":[{"href":"https:\/\/www.royal-horse.com\/da\/wp-json\/wp\/v2\/types\/page"}],"author":[{"embeddable":true,"href":"https:\/\/www.royal-horse.com\/da\/wp-json\/wp\/v2\/users\/13"}],"replies":[{"embeddable":true,"href":"https:\/\/www.royal-horse.com\/da\/wp-json\/wp\/v2\/comments?post=22613"}],"version-history":[{"count":3,"href":"https:\/\/www.royal-horse.com\/da\/wp-json\/wp\/v2\/pages\/22613\/revisions"}],"predecessor-version":[{"id":23542,"href":"https:\/\/www.royal-horse.com\/da\/wp-json\/wp\/v2\/pages\/22613\/revisions\/23542"}],"wp:attachment":[{"href":"https:\/\/www.royal-horse.com\/da\/wp-json\/wp\/v2\/media?parent=22613"}],"curies":[{"name":"wp","href":"https:\/\/api.w.org\/{rel}","templated":true}]}}