{"id":23098,"date":"2022-11-16T10:45:53","date_gmt":"2022-11-16T09:45:53","guid":{"rendered":"https:\/\/www.royal-horse.com\/alimentacion-caballos\/b-150-foder-flager-avlsheste\/"},"modified":"2024-02-28T11:02:26","modified_gmt":"2024-02-28T10:02:26","slug":"b-150-foder-flager-avlsheste","status":"publish","type":"product","link":"https:\/\/www.royal-horse.com\/da\/hestefoder\/b-150-foder-flager-avlsheste\/","title":{"rendered":"B-150 : Foder i flager til avlsheste"},"content":{"rendered":"","protected":false},"excerpt":{"rendered":"<p> [&#8230;]<\/p>\n<p><a class=\"btn btn-secondary understrap-read-more-link\" href=\"https:\/\/www.royal-horse.com\/da\/hestefoder\/b-150-foder-flager-avlsheste\/\">L\u00e6s mere&#8230;<span class=\"screen-reader-text\"> from B-150 : Foder i flager til avlsheste<\/span><\/a><\/p>\n","protected":false},"featured_media":20962,"comment_status":"closed","ping_status":"closed","template":"","meta":{"_acf_changed":false,"_joinchat":[]},"dispo_ecurie":[345],"activite_cheval":[347,354],"type_aliment":[351],"product_brand":[],"product_cat":[359],"product_tag":[],"class_list":{"0":"post-23098","1":"product","2":"type-product","3":"status-publish","4":"has-post-thumbnail","6":"dispo_ecurie-ho","7":"activite_cheval-avlshoppe","8":"activite_cheval-foellet","9":"type_aliment-flaked-da","10":"product_cat-opdraet-linje","12":"first","13":"instock","14":"shipping-taxable","15":"product-type-simple"},"acf":[],"yoast_head":"<!-- This site is optimized with the Yoast SEO plugin v27.3 - https:\/\/yoast.com\/product\/yoast-seo-wordpress\/ -->\n<title>B-150 - Foder til avlsheste, fremmer frugtbarhed og immunitet<\/title>\n<meta name=\"description\" content=\"B-150 opfylder de specifikke behov hos avlsheste. Et foder i flager suppleret med foder og\/eller gr\u00e6s til dr\u00e6gtige og dr\u00e6gtige hopper, f\u00f8l og hingste.\" \/>\n<meta name=\"robots\" content=\"index, follow, max-snippet:-1, max-image-preview:large, max-video-preview:-1\" \/>\n<link rel=\"canonical\" href=\"https:\/\/www.royal-horse.com\/da\/hestefoder\/b-150-foder-flager-avlsheste\/\" \/>\n<meta property=\"og:locale\" content=\"da_DK\" \/>\n<meta property=\"og:type\" content=\"article\" \/>\n<meta property=\"og:title\" content=\"B-150 - Foder til avlsheste, fremmer frugtbarhed og immunitet\" \/>\n<meta property=\"og:description\" content=\"B-150 opfylder de specifikke behov hos avlsheste. Et foder i flager suppleret med foder og\/eller gr\u00e6s til dr\u00e6gtige og dr\u00e6gtige hopper, f\u00f8l og hingste.\" \/>\n<meta property=\"og:url\" content=\"https:\/\/www.royal-horse.com\/da\/hestefoder\/b-150-foder-flager-avlsheste\/\" \/>\n<meta property=\"og:site_name\" content=\"Royal Horse\" \/>\n<meta property=\"article:modified_time\" content=\"2024-02-28T10:02:26+00:00\" \/>\n<meta property=\"og:image\" content=\"https:\/\/www.royal-horse.com\/wp-content\/uploads\/2022\/01\/B_150.png\" \/>\n\t<meta property=\"og:image:width\" content=\"410\" \/>\n\t<meta property=\"og:image:height\" content=\"676\" \/>\n\t<meta property=\"og:image:type\" content=\"image\/png\" \/>\n<meta name=\"twitter:card\" content=\"summary_large_image\" \/>\n<script type=\"application\/ld+json\" class=\"yoast-schema-graph\">{\"@context\":\"https:\\\/\\\/schema.org\",\"@graph\":[{\"@type\":\"WebPage\",\"@id\":\"https:\\\/\\\/www.royal-horse.com\\\/da\\\/hestefoder\\\/b-150-foder-flager-avlsheste\\\/\",\"url\":\"https:\\\/\\\/www.royal-horse.com\\\/da\\\/hestefoder\\\/b-150-foder-flager-avlsheste\\\/\",\"name\":\"B-150 - Foder til avlsheste, fremmer frugtbarhed og immunitet\",\"isPartOf\":{\"@id\":\"https:\\\/\\\/www.royal-horse.com\\\/da\\\/#website\"},\"primaryImageOfPage\":{\"@id\":\"https:\\\/\\\/www.royal-horse.com\\\/da\\\/hestefoder\\\/b-150-foder-flager-avlsheste\\\/#primaryimage\"},\"image\":{\"@id\":\"https:\\\/\\\/www.royal-horse.com\\\/da\\\/hestefoder\\\/b-150-foder-flager-avlsheste\\\/#primaryimage\"},\"thumbnailUrl\":\"https:\\\/\\\/www.royal-horse.com\\\/wp-content\\\/uploads\\\/2022\\\/01\\\/B_150.png\",\"datePublished\":\"2022-11-16T09:45:53+00:00\",\"dateModified\":\"2024-02-28T10:02:26+00:00\",\"description\":\"B-150 opfylder de specifikke behov hos avlsheste. Et foder i flager suppleret med foder og\\\/eller gr\u00e6s til dr\u00e6gtige og dr\u00e6gtige hopper, f\u00f8l og hingste.\",\"breadcrumb\":{\"@id\":\"https:\\\/\\\/www.royal-horse.com\\\/da\\\/hestefoder\\\/b-150-foder-flager-avlsheste\\\/#breadcrumb\"},\"inLanguage\":\"da-DK\",\"potentialAction\":[{\"@type\":\"ReadAction\",\"target\":[\"https:\\\/\\\/www.royal-horse.com\\\/da\\\/hestefoder\\\/b-150-foder-flager-avlsheste\\\/\"]}]},{\"@type\":\"ImageObject\",\"inLanguage\":\"da-DK\",\"@id\":\"https:\\\/\\\/www.royal-horse.com\\\/da\\\/hestefoder\\\/b-150-foder-flager-avlsheste\\\/#primaryimage\",\"url\":\"https:\\\/\\\/www.royal-horse.com\\\/wp-content\\\/uploads\\\/2022\\\/01\\\/B_150.png\",\"contentUrl\":\"https:\\\/\\\/www.royal-horse.com\\\/wp-content\\\/uploads\\\/2022\\\/01\\\/B_150.png\",\"width\":410,\"height\":676,\"caption\":\"Potrus Junior\"},{\"@type\":\"BreadcrumbList\",\"@id\":\"https:\\\/\\\/www.royal-horse.com\\\/da\\\/hestefoder\\\/b-150-foder-flager-avlsheste\\\/#breadcrumb\",\"itemListElement\":[{\"@type\":\"ListItem\",\"position\":1,\"name\":\"Accueil\",\"item\":\"https:\\\/\\\/www.royal-horse.com\\\/da\\\/\"},{\"@type\":\"ListItem\",\"position\":2,\"name\":\"Vores produkter\",\"item\":\"https:\\\/\\\/www.royal-horse.com\\\/da\\\/hestefoder\\\/\"},{\"@type\":\"ListItem\",\"position\":3,\"name\":\"B-150 : Foder i flager til avlsheste\"}]},{\"@type\":\"WebSite\",\"@id\":\"https:\\\/\\\/www.royal-horse.com\\\/da\\\/#website\",\"url\":\"https:\\\/\\\/www.royal-horse.com\\\/da\\\/\",\"name\":\"Royal Horse\",\"description\":\"Leader de l&#039;alimentation pour chevaux\",\"publisher\":{\"@id\":\"https:\\\/\\\/www.royal-horse.com\\\/da\\\/#organization\"},\"potentialAction\":[{\"@type\":\"SearchAction\",\"target\":{\"@type\":\"EntryPoint\",\"urlTemplate\":\"https:\\\/\\\/www.royal-horse.com\\\/da\\\/?s={search_term_string}\"},\"query-input\":{\"@type\":\"PropertyValueSpecification\",\"valueRequired\":true,\"valueName\":\"search_term_string\"}}],\"inLanguage\":\"da-DK\"},{\"@type\":\"Organization\",\"@id\":\"https:\\\/\\\/www.royal-horse.com\\\/da\\\/#organization\",\"name\":\"Royal Horse\",\"url\":\"https:\\\/\\\/www.royal-horse.com\\\/da\\\/\",\"logo\":{\"@type\":\"ImageObject\",\"inLanguage\":\"da-DK\",\"@id\":\"https:\\\/\\\/www.royal-horse.com\\\/da\\\/#\\\/schema\\\/logo\\\/image\\\/\",\"url\":\"https:\\\/\\\/www.royal-horse.com\\\/wp-content\\\/uploads\\\/2021\\\/10\\\/Logo-RH.svg\",\"contentUrl\":\"https:\\\/\\\/www.royal-horse.com\\\/wp-content\\\/uploads\\\/2021\\\/10\\\/Logo-RH.svg\",\"width\":71,\"height\":140,\"caption\":\"Royal Horse\"},\"image\":{\"@id\":\"https:\\\/\\\/www.royal-horse.com\\\/da\\\/#\\\/schema\\\/logo\\\/image\\\/\"}}]}<\/script>\n<!-- \/ Yoast SEO plugin. -->","yoast_head_json":{"title":"B-150 - Foder til avlsheste, fremmer frugtbarhed og immunitet","description":"B-150 opfylder de specifikke behov hos avlsheste. Et foder i flager suppleret med foder og\/eller gr\u00e6s til dr\u00e6gtige og dr\u00e6gtige hopper, f\u00f8l og hingste.","robots":{"index":"index","follow":"follow","max-snippet":"max-snippet:-1","max-image-preview":"max-image-preview:large","max-video-preview":"max-video-preview:-1"},"canonical":"https:\/\/www.royal-horse.com\/da\/hestefoder\/b-150-foder-flager-avlsheste\/","og_locale":"da_DK","og_type":"article","og_title":"B-150 - Foder til avlsheste, fremmer frugtbarhed og immunitet","og_description":"B-150 opfylder de specifikke behov hos avlsheste. Et foder i flager suppleret med foder og\/eller gr\u00e6s til dr\u00e6gtige og dr\u00e6gtige hopper, f\u00f8l og hingste.","og_url":"https:\/\/www.royal-horse.com\/da\/hestefoder\/b-150-foder-flager-avlsheste\/","og_site_name":"Royal Horse","article_modified_time":"2024-02-28T10:02:26+00:00","og_image":[{"width":410,"height":676,"url":"https:\/\/www.royal-horse.com\/wp-content\/uploads\/2022\/01\/B_150.png","type":"image\/png"}],"twitter_card":"summary_large_image","schema":{"@context":"https:\/\/schema.org","@graph":[{"@type":"WebPage","@id":"https:\/\/www.royal-horse.com\/da\/hestefoder\/b-150-foder-flager-avlsheste\/","url":"https:\/\/www.royal-horse.com\/da\/hestefoder\/b-150-foder-flager-avlsheste\/","name":"B-150 - Foder til avlsheste, fremmer frugtbarhed og immunitet","isPartOf":{"@id":"https:\/\/www.royal-horse.com\/da\/#website"},"primaryImageOfPage":{"@id":"https:\/\/www.royal-horse.com\/da\/hestefoder\/b-150-foder-flager-avlsheste\/#primaryimage"},"image":{"@id":"https:\/\/www.royal-horse.com\/da\/hestefoder\/b-150-foder-flager-avlsheste\/#primaryimage"},"thumbnailUrl":"https:\/\/www.royal-horse.com\/wp-content\/uploads\/2022\/01\/B_150.png","datePublished":"2022-11-16T09:45:53+00:00","dateModified":"2024-02-28T10:02:26+00:00","description":"B-150 opfylder de specifikke behov hos avlsheste. Et foder i flager suppleret med foder og\/eller gr\u00e6s til dr\u00e6gtige og dr\u00e6gtige hopper, f\u00f8l og hingste.","breadcrumb":{"@id":"https:\/\/www.royal-horse.com\/da\/hestefoder\/b-150-foder-flager-avlsheste\/#breadcrumb"},"inLanguage":"da-DK","potentialAction":[{"@type":"ReadAction","target":["https:\/\/www.royal-horse.com\/da\/hestefoder\/b-150-foder-flager-avlsheste\/"]}]},{"@type":"ImageObject","inLanguage":"da-DK","@id":"https:\/\/www.royal-horse.com\/da\/hestefoder\/b-150-foder-flager-avlsheste\/#primaryimage","url":"https:\/\/www.royal-horse.com\/wp-content\/uploads\/2022\/01\/B_150.png","contentUrl":"https:\/\/www.royal-horse.com\/wp-content\/uploads\/2022\/01\/B_150.png","width":410,"height":676,"caption":"Potrus Junior"},{"@type":"BreadcrumbList","@id":"https:\/\/www.royal-horse.com\/da\/hestefoder\/b-150-foder-flager-avlsheste\/#breadcrumb","itemListElement":[{"@type":"ListItem","position":1,"name":"Accueil","item":"https:\/\/www.royal-horse.com\/da\/"},{"@type":"ListItem","position":2,"name":"Vores produkter","item":"https:\/\/www.royal-horse.com\/da\/hestefoder\/"},{"@type":"ListItem","position":3,"name":"B-150 : Foder i flager til avlsheste"}]},{"@type":"WebSite","@id":"https:\/\/www.royal-horse.com\/da\/#website","url":"https:\/\/www.royal-horse.com\/da\/","name":"Royal Horse","description":"Leader de l&#039;alimentation pour chevaux","publisher":{"@id":"https:\/\/www.royal-horse.com\/da\/#organization"},"potentialAction":[{"@type":"SearchAction","target":{"@type":"EntryPoint","urlTemplate":"https:\/\/www.royal-horse.com\/da\/?s={search_term_string}"},"query-input":{"@type":"PropertyValueSpecification","valueRequired":true,"valueName":"search_term_string"}}],"inLanguage":"da-DK"},{"@type":"Organization","@id":"https:\/\/www.royal-horse.com\/da\/#organization","name":"Royal Horse","url":"https:\/\/www.royal-horse.com\/da\/","logo":{"@type":"ImageObject","inLanguage":"da-DK","@id":"https:\/\/www.royal-horse.com\/da\/#\/schema\/logo\/image\/","url":"https:\/\/www.royal-horse.com\/wp-content\/uploads\/2021\/10\/Logo-RH.svg","contentUrl":"https:\/\/www.royal-horse.com\/wp-content\/uploads\/2021\/10\/Logo-RH.svg","width":71,"height":140,"caption":"Royal Horse"},"image":{"@id":"https:\/\/www.royal-horse.com\/da\/#\/schema\/logo\/image\/"}}]}},"_links":{"self":[{"href":"https:\/\/www.royal-horse.com\/da\/wp-json\/wp\/v2\/product\/23098","targetHints":{"allow":["GET"]}}],"collection":[{"href":"https:\/\/www.royal-horse.com\/da\/wp-json\/wp\/v2\/product"}],"about":[{"href":"https:\/\/www.royal-horse.com\/da\/wp-json\/wp\/v2\/types\/product"}],"replies":[{"embeddable":true,"href":"https:\/\/www.royal-horse.com\/da\/wp-json\/wp\/v2\/comments?post=23098"}],"wp:featuredmedia":[{"embeddable":true,"href":"https:\/\/www.royal-horse.com\/da\/wp-json\/wp\/v2\/media\/20962"}],"wp:attachment":[{"href":"https:\/\/www.royal-horse.com\/da\/wp-json\/wp\/v2\/media?parent=23098"}],"wp:term":[{"taxonomy":"dispo_ecurie","embeddable":true,"href":"https:\/\/www.royal-horse.com\/da\/wp-json\/wp\/v2\/dispo_ecurie?post=23098"},{"taxonomy":"activite_cheval","embeddable":true,"href":"https:\/\/www.royal-horse.com\/da\/wp-json\/wp\/v2\/activite_cheval?post=23098"},{"taxonomy":"type_aliment","embeddable":true,"href":"https:\/\/www.royal-horse.com\/da\/wp-json\/wp\/v2\/type_aliment?post=23098"},{"taxonomy":"product_brand","embeddable":true,"href":"https:\/\/www.royal-horse.com\/da\/wp-json\/wp\/v2\/product_brand?post=23098"},{"taxonomy":"product_cat","embeddable":true,"href":"https:\/\/www.royal-horse.com\/da\/wp-json\/wp\/v2\/product_cat?post=23098"},{"taxonomy":"product_tag","embeddable":true,"href":"https:\/\/www.royal-horse.com\/da\/wp-json\/wp\/v2\/product_tag?post=23098"}],"curies":[{"name":"wp","href":"https:\/\/api.w.org\/{rel}","templated":true}]}}