{"id":19778,"date":"2022-10-12T17:01:24","date_gmt":"2022-10-12T15:01:24","guid":{"rendered":"https:\/\/www.royal-horse.com\/?page_id=19778"},"modified":"2022-12-13T14:25:40","modified_gmt":"2022-12-13T13:25:40","slug":"composicion-de-la-racion-del-caballo","status":"publish","type":"page","link":"https:\/\/www.royal-horse.com\/es-mx\/composicion-de-la-racion-del-caballo\/","title":{"rendered":"Composici\u00f3n de la raci\u00f3n del caballo"},"content":{"rendered":"","protected":false},"excerpt":{"rendered":"<p> [&#8230;]<\/p>\n<p><a class=\"btn btn-secondary understrap-read-more-link\" href=\"https:\/\/www.royal-horse.com\/es-mx\/composicion-de-la-racion-del-caballo\/\">Read More&#8230;<span class=\"screen-reader-text\"> from Composici\u00f3n de la raci\u00f3n del caballo<\/span><\/a><\/p>\n","protected":false},"author":13,"featured_media":0,"parent":0,"menu_order":0,"comment_status":"closed","ping_status":"closed","template":"page-composer-ma-ration.php","meta":{"_acf_changed":false,"_joinchat":[],"footnotes":""},"class_list":["post-19778","page","type-page","status-publish","hentry"],"acf":[],"yoast_head":"<!-- This site is optimized with the Yoast SEO plugin v27.5 - https:\/\/yoast.com\/product\/yoast-seo-wordpress\/ -->\n<title>Composici\u00f3n de la raci\u00f3n del caballo - Royal Horse<\/title>\n<meta name=\"description\" content=\"Componer la raci\u00f3n de su caballo o poni es esencial para garantizar su bienestar y buena salud.\" \/>\n<meta name=\"robots\" content=\"index, follow, max-snippet:-1, max-image-preview:large, max-video-preview:-1\" \/>\n<link rel=\"canonical\" href=\"https:\/\/www.royal-horse.com\/es-mx\/composicion-de-la-racion-del-caballo\/\" \/>\n<meta property=\"og:locale\" content=\"es_MX\" \/>\n<meta property=\"og:type\" content=\"article\" \/>\n<meta property=\"og:title\" content=\"Composici\u00f3n de la raci\u00f3n del caballo - Royal Horse\" \/>\n<meta property=\"og:description\" content=\"Componer la raci\u00f3n de su caballo o poni es esencial para garantizar su bienestar y buena salud.\" \/>\n<meta property=\"og:url\" content=\"https:\/\/www.royal-horse.com\/es-mx\/composicion-de-la-racion-del-caballo\/\" \/>\n<meta property=\"og:site_name\" content=\"Royal Horse\" \/>\n<meta property=\"article:modified_time\" content=\"2022-12-13T13:25:40+00:00\" \/>\n<meta name=\"twitter:card\" content=\"summary_large_image\" \/>\n<script type=\"application\/ld+json\" class=\"yoast-schema-graph\">{\"@context\":\"https:\\\/\\\/schema.org\",\"@graph\":[{\"@type\":\"WebPage\",\"@id\":\"https:\\\/\\\/www.royal-horse.com\\\/es-mx\\\/composicion-de-la-racion-del-caballo\\\/\",\"url\":\"https:\\\/\\\/www.royal-horse.com\\\/es-mx\\\/composicion-de-la-racion-del-caballo\\\/\",\"name\":\"Composici\u00f3n de la raci\u00f3n del caballo - Royal Horse\",\"isPartOf\":{\"@id\":\"https:\\\/\\\/www.royal-horse.com\\\/es-mx\\\/#website\"},\"datePublished\":\"2022-10-12T15:01:24+00:00\",\"dateModified\":\"2022-12-13T13:25:40+00:00\",\"description\":\"Componer la raci\u00f3n de su caballo o poni es esencial para garantizar su bienestar y buena salud.\",\"breadcrumb\":{\"@id\":\"https:\\\/\\\/www.royal-horse.com\\\/es-mx\\\/composicion-de-la-racion-del-caballo\\\/#breadcrumb\"},\"inLanguage\":\"es\",\"potentialAction\":[{\"@type\":\"ReadAction\",\"target\":[\"https:\\\/\\\/www.royal-horse.com\\\/es-mx\\\/composicion-de-la-racion-del-caballo\\\/\"]}]},{\"@type\":\"BreadcrumbList\",\"@id\":\"https:\\\/\\\/www.royal-horse.com\\\/es-mx\\\/composicion-de-la-racion-del-caballo\\\/#breadcrumb\",\"itemListElement\":[{\"@type\":\"ListItem\",\"position\":1,\"name\":\"Accueil\",\"item\":\"https:\\\/\\\/www.royal-horse.com\\\/es-mx\\\/\"},{\"@type\":\"ListItem\",\"position\":2,\"name\":\"Composici\u00f3n de la raci\u00f3n del caballo\"}]},{\"@type\":\"WebSite\",\"@id\":\"https:\\\/\\\/www.royal-horse.com\\\/es-mx\\\/#website\",\"url\":\"https:\\\/\\\/www.royal-horse.com\\\/es-mx\\\/\",\"name\":\"Royal Horse\",\"description\":\"Leader de l&#039;alimentation pour chevaux\",\"publisher\":{\"@id\":\"https:\\\/\\\/www.royal-horse.com\\\/es-mx\\\/#organization\"},\"potentialAction\":[{\"@type\":\"SearchAction\",\"target\":{\"@type\":\"EntryPoint\",\"urlTemplate\":\"https:\\\/\\\/www.royal-horse.com\\\/es-mx\\\/?s={search_term_string}\"},\"query-input\":{\"@type\":\"PropertyValueSpecification\",\"valueRequired\":true,\"valueName\":\"search_term_string\"}}],\"inLanguage\":\"es\"},{\"@type\":\"Organization\",\"@id\":\"https:\\\/\\\/www.royal-horse.com\\\/es-mx\\\/#organization\",\"name\":\"Royal Horse\",\"url\":\"https:\\\/\\\/www.royal-horse.com\\\/es-mx\\\/\",\"logo\":{\"@type\":\"ImageObject\",\"inLanguage\":\"es\",\"@id\":\"https:\\\/\\\/www.royal-horse.com\\\/es-mx\\\/#\\\/schema\\\/logo\\\/image\\\/\",\"url\":\"https:\\\/\\\/www.royal-horse.com\\\/wp-content\\\/uploads\\\/2021\\\/10\\\/Logo-RH.svg\",\"contentUrl\":\"https:\\\/\\\/www.royal-horse.com\\\/wp-content\\\/uploads\\\/2021\\\/10\\\/Logo-RH.svg\",\"width\":71,\"height\":140,\"caption\":\"Royal Horse\"},\"image\":{\"@id\":\"https:\\\/\\\/www.royal-horse.com\\\/es-mx\\\/#\\\/schema\\\/logo\\\/image\\\/\"}}]}<\/script>\n<!-- \/ Yoast SEO plugin. -->","yoast_head_json":{"title":"Composici\u00f3n de la raci\u00f3n del caballo - Royal Horse","description":"Componer la raci\u00f3n de su caballo o poni es esencial para garantizar su bienestar y buena salud.","robots":{"index":"index","follow":"follow","max-snippet":"max-snippet:-1","max-image-preview":"max-image-preview:large","max-video-preview":"max-video-preview:-1"},"canonical":"https:\/\/www.royal-horse.com\/es-mx\/composicion-de-la-racion-del-caballo\/","og_locale":"es_MX","og_type":"article","og_title":"Composici\u00f3n de la raci\u00f3n del caballo - Royal Horse","og_description":"Componer la raci\u00f3n de su caballo o poni es esencial para garantizar su bienestar y buena salud.","og_url":"https:\/\/www.royal-horse.com\/es-mx\/composicion-de-la-racion-del-caballo\/","og_site_name":"Royal Horse","article_modified_time":"2022-12-13T13:25:40+00:00","twitter_card":"summary_large_image","schema":{"@context":"https:\/\/schema.org","@graph":[{"@type":"WebPage","@id":"https:\/\/www.royal-horse.com\/es-mx\/composicion-de-la-racion-del-caballo\/","url":"https:\/\/www.royal-horse.com\/es-mx\/composicion-de-la-racion-del-caballo\/","name":"Composici\u00f3n de la raci\u00f3n del caballo - Royal Horse","isPartOf":{"@id":"https:\/\/www.royal-horse.com\/es-mx\/#website"},"datePublished":"2022-10-12T15:01:24+00:00","dateModified":"2022-12-13T13:25:40+00:00","description":"Componer la raci\u00f3n de su caballo o poni es esencial para garantizar su bienestar y buena salud.","breadcrumb":{"@id":"https:\/\/www.royal-horse.com\/es-mx\/composicion-de-la-racion-del-caballo\/#breadcrumb"},"inLanguage":"es","potentialAction":[{"@type":"ReadAction","target":["https:\/\/www.royal-horse.com\/es-mx\/composicion-de-la-racion-del-caballo\/"]}]},{"@type":"BreadcrumbList","@id":"https:\/\/www.royal-horse.com\/es-mx\/composicion-de-la-racion-del-caballo\/#breadcrumb","itemListElement":[{"@type":"ListItem","position":1,"name":"Accueil","item":"https:\/\/www.royal-horse.com\/es-mx\/"},{"@type":"ListItem","position":2,"name":"Composici\u00f3n de la raci\u00f3n del caballo"}]},{"@type":"WebSite","@id":"https:\/\/www.royal-horse.com\/es-mx\/#website","url":"https:\/\/www.royal-horse.com\/es-mx\/","name":"Royal Horse","description":"Leader de l&#039;alimentation pour chevaux","publisher":{"@id":"https:\/\/www.royal-horse.com\/es-mx\/#organization"},"potentialAction":[{"@type":"SearchAction","target":{"@type":"EntryPoint","urlTemplate":"https:\/\/www.royal-horse.com\/es-mx\/?s={search_term_string}"},"query-input":{"@type":"PropertyValueSpecification","valueRequired":true,"valueName":"search_term_string"}}],"inLanguage":"es"},{"@type":"Organization","@id":"https:\/\/www.royal-horse.com\/es-mx\/#organization","name":"Royal Horse","url":"https:\/\/www.royal-horse.com\/es-mx\/","logo":{"@type":"ImageObject","inLanguage":"es","@id":"https:\/\/www.royal-horse.com\/es-mx\/#\/schema\/logo\/image\/","url":"https:\/\/www.royal-horse.com\/wp-content\/uploads\/2021\/10\/Logo-RH.svg","contentUrl":"https:\/\/www.royal-horse.com\/wp-content\/uploads\/2021\/10\/Logo-RH.svg","width":71,"height":140,"caption":"Royal Horse"},"image":{"@id":"https:\/\/www.royal-horse.com\/es-mx\/#\/schema\/logo\/image\/"}}]}},"_links":{"self":[{"href":"https:\/\/www.royal-horse.com\/es-mx\/wp-json\/wp\/v2\/pages\/19778","targetHints":{"allow":["GET"]}}],"collection":[{"href":"https:\/\/www.royal-horse.com\/es-mx\/wp-json\/wp\/v2\/pages"}],"about":[{"href":"https:\/\/www.royal-horse.com\/es-mx\/wp-json\/wp\/v2\/types\/page"}],"author":[{"embeddable":true,"href":"https:\/\/www.royal-horse.com\/es-mx\/wp-json\/wp\/v2\/users\/13"}],"replies":[{"embeddable":true,"href":"https:\/\/www.royal-horse.com\/es-mx\/wp-json\/wp\/v2\/comments?post=19778"}],"version-history":[{"count":5,"href":"https:\/\/www.royal-horse.com\/es-mx\/wp-json\/wp\/v2\/pages\/19778\/revisions"}],"predecessor-version":[{"id":25409,"href":"https:\/\/www.royal-horse.com\/es-mx\/wp-json\/wp\/v2\/pages\/19778\/revisions\/25409"}],"wp:attachment":[{"href":"https:\/\/www.royal-horse.com\/es-mx\/wp-json\/wp\/v2\/media?parent=19778"}],"curies":[{"name":"wp","href":"https:\/\/api.w.org\/{rel}","templated":true}]}}