{"id":12087,"date":"2022-04-03T09:37:05","date_gmt":"2022-04-03T07:37:05","guid":{"rendered":"https:\/\/www.royal-horse.com\/?post_type=product&#038;p=12087"},"modified":"2023-03-17T11:01:17","modified_gmt":"2023-03-17T10:01:17","slug":"b300-alimento-pellets-portos-crianza","status":"publish","type":"product","link":"https:\/\/www.royal-horse.com\/es-mx\/alimentacion-caballos\/b300-alimento-pellets-portos-crianza\/","title":{"rendered":"B-300 : Alimento con pellets para potros"},"content":{"rendered":"","protected":false},"excerpt":{"rendered":"<p> [&#8230;]<\/p>\n<p><a class=\"btn btn-secondary understrap-read-more-link\" href=\"https:\/\/www.royal-horse.com\/es-mx\/alimentacion-caballos\/b300-alimento-pellets-portos-crianza\/\">Read More&#8230;<span class=\"screen-reader-text\"> from B-300 : Alimento con pellets para potros<\/span><\/a><\/p>\n","protected":false},"featured_media":15266,"comment_status":"open","ping_status":"closed","template":"","meta":{"_acf_changed":false,"_joinchat":[]},"dispo_ecurie":[173],"activite_cheval":[200],"type_aliment":[197],"product_brand":[],"product_cat":[181],"product_tag":[],"class_list":{"0":"post-12087","1":"product","2":"type-product","3":"status-publish","4":"has-post-thumbnail","6":"dispo_ecurie-heno-es-mx","7":"activite_cheval-potro","8":"type_aliment-pellet","9":"product_cat-crianza","11":"first","12":"instock","13":"shipping-taxable","14":"product-type-simple"},"acf":[],"yoast_head":"<!-- This site is optimized with the Yoast SEO plugin v27.5 - https:\/\/yoast.com\/product\/yoast-seo-wordpress\/ -->\n<title>B-300 : Alimento con pellets para potros - Royal Horse<\/title>\n<meta name=\"description\" content=\"El pienso B-300, formulado con prote\u00edna de origen l\u00e1cteo permite un crecimiento armonioso y previene enfermedades ortop\u00e9dicas del desarrollo\" \/>\n<meta name=\"robots\" content=\"index, follow, max-snippet:-1, max-image-preview:large, max-video-preview:-1\" \/>\n<link rel=\"canonical\" href=\"https:\/\/www.royal-horse.com\/es-mx\/alimentacion-caballos\/b300-alimento-pellets-portos-crianza\/\" \/>\n<meta property=\"og:locale\" content=\"es_MX\" \/>\n<meta property=\"og:type\" content=\"article\" \/>\n<meta property=\"og:title\" content=\"B-300 : Alimento con pellets para potros - Royal Horse\" \/>\n<meta property=\"og:description\" content=\"El pienso B-300, formulado con prote\u00edna de origen l\u00e1cteo permite un crecimiento armonioso y previene enfermedades ortop\u00e9dicas del desarrollo\" \/>\n<meta property=\"og:url\" content=\"https:\/\/www.royal-horse.com\/es-mx\/alimentacion-caballos\/b300-alimento-pellets-portos-crianza\/\" \/>\n<meta property=\"og:site_name\" content=\"Royal Horse\" \/>\n<meta property=\"article:modified_time\" content=\"2023-03-17T10:01:17+00:00\" \/>\n<meta property=\"og:image\" content=\"http:\/\/www.royal-horse.com\/wp-content\/uploads\/2022\/03\/ROYAL-HORSE-B300-1.png\" \/>\n\t<meta property=\"og:image:width\" content=\"750\" \/>\n\t<meta property=\"og:image:height\" content=\"1000\" \/>\n\t<meta property=\"og:image:type\" content=\"image\/png\" \/>\n<meta name=\"twitter:card\" content=\"summary_large_image\" \/>\n<script type=\"application\/ld+json\" class=\"yoast-schema-graph\">{\"@context\":\"https:\\\/\\\/schema.org\",\"@graph\":[{\"@type\":\"WebPage\",\"@id\":\"https:\\\/\\\/www.royal-horse.com\\\/es-mx\\\/alimentacion-caballos\\\/b300-alimento-pellets-portos-crianza\\\/\",\"url\":\"https:\\\/\\\/www.royal-horse.com\\\/es-mx\\\/alimentacion-caballos\\\/b300-alimento-pellets-portos-crianza\\\/\",\"name\":\"B-300 : Alimento con pellets para potros - Royal Horse\",\"isPartOf\":{\"@id\":\"https:\\\/\\\/www.royal-horse.com\\\/es-mx\\\/#website\"},\"primaryImageOfPage\":{\"@id\":\"https:\\\/\\\/www.royal-horse.com\\\/es-mx\\\/alimentacion-caballos\\\/b300-alimento-pellets-portos-crianza\\\/#primaryimage\"},\"image\":{\"@id\":\"https:\\\/\\\/www.royal-horse.com\\\/es-mx\\\/alimentacion-caballos\\\/b300-alimento-pellets-portos-crianza\\\/#primaryimage\"},\"thumbnailUrl\":\"https:\\\/\\\/www.royal-horse.com\\\/wp-content\\\/uploads\\\/2022\\\/03\\\/ROYAL-HORSE-B300-1.png\",\"datePublished\":\"2022-04-03T07:37:05+00:00\",\"dateModified\":\"2023-03-17T10:01:17+00:00\",\"description\":\"El pienso B-300, formulado con prote\u00edna de origen l\u00e1cteo permite un crecimiento armonioso y previene enfermedades ortop\u00e9dicas del desarrollo\",\"breadcrumb\":{\"@id\":\"https:\\\/\\\/www.royal-horse.com\\\/es-mx\\\/alimentacion-caballos\\\/b300-alimento-pellets-portos-crianza\\\/#breadcrumb\"},\"inLanguage\":\"es\",\"potentialAction\":[{\"@type\":\"ReadAction\",\"target\":[\"https:\\\/\\\/www.royal-horse.com\\\/es-mx\\\/alimentacion-caballos\\\/b300-alimento-pellets-portos-crianza\\\/\"]}]},{\"@type\":\"ImageObject\",\"inLanguage\":\"es\",\"@id\":\"https:\\\/\\\/www.royal-horse.com\\\/es-mx\\\/alimentacion-caballos\\\/b300-alimento-pellets-portos-crianza\\\/#primaryimage\",\"url\":\"https:\\\/\\\/www.royal-horse.com\\\/wp-content\\\/uploads\\\/2022\\\/03\\\/ROYAL-HORSE-B300-1.png\",\"contentUrl\":\"https:\\\/\\\/www.royal-horse.com\\\/wp-content\\\/uploads\\\/2022\\\/03\\\/ROYAL-HORSE-B300-1.png\",\"width\":750,\"height\":1000},{\"@type\":\"BreadcrumbList\",\"@id\":\"https:\\\/\\\/www.royal-horse.com\\\/es-mx\\\/alimentacion-caballos\\\/b300-alimento-pellets-portos-crianza\\\/#breadcrumb\",\"itemListElement\":[{\"@type\":\"ListItem\",\"position\":1,\"name\":\"Accueil\",\"item\":\"https:\\\/\\\/www.royal-horse.com\\\/es-mx\\\/\"},{\"@type\":\"ListItem\",\"position\":2,\"name\":\"Productos\",\"item\":\"https:\\\/\\\/www.royal-horse.com\\\/es-mx\\\/alimentacion-caballos\\\/\"},{\"@type\":\"ListItem\",\"position\":3,\"name\":\"B-300 : Alimento con pellets para potros\"}]},{\"@type\":\"WebSite\",\"@id\":\"https:\\\/\\\/www.royal-horse.com\\\/es-mx\\\/#website\",\"url\":\"https:\\\/\\\/www.royal-horse.com\\\/es-mx\\\/\",\"name\":\"Royal Horse\",\"description\":\"Leader de l&#039;alimentation pour chevaux\",\"publisher\":{\"@id\":\"https:\\\/\\\/www.royal-horse.com\\\/es-mx\\\/#organization\"},\"potentialAction\":[{\"@type\":\"SearchAction\",\"target\":{\"@type\":\"EntryPoint\",\"urlTemplate\":\"https:\\\/\\\/www.royal-horse.com\\\/es-mx\\\/?s={search_term_string}\"},\"query-input\":{\"@type\":\"PropertyValueSpecification\",\"valueRequired\":true,\"valueName\":\"search_term_string\"}}],\"inLanguage\":\"es\"},{\"@type\":\"Organization\",\"@id\":\"https:\\\/\\\/www.royal-horse.com\\\/es-mx\\\/#organization\",\"name\":\"Royal Horse\",\"url\":\"https:\\\/\\\/www.royal-horse.com\\\/es-mx\\\/\",\"logo\":{\"@type\":\"ImageObject\",\"inLanguage\":\"es\",\"@id\":\"https:\\\/\\\/www.royal-horse.com\\\/es-mx\\\/#\\\/schema\\\/logo\\\/image\\\/\",\"url\":\"https:\\\/\\\/www.royal-horse.com\\\/wp-content\\\/uploads\\\/2021\\\/10\\\/Logo-RH.svg\",\"contentUrl\":\"https:\\\/\\\/www.royal-horse.com\\\/wp-content\\\/uploads\\\/2021\\\/10\\\/Logo-RH.svg\",\"width\":71,\"height\":140,\"caption\":\"Royal Horse\"},\"image\":{\"@id\":\"https:\\\/\\\/www.royal-horse.com\\\/es-mx\\\/#\\\/schema\\\/logo\\\/image\\\/\"}}]}<\/script>\n<!-- \/ Yoast SEO plugin. -->","yoast_head_json":{"title":"B-300 : Alimento con pellets para potros - Royal Horse","description":"El pienso B-300, formulado con prote\u00edna de origen l\u00e1cteo permite un crecimiento armonioso y previene enfermedades ortop\u00e9dicas del desarrollo","robots":{"index":"index","follow":"follow","max-snippet":"max-snippet:-1","max-image-preview":"max-image-preview:large","max-video-preview":"max-video-preview:-1"},"canonical":"https:\/\/www.royal-horse.com\/es-mx\/alimentacion-caballos\/b300-alimento-pellets-portos-crianza\/","og_locale":"es_MX","og_type":"article","og_title":"B-300 : Alimento con pellets para potros - Royal Horse","og_description":"El pienso B-300, formulado con prote\u00edna de origen l\u00e1cteo permite un crecimiento armonioso y previene enfermedades ortop\u00e9dicas del desarrollo","og_url":"https:\/\/www.royal-horse.com\/es-mx\/alimentacion-caballos\/b300-alimento-pellets-portos-crianza\/","og_site_name":"Royal Horse","article_modified_time":"2023-03-17T10:01:17+00:00","og_image":[{"width":750,"height":1000,"url":"http:\/\/www.royal-horse.com\/wp-content\/uploads\/2022\/03\/ROYAL-HORSE-B300-1.png","type":"image\/png"}],"twitter_card":"summary_large_image","schema":{"@context":"https:\/\/schema.org","@graph":[{"@type":"WebPage","@id":"https:\/\/www.royal-horse.com\/es-mx\/alimentacion-caballos\/b300-alimento-pellets-portos-crianza\/","url":"https:\/\/www.royal-horse.com\/es-mx\/alimentacion-caballos\/b300-alimento-pellets-portos-crianza\/","name":"B-300 : Alimento con pellets para potros - Royal Horse","isPartOf":{"@id":"https:\/\/www.royal-horse.com\/es-mx\/#website"},"primaryImageOfPage":{"@id":"https:\/\/www.royal-horse.com\/es-mx\/alimentacion-caballos\/b300-alimento-pellets-portos-crianza\/#primaryimage"},"image":{"@id":"https:\/\/www.royal-horse.com\/es-mx\/alimentacion-caballos\/b300-alimento-pellets-portos-crianza\/#primaryimage"},"thumbnailUrl":"https:\/\/www.royal-horse.com\/wp-content\/uploads\/2022\/03\/ROYAL-HORSE-B300-1.png","datePublished":"2022-04-03T07:37:05+00:00","dateModified":"2023-03-17T10:01:17+00:00","description":"El pienso B-300, formulado con prote\u00edna de origen l\u00e1cteo permite un crecimiento armonioso y previene enfermedades ortop\u00e9dicas del desarrollo","breadcrumb":{"@id":"https:\/\/www.royal-horse.com\/es-mx\/alimentacion-caballos\/b300-alimento-pellets-portos-crianza\/#breadcrumb"},"inLanguage":"es","potentialAction":[{"@type":"ReadAction","target":["https:\/\/www.royal-horse.com\/es-mx\/alimentacion-caballos\/b300-alimento-pellets-portos-crianza\/"]}]},{"@type":"ImageObject","inLanguage":"es","@id":"https:\/\/www.royal-horse.com\/es-mx\/alimentacion-caballos\/b300-alimento-pellets-portos-crianza\/#primaryimage","url":"https:\/\/www.royal-horse.com\/wp-content\/uploads\/2022\/03\/ROYAL-HORSE-B300-1.png","contentUrl":"https:\/\/www.royal-horse.com\/wp-content\/uploads\/2022\/03\/ROYAL-HORSE-B300-1.png","width":750,"height":1000},{"@type":"BreadcrumbList","@id":"https:\/\/www.royal-horse.com\/es-mx\/alimentacion-caballos\/b300-alimento-pellets-portos-crianza\/#breadcrumb","itemListElement":[{"@type":"ListItem","position":1,"name":"Accueil","item":"https:\/\/www.royal-horse.com\/es-mx\/"},{"@type":"ListItem","position":2,"name":"Productos","item":"https:\/\/www.royal-horse.com\/es-mx\/alimentacion-caballos\/"},{"@type":"ListItem","position":3,"name":"B-300 : Alimento con pellets para potros"}]},{"@type":"WebSite","@id":"https:\/\/www.royal-horse.com\/es-mx\/#website","url":"https:\/\/www.royal-horse.com\/es-mx\/","name":"Royal Horse","description":"Leader de l&#039;alimentation pour chevaux","publisher":{"@id":"https:\/\/www.royal-horse.com\/es-mx\/#organization"},"potentialAction":[{"@type":"SearchAction","target":{"@type":"EntryPoint","urlTemplate":"https:\/\/www.royal-horse.com\/es-mx\/?s={search_term_string}"},"query-input":{"@type":"PropertyValueSpecification","valueRequired":true,"valueName":"search_term_string"}}],"inLanguage":"es"},{"@type":"Organization","@id":"https:\/\/www.royal-horse.com\/es-mx\/#organization","name":"Royal Horse","url":"https:\/\/www.royal-horse.com\/es-mx\/","logo":{"@type":"ImageObject","inLanguage":"es","@id":"https:\/\/www.royal-horse.com\/es-mx\/#\/schema\/logo\/image\/","url":"https:\/\/www.royal-horse.com\/wp-content\/uploads\/2021\/10\/Logo-RH.svg","contentUrl":"https:\/\/www.royal-horse.com\/wp-content\/uploads\/2021\/10\/Logo-RH.svg","width":71,"height":140,"caption":"Royal Horse"},"image":{"@id":"https:\/\/www.royal-horse.com\/es-mx\/#\/schema\/logo\/image\/"}}]}},"_links":{"self":[{"href":"https:\/\/www.royal-horse.com\/es-mx\/wp-json\/wp\/v2\/product\/12087","targetHints":{"allow":["GET"]}}],"collection":[{"href":"https:\/\/www.royal-horse.com\/es-mx\/wp-json\/wp\/v2\/product"}],"about":[{"href":"https:\/\/www.royal-horse.com\/es-mx\/wp-json\/wp\/v2\/types\/product"}],"replies":[{"embeddable":true,"href":"https:\/\/www.royal-horse.com\/es-mx\/wp-json\/wp\/v2\/comments?post=12087"}],"wp:featuredmedia":[{"embeddable":true,"href":"https:\/\/www.royal-horse.com\/es-mx\/wp-json\/wp\/v2\/media\/15266"}],"wp:attachment":[{"href":"https:\/\/www.royal-horse.com\/es-mx\/wp-json\/wp\/v2\/media?parent=12087"}],"wp:term":[{"taxonomy":"dispo_ecurie","embeddable":true,"href":"https:\/\/www.royal-horse.com\/es-mx\/wp-json\/wp\/v2\/dispo_ecurie?post=12087"},{"taxonomy":"activite_cheval","embeddable":true,"href":"https:\/\/www.royal-horse.com\/es-mx\/wp-json\/wp\/v2\/activite_cheval?post=12087"},{"taxonomy":"type_aliment","embeddable":true,"href":"https:\/\/www.royal-horse.com\/es-mx\/wp-json\/wp\/v2\/type_aliment?post=12087"},{"taxonomy":"product_brand","embeddable":true,"href":"https:\/\/www.royal-horse.com\/es-mx\/wp-json\/wp\/v2\/product_brand?post=12087"},{"taxonomy":"product_cat","embeddable":true,"href":"https:\/\/www.royal-horse.com\/es-mx\/wp-json\/wp\/v2\/product_cat?post=12087"},{"taxonomy":"product_tag","embeddable":true,"href":"https:\/\/www.royal-horse.com\/es-mx\/wp-json\/wp\/v2\/product_tag?post=12087"}],"curies":[{"name":"wp","href":"https:\/\/api.w.org\/{rel}","templated":true}]}}