{"id":26646,"date":"2023-03-10T00:14:32","date_gmt":"2023-03-09T23:14:32","guid":{"rendered":"https:\/\/www.royal-horse.com\/?post_type=product&#038;p=26646"},"modified":"2023-03-28T17:06:58","modified_gmt":"2023-03-28T15:06:58","slug":"r-550-alimento-super-premium-para-caballos-de-carreras","status":"publish","type":"product","link":"https:\/\/www.royal-horse.com\/es-mx\/alimentacion-caballos\/r-550-alimento-super-premium-para-caballos-de-carreras\/","title":{"rendered":"R-550: Alimento s\u00faper premium en presentaci\u00f3n de multipart\u00edculas para caballos de carreras"},"content":{"rendered":"","protected":false},"excerpt":{"rendered":"<p> [&#8230;]<\/p>\n<p><a class=\"btn btn-secondary understrap-read-more-link\" href=\"https:\/\/www.royal-horse.com\/es-mx\/alimentacion-caballos\/r-550-alimento-super-premium-para-caballos-de-carreras\/\">Read More&#8230;<span class=\"screen-reader-text\"> from R-550: Alimento s\u00faper premium en presentaci\u00f3n de multipart\u00edculas para caballos de carreras<\/span><\/a><\/p>\n","protected":false},"featured_media":26710,"comment_status":"closed","ping_status":"closed","template":"","meta":{"_acf_changed":false,"_joinchat":[]},"dispo_ecurie":[173],"activite_cheval":[281,277,276,174,175,176],"type_aliment":[177],"product_brand":[],"product_cat":[435],"product_tag":[],"class_list":{"0":"post-26646","1":"product","2":"type-product","3":"status-publish","4":"has-post-thumbnail","6":"dispo_ecurie-heno-es-mx","7":"activite_cheval-show-de-caballos","8":"activite_cheval-trabajo-diario-1h-dia-esfuerzo-largo-sostenido","9":"activite_cheval-trabajo-diario-1h-dia-intenso-sostenido","10":"activite_cheval-trabajo-diario-normal-1h-d","11":"activite_cheval-trabajo-diario-normal-1h-d-intenso","12":"activite_cheval-trabajo-ligero-1h-d","13":"type_aliment-multiparticulas-es-mx","14":"product_cat-carrera","16":"first","17":"instock","18":"shipping-taxable","19":"product-type-simple"},"acf":[],"yoast_head":"<!-- This site is optimized with the Yoast SEO plugin v27.4 - https:\/\/yoast.com\/product\/yoast-seo-wordpress\/ -->\n<title>R-550: Alimentos para caballos de carreras - Royal Horse<\/title>\n<meta name=\"robots\" content=\"index, follow, max-snippet:-1, max-image-preview:large, max-video-preview:-1\" \/>\n<link rel=\"canonical\" href=\"https:\/\/www.royal-horse.com\/es-mx\/alimentacion-caballos\/r-550-alimento-super-premium-para-caballos-de-carreras\/\" \/>\n<meta property=\"og:locale\" content=\"es_MX\" \/>\n<meta property=\"og:type\" content=\"article\" \/>\n<meta property=\"og:title\" content=\"R-550: Alimentos para caballos de carreras - Royal Horse\" \/>\n<meta property=\"og:description\" content=\"[...]Read More... from R-550: Alimento s\u00faper premium en presentaci\u00f3n de multipart\u00edculas para caballos de carreras\" \/>\n<meta property=\"og:url\" content=\"https:\/\/www.royal-horse.com\/es-mx\/alimentacion-caballos\/r-550-alimento-super-premium-para-caballos-de-carreras\/\" \/>\n<meta property=\"og:site_name\" content=\"Royal Horse\" \/>\n<meta property=\"article:modified_time\" content=\"2023-03-28T15:06:58+00:00\" \/>\n<meta property=\"og:image\" content=\"http:\/\/www.royal-horse.com\/wp-content\/uploads\/2023\/03\/ROYAL-HORSE-R550.png\" \/>\n\t<meta property=\"og:image:width\" content=\"640\" \/>\n\t<meta property=\"og:image:height\" content=\"853\" \/>\n\t<meta property=\"og:image:type\" content=\"image\/png\" \/>\n<meta name=\"twitter:card\" content=\"summary_large_image\" \/>\n<script type=\"application\/ld+json\" class=\"yoast-schema-graph\">{\"@context\":\"https:\\\/\\\/schema.org\",\"@graph\":[{\"@type\":\"WebPage\",\"@id\":\"https:\\\/\\\/www.royal-horse.com\\\/es-mx\\\/alimentacion-caballos\\\/r-550-alimento-super-premium-para-caballos-de-carreras\\\/\",\"url\":\"https:\\\/\\\/www.royal-horse.com\\\/es-mx\\\/alimentacion-caballos\\\/r-550-alimento-super-premium-para-caballos-de-carreras\\\/\",\"name\":\"R-550: Alimentos para caballos de carreras - Royal Horse\",\"isPartOf\":{\"@id\":\"https:\\\/\\\/www.royal-horse.com\\\/es-mx\\\/#website\"},\"primaryImageOfPage\":{\"@id\":\"https:\\\/\\\/www.royal-horse.com\\\/es-mx\\\/alimentacion-caballos\\\/r-550-alimento-super-premium-para-caballos-de-carreras\\\/#primaryimage\"},\"image\":{\"@id\":\"https:\\\/\\\/www.royal-horse.com\\\/es-mx\\\/alimentacion-caballos\\\/r-550-alimento-super-premium-para-caballos-de-carreras\\\/#primaryimage\"},\"thumbnailUrl\":\"https:\\\/\\\/www.royal-horse.com\\\/wp-content\\\/uploads\\\/2023\\\/03\\\/ROYAL-HORSE-R550.png\",\"datePublished\":\"2023-03-09T23:14:32+00:00\",\"dateModified\":\"2023-03-28T15:06:58+00:00\",\"breadcrumb\":{\"@id\":\"https:\\\/\\\/www.royal-horse.com\\\/es-mx\\\/alimentacion-caballos\\\/r-550-alimento-super-premium-para-caballos-de-carreras\\\/#breadcrumb\"},\"inLanguage\":\"es\",\"potentialAction\":[{\"@type\":\"ReadAction\",\"target\":[\"https:\\\/\\\/www.royal-horse.com\\\/es-mx\\\/alimentacion-caballos\\\/r-550-alimento-super-premium-para-caballos-de-carreras\\\/\"]}]},{\"@type\":\"ImageObject\",\"inLanguage\":\"es\",\"@id\":\"https:\\\/\\\/www.royal-horse.com\\\/es-mx\\\/alimentacion-caballos\\\/r-550-alimento-super-premium-para-caballos-de-carreras\\\/#primaryimage\",\"url\":\"https:\\\/\\\/www.royal-horse.com\\\/wp-content\\\/uploads\\\/2023\\\/03\\\/ROYAL-HORSE-R550.png\",\"contentUrl\":\"https:\\\/\\\/www.royal-horse.com\\\/wp-content\\\/uploads\\\/2023\\\/03\\\/ROYAL-HORSE-R550.png\",\"width\":2560,\"height\":3413},{\"@type\":\"BreadcrumbList\",\"@id\":\"https:\\\/\\\/www.royal-horse.com\\\/es-mx\\\/alimentacion-caballos\\\/r-550-alimento-super-premium-para-caballos-de-carreras\\\/#breadcrumb\",\"itemListElement\":[{\"@type\":\"ListItem\",\"position\":1,\"name\":\"Accueil\",\"item\":\"https:\\\/\\\/www.royal-horse.com\\\/es-mx\\\/\"},{\"@type\":\"ListItem\",\"position\":2,\"name\":\"Productos\",\"item\":\"https:\\\/\\\/www.royal-horse.com\\\/es-mx\\\/alimentacion-caballos\\\/\"},{\"@type\":\"ListItem\",\"position\":3,\"name\":\"R-550: Alimento s\u00faper premium en presentaci\u00f3n de multipart\u00edculas para caballos de carreras\"}]},{\"@type\":\"WebSite\",\"@id\":\"https:\\\/\\\/www.royal-horse.com\\\/es-mx\\\/#website\",\"url\":\"https:\\\/\\\/www.royal-horse.com\\\/es-mx\\\/\",\"name\":\"Royal Horse\",\"description\":\"Leader de l&#039;alimentation pour chevaux\",\"publisher\":{\"@id\":\"https:\\\/\\\/www.royal-horse.com\\\/es-mx\\\/#organization\"},\"potentialAction\":[{\"@type\":\"SearchAction\",\"target\":{\"@type\":\"EntryPoint\",\"urlTemplate\":\"https:\\\/\\\/www.royal-horse.com\\\/es-mx\\\/?s={search_term_string}\"},\"query-input\":{\"@type\":\"PropertyValueSpecification\",\"valueRequired\":true,\"valueName\":\"search_term_string\"}}],\"inLanguage\":\"es\"},{\"@type\":\"Organization\",\"@id\":\"https:\\\/\\\/www.royal-horse.com\\\/es-mx\\\/#organization\",\"name\":\"Royal Horse\",\"url\":\"https:\\\/\\\/www.royal-horse.com\\\/es-mx\\\/\",\"logo\":{\"@type\":\"ImageObject\",\"inLanguage\":\"es\",\"@id\":\"https:\\\/\\\/www.royal-horse.com\\\/es-mx\\\/#\\\/schema\\\/logo\\\/image\\\/\",\"url\":\"https:\\\/\\\/www.royal-horse.com\\\/wp-content\\\/uploads\\\/2021\\\/10\\\/Logo-RH.svg\",\"contentUrl\":\"https:\\\/\\\/www.royal-horse.com\\\/wp-content\\\/uploads\\\/2021\\\/10\\\/Logo-RH.svg\",\"width\":71,\"height\":140,\"caption\":\"Royal Horse\"},\"image\":{\"@id\":\"https:\\\/\\\/www.royal-horse.com\\\/es-mx\\\/#\\\/schema\\\/logo\\\/image\\\/\"}}]}<\/script>\n<!-- \/ Yoast SEO plugin. -->","yoast_head_json":{"title":"R-550: Alimentos para caballos de carreras - Royal Horse","robots":{"index":"index","follow":"follow","max-snippet":"max-snippet:-1","max-image-preview":"max-image-preview:large","max-video-preview":"max-video-preview:-1"},"canonical":"https:\/\/www.royal-horse.com\/es-mx\/alimentacion-caballos\/r-550-alimento-super-premium-para-caballos-de-carreras\/","og_locale":"es_MX","og_type":"article","og_title":"R-550: Alimentos para caballos de carreras - Royal Horse","og_description":"[...]Read More... from R-550: Alimento s\u00faper premium en presentaci\u00f3n de multipart\u00edculas para caballos de carreras","og_url":"https:\/\/www.royal-horse.com\/es-mx\/alimentacion-caballos\/r-550-alimento-super-premium-para-caballos-de-carreras\/","og_site_name":"Royal Horse","article_modified_time":"2023-03-28T15:06:58+00:00","og_image":[{"url":"http:\/\/www.royal-horse.com\/wp-content\/uploads\/2023\/03\/ROYAL-HORSE-R550.png","width":640,"height":853,"type":"image\/png"}],"twitter_card":"summary_large_image","schema":{"@context":"https:\/\/schema.org","@graph":[{"@type":"WebPage","@id":"https:\/\/www.royal-horse.com\/es-mx\/alimentacion-caballos\/r-550-alimento-super-premium-para-caballos-de-carreras\/","url":"https:\/\/www.royal-horse.com\/es-mx\/alimentacion-caballos\/r-550-alimento-super-premium-para-caballos-de-carreras\/","name":"R-550: Alimentos para caballos de carreras - Royal Horse","isPartOf":{"@id":"https:\/\/www.royal-horse.com\/es-mx\/#website"},"primaryImageOfPage":{"@id":"https:\/\/www.royal-horse.com\/es-mx\/alimentacion-caballos\/r-550-alimento-super-premium-para-caballos-de-carreras\/#primaryimage"},"image":{"@id":"https:\/\/www.royal-horse.com\/es-mx\/alimentacion-caballos\/r-550-alimento-super-premium-para-caballos-de-carreras\/#primaryimage"},"thumbnailUrl":"https:\/\/www.royal-horse.com\/wp-content\/uploads\/2023\/03\/ROYAL-HORSE-R550.png","datePublished":"2023-03-09T23:14:32+00:00","dateModified":"2023-03-28T15:06:58+00:00","breadcrumb":{"@id":"https:\/\/www.royal-horse.com\/es-mx\/alimentacion-caballos\/r-550-alimento-super-premium-para-caballos-de-carreras\/#breadcrumb"},"inLanguage":"es","potentialAction":[{"@type":"ReadAction","target":["https:\/\/www.royal-horse.com\/es-mx\/alimentacion-caballos\/r-550-alimento-super-premium-para-caballos-de-carreras\/"]}]},{"@type":"ImageObject","inLanguage":"es","@id":"https:\/\/www.royal-horse.com\/es-mx\/alimentacion-caballos\/r-550-alimento-super-premium-para-caballos-de-carreras\/#primaryimage","url":"https:\/\/www.royal-horse.com\/wp-content\/uploads\/2023\/03\/ROYAL-HORSE-R550.png","contentUrl":"https:\/\/www.royal-horse.com\/wp-content\/uploads\/2023\/03\/ROYAL-HORSE-R550.png","width":2560,"height":3413},{"@type":"BreadcrumbList","@id":"https:\/\/www.royal-horse.com\/es-mx\/alimentacion-caballos\/r-550-alimento-super-premium-para-caballos-de-carreras\/#breadcrumb","itemListElement":[{"@type":"ListItem","position":1,"name":"Accueil","item":"https:\/\/www.royal-horse.com\/es-mx\/"},{"@type":"ListItem","position":2,"name":"Productos","item":"https:\/\/www.royal-horse.com\/es-mx\/alimentacion-caballos\/"},{"@type":"ListItem","position":3,"name":"R-550: Alimento s\u00faper premium en presentaci\u00f3n de multipart\u00edculas para caballos de carreras"}]},{"@type":"WebSite","@id":"https:\/\/www.royal-horse.com\/es-mx\/#website","url":"https:\/\/www.royal-horse.com\/es-mx\/","name":"Royal Horse","description":"Leader de l&#039;alimentation pour chevaux","publisher":{"@id":"https:\/\/www.royal-horse.com\/es-mx\/#organization"},"potentialAction":[{"@type":"SearchAction","target":{"@type":"EntryPoint","urlTemplate":"https:\/\/www.royal-horse.com\/es-mx\/?s={search_term_string}"},"query-input":{"@type":"PropertyValueSpecification","valueRequired":true,"valueName":"search_term_string"}}],"inLanguage":"es"},{"@type":"Organization","@id":"https:\/\/www.royal-horse.com\/es-mx\/#organization","name":"Royal Horse","url":"https:\/\/www.royal-horse.com\/es-mx\/","logo":{"@type":"ImageObject","inLanguage":"es","@id":"https:\/\/www.royal-horse.com\/es-mx\/#\/schema\/logo\/image\/","url":"https:\/\/www.royal-horse.com\/wp-content\/uploads\/2021\/10\/Logo-RH.svg","contentUrl":"https:\/\/www.royal-horse.com\/wp-content\/uploads\/2021\/10\/Logo-RH.svg","width":71,"height":140,"caption":"Royal Horse"},"image":{"@id":"https:\/\/www.royal-horse.com\/es-mx\/#\/schema\/logo\/image\/"}}]}},"_links":{"self":[{"href":"https:\/\/www.royal-horse.com\/es-mx\/wp-json\/wp\/v2\/product\/26646","targetHints":{"allow":["GET"]}}],"collection":[{"href":"https:\/\/www.royal-horse.com\/es-mx\/wp-json\/wp\/v2\/product"}],"about":[{"href":"https:\/\/www.royal-horse.com\/es-mx\/wp-json\/wp\/v2\/types\/product"}],"replies":[{"embeddable":true,"href":"https:\/\/www.royal-horse.com\/es-mx\/wp-json\/wp\/v2\/comments?post=26646"}],"wp:featuredmedia":[{"embeddable":true,"href":"https:\/\/www.royal-horse.com\/es-mx\/wp-json\/wp\/v2\/media\/26710"}],"wp:attachment":[{"href":"https:\/\/www.royal-horse.com\/es-mx\/wp-json\/wp\/v2\/media?parent=26646"}],"wp:term":[{"taxonomy":"dispo_ecurie","embeddable":true,"href":"https:\/\/www.royal-horse.com\/es-mx\/wp-json\/wp\/v2\/dispo_ecurie?post=26646"},{"taxonomy":"activite_cheval","embeddable":true,"href":"https:\/\/www.royal-horse.com\/es-mx\/wp-json\/wp\/v2\/activite_cheval?post=26646"},{"taxonomy":"type_aliment","embeddable":true,"href":"https:\/\/www.royal-horse.com\/es-mx\/wp-json\/wp\/v2\/type_aliment?post=26646"},{"taxonomy":"product_brand","embeddable":true,"href":"https:\/\/www.royal-horse.com\/es-mx\/wp-json\/wp\/v2\/product_brand?post=26646"},{"taxonomy":"product_cat","embeddable":true,"href":"https:\/\/www.royal-horse.com\/es-mx\/wp-json\/wp\/v2\/product_cat?post=26646"},{"taxonomy":"product_tag","embeddable":true,"href":"https:\/\/www.royal-horse.com\/es-mx\/wp-json\/wp\/v2\/product_tag?post=26646"}],"curies":[{"name":"wp","href":"https:\/\/api.w.org\/{rel}","templated":true}]}}