{"id":18231,"date":"2022-04-20T11:20:55","date_gmt":"2022-04-20T09:20:55","guid":{"rendered":"https:\/\/www.royal-horse.com\/competencia\/"},"modified":"2022-10-07T17:38:51","modified_gmt":"2022-10-07T15:38:51","slug":"competicion","status":"publish","type":"page","link":"https:\/\/www.royal-horse.com\/es\/competicion\/","title":{"rendered":"Competici\u00f3n"},"content":{"rendered":"","protected":false},"excerpt":{"rendered":"<p> [&#8230;]<\/p>\n<p><a class=\"btn btn-secondary understrap-read-more-link\" href=\"https:\/\/www.royal-horse.com\/es\/competicion\/\">Leer m\u00e1s&#8230;<span class=\"screen-reader-text\"> from Competici\u00f3n<\/span><\/a><\/p>\n","protected":false},"author":13,"featured_media":0,"parent":0,"menu_order":0,"comment_status":"closed","ping_status":"closed","template":"page-competition.php","meta":{"_acf_changed":false,"_joinchat":{"telephone":"+33686580478"},"footnotes":""},"class_list":["post-18231","page","type-page","status-publish","hentry"],"acf":[],"yoast_head":"<!-- This site is optimized with the Yoast SEO plugin v27.4 - https:\/\/yoast.com\/product\/yoast-seo-wordpress\/ -->\n<title>Pienso para caballos de competici\u00f3n - Royal Horse<\/title>\n<meta name=\"description\" content=\"La gama Competencia est\u00e1 especialmente formulada para satisfacer las altas necesidades energ\u00e9ticas de los caballos de competici\u00f3n\" \/>\n<meta name=\"robots\" content=\"index, follow, max-snippet:-1, max-image-preview:large, max-video-preview:-1\" \/>\n<link rel=\"canonical\" href=\"https:\/\/www.royal-horse.com\/es\/competicion\/\" \/>\n<meta property=\"og:locale\" content=\"es_ES\" \/>\n<meta property=\"og:type\" content=\"article\" \/>\n<meta property=\"og:title\" content=\"Pienso para caballos de competici\u00f3n - Royal Horse\" \/>\n<meta property=\"og:description\" content=\"La gama Competencia est\u00e1 especialmente formulada para satisfacer las altas necesidades energ\u00e9ticas de los caballos de competici\u00f3n\" \/>\n<meta property=\"og:url\" content=\"https:\/\/www.royal-horse.com\/es\/competicion\/\" \/>\n<meta property=\"og:site_name\" content=\"Royal Horse\" \/>\n<meta property=\"article:modified_time\" content=\"2022-10-07T15:38:51+00:00\" \/>\n<meta name=\"twitter:card\" content=\"summary_large_image\" \/>\n<script type=\"application\/ld+json\" class=\"yoast-schema-graph\">{\"@context\":\"https:\\\/\\\/schema.org\",\"@graph\":[{\"@type\":\"WebPage\",\"@id\":\"https:\\\/\\\/www.royal-horse.com\\\/es\\\/competicion\\\/\",\"url\":\"https:\\\/\\\/www.royal-horse.com\\\/es\\\/competicion\\\/\",\"name\":\"Pienso para caballos de competici\u00f3n - Royal Horse\",\"isPartOf\":{\"@id\":\"https:\\\/\\\/www.royal-horse.com\\\/es\\\/#website\"},\"datePublished\":\"2022-04-20T09:20:55+00:00\",\"dateModified\":\"2022-10-07T15:38:51+00:00\",\"description\":\"La gama Competencia est\u00e1 especialmente formulada para satisfacer las altas necesidades energ\u00e9ticas de los caballos de competici\u00f3n\",\"breadcrumb\":{\"@id\":\"https:\\\/\\\/www.royal-horse.com\\\/es\\\/competicion\\\/#breadcrumb\"},\"inLanguage\":\"es\",\"potentialAction\":[{\"@type\":\"ReadAction\",\"target\":[\"https:\\\/\\\/www.royal-horse.com\\\/es\\\/competicion\\\/\"]}]},{\"@type\":\"BreadcrumbList\",\"@id\":\"https:\\\/\\\/www.royal-horse.com\\\/es\\\/competicion\\\/#breadcrumb\",\"itemListElement\":[{\"@type\":\"ListItem\",\"position\":1,\"name\":\"Accueil\",\"item\":\"https:\\\/\\\/www.royal-horse.com\\\/es\\\/\"},{\"@type\":\"ListItem\",\"position\":2,\"name\":\"Competici\u00f3n\"}]},{\"@type\":\"WebSite\",\"@id\":\"https:\\\/\\\/www.royal-horse.com\\\/es\\\/#website\",\"url\":\"https:\\\/\\\/www.royal-horse.com\\\/es\\\/\",\"name\":\"Royal Horse\",\"description\":\"Leader de l&#039;alimentation pour chevaux\",\"publisher\":{\"@id\":\"https:\\\/\\\/www.royal-horse.com\\\/es\\\/#organization\"},\"potentialAction\":[{\"@type\":\"SearchAction\",\"target\":{\"@type\":\"EntryPoint\",\"urlTemplate\":\"https:\\\/\\\/www.royal-horse.com\\\/es\\\/?s={search_term_string}\"},\"query-input\":{\"@type\":\"PropertyValueSpecification\",\"valueRequired\":true,\"valueName\":\"search_term_string\"}}],\"inLanguage\":\"es\"},{\"@type\":\"Organization\",\"@id\":\"https:\\\/\\\/www.royal-horse.com\\\/es\\\/#organization\",\"name\":\"Royal Horse\",\"url\":\"https:\\\/\\\/www.royal-horse.com\\\/es\\\/\",\"logo\":{\"@type\":\"ImageObject\",\"inLanguage\":\"es\",\"@id\":\"https:\\\/\\\/www.royal-horse.com\\\/es\\\/#\\\/schema\\\/logo\\\/image\\\/\",\"url\":\"https:\\\/\\\/www.royal-horse.com\\\/wp-content\\\/uploads\\\/2021\\\/10\\\/Logo-RH.svg\",\"contentUrl\":\"https:\\\/\\\/www.royal-horse.com\\\/wp-content\\\/uploads\\\/2021\\\/10\\\/Logo-RH.svg\",\"width\":71,\"height\":140,\"caption\":\"Royal Horse\"},\"image\":{\"@id\":\"https:\\\/\\\/www.royal-horse.com\\\/es\\\/#\\\/schema\\\/logo\\\/image\\\/\"}}]}<\/script>\n<!-- \/ Yoast SEO plugin. -->","yoast_head_json":{"title":"Pienso para caballos de competici\u00f3n - Royal Horse","description":"La gama Competencia est\u00e1 especialmente formulada para satisfacer las altas necesidades energ\u00e9ticas de los caballos de competici\u00f3n","robots":{"index":"index","follow":"follow","max-snippet":"max-snippet:-1","max-image-preview":"max-image-preview:large","max-video-preview":"max-video-preview:-1"},"canonical":"https:\/\/www.royal-horse.com\/es\/competicion\/","og_locale":"es_ES","og_type":"article","og_title":"Pienso para caballos de competici\u00f3n - Royal Horse","og_description":"La gama Competencia est\u00e1 especialmente formulada para satisfacer las altas necesidades energ\u00e9ticas de los caballos de competici\u00f3n","og_url":"https:\/\/www.royal-horse.com\/es\/competicion\/","og_site_name":"Royal Horse","article_modified_time":"2022-10-07T15:38:51+00:00","twitter_card":"summary_large_image","schema":{"@context":"https:\/\/schema.org","@graph":[{"@type":"WebPage","@id":"https:\/\/www.royal-horse.com\/es\/competicion\/","url":"https:\/\/www.royal-horse.com\/es\/competicion\/","name":"Pienso para caballos de competici\u00f3n - Royal Horse","isPartOf":{"@id":"https:\/\/www.royal-horse.com\/es\/#website"},"datePublished":"2022-04-20T09:20:55+00:00","dateModified":"2022-10-07T15:38:51+00:00","description":"La gama Competencia est\u00e1 especialmente formulada para satisfacer las altas necesidades energ\u00e9ticas de los caballos de competici\u00f3n","breadcrumb":{"@id":"https:\/\/www.royal-horse.com\/es\/competicion\/#breadcrumb"},"inLanguage":"es","potentialAction":[{"@type":"ReadAction","target":["https:\/\/www.royal-horse.com\/es\/competicion\/"]}]},{"@type":"BreadcrumbList","@id":"https:\/\/www.royal-horse.com\/es\/competicion\/#breadcrumb","itemListElement":[{"@type":"ListItem","position":1,"name":"Accueil","item":"https:\/\/www.royal-horse.com\/es\/"},{"@type":"ListItem","position":2,"name":"Competici\u00f3n"}]},{"@type":"WebSite","@id":"https:\/\/www.royal-horse.com\/es\/#website","url":"https:\/\/www.royal-horse.com\/es\/","name":"Royal Horse","description":"Leader de l&#039;alimentation pour chevaux","publisher":{"@id":"https:\/\/www.royal-horse.com\/es\/#organization"},"potentialAction":[{"@type":"SearchAction","target":{"@type":"EntryPoint","urlTemplate":"https:\/\/www.royal-horse.com\/es\/?s={search_term_string}"},"query-input":{"@type":"PropertyValueSpecification","valueRequired":true,"valueName":"search_term_string"}}],"inLanguage":"es"},{"@type":"Organization","@id":"https:\/\/www.royal-horse.com\/es\/#organization","name":"Royal Horse","url":"https:\/\/www.royal-horse.com\/es\/","logo":{"@type":"ImageObject","inLanguage":"es","@id":"https:\/\/www.royal-horse.com\/es\/#\/schema\/logo\/image\/","url":"https:\/\/www.royal-horse.com\/wp-content\/uploads\/2021\/10\/Logo-RH.svg","contentUrl":"https:\/\/www.royal-horse.com\/wp-content\/uploads\/2021\/10\/Logo-RH.svg","width":71,"height":140,"caption":"Royal Horse"},"image":{"@id":"https:\/\/www.royal-horse.com\/es\/#\/schema\/logo\/image\/"}}]}},"_links":{"self":[{"href":"https:\/\/www.royal-horse.com\/es\/wp-json\/wp\/v2\/pages\/18231","targetHints":{"allow":["GET"]}}],"collection":[{"href":"https:\/\/www.royal-horse.com\/es\/wp-json\/wp\/v2\/pages"}],"about":[{"href":"https:\/\/www.royal-horse.com\/es\/wp-json\/wp\/v2\/types\/page"}],"author":[{"embeddable":true,"href":"https:\/\/www.royal-horse.com\/es\/wp-json\/wp\/v2\/users\/13"}],"replies":[{"embeddable":true,"href":"https:\/\/www.royal-horse.com\/es\/wp-json\/wp\/v2\/comments?post=18231"}],"version-history":[{"count":4,"href":"https:\/\/www.royal-horse.com\/es\/wp-json\/wp\/v2\/pages\/18231\/revisions"}],"predecessor-version":[{"id":19524,"href":"https:\/\/www.royal-horse.com\/es\/wp-json\/wp\/v2\/pages\/18231\/revisions\/19524"}],"wp:attachment":[{"href":"https:\/\/www.royal-horse.com\/es\/wp-json\/wp\/v2\/media?parent=18231"}],"curies":[{"name":"wp","href":"https:\/\/api.w.org\/{rel}","templated":true}]}}