{"id":18253,"date":"2022-04-20T14:48:23","date_gmt":"2022-04-20T12:48:23","guid":{"rendered":"https:\/\/www.royal-horse.com\/caballos-mantenimiento\/"},"modified":"2022-10-07T17:56:53","modified_gmt":"2022-10-07T15:56:53","slug":"caballos-deporte-ocio","status":"publish","type":"page","link":"https:\/\/www.royal-horse.com\/es\/caballos-deporte-ocio\/","title":{"rendered":"Deporte y Ocio"},"content":{"rendered":"","protected":false},"excerpt":{"rendered":"<p> [&#8230;]<\/p>\n<p><a class=\"btn btn-secondary understrap-read-more-link\" href=\"https:\/\/www.royal-horse.com\/es\/caballos-deporte-ocio\/\">Leer m\u00e1s&#8230;<span class=\"screen-reader-text\"> from Deporte y Ocio<\/span><\/a><\/p>\n","protected":false},"author":13,"featured_media":0,"parent":0,"menu_order":0,"comment_status":"closed","ping_status":"closed","template":"page-sport-loisir.php","meta":{"_acf_changed":false,"_joinchat":{"telephone":"+33686580478"},"footnotes":""},"class_list":["post-18253","page","type-page","status-publish","hentry"],"acf":[],"yoast_head":"<!-- This site is optimized with the Yoast SEO plugin v27.5 - https:\/\/yoast.com\/product\/yoast-seo-wordpress\/ -->\n<title>Alimentaci\u00f3n de caballos para el deporte y el ocio - Royal Horse<\/title>\n<meta name=\"description\" content=\"La gama de piensos Mantanimiento para caballos est\u00e1 especialmente formulada para garantizar la vitalidad y el confort g\u00e1strico de los caballos.\" \/>\n<meta name=\"robots\" content=\"index, follow, max-snippet:-1, max-image-preview:large, max-video-preview:-1\" \/>\n<link rel=\"canonical\" href=\"https:\/\/www.royal-horse.com\/es\/caballos-deporte-ocio\/\" \/>\n<meta property=\"og:locale\" content=\"es_ES\" \/>\n<meta property=\"og:type\" content=\"article\" \/>\n<meta property=\"og:title\" content=\"Alimentaci\u00f3n de caballos para el deporte y el ocio - Royal Horse\" \/>\n<meta property=\"og:description\" content=\"La gama de piensos Mantanimiento para caballos est\u00e1 especialmente formulada para garantizar la vitalidad y el confort g\u00e1strico de los caballos.\" \/>\n<meta property=\"og:url\" content=\"https:\/\/www.royal-horse.com\/es\/caballos-deporte-ocio\/\" \/>\n<meta property=\"og:site_name\" content=\"Royal Horse\" \/>\n<meta property=\"article:modified_time\" content=\"2022-10-07T15:56:53+00:00\" \/>\n<meta name=\"twitter:card\" content=\"summary_large_image\" \/>\n<script type=\"application\/ld+json\" class=\"yoast-schema-graph\">{\"@context\":\"https:\\\/\\\/schema.org\",\"@graph\":[{\"@type\":\"WebPage\",\"@id\":\"https:\\\/\\\/www.royal-horse.com\\\/es\\\/caballos-deporte-ocio\\\/\",\"url\":\"https:\\\/\\\/www.royal-horse.com\\\/es\\\/caballos-deporte-ocio\\\/\",\"name\":\"Alimentaci\u00f3n de caballos para el deporte y el ocio - Royal Horse\",\"isPartOf\":{\"@id\":\"https:\\\/\\\/www.royal-horse.com\\\/es\\\/#website\"},\"datePublished\":\"2022-04-20T12:48:23+00:00\",\"dateModified\":\"2022-10-07T15:56:53+00:00\",\"description\":\"La gama de piensos Mantanimiento para caballos est\u00e1 especialmente formulada para garantizar la vitalidad y el confort g\u00e1strico de los caballos.\",\"breadcrumb\":{\"@id\":\"https:\\\/\\\/www.royal-horse.com\\\/es\\\/caballos-deporte-ocio\\\/#breadcrumb\"},\"inLanguage\":\"es\",\"potentialAction\":[{\"@type\":\"ReadAction\",\"target\":[\"https:\\\/\\\/www.royal-horse.com\\\/es\\\/caballos-deporte-ocio\\\/\"]}]},{\"@type\":\"BreadcrumbList\",\"@id\":\"https:\\\/\\\/www.royal-horse.com\\\/es\\\/caballos-deporte-ocio\\\/#breadcrumb\",\"itemListElement\":[{\"@type\":\"ListItem\",\"position\":1,\"name\":\"Accueil\",\"item\":\"https:\\\/\\\/www.royal-horse.com\\\/es\\\/\"},{\"@type\":\"ListItem\",\"position\":2,\"name\":\"Deporte y Ocio\"}]},{\"@type\":\"WebSite\",\"@id\":\"https:\\\/\\\/www.royal-horse.com\\\/es\\\/#website\",\"url\":\"https:\\\/\\\/www.royal-horse.com\\\/es\\\/\",\"name\":\"Royal Horse\",\"description\":\"Leader de l&#039;alimentation pour chevaux\",\"publisher\":{\"@id\":\"https:\\\/\\\/www.royal-horse.com\\\/es\\\/#organization\"},\"potentialAction\":[{\"@type\":\"SearchAction\",\"target\":{\"@type\":\"EntryPoint\",\"urlTemplate\":\"https:\\\/\\\/www.royal-horse.com\\\/es\\\/?s={search_term_string}\"},\"query-input\":{\"@type\":\"PropertyValueSpecification\",\"valueRequired\":true,\"valueName\":\"search_term_string\"}}],\"inLanguage\":\"es\"},{\"@type\":\"Organization\",\"@id\":\"https:\\\/\\\/www.royal-horse.com\\\/es\\\/#organization\",\"name\":\"Royal Horse\",\"url\":\"https:\\\/\\\/www.royal-horse.com\\\/es\\\/\",\"logo\":{\"@type\":\"ImageObject\",\"inLanguage\":\"es\",\"@id\":\"https:\\\/\\\/www.royal-horse.com\\\/es\\\/#\\\/schema\\\/logo\\\/image\\\/\",\"url\":\"https:\\\/\\\/www.royal-horse.com\\\/wp-content\\\/uploads\\\/2021\\\/10\\\/Logo-RH.svg\",\"contentUrl\":\"https:\\\/\\\/www.royal-horse.com\\\/wp-content\\\/uploads\\\/2021\\\/10\\\/Logo-RH.svg\",\"width\":71,\"height\":140,\"caption\":\"Royal Horse\"},\"image\":{\"@id\":\"https:\\\/\\\/www.royal-horse.com\\\/es\\\/#\\\/schema\\\/logo\\\/image\\\/\"}}]}<\/script>\n<!-- \/ Yoast SEO plugin. -->","yoast_head_json":{"title":"Alimentaci\u00f3n de caballos para el deporte y el ocio - Royal Horse","description":"La gama de piensos Mantanimiento para caballos est\u00e1 especialmente formulada para garantizar la vitalidad y el confort g\u00e1strico de los caballos.","robots":{"index":"index","follow":"follow","max-snippet":"max-snippet:-1","max-image-preview":"max-image-preview:large","max-video-preview":"max-video-preview:-1"},"canonical":"https:\/\/www.royal-horse.com\/es\/caballos-deporte-ocio\/","og_locale":"es_ES","og_type":"article","og_title":"Alimentaci\u00f3n de caballos para el deporte y el ocio - Royal Horse","og_description":"La gama de piensos Mantanimiento para caballos est\u00e1 especialmente formulada para garantizar la vitalidad y el confort g\u00e1strico de los caballos.","og_url":"https:\/\/www.royal-horse.com\/es\/caballos-deporte-ocio\/","og_site_name":"Royal Horse","article_modified_time":"2022-10-07T15:56:53+00:00","twitter_card":"summary_large_image","schema":{"@context":"https:\/\/schema.org","@graph":[{"@type":"WebPage","@id":"https:\/\/www.royal-horse.com\/es\/caballos-deporte-ocio\/","url":"https:\/\/www.royal-horse.com\/es\/caballos-deporte-ocio\/","name":"Alimentaci\u00f3n de caballos para el deporte y el ocio - Royal Horse","isPartOf":{"@id":"https:\/\/www.royal-horse.com\/es\/#website"},"datePublished":"2022-04-20T12:48:23+00:00","dateModified":"2022-10-07T15:56:53+00:00","description":"La gama de piensos Mantanimiento para caballos est\u00e1 especialmente formulada para garantizar la vitalidad y el confort g\u00e1strico de los caballos.","breadcrumb":{"@id":"https:\/\/www.royal-horse.com\/es\/caballos-deporte-ocio\/#breadcrumb"},"inLanguage":"es","potentialAction":[{"@type":"ReadAction","target":["https:\/\/www.royal-horse.com\/es\/caballos-deporte-ocio\/"]}]},{"@type":"BreadcrumbList","@id":"https:\/\/www.royal-horse.com\/es\/caballos-deporte-ocio\/#breadcrumb","itemListElement":[{"@type":"ListItem","position":1,"name":"Accueil","item":"https:\/\/www.royal-horse.com\/es\/"},{"@type":"ListItem","position":2,"name":"Deporte y Ocio"}]},{"@type":"WebSite","@id":"https:\/\/www.royal-horse.com\/es\/#website","url":"https:\/\/www.royal-horse.com\/es\/","name":"Royal Horse","description":"Leader de l&#039;alimentation pour chevaux","publisher":{"@id":"https:\/\/www.royal-horse.com\/es\/#organization"},"potentialAction":[{"@type":"SearchAction","target":{"@type":"EntryPoint","urlTemplate":"https:\/\/www.royal-horse.com\/es\/?s={search_term_string}"},"query-input":{"@type":"PropertyValueSpecification","valueRequired":true,"valueName":"search_term_string"}}],"inLanguage":"es"},{"@type":"Organization","@id":"https:\/\/www.royal-horse.com\/es\/#organization","name":"Royal Horse","url":"https:\/\/www.royal-horse.com\/es\/","logo":{"@type":"ImageObject","inLanguage":"es","@id":"https:\/\/www.royal-horse.com\/es\/#\/schema\/logo\/image\/","url":"https:\/\/www.royal-horse.com\/wp-content\/uploads\/2021\/10\/Logo-RH.svg","contentUrl":"https:\/\/www.royal-horse.com\/wp-content\/uploads\/2021\/10\/Logo-RH.svg","width":71,"height":140,"caption":"Royal Horse"},"image":{"@id":"https:\/\/www.royal-horse.com\/es\/#\/schema\/logo\/image\/"}}]}},"_links":{"self":[{"href":"https:\/\/www.royal-horse.com\/es\/wp-json\/wp\/v2\/pages\/18253","targetHints":{"allow":["GET"]}}],"collection":[{"href":"https:\/\/www.royal-horse.com\/es\/wp-json\/wp\/v2\/pages"}],"about":[{"href":"https:\/\/www.royal-horse.com\/es\/wp-json\/wp\/v2\/types\/page"}],"author":[{"embeddable":true,"href":"https:\/\/www.royal-horse.com\/es\/wp-json\/wp\/v2\/users\/13"}],"replies":[{"embeddable":true,"href":"https:\/\/www.royal-horse.com\/es\/wp-json\/wp\/v2\/comments?post=18253"}],"version-history":[{"count":4,"href":"https:\/\/www.royal-horse.com\/es\/wp-json\/wp\/v2\/pages\/18253\/revisions"}],"predecessor-version":[{"id":19527,"href":"https:\/\/www.royal-horse.com\/es\/wp-json\/wp\/v2\/pages\/18253\/revisions\/19527"}],"wp:attachment":[{"href":"https:\/\/www.royal-horse.com\/es\/wp-json\/wp\/v2\/media?parent=18253"}],"curies":[{"name":"wp","href":"https:\/\/api.w.org\/{rel}","templated":true}]}}