{"id":19704,"date":"2022-10-12T10:26:13","date_gmt":"2022-10-12T08:26:13","guid":{"rendered":"https:\/\/www.royal-horse.com\/?page_id=19704"},"modified":"2022-12-13T11:11:46","modified_gmt":"2022-12-13T10:11:46","slug":"calcular-peso-caballo","status":"publish","type":"page","link":"https:\/\/www.royal-horse.com\/es\/calcular-peso-caballo\/","title":{"rendered":"Calcular el peso de mi caballo"},"content":{"rendered":"","protected":false},"excerpt":{"rendered":"<p> [&#8230;]<\/p>\n<p><a class=\"btn btn-secondary understrap-read-more-link\" href=\"https:\/\/www.royal-horse.com\/es\/calcular-peso-caballo\/\">Leer m\u00e1s&#8230;<span class=\"screen-reader-text\"> from Calcular el peso de mi caballo<\/span><\/a><\/p>\n","protected":false},"author":13,"featured_media":0,"parent":0,"menu_order":0,"comment_status":"closed","ping_status":"closed","template":"page-calculer-son-poids.php","meta":{"_acf_changed":false,"_joinchat":[],"footnotes":""},"class_list":["post-19704","page","type-page","status-publish","hentry"],"acf":[],"yoast_head":"<!-- This site is optimized with the Yoast SEO plugin v27.3 - https:\/\/yoast.com\/product\/yoast-seo-wordpress\/ -->\n<title>C\u00f3mo calcular el peso de su caballo ? - Royal Horse<\/title>\n<meta name=\"description\" content=\"\u00bfC\u00f3mo calcular f\u00e1cilmente el peso de su caballo? Utilizando la altura a la cruz y el per\u00edmetro tor\u00e1cico, Royal Horse estima el peso de su caballo.\" \/>\n<meta name=\"robots\" content=\"index, follow, max-snippet:-1, max-image-preview:large, max-video-preview:-1\" \/>\n<link rel=\"canonical\" href=\"https:\/\/www.royal-horse.com\/es\/calcular-peso-caballo\/\" \/>\n<meta property=\"og:locale\" content=\"es_ES\" \/>\n<meta property=\"og:type\" content=\"article\" \/>\n<meta property=\"og:title\" content=\"C\u00f3mo calcular el peso de su caballo ? - Royal Horse\" \/>\n<meta property=\"og:description\" content=\"\u00bfC\u00f3mo calcular f\u00e1cilmente el peso de su caballo? Utilizando la altura a la cruz y el per\u00edmetro tor\u00e1cico, Royal Horse estima el peso de su caballo.\" \/>\n<meta property=\"og:url\" content=\"https:\/\/www.royal-horse.com\/es\/calcular-peso-caballo\/\" \/>\n<meta property=\"og:site_name\" content=\"Royal Horse\" \/>\n<meta property=\"article:modified_time\" content=\"2022-12-13T10:11:46+00:00\" \/>\n<meta name=\"twitter:card\" content=\"summary_large_image\" \/>\n<script type=\"application\/ld+json\" class=\"yoast-schema-graph\">{\"@context\":\"https:\\\/\\\/schema.org\",\"@graph\":[{\"@type\":\"WebPage\",\"@id\":\"https:\\\/\\\/www.royal-horse.com\\\/es\\\/calcular-peso-caballo\\\/\",\"url\":\"https:\\\/\\\/www.royal-horse.com\\\/es\\\/calcular-peso-caballo\\\/\",\"name\":\"C\u00f3mo calcular el peso de su caballo ? - Royal Horse\",\"isPartOf\":{\"@id\":\"https:\\\/\\\/www.royal-horse.com\\\/es\\\/#website\"},\"datePublished\":\"2022-10-12T08:26:13+00:00\",\"dateModified\":\"2022-12-13T10:11:46+00:00\",\"description\":\"\u00bfC\u00f3mo calcular f\u00e1cilmente el peso de su caballo? Utilizando la altura a la cruz y el per\u00edmetro tor\u00e1cico, Royal Horse estima el peso de su caballo.\",\"breadcrumb\":{\"@id\":\"https:\\\/\\\/www.royal-horse.com\\\/es\\\/calcular-peso-caballo\\\/#breadcrumb\"},\"inLanguage\":\"es\",\"potentialAction\":[{\"@type\":\"ReadAction\",\"target\":[\"https:\\\/\\\/www.royal-horse.com\\\/es\\\/calcular-peso-caballo\\\/\"]}]},{\"@type\":\"BreadcrumbList\",\"@id\":\"https:\\\/\\\/www.royal-horse.com\\\/es\\\/calcular-peso-caballo\\\/#breadcrumb\",\"itemListElement\":[{\"@type\":\"ListItem\",\"position\":1,\"name\":\"Accueil\",\"item\":\"https:\\\/\\\/www.royal-horse.com\\\/es\\\/\"},{\"@type\":\"ListItem\",\"position\":2,\"name\":\"Calcular el peso de mi caballo\"}]},{\"@type\":\"WebSite\",\"@id\":\"https:\\\/\\\/www.royal-horse.com\\\/es\\\/#website\",\"url\":\"https:\\\/\\\/www.royal-horse.com\\\/es\\\/\",\"name\":\"Royal Horse\",\"description\":\"Leader de l&#039;alimentation pour chevaux\",\"publisher\":{\"@id\":\"https:\\\/\\\/www.royal-horse.com\\\/es\\\/#organization\"},\"potentialAction\":[{\"@type\":\"SearchAction\",\"target\":{\"@type\":\"EntryPoint\",\"urlTemplate\":\"https:\\\/\\\/www.royal-horse.com\\\/es\\\/?s={search_term_string}\"},\"query-input\":{\"@type\":\"PropertyValueSpecification\",\"valueRequired\":true,\"valueName\":\"search_term_string\"}}],\"inLanguage\":\"es\"},{\"@type\":\"Organization\",\"@id\":\"https:\\\/\\\/www.royal-horse.com\\\/es\\\/#organization\",\"name\":\"Royal Horse\",\"url\":\"https:\\\/\\\/www.royal-horse.com\\\/es\\\/\",\"logo\":{\"@type\":\"ImageObject\",\"inLanguage\":\"es\",\"@id\":\"https:\\\/\\\/www.royal-horse.com\\\/es\\\/#\\\/schema\\\/logo\\\/image\\\/\",\"url\":\"https:\\\/\\\/www.royal-horse.com\\\/wp-content\\\/uploads\\\/2021\\\/10\\\/Logo-RH.svg\",\"contentUrl\":\"https:\\\/\\\/www.royal-horse.com\\\/wp-content\\\/uploads\\\/2021\\\/10\\\/Logo-RH.svg\",\"width\":71,\"height\":140,\"caption\":\"Royal Horse\"},\"image\":{\"@id\":\"https:\\\/\\\/www.royal-horse.com\\\/es\\\/#\\\/schema\\\/logo\\\/image\\\/\"}}]}<\/script>\n<!-- \/ Yoast SEO plugin. -->","yoast_head_json":{"title":"C\u00f3mo calcular el peso de su caballo ? - Royal Horse","description":"\u00bfC\u00f3mo calcular f\u00e1cilmente el peso de su caballo? Utilizando la altura a la cruz y el per\u00edmetro tor\u00e1cico, Royal Horse estima el peso de su caballo.","robots":{"index":"index","follow":"follow","max-snippet":"max-snippet:-1","max-image-preview":"max-image-preview:large","max-video-preview":"max-video-preview:-1"},"canonical":"https:\/\/www.royal-horse.com\/es\/calcular-peso-caballo\/","og_locale":"es_ES","og_type":"article","og_title":"C\u00f3mo calcular el peso de su caballo ? - Royal Horse","og_description":"\u00bfC\u00f3mo calcular f\u00e1cilmente el peso de su caballo? Utilizando la altura a la cruz y el per\u00edmetro tor\u00e1cico, Royal Horse estima el peso de su caballo.","og_url":"https:\/\/www.royal-horse.com\/es\/calcular-peso-caballo\/","og_site_name":"Royal Horse","article_modified_time":"2022-12-13T10:11:46+00:00","twitter_card":"summary_large_image","schema":{"@context":"https:\/\/schema.org","@graph":[{"@type":"WebPage","@id":"https:\/\/www.royal-horse.com\/es\/calcular-peso-caballo\/","url":"https:\/\/www.royal-horse.com\/es\/calcular-peso-caballo\/","name":"C\u00f3mo calcular el peso de su caballo ? - Royal Horse","isPartOf":{"@id":"https:\/\/www.royal-horse.com\/es\/#website"},"datePublished":"2022-10-12T08:26:13+00:00","dateModified":"2022-12-13T10:11:46+00:00","description":"\u00bfC\u00f3mo calcular f\u00e1cilmente el peso de su caballo? Utilizando la altura a la cruz y el per\u00edmetro tor\u00e1cico, Royal Horse estima el peso de su caballo.","breadcrumb":{"@id":"https:\/\/www.royal-horse.com\/es\/calcular-peso-caballo\/#breadcrumb"},"inLanguage":"es","potentialAction":[{"@type":"ReadAction","target":["https:\/\/www.royal-horse.com\/es\/calcular-peso-caballo\/"]}]},{"@type":"BreadcrumbList","@id":"https:\/\/www.royal-horse.com\/es\/calcular-peso-caballo\/#breadcrumb","itemListElement":[{"@type":"ListItem","position":1,"name":"Accueil","item":"https:\/\/www.royal-horse.com\/es\/"},{"@type":"ListItem","position":2,"name":"Calcular el peso de mi caballo"}]},{"@type":"WebSite","@id":"https:\/\/www.royal-horse.com\/es\/#website","url":"https:\/\/www.royal-horse.com\/es\/","name":"Royal Horse","description":"Leader de l&#039;alimentation pour chevaux","publisher":{"@id":"https:\/\/www.royal-horse.com\/es\/#organization"},"potentialAction":[{"@type":"SearchAction","target":{"@type":"EntryPoint","urlTemplate":"https:\/\/www.royal-horse.com\/es\/?s={search_term_string}"},"query-input":{"@type":"PropertyValueSpecification","valueRequired":true,"valueName":"search_term_string"}}],"inLanguage":"es"},{"@type":"Organization","@id":"https:\/\/www.royal-horse.com\/es\/#organization","name":"Royal Horse","url":"https:\/\/www.royal-horse.com\/es\/","logo":{"@type":"ImageObject","inLanguage":"es","@id":"https:\/\/www.royal-horse.com\/es\/#\/schema\/logo\/image\/","url":"https:\/\/www.royal-horse.com\/wp-content\/uploads\/2021\/10\/Logo-RH.svg","contentUrl":"https:\/\/www.royal-horse.com\/wp-content\/uploads\/2021\/10\/Logo-RH.svg","width":71,"height":140,"caption":"Royal Horse"},"image":{"@id":"https:\/\/www.royal-horse.com\/es\/#\/schema\/logo\/image\/"}}]}},"_links":{"self":[{"href":"https:\/\/www.royal-horse.com\/es\/wp-json\/wp\/v2\/pages\/19704","targetHints":{"allow":["GET"]}}],"collection":[{"href":"https:\/\/www.royal-horse.com\/es\/wp-json\/wp\/v2\/pages"}],"about":[{"href":"https:\/\/www.royal-horse.com\/es\/wp-json\/wp\/v2\/types\/page"}],"author":[{"embeddable":true,"href":"https:\/\/www.royal-horse.com\/es\/wp-json\/wp\/v2\/users\/13"}],"replies":[{"embeddable":true,"href":"https:\/\/www.royal-horse.com\/es\/wp-json\/wp\/v2\/comments?post=19704"}],"version-history":[{"count":5,"href":"https:\/\/www.royal-horse.com\/es\/wp-json\/wp\/v2\/pages\/19704\/revisions"}],"predecessor-version":[{"id":25400,"href":"https:\/\/www.royal-horse.com\/es\/wp-json\/wp\/v2\/pages\/19704\/revisions\/25400"}],"wp:attachment":[{"href":"https:\/\/www.royal-horse.com\/es\/wp-json\/wp\/v2\/media?parent=19704"}],"curies":[{"name":"wp","href":"https:\/\/api.w.org\/{rel}","templated":true}]}}