{"id":11872,"date":"2022-04-05T17:25:13","date_gmt":"2022-04-05T15:25:13","guid":{"rendered":"https:\/\/www.royal-horse.com\/aliments-cheval\/b150-alimento-flocado-caballos-cria\/"},"modified":"2024-02-28T11:17:21","modified_gmt":"2024-02-28T10:17:21","slug":"b150-alimento-en-copos-caballos-cria","status":"publish","type":"product","link":"https:\/\/www.royal-horse.com\/es\/alimentacion-caballos\/b150-alimento-en-copos-caballos-cria\/","title":{"rendered":"B-150 : Alimento en copos para caballos de cr\u00eda"},"content":{"rendered":"","protected":false},"excerpt":{"rendered":"<p> [&#8230;]<\/p>\n<p><a class=\"btn btn-secondary understrap-read-more-link\" href=\"https:\/\/www.royal-horse.com\/es\/alimentacion-caballos\/b150-alimento-en-copos-caballos-cria\/\">Leer m\u00e1s&#8230;<span class=\"screen-reader-text\"> from B-150 : Alimento en copos para caballos de cr\u00eda<\/span><\/a><\/p>\n","protected":false},"featured_media":8063,"comment_status":"closed","ping_status":"closed","template":"","meta":{"_acf_changed":false,"_joinchat":[]},"dispo_ecurie":[152],"activite_cheval":[150,151],"type_aliment":[164],"product_brand":[],"product_cat":[170],"product_tag":[],"class_list":{"0":"post-11872","1":"product","2":"type-product","3":"status-publish","4":"has-post-thumbnail","6":"dispo_ecurie-heno","7":"activite_cheval-potro","8":"activite_cheval-yegua-de-cria","9":"type_aliment-en-copos","10":"product_cat-cria","12":"first","13":"instock","14":"shipping-taxable","15":"product-type-simple"},"acf":[],"yoast_head":"<!-- This site is optimized with the Yoast SEO plugin v27.3 - https:\/\/yoast.com\/product\/yoast-seo-wordpress\/ -->\n<title>B-150 - Alimento para caballos de cr\u00eda, promueve la fertilidad y la inmunidad<\/title>\n<meta name=\"description\" content=\"B-150 responde a las necesidades espec\u00edficas de los caballos de cr\u00eda. Pienso copos complementario de forrajes y\/o de hierba destinado a las potrillas llenas y suitadas, a los potros y a los sementales.\" \/>\n<meta name=\"robots\" content=\"index, follow, max-snippet:-1, max-image-preview:large, max-video-preview:-1\" \/>\n<link rel=\"canonical\" href=\"https:\/\/www.royal-horse.com\/es\/alimentacion-caballos\/b150-alimento-en-copos-caballos-cria\/\" \/>\n<meta property=\"og:locale\" content=\"es_ES\" \/>\n<meta property=\"og:type\" content=\"article\" \/>\n<meta property=\"og:title\" content=\"B-150 - Alimento para caballos de cr\u00eda, promueve la fertilidad y la inmunidad\" \/>\n<meta property=\"og:description\" content=\"B-150 responde a las necesidades espec\u00edficas de los caballos de cr\u00eda. Pienso copos complementario de forrajes y\/o de hierba destinado a las potrillas llenas y suitadas, a los potros y a los sementales.\" \/>\n<meta property=\"og:url\" content=\"https:\/\/www.royal-horse.com\/es\/alimentacion-caballos\/b150-alimento-en-copos-caballos-cria\/\" \/>\n<meta property=\"og:site_name\" content=\"Royal Horse\" \/>\n<meta property=\"article:modified_time\" content=\"2024-02-28T10:17:21+00:00\" \/>\n<meta property=\"og:image\" content=\"https:\/\/www.royal-horse.com\/wp-content\/uploads\/2022\/01\/B_150.png\" \/>\n\t<meta property=\"og:image:width\" content=\"410\" \/>\n\t<meta property=\"og:image:height\" content=\"676\" \/>\n\t<meta property=\"og:image:type\" content=\"image\/png\" \/>\n<meta name=\"twitter:card\" content=\"summary_large_image\" \/>\n<script type=\"application\/ld+json\" class=\"yoast-schema-graph\">{\"@context\":\"https:\\\/\\\/schema.org\",\"@graph\":[{\"@type\":\"WebPage\",\"@id\":\"https:\\\/\\\/www.royal-horse.com\\\/es\\\/alimentacion-caballos\\\/b150-alimento-en-copos-caballos-cria\\\/\",\"url\":\"https:\\\/\\\/www.royal-horse.com\\\/es\\\/alimentacion-caballos\\\/b150-alimento-en-copos-caballos-cria\\\/\",\"name\":\"B-150 - Alimento para caballos de cr\u00eda, promueve la fertilidad y la inmunidad\",\"isPartOf\":{\"@id\":\"https:\\\/\\\/www.royal-horse.com\\\/es\\\/#website\"},\"primaryImageOfPage\":{\"@id\":\"https:\\\/\\\/www.royal-horse.com\\\/es\\\/alimentacion-caballos\\\/b150-alimento-en-copos-caballos-cria\\\/#primaryimage\"},\"image\":{\"@id\":\"https:\\\/\\\/www.royal-horse.com\\\/es\\\/alimentacion-caballos\\\/b150-alimento-en-copos-caballos-cria\\\/#primaryimage\"},\"thumbnailUrl\":\"https:\\\/\\\/www.royal-horse.com\\\/wp-content\\\/uploads\\\/2022\\\/01\\\/B_150.png\",\"datePublished\":\"2022-04-05T15:25:13+00:00\",\"dateModified\":\"2024-02-28T10:17:21+00:00\",\"description\":\"B-150 responde a las necesidades espec\u00edficas de los caballos de cr\u00eda. Pienso copos complementario de forrajes y\\\/o de hierba destinado a las potrillas llenas y suitadas, a los potros y a los sementales.\",\"breadcrumb\":{\"@id\":\"https:\\\/\\\/www.royal-horse.com\\\/es\\\/alimentacion-caballos\\\/b150-alimento-en-copos-caballos-cria\\\/#breadcrumb\"},\"inLanguage\":\"es\",\"potentialAction\":[{\"@type\":\"ReadAction\",\"target\":[\"https:\\\/\\\/www.royal-horse.com\\\/es\\\/alimentacion-caballos\\\/b150-alimento-en-copos-caballos-cria\\\/\"]}]},{\"@type\":\"ImageObject\",\"inLanguage\":\"es\",\"@id\":\"https:\\\/\\\/www.royal-horse.com\\\/es\\\/alimentacion-caballos\\\/b150-alimento-en-copos-caballos-cria\\\/#primaryimage\",\"url\":\"https:\\\/\\\/www.royal-horse.com\\\/wp-content\\\/uploads\\\/2022\\\/01\\\/B_150.png\",\"contentUrl\":\"https:\\\/\\\/www.royal-horse.com\\\/wp-content\\\/uploads\\\/2022\\\/01\\\/B_150.png\",\"width\":410,\"height\":676,\"caption\":\"Potrus Junior\"},{\"@type\":\"BreadcrumbList\",\"@id\":\"https:\\\/\\\/www.royal-horse.com\\\/es\\\/alimentacion-caballos\\\/b150-alimento-en-copos-caballos-cria\\\/#breadcrumb\",\"itemListElement\":[{\"@type\":\"ListItem\",\"position\":1,\"name\":\"Accueil\",\"item\":\"https:\\\/\\\/www.royal-horse.com\\\/es\\\/\"},{\"@type\":\"ListItem\",\"position\":2,\"name\":\"Productos\",\"item\":\"https:\\\/\\\/www.royal-horse.com\\\/es\\\/alimentacion-caballos\\\/\"},{\"@type\":\"ListItem\",\"position\":3,\"name\":\"B-150 : Alimento en copos para caballos de cr\u00eda\"}]},{\"@type\":\"WebSite\",\"@id\":\"https:\\\/\\\/www.royal-horse.com\\\/es\\\/#website\",\"url\":\"https:\\\/\\\/www.royal-horse.com\\\/es\\\/\",\"name\":\"Royal Horse\",\"description\":\"Leader de l&#039;alimentation pour chevaux\",\"publisher\":{\"@id\":\"https:\\\/\\\/www.royal-horse.com\\\/es\\\/#organization\"},\"potentialAction\":[{\"@type\":\"SearchAction\",\"target\":{\"@type\":\"EntryPoint\",\"urlTemplate\":\"https:\\\/\\\/www.royal-horse.com\\\/es\\\/?s={search_term_string}\"},\"query-input\":{\"@type\":\"PropertyValueSpecification\",\"valueRequired\":true,\"valueName\":\"search_term_string\"}}],\"inLanguage\":\"es\"},{\"@type\":\"Organization\",\"@id\":\"https:\\\/\\\/www.royal-horse.com\\\/es\\\/#organization\",\"name\":\"Royal Horse\",\"url\":\"https:\\\/\\\/www.royal-horse.com\\\/es\\\/\",\"logo\":{\"@type\":\"ImageObject\",\"inLanguage\":\"es\",\"@id\":\"https:\\\/\\\/www.royal-horse.com\\\/es\\\/#\\\/schema\\\/logo\\\/image\\\/\",\"url\":\"https:\\\/\\\/www.royal-horse.com\\\/wp-content\\\/uploads\\\/2021\\\/10\\\/Logo-RH.svg\",\"contentUrl\":\"https:\\\/\\\/www.royal-horse.com\\\/wp-content\\\/uploads\\\/2021\\\/10\\\/Logo-RH.svg\",\"width\":71,\"height\":140,\"caption\":\"Royal Horse\"},\"image\":{\"@id\":\"https:\\\/\\\/www.royal-horse.com\\\/es\\\/#\\\/schema\\\/logo\\\/image\\\/\"}}]}<\/script>\n<!-- \/ Yoast SEO plugin. -->","yoast_head_json":{"title":"B-150 - Alimento para caballos de cr\u00eda, promueve la fertilidad y la inmunidad","description":"B-150 responde a las necesidades espec\u00edficas de los caballos de cr\u00eda. Pienso copos complementario de forrajes y\/o de hierba destinado a las potrillas llenas y suitadas, a los potros y a los sementales.","robots":{"index":"index","follow":"follow","max-snippet":"max-snippet:-1","max-image-preview":"max-image-preview:large","max-video-preview":"max-video-preview:-1"},"canonical":"https:\/\/www.royal-horse.com\/es\/alimentacion-caballos\/b150-alimento-en-copos-caballos-cria\/","og_locale":"es_ES","og_type":"article","og_title":"B-150 - Alimento para caballos de cr\u00eda, promueve la fertilidad y la inmunidad","og_description":"B-150 responde a las necesidades espec\u00edficas de los caballos de cr\u00eda. Pienso copos complementario de forrajes y\/o de hierba destinado a las potrillas llenas y suitadas, a los potros y a los sementales.","og_url":"https:\/\/www.royal-horse.com\/es\/alimentacion-caballos\/b150-alimento-en-copos-caballos-cria\/","og_site_name":"Royal Horse","article_modified_time":"2024-02-28T10:17:21+00:00","og_image":[{"width":410,"height":676,"url":"https:\/\/www.royal-horse.com\/wp-content\/uploads\/2022\/01\/B_150.png","type":"image\/png"}],"twitter_card":"summary_large_image","schema":{"@context":"https:\/\/schema.org","@graph":[{"@type":"WebPage","@id":"https:\/\/www.royal-horse.com\/es\/alimentacion-caballos\/b150-alimento-en-copos-caballos-cria\/","url":"https:\/\/www.royal-horse.com\/es\/alimentacion-caballos\/b150-alimento-en-copos-caballos-cria\/","name":"B-150 - Alimento para caballos de cr\u00eda, promueve la fertilidad y la inmunidad","isPartOf":{"@id":"https:\/\/www.royal-horse.com\/es\/#website"},"primaryImageOfPage":{"@id":"https:\/\/www.royal-horse.com\/es\/alimentacion-caballos\/b150-alimento-en-copos-caballos-cria\/#primaryimage"},"image":{"@id":"https:\/\/www.royal-horse.com\/es\/alimentacion-caballos\/b150-alimento-en-copos-caballos-cria\/#primaryimage"},"thumbnailUrl":"https:\/\/www.royal-horse.com\/wp-content\/uploads\/2022\/01\/B_150.png","datePublished":"2022-04-05T15:25:13+00:00","dateModified":"2024-02-28T10:17:21+00:00","description":"B-150 responde a las necesidades espec\u00edficas de los caballos de cr\u00eda. Pienso copos complementario de forrajes y\/o de hierba destinado a las potrillas llenas y suitadas, a los potros y a los sementales.","breadcrumb":{"@id":"https:\/\/www.royal-horse.com\/es\/alimentacion-caballos\/b150-alimento-en-copos-caballos-cria\/#breadcrumb"},"inLanguage":"es","potentialAction":[{"@type":"ReadAction","target":["https:\/\/www.royal-horse.com\/es\/alimentacion-caballos\/b150-alimento-en-copos-caballos-cria\/"]}]},{"@type":"ImageObject","inLanguage":"es","@id":"https:\/\/www.royal-horse.com\/es\/alimentacion-caballos\/b150-alimento-en-copos-caballos-cria\/#primaryimage","url":"https:\/\/www.royal-horse.com\/wp-content\/uploads\/2022\/01\/B_150.png","contentUrl":"https:\/\/www.royal-horse.com\/wp-content\/uploads\/2022\/01\/B_150.png","width":410,"height":676,"caption":"Potrus Junior"},{"@type":"BreadcrumbList","@id":"https:\/\/www.royal-horse.com\/es\/alimentacion-caballos\/b150-alimento-en-copos-caballos-cria\/#breadcrumb","itemListElement":[{"@type":"ListItem","position":1,"name":"Accueil","item":"https:\/\/www.royal-horse.com\/es\/"},{"@type":"ListItem","position":2,"name":"Productos","item":"https:\/\/www.royal-horse.com\/es\/alimentacion-caballos\/"},{"@type":"ListItem","position":3,"name":"B-150 : Alimento en copos para caballos de cr\u00eda"}]},{"@type":"WebSite","@id":"https:\/\/www.royal-horse.com\/es\/#website","url":"https:\/\/www.royal-horse.com\/es\/","name":"Royal Horse","description":"Leader de l&#039;alimentation pour chevaux","publisher":{"@id":"https:\/\/www.royal-horse.com\/es\/#organization"},"potentialAction":[{"@type":"SearchAction","target":{"@type":"EntryPoint","urlTemplate":"https:\/\/www.royal-horse.com\/es\/?s={search_term_string}"},"query-input":{"@type":"PropertyValueSpecification","valueRequired":true,"valueName":"search_term_string"}}],"inLanguage":"es"},{"@type":"Organization","@id":"https:\/\/www.royal-horse.com\/es\/#organization","name":"Royal Horse","url":"https:\/\/www.royal-horse.com\/es\/","logo":{"@type":"ImageObject","inLanguage":"es","@id":"https:\/\/www.royal-horse.com\/es\/#\/schema\/logo\/image\/","url":"https:\/\/www.royal-horse.com\/wp-content\/uploads\/2021\/10\/Logo-RH.svg","contentUrl":"https:\/\/www.royal-horse.com\/wp-content\/uploads\/2021\/10\/Logo-RH.svg","width":71,"height":140,"caption":"Royal Horse"},"image":{"@id":"https:\/\/www.royal-horse.com\/es\/#\/schema\/logo\/image\/"}}]}},"_links":{"self":[{"href":"https:\/\/www.royal-horse.com\/es\/wp-json\/wp\/v2\/product\/11872","targetHints":{"allow":["GET"]}}],"collection":[{"href":"https:\/\/www.royal-horse.com\/es\/wp-json\/wp\/v2\/product"}],"about":[{"href":"https:\/\/www.royal-horse.com\/es\/wp-json\/wp\/v2\/types\/product"}],"replies":[{"embeddable":true,"href":"https:\/\/www.royal-horse.com\/es\/wp-json\/wp\/v2\/comments?post=11872"}],"wp:featuredmedia":[{"embeddable":true,"href":"https:\/\/www.royal-horse.com\/es\/wp-json\/wp\/v2\/media\/8063"}],"wp:attachment":[{"href":"https:\/\/www.royal-horse.com\/es\/wp-json\/wp\/v2\/media?parent=11872"}],"wp:term":[{"taxonomy":"dispo_ecurie","embeddable":true,"href":"https:\/\/www.royal-horse.com\/es\/wp-json\/wp\/v2\/dispo_ecurie?post=11872"},{"taxonomy":"activite_cheval","embeddable":true,"href":"https:\/\/www.royal-horse.com\/es\/wp-json\/wp\/v2\/activite_cheval?post=11872"},{"taxonomy":"type_aliment","embeddable":true,"href":"https:\/\/www.royal-horse.com\/es\/wp-json\/wp\/v2\/type_aliment?post=11872"},{"taxonomy":"product_brand","embeddable":true,"href":"https:\/\/www.royal-horse.com\/es\/wp-json\/wp\/v2\/product_brand?post=11872"},{"taxonomy":"product_cat","embeddable":true,"href":"https:\/\/www.royal-horse.com\/es\/wp-json\/wp\/v2\/product_cat?post=11872"},{"taxonomy":"product_tag","embeddable":true,"href":"https:\/\/www.royal-horse.com\/es\/wp-json\/wp\/v2\/product_tag?post=11872"}],"curies":[{"name":"wp","href":"https:\/\/api.w.org\/{rel}","templated":true}]}}