{"id":19810,"date":"2022-04-10T10:24:17","date_gmt":"2022-04-10T08:24:17","guid":{"rendered":"https:\/\/www.royal-horse.com\/alimentacion-caballos\/h-250-pienso-en-copos-caballos-de-competicion-1\/"},"modified":"2024-02-28T11:19:55","modified_gmt":"2024-02-28T10:19:55","slug":"h-250-pienso-en-copos-caballos-de-competicion","status":"publish","type":"product","link":"https:\/\/www.royal-horse.com\/es\/alimentacion-caballos\/h-250-pienso-en-copos-caballos-de-competicion\/","title":{"rendered":"H-250 : Pienso en copos para caballos de competici\u00f3n"},"content":{"rendered":"","protected":false},"excerpt":{"rendered":"<p> [&#8230;]<\/p>\n<p><a class=\"btn btn-secondary understrap-read-more-link\" href=\"https:\/\/www.royal-horse.com\/es\/alimentacion-caballos\/h-250-pienso-en-copos-caballos-de-competicion\/\">Leer m\u00e1s&#8230;<span class=\"screen-reader-text\"> from H-250 : Pienso en copos para caballos de competici\u00f3n<\/span><\/a><\/p>\n","protected":false},"featured_media":8099,"comment_status":"closed","ping_status":"closed","template":"","meta":{"_acf_changed":false,"_joinchat":[]},"dispo_ecurie":[152],"activite_cheval":[162],"type_aliment":[164],"product_brand":[],"product_cat":[172],"product_tag":[],"class_list":{"0":"post-19810","1":"product","2":"type-product","3":"status-publish","4":"has-post-thumbnail","6":"dispo_ecurie-heno","7":"activite_cheval-trabajo-diario-1h-dia-intenso-y-sostenido","8":"type_aliment-en-copos","9":"product_cat-competicion-es","11":"first","12":"instock","13":"shipping-taxable","14":"product-type-simple"},"acf":[],"yoast_head":"<!-- This site is optimized with the Yoast SEO plugin v27.5 - https:\/\/yoast.com\/product\/yoast-seo-wordpress\/ -->\n<title>Alimentaci\u00f3n para caballos de competici\u00f3n - Esfuerzos cortos e intensos<\/title>\n<meta name=\"description\" content=\"La gama ROYAL HORSE Competition y el H-250 responden a las elevadas necesidades energ\u00e9ticas de los caballos de competici\u00f3n, favoreciendo los esfuerzos musculares intensos y facilitando la recuperaci\u00f3n\" \/>\n<meta name=\"robots\" content=\"index, follow, max-snippet:-1, max-image-preview:large, max-video-preview:-1\" \/>\n<link rel=\"canonical\" href=\"https:\/\/www.royal-horse.com\/es\/alimentacion-caballos\/h-250-pienso-en-copos-caballos-de-competicion\/\" \/>\n<meta property=\"og:locale\" content=\"es_ES\" \/>\n<meta property=\"og:type\" content=\"article\" \/>\n<meta property=\"og:title\" content=\"Alimentaci\u00f3n para caballos de competici\u00f3n - Esfuerzos cortos e intensos\" \/>\n<meta property=\"og:description\" content=\"La gama ROYAL HORSE Competition y el H-250 responden a las elevadas necesidades energ\u00e9ticas de los caballos de competici\u00f3n, favoreciendo los esfuerzos musculares intensos y facilitando la recuperaci\u00f3n\" \/>\n<meta property=\"og:url\" content=\"https:\/\/www.royal-horse.com\/es\/alimentacion-caballos\/h-250-pienso-en-copos-caballos-de-competicion\/\" \/>\n<meta property=\"og:site_name\" content=\"Royal Horse\" \/>\n<meta property=\"article:modified_time\" content=\"2024-02-28T10:19:55+00:00\" \/>\n<meta property=\"og:image\" content=\"https:\/\/www.royal-horse.com\/wp-content\/uploads\/2022\/01\/H_250.png\" \/>\n\t<meta property=\"og:image:width\" content=\"410\" \/>\n\t<meta property=\"og:image:height\" content=\"676\" \/>\n\t<meta property=\"og:image:type\" content=\"image\/png\" \/>\n<meta name=\"twitter:card\" content=\"summary_large_image\" \/>\n<script type=\"application\/ld+json\" class=\"yoast-schema-graph\">{\"@context\":\"https:\\\/\\\/schema.org\",\"@graph\":[{\"@type\":\"WebPage\",\"@id\":\"https:\\\/\\\/www.royal-horse.com\\\/es\\\/alimentacion-caballos\\\/h-250-pienso-en-copos-caballos-de-competicion\\\/\",\"url\":\"https:\\\/\\\/www.royal-horse.com\\\/es\\\/alimentacion-caballos\\\/h-250-pienso-en-copos-caballos-de-competicion\\\/\",\"name\":\"Alimentaci\u00f3n para caballos de competici\u00f3n - Esfuerzos cortos e intensos\",\"isPartOf\":{\"@id\":\"https:\\\/\\\/www.royal-horse.com\\\/es\\\/#website\"},\"primaryImageOfPage\":{\"@id\":\"https:\\\/\\\/www.royal-horse.com\\\/es\\\/alimentacion-caballos\\\/h-250-pienso-en-copos-caballos-de-competicion\\\/#primaryimage\"},\"image\":{\"@id\":\"https:\\\/\\\/www.royal-horse.com\\\/es\\\/alimentacion-caballos\\\/h-250-pienso-en-copos-caballos-de-competicion\\\/#primaryimage\"},\"thumbnailUrl\":\"https:\\\/\\\/www.royal-horse.com\\\/wp-content\\\/uploads\\\/2022\\\/01\\\/H_250.png\",\"datePublished\":\"2022-04-10T08:24:17+00:00\",\"dateModified\":\"2024-02-28T10:19:55+00:00\",\"description\":\"La gama ROYAL HORSE Competition y el H-250 responden a las elevadas necesidades energ\u00e9ticas de los caballos de competici\u00f3n, favoreciendo los esfuerzos musculares intensos y facilitando la recuperaci\u00f3n\",\"breadcrumb\":{\"@id\":\"https:\\\/\\\/www.royal-horse.com\\\/es\\\/alimentacion-caballos\\\/h-250-pienso-en-copos-caballos-de-competicion\\\/#breadcrumb\"},\"inLanguage\":\"es\",\"potentialAction\":[{\"@type\":\"ReadAction\",\"target\":[\"https:\\\/\\\/www.royal-horse.com\\\/es\\\/alimentacion-caballos\\\/h-250-pienso-en-copos-caballos-de-competicion\\\/\"]}]},{\"@type\":\"ImageObject\",\"inLanguage\":\"es\",\"@id\":\"https:\\\/\\\/www.royal-horse.com\\\/es\\\/alimentacion-caballos\\\/h-250-pienso-en-copos-caballos-de-competicion\\\/#primaryimage\",\"url\":\"https:\\\/\\\/www.royal-horse.com\\\/wp-content\\\/uploads\\\/2022\\\/01\\\/H_250.png\",\"contentUrl\":\"https:\\\/\\\/www.royal-horse.com\\\/wp-content\\\/uploads\\\/2022\\\/01\\\/H_250.png\",\"width\":410,\"height\":676},{\"@type\":\"BreadcrumbList\",\"@id\":\"https:\\\/\\\/www.royal-horse.com\\\/es\\\/alimentacion-caballos\\\/h-250-pienso-en-copos-caballos-de-competicion\\\/#breadcrumb\",\"itemListElement\":[{\"@type\":\"ListItem\",\"position\":1,\"name\":\"Accueil\",\"item\":\"https:\\\/\\\/www.royal-horse.com\\\/es\\\/\"},{\"@type\":\"ListItem\",\"position\":2,\"name\":\"Productos\",\"item\":\"https:\\\/\\\/www.royal-horse.com\\\/es\\\/alimentacion-caballos\\\/\"},{\"@type\":\"ListItem\",\"position\":3,\"name\":\"H-250 : Pienso en copos para caballos de competici\u00f3n\"}]},{\"@type\":\"WebSite\",\"@id\":\"https:\\\/\\\/www.royal-horse.com\\\/es\\\/#website\",\"url\":\"https:\\\/\\\/www.royal-horse.com\\\/es\\\/\",\"name\":\"Royal Horse\",\"description\":\"Leader de l&#039;alimentation pour chevaux\",\"publisher\":{\"@id\":\"https:\\\/\\\/www.royal-horse.com\\\/es\\\/#organization\"},\"potentialAction\":[{\"@type\":\"SearchAction\",\"target\":{\"@type\":\"EntryPoint\",\"urlTemplate\":\"https:\\\/\\\/www.royal-horse.com\\\/es\\\/?s={search_term_string}\"},\"query-input\":{\"@type\":\"PropertyValueSpecification\",\"valueRequired\":true,\"valueName\":\"search_term_string\"}}],\"inLanguage\":\"es\"},{\"@type\":\"Organization\",\"@id\":\"https:\\\/\\\/www.royal-horse.com\\\/es\\\/#organization\",\"name\":\"Royal Horse\",\"url\":\"https:\\\/\\\/www.royal-horse.com\\\/es\\\/\",\"logo\":{\"@type\":\"ImageObject\",\"inLanguage\":\"es\",\"@id\":\"https:\\\/\\\/www.royal-horse.com\\\/es\\\/#\\\/schema\\\/logo\\\/image\\\/\",\"url\":\"https:\\\/\\\/www.royal-horse.com\\\/wp-content\\\/uploads\\\/2021\\\/10\\\/Logo-RH.svg\",\"contentUrl\":\"https:\\\/\\\/www.royal-horse.com\\\/wp-content\\\/uploads\\\/2021\\\/10\\\/Logo-RH.svg\",\"width\":71,\"height\":140,\"caption\":\"Royal Horse\"},\"image\":{\"@id\":\"https:\\\/\\\/www.royal-horse.com\\\/es\\\/#\\\/schema\\\/logo\\\/image\\\/\"}}]}<\/script>\n<!-- \/ Yoast SEO plugin. -->","yoast_head_json":{"title":"Alimentaci\u00f3n para caballos de competici\u00f3n - Esfuerzos cortos e intensos","description":"La gama ROYAL HORSE Competition y el H-250 responden a las elevadas necesidades energ\u00e9ticas de los caballos de competici\u00f3n, favoreciendo los esfuerzos musculares intensos y facilitando la recuperaci\u00f3n","robots":{"index":"index","follow":"follow","max-snippet":"max-snippet:-1","max-image-preview":"max-image-preview:large","max-video-preview":"max-video-preview:-1"},"canonical":"https:\/\/www.royal-horse.com\/es\/alimentacion-caballos\/h-250-pienso-en-copos-caballos-de-competicion\/","og_locale":"es_ES","og_type":"article","og_title":"Alimentaci\u00f3n para caballos de competici\u00f3n - Esfuerzos cortos e intensos","og_description":"La gama ROYAL HORSE Competition y el H-250 responden a las elevadas necesidades energ\u00e9ticas de los caballos de competici\u00f3n, favoreciendo los esfuerzos musculares intensos y facilitando la recuperaci\u00f3n","og_url":"https:\/\/www.royal-horse.com\/es\/alimentacion-caballos\/h-250-pienso-en-copos-caballos-de-competicion\/","og_site_name":"Royal Horse","article_modified_time":"2024-02-28T10:19:55+00:00","og_image":[{"width":410,"height":676,"url":"https:\/\/www.royal-horse.com\/wp-content\/uploads\/2022\/01\/H_250.png","type":"image\/png"}],"twitter_card":"summary_large_image","schema":{"@context":"https:\/\/schema.org","@graph":[{"@type":"WebPage","@id":"https:\/\/www.royal-horse.com\/es\/alimentacion-caballos\/h-250-pienso-en-copos-caballos-de-competicion\/","url":"https:\/\/www.royal-horse.com\/es\/alimentacion-caballos\/h-250-pienso-en-copos-caballos-de-competicion\/","name":"Alimentaci\u00f3n para caballos de competici\u00f3n - Esfuerzos cortos e intensos","isPartOf":{"@id":"https:\/\/www.royal-horse.com\/es\/#website"},"primaryImageOfPage":{"@id":"https:\/\/www.royal-horse.com\/es\/alimentacion-caballos\/h-250-pienso-en-copos-caballos-de-competicion\/#primaryimage"},"image":{"@id":"https:\/\/www.royal-horse.com\/es\/alimentacion-caballos\/h-250-pienso-en-copos-caballos-de-competicion\/#primaryimage"},"thumbnailUrl":"https:\/\/www.royal-horse.com\/wp-content\/uploads\/2022\/01\/H_250.png","datePublished":"2022-04-10T08:24:17+00:00","dateModified":"2024-02-28T10:19:55+00:00","description":"La gama ROYAL HORSE Competition y el H-250 responden a las elevadas necesidades energ\u00e9ticas de los caballos de competici\u00f3n, favoreciendo los esfuerzos musculares intensos y facilitando la recuperaci\u00f3n","breadcrumb":{"@id":"https:\/\/www.royal-horse.com\/es\/alimentacion-caballos\/h-250-pienso-en-copos-caballos-de-competicion\/#breadcrumb"},"inLanguage":"es","potentialAction":[{"@type":"ReadAction","target":["https:\/\/www.royal-horse.com\/es\/alimentacion-caballos\/h-250-pienso-en-copos-caballos-de-competicion\/"]}]},{"@type":"ImageObject","inLanguage":"es","@id":"https:\/\/www.royal-horse.com\/es\/alimentacion-caballos\/h-250-pienso-en-copos-caballos-de-competicion\/#primaryimage","url":"https:\/\/www.royal-horse.com\/wp-content\/uploads\/2022\/01\/H_250.png","contentUrl":"https:\/\/www.royal-horse.com\/wp-content\/uploads\/2022\/01\/H_250.png","width":410,"height":676},{"@type":"BreadcrumbList","@id":"https:\/\/www.royal-horse.com\/es\/alimentacion-caballos\/h-250-pienso-en-copos-caballos-de-competicion\/#breadcrumb","itemListElement":[{"@type":"ListItem","position":1,"name":"Accueil","item":"https:\/\/www.royal-horse.com\/es\/"},{"@type":"ListItem","position":2,"name":"Productos","item":"https:\/\/www.royal-horse.com\/es\/alimentacion-caballos\/"},{"@type":"ListItem","position":3,"name":"H-250 : Pienso en copos para caballos de competici\u00f3n"}]},{"@type":"WebSite","@id":"https:\/\/www.royal-horse.com\/es\/#website","url":"https:\/\/www.royal-horse.com\/es\/","name":"Royal Horse","description":"Leader de l&#039;alimentation pour chevaux","publisher":{"@id":"https:\/\/www.royal-horse.com\/es\/#organization"},"potentialAction":[{"@type":"SearchAction","target":{"@type":"EntryPoint","urlTemplate":"https:\/\/www.royal-horse.com\/es\/?s={search_term_string}"},"query-input":{"@type":"PropertyValueSpecification","valueRequired":true,"valueName":"search_term_string"}}],"inLanguage":"es"},{"@type":"Organization","@id":"https:\/\/www.royal-horse.com\/es\/#organization","name":"Royal Horse","url":"https:\/\/www.royal-horse.com\/es\/","logo":{"@type":"ImageObject","inLanguage":"es","@id":"https:\/\/www.royal-horse.com\/es\/#\/schema\/logo\/image\/","url":"https:\/\/www.royal-horse.com\/wp-content\/uploads\/2021\/10\/Logo-RH.svg","contentUrl":"https:\/\/www.royal-horse.com\/wp-content\/uploads\/2021\/10\/Logo-RH.svg","width":71,"height":140,"caption":"Royal Horse"},"image":{"@id":"https:\/\/www.royal-horse.com\/es\/#\/schema\/logo\/image\/"}}]}},"_links":{"self":[{"href":"https:\/\/www.royal-horse.com\/es\/wp-json\/wp\/v2\/product\/19810","targetHints":{"allow":["GET"]}}],"collection":[{"href":"https:\/\/www.royal-horse.com\/es\/wp-json\/wp\/v2\/product"}],"about":[{"href":"https:\/\/www.royal-horse.com\/es\/wp-json\/wp\/v2\/types\/product"}],"replies":[{"embeddable":true,"href":"https:\/\/www.royal-horse.com\/es\/wp-json\/wp\/v2\/comments?post=19810"}],"wp:featuredmedia":[{"embeddable":true,"href":"https:\/\/www.royal-horse.com\/es\/wp-json\/wp\/v2\/media\/8099"}],"wp:attachment":[{"href":"https:\/\/www.royal-horse.com\/es\/wp-json\/wp\/v2\/media?parent=19810"}],"wp:term":[{"taxonomy":"dispo_ecurie","embeddable":true,"href":"https:\/\/www.royal-horse.com\/es\/wp-json\/wp\/v2\/dispo_ecurie?post=19810"},{"taxonomy":"activite_cheval","embeddable":true,"href":"https:\/\/www.royal-horse.com\/es\/wp-json\/wp\/v2\/activite_cheval?post=19810"},{"taxonomy":"type_aliment","embeddable":true,"href":"https:\/\/www.royal-horse.com\/es\/wp-json\/wp\/v2\/type_aliment?post=19810"},{"taxonomy":"product_brand","embeddable":true,"href":"https:\/\/www.royal-horse.com\/es\/wp-json\/wp\/v2\/product_brand?post=19810"},{"taxonomy":"product_cat","embeddable":true,"href":"https:\/\/www.royal-horse.com\/es\/wp-json\/wp\/v2\/product_cat?post=19810"},{"taxonomy":"product_tag","embeddable":true,"href":"https:\/\/www.royal-horse.com\/es\/wp-json\/wp\/v2\/product_tag?post=19810"}],"curies":[{"name":"wp","href":"https:\/\/api.w.org\/{rel}","templated":true}]}}