{"id":31721,"date":"2022-04-05T01:07:35","date_gmt":"2022-04-04T23:07:35","guid":{"rendered":"https:\/\/www.royal-horse.com\/alimentacion-caballos\/c-150-racion-alimentaria-suplementaria\/"},"modified":"2023-11-28T22:07:40","modified_gmt":"2023-11-28T21:07:40","slug":"c-150-racion-alimentaria-suplementaria","status":"publish","type":"product","link":"https:\/\/www.royal-horse.com\/es\/alimentacion-caballos\/c-150-racion-alimentaria-suplementaria\/","title":{"rendered":"C-150: RACI\u00d3N ALIMENTARIA SUPLEMENTARIA SUMINISTRO DE FIBRAS LARGAS"},"content":{"rendered":"","protected":false},"excerpt":{"rendered":"<p>Favorece <strong>una buena higiene digestiva<\/strong> [&#8230;]<\/p>\n<p><a class=\"btn btn-secondary understrap-read-more-link\" href=\"https:\/\/www.royal-horse.com\/es\/alimentacion-caballos\/c-150-racion-alimentaria-suplementaria\/\">Leer m\u00e1s&#8230;<span class=\"screen-reader-text\"> from C-150: RACI\u00d3N ALIMENTARIA SUPLEMENTARIA SUMINISTRO DE FIBRAS LARGAS<\/span><\/a><\/p>\n","protected":false},"featured_media":31861,"comment_status":"closed","ping_status":"closed","template":"","meta":{"_acf_changed":false,"_joinchat":[]},"dispo_ecurie":[],"activite_cheval":[],"type_aliment":[158],"product_brand":[],"product_cat":[171],"product_tag":[],"class_list":{"0":"post-31721","1":"product","2":"type-product","3":"status-publish","4":"has-post-thumbnail","6":"type_aliment-cereales-complementarios","7":"product_cat-suplemento","9":"first","10":"instock","11":"shipping-taxable","12":"product-type-simple"},"acf":[],"yoast_head":"<!-- This site is optimized with the Yoast SEO plugin v27.4 - https:\/\/yoast.com\/product\/yoast-seo-wordpress\/ -->\n<title>Raci\u00f3n alimentaria suplementaria de fibras largas - Royal Horse<\/title>\n<meta name=\"description\" content=\"El C-150 est\u00e1 dise\u00f1ado para complementar con fibras largas las raciones de todo tipo de caballos y ponis, promoviendo una buena higiene digestiva.\" \/>\n<meta name=\"robots\" content=\"index, follow, max-snippet:-1, max-image-preview:large, max-video-preview:-1\" \/>\n<link rel=\"canonical\" href=\"https:\/\/www.royal-horse.com\/es\/alimentacion-caballos\/c-150-racion-alimentaria-suplementaria\/\" \/>\n<meta property=\"og:locale\" content=\"es_ES\" \/>\n<meta property=\"og:type\" content=\"article\" \/>\n<meta property=\"og:title\" content=\"Raci\u00f3n alimentaria suplementaria de fibras largas - Royal Horse\" \/>\n<meta property=\"og:description\" content=\"El C-150 est\u00e1 dise\u00f1ado para complementar con fibras largas las raciones de todo tipo de caballos y ponis, promoviendo una buena higiene digestiva.\" \/>\n<meta property=\"og:url\" content=\"https:\/\/www.royal-horse.com\/es\/alimentacion-caballos\/c-150-racion-alimentaria-suplementaria\/\" \/>\n<meta property=\"og:site_name\" content=\"Royal Horse\" \/>\n<meta property=\"article:modified_time\" content=\"2023-11-28T21:07:40+00:00\" \/>\n<meta property=\"og:image\" content=\"http:\/\/www.royal-horse.com\/wp-content\/uploads\/2022\/04\/C_150_new.png\" \/>\n\t<meta property=\"og:image:width\" content=\"410\" \/>\n\t<meta property=\"og:image:height\" content=\"676\" \/>\n\t<meta property=\"og:image:type\" content=\"image\/png\" \/>\n<meta name=\"twitter:card\" content=\"summary_large_image\" \/>\n<script type=\"application\/ld+json\" class=\"yoast-schema-graph\">{\"@context\":\"https:\\\/\\\/schema.org\",\"@graph\":[{\"@type\":\"WebPage\",\"@id\":\"https:\\\/\\\/www.royal-horse.com\\\/es\\\/alimentacion-caballos\\\/c-150-racion-alimentaria-suplementaria\\\/\",\"url\":\"https:\\\/\\\/www.royal-horse.com\\\/es\\\/alimentacion-caballos\\\/c-150-racion-alimentaria-suplementaria\\\/\",\"name\":\"Raci\u00f3n alimentaria suplementaria de fibras largas - Royal Horse\",\"isPartOf\":{\"@id\":\"https:\\\/\\\/www.royal-horse.com\\\/es\\\/#website\"},\"primaryImageOfPage\":{\"@id\":\"https:\\\/\\\/www.royal-horse.com\\\/es\\\/alimentacion-caballos\\\/c-150-racion-alimentaria-suplementaria\\\/#primaryimage\"},\"image\":{\"@id\":\"https:\\\/\\\/www.royal-horse.com\\\/es\\\/alimentacion-caballos\\\/c-150-racion-alimentaria-suplementaria\\\/#primaryimage\"},\"thumbnailUrl\":\"https:\\\/\\\/www.royal-horse.com\\\/wp-content\\\/uploads\\\/2022\\\/04\\\/C_150_new.png\",\"datePublished\":\"2022-04-04T23:07:35+00:00\",\"dateModified\":\"2023-11-28T21:07:40+00:00\",\"description\":\"El C-150 est\u00e1 dise\u00f1ado para complementar con fibras largas las raciones de todo tipo de caballos y ponis, promoviendo una buena higiene digestiva.\",\"breadcrumb\":{\"@id\":\"https:\\\/\\\/www.royal-horse.com\\\/es\\\/alimentacion-caballos\\\/c-150-racion-alimentaria-suplementaria\\\/#breadcrumb\"},\"inLanguage\":\"es\",\"potentialAction\":[{\"@type\":\"ReadAction\",\"target\":[\"https:\\\/\\\/www.royal-horse.com\\\/es\\\/alimentacion-caballos\\\/c-150-racion-alimentaria-suplementaria\\\/\"]}]},{\"@type\":\"ImageObject\",\"inLanguage\":\"es\",\"@id\":\"https:\\\/\\\/www.royal-horse.com\\\/es\\\/alimentacion-caballos\\\/c-150-racion-alimentaria-suplementaria\\\/#primaryimage\",\"url\":\"https:\\\/\\\/www.royal-horse.com\\\/wp-content\\\/uploads\\\/2022\\\/04\\\/C_150_new.png\",\"contentUrl\":\"https:\\\/\\\/www.royal-horse.com\\\/wp-content\\\/uploads\\\/2022\\\/04\\\/C_150_new.png\",\"width\":410,\"height\":676,\"caption\":\"C_150\"},{\"@type\":\"BreadcrumbList\",\"@id\":\"https:\\\/\\\/www.royal-horse.com\\\/es\\\/alimentacion-caballos\\\/c-150-racion-alimentaria-suplementaria\\\/#breadcrumb\",\"itemListElement\":[{\"@type\":\"ListItem\",\"position\":1,\"name\":\"Accueil\",\"item\":\"https:\\\/\\\/www.royal-horse.com\\\/es\\\/\"},{\"@type\":\"ListItem\",\"position\":2,\"name\":\"Productos\",\"item\":\"https:\\\/\\\/www.royal-horse.com\\\/es\\\/alimentacion-caballos\\\/\"},{\"@type\":\"ListItem\",\"position\":3,\"name\":\"C-150: RACI\u00d3N ALIMENTARIA SUPLEMENTARIA SUMINISTRO DE FIBRAS LARGAS\"}]},{\"@type\":\"WebSite\",\"@id\":\"https:\\\/\\\/www.royal-horse.com\\\/es\\\/#website\",\"url\":\"https:\\\/\\\/www.royal-horse.com\\\/es\\\/\",\"name\":\"Royal Horse\",\"description\":\"Leader de l&#039;alimentation pour chevaux\",\"publisher\":{\"@id\":\"https:\\\/\\\/www.royal-horse.com\\\/es\\\/#organization\"},\"potentialAction\":[{\"@type\":\"SearchAction\",\"target\":{\"@type\":\"EntryPoint\",\"urlTemplate\":\"https:\\\/\\\/www.royal-horse.com\\\/es\\\/?s={search_term_string}\"},\"query-input\":{\"@type\":\"PropertyValueSpecification\",\"valueRequired\":true,\"valueName\":\"search_term_string\"}}],\"inLanguage\":\"es\"},{\"@type\":\"Organization\",\"@id\":\"https:\\\/\\\/www.royal-horse.com\\\/es\\\/#organization\",\"name\":\"Royal Horse\",\"url\":\"https:\\\/\\\/www.royal-horse.com\\\/es\\\/\",\"logo\":{\"@type\":\"ImageObject\",\"inLanguage\":\"es\",\"@id\":\"https:\\\/\\\/www.royal-horse.com\\\/es\\\/#\\\/schema\\\/logo\\\/image\\\/\",\"url\":\"https:\\\/\\\/www.royal-horse.com\\\/wp-content\\\/uploads\\\/2021\\\/10\\\/Logo-RH.svg\",\"contentUrl\":\"https:\\\/\\\/www.royal-horse.com\\\/wp-content\\\/uploads\\\/2021\\\/10\\\/Logo-RH.svg\",\"width\":71,\"height\":140,\"caption\":\"Royal Horse\"},\"image\":{\"@id\":\"https:\\\/\\\/www.royal-horse.com\\\/es\\\/#\\\/schema\\\/logo\\\/image\\\/\"}}]}<\/script>\n<!-- \/ Yoast SEO plugin. -->","yoast_head_json":{"title":"Raci\u00f3n alimentaria suplementaria de fibras largas - Royal Horse","description":"El C-150 est\u00e1 dise\u00f1ado para complementar con fibras largas las raciones de todo tipo de caballos y ponis, promoviendo una buena higiene digestiva.","robots":{"index":"index","follow":"follow","max-snippet":"max-snippet:-1","max-image-preview":"max-image-preview:large","max-video-preview":"max-video-preview:-1"},"canonical":"https:\/\/www.royal-horse.com\/es\/alimentacion-caballos\/c-150-racion-alimentaria-suplementaria\/","og_locale":"es_ES","og_type":"article","og_title":"Raci\u00f3n alimentaria suplementaria de fibras largas - Royal Horse","og_description":"El C-150 est\u00e1 dise\u00f1ado para complementar con fibras largas las raciones de todo tipo de caballos y ponis, promoviendo una buena higiene digestiva.","og_url":"https:\/\/www.royal-horse.com\/es\/alimentacion-caballos\/c-150-racion-alimentaria-suplementaria\/","og_site_name":"Royal Horse","article_modified_time":"2023-11-28T21:07:40+00:00","og_image":[{"width":410,"height":676,"url":"http:\/\/www.royal-horse.com\/wp-content\/uploads\/2022\/04\/C_150_new.png","type":"image\/png"}],"twitter_card":"summary_large_image","schema":{"@context":"https:\/\/schema.org","@graph":[{"@type":"WebPage","@id":"https:\/\/www.royal-horse.com\/es\/alimentacion-caballos\/c-150-racion-alimentaria-suplementaria\/","url":"https:\/\/www.royal-horse.com\/es\/alimentacion-caballos\/c-150-racion-alimentaria-suplementaria\/","name":"Raci\u00f3n alimentaria suplementaria de fibras largas - Royal Horse","isPartOf":{"@id":"https:\/\/www.royal-horse.com\/es\/#website"},"primaryImageOfPage":{"@id":"https:\/\/www.royal-horse.com\/es\/alimentacion-caballos\/c-150-racion-alimentaria-suplementaria\/#primaryimage"},"image":{"@id":"https:\/\/www.royal-horse.com\/es\/alimentacion-caballos\/c-150-racion-alimentaria-suplementaria\/#primaryimage"},"thumbnailUrl":"https:\/\/www.royal-horse.com\/wp-content\/uploads\/2022\/04\/C_150_new.png","datePublished":"2022-04-04T23:07:35+00:00","dateModified":"2023-11-28T21:07:40+00:00","description":"El C-150 est\u00e1 dise\u00f1ado para complementar con fibras largas las raciones de todo tipo de caballos y ponis, promoviendo una buena higiene digestiva.","breadcrumb":{"@id":"https:\/\/www.royal-horse.com\/es\/alimentacion-caballos\/c-150-racion-alimentaria-suplementaria\/#breadcrumb"},"inLanguage":"es","potentialAction":[{"@type":"ReadAction","target":["https:\/\/www.royal-horse.com\/es\/alimentacion-caballos\/c-150-racion-alimentaria-suplementaria\/"]}]},{"@type":"ImageObject","inLanguage":"es","@id":"https:\/\/www.royal-horse.com\/es\/alimentacion-caballos\/c-150-racion-alimentaria-suplementaria\/#primaryimage","url":"https:\/\/www.royal-horse.com\/wp-content\/uploads\/2022\/04\/C_150_new.png","contentUrl":"https:\/\/www.royal-horse.com\/wp-content\/uploads\/2022\/04\/C_150_new.png","width":410,"height":676,"caption":"C_150"},{"@type":"BreadcrumbList","@id":"https:\/\/www.royal-horse.com\/es\/alimentacion-caballos\/c-150-racion-alimentaria-suplementaria\/#breadcrumb","itemListElement":[{"@type":"ListItem","position":1,"name":"Accueil","item":"https:\/\/www.royal-horse.com\/es\/"},{"@type":"ListItem","position":2,"name":"Productos","item":"https:\/\/www.royal-horse.com\/es\/alimentacion-caballos\/"},{"@type":"ListItem","position":3,"name":"C-150: RACI\u00d3N ALIMENTARIA SUPLEMENTARIA SUMINISTRO DE FIBRAS LARGAS"}]},{"@type":"WebSite","@id":"https:\/\/www.royal-horse.com\/es\/#website","url":"https:\/\/www.royal-horse.com\/es\/","name":"Royal Horse","description":"Leader de l&#039;alimentation pour chevaux","publisher":{"@id":"https:\/\/www.royal-horse.com\/es\/#organization"},"potentialAction":[{"@type":"SearchAction","target":{"@type":"EntryPoint","urlTemplate":"https:\/\/www.royal-horse.com\/es\/?s={search_term_string}"},"query-input":{"@type":"PropertyValueSpecification","valueRequired":true,"valueName":"search_term_string"}}],"inLanguage":"es"},{"@type":"Organization","@id":"https:\/\/www.royal-horse.com\/es\/#organization","name":"Royal Horse","url":"https:\/\/www.royal-horse.com\/es\/","logo":{"@type":"ImageObject","inLanguage":"es","@id":"https:\/\/www.royal-horse.com\/es\/#\/schema\/logo\/image\/","url":"https:\/\/www.royal-horse.com\/wp-content\/uploads\/2021\/10\/Logo-RH.svg","contentUrl":"https:\/\/www.royal-horse.com\/wp-content\/uploads\/2021\/10\/Logo-RH.svg","width":71,"height":140,"caption":"Royal Horse"},"image":{"@id":"https:\/\/www.royal-horse.com\/es\/#\/schema\/logo\/image\/"}}]}},"_links":{"self":[{"href":"https:\/\/www.royal-horse.com\/es\/wp-json\/wp\/v2\/product\/31721","targetHints":{"allow":["GET"]}}],"collection":[{"href":"https:\/\/www.royal-horse.com\/es\/wp-json\/wp\/v2\/product"}],"about":[{"href":"https:\/\/www.royal-horse.com\/es\/wp-json\/wp\/v2\/types\/product"}],"replies":[{"embeddable":true,"href":"https:\/\/www.royal-horse.com\/es\/wp-json\/wp\/v2\/comments?post=31721"}],"wp:featuredmedia":[{"embeddable":true,"href":"https:\/\/www.royal-horse.com\/es\/wp-json\/wp\/v2\/media\/31861"}],"wp:attachment":[{"href":"https:\/\/www.royal-horse.com\/es\/wp-json\/wp\/v2\/media?parent=31721"}],"wp:term":[{"taxonomy":"dispo_ecurie","embeddable":true,"href":"https:\/\/www.royal-horse.com\/es\/wp-json\/wp\/v2\/dispo_ecurie?post=31721"},{"taxonomy":"activite_cheval","embeddable":true,"href":"https:\/\/www.royal-horse.com\/es\/wp-json\/wp\/v2\/activite_cheval?post=31721"},{"taxonomy":"type_aliment","embeddable":true,"href":"https:\/\/www.royal-horse.com\/es\/wp-json\/wp\/v2\/type_aliment?post=31721"},{"taxonomy":"product_brand","embeddable":true,"href":"https:\/\/www.royal-horse.com\/es\/wp-json\/wp\/v2\/product_brand?post=31721"},{"taxonomy":"product_cat","embeddable":true,"href":"https:\/\/www.royal-horse.com\/es\/wp-json\/wp\/v2\/product_cat?post=31721"},{"taxonomy":"product_tag","embeddable":true,"href":"https:\/\/www.royal-horse.com\/es\/wp-json\/wp\/v2\/product_tag?post=31721"}],"curies":[{"name":"wp","href":"https:\/\/api.w.org\/{rel}","templated":true}]}}