{"id":173,"date":"2021-10-28T15:28:52","date_gmt":"2021-10-28T13:28:52","guid":{"rendered":"https:\/\/www.royal-horse.com\/?page_id=173"},"modified":"2022-10-05T10:02:02","modified_gmt":"2022-10-05T08:02:02","slug":"complements-alimentaires-chevaux","status":"publish","type":"page","link":"https:\/\/www.royal-horse.com\/fr\/complements-alimentaires-chevaux\/","title":{"rendered":"Compl\u00e9ments"},"content":{"rendered":"","protected":false},"excerpt":{"rendered":"<p> [&#8230;]<\/p>\n<p><a class=\"btn btn-secondary understrap-read-more-link\" href=\"https:\/\/www.royal-horse.com\/fr\/complements-alimentaires-chevaux\/\">Lire la suite\u2026<span class=\"screen-reader-text\"> from Compl\u00e9ments<\/span><\/a><\/p>\n","protected":false},"author":13,"featured_media":0,"parent":0,"menu_order":0,"comment_status":"closed","ping_status":"closed","template":"page-complements.php","meta":{"_acf_changed":false,"_joinchat":[],"footnotes":""},"class_list":["post-173","page","type-page","status-publish","hentry"],"acf":[],"yoast_head":"<!-- This site is optimized with the Yoast SEO plugin v27.3 - https:\/\/yoast.com\/product\/yoast-seo-wordpress\/ -->\n<title>Compl\u00e9ments alimentaires pour chevaux - Royal Horse<\/title>\n<meta name=\"description\" content=\"La gamme de compl\u00e9ments alimentaires pour chevaux est sp\u00e9cialement formul\u00e9e pour permettre de composer une ration adapt\u00e9e \u00e0 votre cheval\" \/>\n<meta name=\"robots\" content=\"index, follow, max-snippet:-1, max-image-preview:large, max-video-preview:-1\" \/>\n<link rel=\"canonical\" href=\"https:\/\/www.royal-horse.com\/fr\/complements-alimentaires-chevaux\/\" \/>\n<meta property=\"og:locale\" content=\"fr_FR\" \/>\n<meta property=\"og:type\" content=\"article\" \/>\n<meta property=\"og:title\" content=\"Compl\u00e9ments alimentaires pour chevaux - Royal Horse\" \/>\n<meta property=\"og:description\" content=\"La gamme de compl\u00e9ments alimentaires pour chevaux est sp\u00e9cialement formul\u00e9e pour permettre de composer une ration adapt\u00e9e \u00e0 votre cheval\" \/>\n<meta property=\"og:url\" content=\"https:\/\/www.royal-horse.com\/fr\/complements-alimentaires-chevaux\/\" \/>\n<meta property=\"og:site_name\" content=\"Royal Horse\" \/>\n<meta property=\"article:modified_time\" content=\"2022-10-05T08:02:02+00:00\" \/>\n<meta name=\"twitter:card\" content=\"summary_large_image\" \/>\n<script type=\"application\/ld+json\" class=\"yoast-schema-graph\">{\"@context\":\"https:\\\/\\\/schema.org\",\"@graph\":[{\"@type\":\"WebPage\",\"@id\":\"https:\\\/\\\/www.royal-horse.com\\\/fr\\\/complements-alimentaires-chevaux\\\/\",\"url\":\"https:\\\/\\\/www.royal-horse.com\\\/fr\\\/complements-alimentaires-chevaux\\\/\",\"name\":\"Compl\u00e9ments alimentaires pour chevaux - Royal Horse\",\"isPartOf\":{\"@id\":\"https:\\\/\\\/www.royal-horse.com\\\/fr\\\/#website\"},\"datePublished\":\"2021-10-28T13:28:52+00:00\",\"dateModified\":\"2022-10-05T08:02:02+00:00\",\"description\":\"La gamme de compl\u00e9ments alimentaires pour chevaux est sp\u00e9cialement formul\u00e9e pour permettre de composer une ration adapt\u00e9e \u00e0 votre cheval\",\"breadcrumb\":{\"@id\":\"https:\\\/\\\/www.royal-horse.com\\\/fr\\\/complements-alimentaires-chevaux\\\/#breadcrumb\"},\"inLanguage\":\"fr-FR\",\"potentialAction\":[{\"@type\":\"ReadAction\",\"target\":[\"https:\\\/\\\/www.royal-horse.com\\\/fr\\\/complements-alimentaires-chevaux\\\/\"]}]},{\"@type\":\"BreadcrumbList\",\"@id\":\"https:\\\/\\\/www.royal-horse.com\\\/fr\\\/complements-alimentaires-chevaux\\\/#breadcrumb\",\"itemListElement\":[{\"@type\":\"ListItem\",\"position\":1,\"name\":\"Accueil\",\"item\":\"https:\\\/\\\/www.royal-horse.com\\\/fr\\\/\"},{\"@type\":\"ListItem\",\"position\":2,\"name\":\"Compl\u00e9ments\"}]},{\"@type\":\"WebSite\",\"@id\":\"https:\\\/\\\/www.royal-horse.com\\\/fr\\\/#website\",\"url\":\"https:\\\/\\\/www.royal-horse.com\\\/fr\\\/\",\"name\":\"Royal Horse\",\"description\":\"Leader de l&#039;alimentation pour chevaux\",\"publisher\":{\"@id\":\"https:\\\/\\\/www.royal-horse.com\\\/fr\\\/#organization\"},\"potentialAction\":[{\"@type\":\"SearchAction\",\"target\":{\"@type\":\"EntryPoint\",\"urlTemplate\":\"https:\\\/\\\/www.royal-horse.com\\\/fr\\\/?s={search_term_string}\"},\"query-input\":{\"@type\":\"PropertyValueSpecification\",\"valueRequired\":true,\"valueName\":\"search_term_string\"}}],\"inLanguage\":\"fr-FR\"},{\"@type\":\"Organization\",\"@id\":\"https:\\\/\\\/www.royal-horse.com\\\/fr\\\/#organization\",\"name\":\"Royal Horse\",\"url\":\"https:\\\/\\\/www.royal-horse.com\\\/fr\\\/\",\"logo\":{\"@type\":\"ImageObject\",\"inLanguage\":\"fr-FR\",\"@id\":\"https:\\\/\\\/www.royal-horse.com\\\/fr\\\/#\\\/schema\\\/logo\\\/image\\\/\",\"url\":\"https:\\\/\\\/www.royal-horse.com\\\/wp-content\\\/uploads\\\/2021\\\/10\\\/Logo-RH.svg\",\"contentUrl\":\"https:\\\/\\\/www.royal-horse.com\\\/wp-content\\\/uploads\\\/2021\\\/10\\\/Logo-RH.svg\",\"width\":71,\"height\":140,\"caption\":\"Royal Horse\"},\"image\":{\"@id\":\"https:\\\/\\\/www.royal-horse.com\\\/fr\\\/#\\\/schema\\\/logo\\\/image\\\/\"}}]}<\/script>\n<!-- \/ Yoast SEO plugin. -->","yoast_head_json":{"title":"Compl\u00e9ments alimentaires pour chevaux - Royal Horse","description":"La gamme de compl\u00e9ments alimentaires pour chevaux est sp\u00e9cialement formul\u00e9e pour permettre de composer une ration adapt\u00e9e \u00e0 votre cheval","robots":{"index":"index","follow":"follow","max-snippet":"max-snippet:-1","max-image-preview":"max-image-preview:large","max-video-preview":"max-video-preview:-1"},"canonical":"https:\/\/www.royal-horse.com\/fr\/complements-alimentaires-chevaux\/","og_locale":"fr_FR","og_type":"article","og_title":"Compl\u00e9ments alimentaires pour chevaux - Royal Horse","og_description":"La gamme de compl\u00e9ments alimentaires pour chevaux est sp\u00e9cialement formul\u00e9e pour permettre de composer une ration adapt\u00e9e \u00e0 votre cheval","og_url":"https:\/\/www.royal-horse.com\/fr\/complements-alimentaires-chevaux\/","og_site_name":"Royal Horse","article_modified_time":"2022-10-05T08:02:02+00:00","twitter_card":"summary_large_image","schema":{"@context":"https:\/\/schema.org","@graph":[{"@type":"WebPage","@id":"https:\/\/www.royal-horse.com\/fr\/complements-alimentaires-chevaux\/","url":"https:\/\/www.royal-horse.com\/fr\/complements-alimentaires-chevaux\/","name":"Compl\u00e9ments alimentaires pour chevaux - Royal Horse","isPartOf":{"@id":"https:\/\/www.royal-horse.com\/fr\/#website"},"datePublished":"2021-10-28T13:28:52+00:00","dateModified":"2022-10-05T08:02:02+00:00","description":"La gamme de compl\u00e9ments alimentaires pour chevaux est sp\u00e9cialement formul\u00e9e pour permettre de composer une ration adapt\u00e9e \u00e0 votre cheval","breadcrumb":{"@id":"https:\/\/www.royal-horse.com\/fr\/complements-alimentaires-chevaux\/#breadcrumb"},"inLanguage":"fr-FR","potentialAction":[{"@type":"ReadAction","target":["https:\/\/www.royal-horse.com\/fr\/complements-alimentaires-chevaux\/"]}]},{"@type":"BreadcrumbList","@id":"https:\/\/www.royal-horse.com\/fr\/complements-alimentaires-chevaux\/#breadcrumb","itemListElement":[{"@type":"ListItem","position":1,"name":"Accueil","item":"https:\/\/www.royal-horse.com\/fr\/"},{"@type":"ListItem","position":2,"name":"Compl\u00e9ments"}]},{"@type":"WebSite","@id":"https:\/\/www.royal-horse.com\/fr\/#website","url":"https:\/\/www.royal-horse.com\/fr\/","name":"Royal Horse","description":"Leader de l&#039;alimentation pour chevaux","publisher":{"@id":"https:\/\/www.royal-horse.com\/fr\/#organization"},"potentialAction":[{"@type":"SearchAction","target":{"@type":"EntryPoint","urlTemplate":"https:\/\/www.royal-horse.com\/fr\/?s={search_term_string}"},"query-input":{"@type":"PropertyValueSpecification","valueRequired":true,"valueName":"search_term_string"}}],"inLanguage":"fr-FR"},{"@type":"Organization","@id":"https:\/\/www.royal-horse.com\/fr\/#organization","name":"Royal Horse","url":"https:\/\/www.royal-horse.com\/fr\/","logo":{"@type":"ImageObject","inLanguage":"fr-FR","@id":"https:\/\/www.royal-horse.com\/fr\/#\/schema\/logo\/image\/","url":"https:\/\/www.royal-horse.com\/wp-content\/uploads\/2021\/10\/Logo-RH.svg","contentUrl":"https:\/\/www.royal-horse.com\/wp-content\/uploads\/2021\/10\/Logo-RH.svg","width":71,"height":140,"caption":"Royal Horse"},"image":{"@id":"https:\/\/www.royal-horse.com\/fr\/#\/schema\/logo\/image\/"}}]}},"_links":{"self":[{"href":"https:\/\/www.royal-horse.com\/fr\/wp-json\/wp\/v2\/pages\/173","targetHints":{"allow":["GET"]}}],"collection":[{"href":"https:\/\/www.royal-horse.com\/fr\/wp-json\/wp\/v2\/pages"}],"about":[{"href":"https:\/\/www.royal-horse.com\/fr\/wp-json\/wp\/v2\/types\/page"}],"author":[{"embeddable":true,"href":"https:\/\/www.royal-horse.com\/fr\/wp-json\/wp\/v2\/users\/13"}],"replies":[{"embeddable":true,"href":"https:\/\/www.royal-horse.com\/fr\/wp-json\/wp\/v2\/comments?post=173"}],"version-history":[{"count":5,"href":"https:\/\/www.royal-horse.com\/fr\/wp-json\/wp\/v2\/pages\/173\/revisions"}],"predecessor-version":[{"id":19383,"href":"https:\/\/www.royal-horse.com\/fr\/wp-json\/wp\/v2\/pages\/173\/revisions\/19383"}],"wp:attachment":[{"href":"https:\/\/www.royal-horse.com\/fr\/wp-json\/wp\/v2\/media?parent=173"}],"curies":[{"name":"wp","href":"https:\/\/api.w.org\/{rel}","templated":true}]}}