{"id":64,"date":"2021-10-28T15:02:30","date_gmt":"2021-10-28T13:02:30","guid":{"rendered":"https:\/\/www.royal-horse.com\/?page_id=64"},"modified":"2023-12-05T12:00:29","modified_gmt":"2023-12-05T11:00:29","slug":"royal-horse-leader-alimentation-pour-chevaux","status":"publish","type":"page","link":"https:\/\/www.royal-horse.com\/fr\/","title":{"rendered":"Accueil"},"content":{"rendered":"","protected":false},"excerpt":{"rendered":"<p> [&#8230;]<\/p>\n<p><a class=\"btn btn-secondary understrap-read-more-link\" href=\"https:\/\/www.royal-horse.com\/fr\/\">Lire la suite\u2026<span class=\"screen-reader-text\"> from Accueil<\/span><\/a><\/p>\n","protected":false},"author":13,"featured_media":0,"parent":0,"menu_order":0,"comment_status":"closed","ping_status":"closed","template":"","meta":{"_acf_changed":false,"_joinchat":[],"footnotes":""},"class_list":["post-64","page","type-page","status-publish","hentry"],"acf":[],"yoast_head":"<!-- This site is optimized with the Yoast SEO plugin v27.3 - https:\/\/yoast.com\/product\/yoast-seo-wordpress\/ -->\n<title>Alimentation pour chevaux &amp; compl\u00e9ments alimentaires - Royal Horse<\/title>\n<meta name=\"description\" content=\"Royal Horse leader du march\u00e9 de l&#039;alimentation pour chevaux &amp; compl\u00e9ments alimentaires depuis 50 ans, vous garantie la meilleure performance pour vos chevaux\" \/>\n<meta name=\"robots\" content=\"index, follow, max-snippet:-1, max-image-preview:large, max-video-preview:-1\" \/>\n<link rel=\"canonical\" href=\"https:\/\/www.royal-horse.com\/fr\/\" \/>\n<meta property=\"og:locale\" content=\"fr_FR\" \/>\n<meta property=\"og:type\" content=\"article\" \/>\n<meta property=\"og:title\" content=\"Alimentation pour chevaux &amp; compl\u00e9ments alimentaires - Royal Horse\" \/>\n<meta property=\"og:description\" content=\"Royal Horse leader du march\u00e9 de l&#039;alimentation pour chevaux &amp; compl\u00e9ments alimentaires depuis 50 ans, vous garantie la meilleure performance pour vos chevaux\" \/>\n<meta property=\"og:url\" content=\"https:\/\/www.royal-horse.com\/fr\/\" \/>\n<meta property=\"og:site_name\" content=\"Royal Horse\" \/>\n<meta property=\"article:modified_time\" content=\"2023-12-05T11:00:29+00:00\" \/>\n<meta name=\"twitter:card\" content=\"summary_large_image\" \/>\n<script type=\"application\/ld+json\" class=\"yoast-schema-graph\">{\"@context\":\"https:\\\/\\\/schema.org\",\"@graph\":[{\"@type\":\"WebPage\",\"@id\":\"https:\\\/\\\/www.royal-horse.com\\\/fr\\\/\",\"url\":\"https:\\\/\\\/www.royal-horse.com\\\/fr\\\/\",\"name\":\"Alimentation pour chevaux & compl\u00e9ments alimentaires - Royal Horse\",\"isPartOf\":{\"@id\":\"https:\\\/\\\/www.royal-horse.com\\\/fr\\\/#website\"},\"datePublished\":\"2021-10-28T13:02:30+00:00\",\"dateModified\":\"2023-12-05T11:00:29+00:00\",\"description\":\"Royal Horse leader du march\u00e9 de l'alimentation pour chevaux & compl\u00e9ments alimentaires depuis 50 ans, vous garantie la meilleure performance pour vos chevaux\",\"breadcrumb\":{\"@id\":\"https:\\\/\\\/www.royal-horse.com\\\/fr\\\/#breadcrumb\"},\"inLanguage\":\"fr-FR\",\"potentialAction\":[{\"@type\":\"ReadAction\",\"target\":[\"https:\\\/\\\/www.royal-horse.com\\\/fr\\\/\"]}]},{\"@type\":\"BreadcrumbList\",\"@id\":\"https:\\\/\\\/www.royal-horse.com\\\/fr\\\/#breadcrumb\",\"itemListElement\":[{\"@type\":\"ListItem\",\"position\":1,\"name\":\"Accueil\",\"item\":\"https:\\\/\\\/www.royal-horse.com\\\/fr\\\/\"},{\"@type\":\"ListItem\",\"position\":2,\"name\":\"Accueil\"}]},{\"@type\":\"WebSite\",\"@id\":\"https:\\\/\\\/www.royal-horse.com\\\/fr\\\/#website\",\"url\":\"https:\\\/\\\/www.royal-horse.com\\\/fr\\\/\",\"name\":\"Royal Horse\",\"description\":\"Leader de l&#039;alimentation pour chevaux\",\"publisher\":{\"@id\":\"https:\\\/\\\/www.royal-horse.com\\\/fr\\\/#organization\"},\"potentialAction\":[{\"@type\":\"SearchAction\",\"target\":{\"@type\":\"EntryPoint\",\"urlTemplate\":\"https:\\\/\\\/www.royal-horse.com\\\/fr\\\/?s={search_term_string}\"},\"query-input\":{\"@type\":\"PropertyValueSpecification\",\"valueRequired\":true,\"valueName\":\"search_term_string\"}}],\"inLanguage\":\"fr-FR\"},{\"@type\":\"Organization\",\"@id\":\"https:\\\/\\\/www.royal-horse.com\\\/fr\\\/#organization\",\"name\":\"Royal Horse\",\"url\":\"https:\\\/\\\/www.royal-horse.com\\\/fr\\\/\",\"logo\":{\"@type\":\"ImageObject\",\"inLanguage\":\"fr-FR\",\"@id\":\"https:\\\/\\\/www.royal-horse.com\\\/fr\\\/#\\\/schema\\\/logo\\\/image\\\/\",\"url\":\"https:\\\/\\\/www.royal-horse.com\\\/wp-content\\\/uploads\\\/2021\\\/10\\\/Logo-RH.svg\",\"contentUrl\":\"https:\\\/\\\/www.royal-horse.com\\\/wp-content\\\/uploads\\\/2021\\\/10\\\/Logo-RH.svg\",\"width\":71,\"height\":140,\"caption\":\"Royal Horse\"},\"image\":{\"@id\":\"https:\\\/\\\/www.royal-horse.com\\\/fr\\\/#\\\/schema\\\/logo\\\/image\\\/\"}}]}<\/script>\n<!-- \/ Yoast SEO plugin. -->","yoast_head_json":{"title":"Alimentation pour chevaux & compl\u00e9ments alimentaires - Royal Horse","description":"Royal Horse leader du march\u00e9 de l'alimentation pour chevaux & compl\u00e9ments alimentaires depuis 50 ans, vous garantie la meilleure performance pour vos chevaux","robots":{"index":"index","follow":"follow","max-snippet":"max-snippet:-1","max-image-preview":"max-image-preview:large","max-video-preview":"max-video-preview:-1"},"canonical":"https:\/\/www.royal-horse.com\/fr\/","og_locale":"fr_FR","og_type":"article","og_title":"Alimentation pour chevaux & compl\u00e9ments alimentaires - Royal Horse","og_description":"Royal Horse leader du march\u00e9 de l'alimentation pour chevaux & compl\u00e9ments alimentaires depuis 50 ans, vous garantie la meilleure performance pour vos chevaux","og_url":"https:\/\/www.royal-horse.com\/fr\/","og_site_name":"Royal Horse","article_modified_time":"2023-12-05T11:00:29+00:00","twitter_card":"summary_large_image","schema":{"@context":"https:\/\/schema.org","@graph":[{"@type":"WebPage","@id":"https:\/\/www.royal-horse.com\/fr\/","url":"https:\/\/www.royal-horse.com\/fr\/","name":"Alimentation pour chevaux & compl\u00e9ments alimentaires - Royal Horse","isPartOf":{"@id":"https:\/\/www.royal-horse.com\/fr\/#website"},"datePublished":"2021-10-28T13:02:30+00:00","dateModified":"2023-12-05T11:00:29+00:00","description":"Royal Horse leader du march\u00e9 de l'alimentation pour chevaux & compl\u00e9ments alimentaires depuis 50 ans, vous garantie la meilleure performance pour vos chevaux","breadcrumb":{"@id":"https:\/\/www.royal-horse.com\/fr\/#breadcrumb"},"inLanguage":"fr-FR","potentialAction":[{"@type":"ReadAction","target":["https:\/\/www.royal-horse.com\/fr\/"]}]},{"@type":"BreadcrumbList","@id":"https:\/\/www.royal-horse.com\/fr\/#breadcrumb","itemListElement":[{"@type":"ListItem","position":1,"name":"Accueil","item":"https:\/\/www.royal-horse.com\/fr\/"},{"@type":"ListItem","position":2,"name":"Accueil"}]},{"@type":"WebSite","@id":"https:\/\/www.royal-horse.com\/fr\/#website","url":"https:\/\/www.royal-horse.com\/fr\/","name":"Royal Horse","description":"Leader de l&#039;alimentation pour chevaux","publisher":{"@id":"https:\/\/www.royal-horse.com\/fr\/#organization"},"potentialAction":[{"@type":"SearchAction","target":{"@type":"EntryPoint","urlTemplate":"https:\/\/www.royal-horse.com\/fr\/?s={search_term_string}"},"query-input":{"@type":"PropertyValueSpecification","valueRequired":true,"valueName":"search_term_string"}}],"inLanguage":"fr-FR"},{"@type":"Organization","@id":"https:\/\/www.royal-horse.com\/fr\/#organization","name":"Royal Horse","url":"https:\/\/www.royal-horse.com\/fr\/","logo":{"@type":"ImageObject","inLanguage":"fr-FR","@id":"https:\/\/www.royal-horse.com\/fr\/#\/schema\/logo\/image\/","url":"https:\/\/www.royal-horse.com\/wp-content\/uploads\/2021\/10\/Logo-RH.svg","contentUrl":"https:\/\/www.royal-horse.com\/wp-content\/uploads\/2021\/10\/Logo-RH.svg","width":71,"height":140,"caption":"Royal Horse"},"image":{"@id":"https:\/\/www.royal-horse.com\/fr\/#\/schema\/logo\/image\/"}}]}},"_links":{"self":[{"href":"https:\/\/www.royal-horse.com\/fr\/wp-json\/wp\/v2\/pages\/64","targetHints":{"allow":["GET"]}}],"collection":[{"href":"https:\/\/www.royal-horse.com\/fr\/wp-json\/wp\/v2\/pages"}],"about":[{"href":"https:\/\/www.royal-horse.com\/fr\/wp-json\/wp\/v2\/types\/page"}],"author":[{"embeddable":true,"href":"https:\/\/www.royal-horse.com\/fr\/wp-json\/wp\/v2\/users\/13"}],"replies":[{"embeddable":true,"href":"https:\/\/www.royal-horse.com\/fr\/wp-json\/wp\/v2\/comments?post=64"}],"version-history":[{"count":5,"href":"https:\/\/www.royal-horse.com\/fr\/wp-json\/wp\/v2\/pages\/64\/revisions"}],"predecessor-version":[{"id":27508,"href":"https:\/\/www.royal-horse.com\/fr\/wp-json\/wp\/v2\/pages\/64\/revisions\/27508"}],"wp:attachment":[{"href":"https:\/\/www.royal-horse.com\/fr\/wp-json\/wp\/v2\/media?parent=64"}],"curies":[{"name":"wp","href":"https:\/\/api.w.org\/{rel}","templated":true}]}}