{"id":31589,"date":"2022-04-06T13:10:24","date_gmt":"2022-04-06T11:10:24","guid":{"rendered":"https:\/\/www.royal-horse.com\/?post_type=product&#038;p=31589"},"modified":"2023-11-28T22:00:54","modified_gmt":"2023-11-28T21:00:54","slug":"c-150-aliment-complementaire-de-ration-chevaux","status":"publish","type":"product","link":"https:\/\/www.royal-horse.com\/fr\/produit\/c-150-aliment-complementaire-de-ration-chevaux\/","title":{"rendered":"C-150 : Aliment compl\u00e9mentaire de ration Apport de Fibres Longues"},"content":{"rendered":"","protected":false},"excerpt":{"rendered":"<p>Favorise une\u00a0<strong>bonne hygi\u00e8ne digestive<\/strong> [&#8230;]<\/p>\n<p><a class=\"btn btn-secondary understrap-read-more-link\" href=\"https:\/\/www.royal-horse.com\/fr\/produit\/c-150-aliment-complementaire-de-ration-chevaux\/\">Lire la suite\u2026<span class=\"screen-reader-text\"> from C-150 : Aliment compl\u00e9mentaire de ration Apport de Fibres Longues<\/span><\/a><\/p>\n","protected":false},"featured_media":31858,"comment_status":"closed","ping_status":"closed","template":"","meta":{"_acf_changed":false,"_joinchat":[]},"dispo_ecurie":[],"activite_cheval":[],"type_aliment":[139],"product_brand":[],"product_cat":[80],"product_tag":[],"class_list":{"0":"post-31589","1":"product","2":"type-product","3":"status-publish","4":"has-post-thumbnail","6":"type_aliment-complementaire-de-cereales","7":"product_cat-complements","9":"first","10":"instock","11":"shipping-taxable","12":"product-type-simple"},"acf":[],"yoast_head":"<!-- This site is optimized with the Yoast SEO plugin v27.5 - https:\/\/yoast.com\/product\/yoast-seo-wordpress\/ -->\n<title>C-150 : Aliment compl\u00e9mentaire de ration chevaux - Royal Horse<\/title>\n<meta name=\"description\" content=\"Le C-150 est con\u00e7u pour venir compl\u00e9menter en fibres longues les rations de tous types de chevaux et poneys pour favoriser une\u00a0bonne hygi\u00e8ne digestive.\" \/>\n<meta name=\"robots\" content=\"index, follow, max-snippet:-1, max-image-preview:large, max-video-preview:-1\" \/>\n<link rel=\"canonical\" href=\"https:\/\/www.royal-horse.com\/fr\/produit\/c-150-aliment-complementaire-de-ration-chevaux\/\" \/>\n<meta property=\"og:locale\" content=\"fr_FR\" \/>\n<meta property=\"og:type\" content=\"article\" \/>\n<meta property=\"og:title\" content=\"C-150 : Aliment compl\u00e9mentaire de ration chevaux - Royal Horse\" \/>\n<meta property=\"og:description\" content=\"Le C-150 est con\u00e7u pour venir compl\u00e9menter en fibres longues les rations de tous types de chevaux et poneys pour favoriser une\u00a0bonne hygi\u00e8ne digestive.\" \/>\n<meta property=\"og:url\" content=\"https:\/\/www.royal-horse.com\/fr\/produit\/c-150-aliment-complementaire-de-ration-chevaux\/\" \/>\n<meta property=\"og:site_name\" content=\"Royal Horse\" \/>\n<meta property=\"article:modified_time\" content=\"2023-11-28T21:00:54+00:00\" \/>\n<meta property=\"og:image\" content=\"http:\/\/www.royal-horse.com\/wp-content\/uploads\/2023\/11\/C_150_new.png\" \/>\n\t<meta property=\"og:image:width\" content=\"410\" \/>\n\t<meta property=\"og:image:height\" content=\"676\" \/>\n\t<meta property=\"og:image:type\" content=\"image\/png\" \/>\n<meta name=\"twitter:card\" content=\"summary_large_image\" \/>\n<script type=\"application\/ld+json\" class=\"yoast-schema-graph\">{\"@context\":\"https:\\\/\\\/schema.org\",\"@graph\":[{\"@type\":\"WebPage\",\"@id\":\"https:\\\/\\\/www.royal-horse.com\\\/fr\\\/produit\\\/c-150-aliment-complementaire-de-ration-chevaux\\\/\",\"url\":\"https:\\\/\\\/www.royal-horse.com\\\/fr\\\/produit\\\/c-150-aliment-complementaire-de-ration-chevaux\\\/\",\"name\":\"C-150 : Aliment compl\u00e9mentaire de ration chevaux - Royal Horse\",\"isPartOf\":{\"@id\":\"https:\\\/\\\/www.royal-horse.com\\\/fr\\\/#website\"},\"primaryImageOfPage\":{\"@id\":\"https:\\\/\\\/www.royal-horse.com\\\/fr\\\/produit\\\/c-150-aliment-complementaire-de-ration-chevaux\\\/#primaryimage\"},\"image\":{\"@id\":\"https:\\\/\\\/www.royal-horse.com\\\/fr\\\/produit\\\/c-150-aliment-complementaire-de-ration-chevaux\\\/#primaryimage\"},\"thumbnailUrl\":\"https:\\\/\\\/www.royal-horse.com\\\/wp-content\\\/uploads\\\/2023\\\/11\\\/C_150_new.png\",\"datePublished\":\"2022-04-06T11:10:24+00:00\",\"dateModified\":\"2023-11-28T21:00:54+00:00\",\"description\":\"Le C-150 est con\u00e7u pour venir compl\u00e9menter en fibres longues les rations de tous types de chevaux et poneys pour favoriser une\u00a0bonne hygi\u00e8ne digestive.\",\"breadcrumb\":{\"@id\":\"https:\\\/\\\/www.royal-horse.com\\\/fr\\\/produit\\\/c-150-aliment-complementaire-de-ration-chevaux\\\/#breadcrumb\"},\"inLanguage\":\"fr-FR\",\"potentialAction\":[{\"@type\":\"ReadAction\",\"target\":[\"https:\\\/\\\/www.royal-horse.com\\\/fr\\\/produit\\\/c-150-aliment-complementaire-de-ration-chevaux\\\/\"]}]},{\"@type\":\"ImageObject\",\"inLanguage\":\"fr-FR\",\"@id\":\"https:\\\/\\\/www.royal-horse.com\\\/fr\\\/produit\\\/c-150-aliment-complementaire-de-ration-chevaux\\\/#primaryimage\",\"url\":\"https:\\\/\\\/www.royal-horse.com\\\/wp-content\\\/uploads\\\/2023\\\/11\\\/C_150_new.png\",\"contentUrl\":\"https:\\\/\\\/www.royal-horse.com\\\/wp-content\\\/uploads\\\/2023\\\/11\\\/C_150_new.png\",\"width\":410,\"height\":676,\"caption\":\"C_150\"},{\"@type\":\"BreadcrumbList\",\"@id\":\"https:\\\/\\\/www.royal-horse.com\\\/fr\\\/produit\\\/c-150-aliment-complementaire-de-ration-chevaux\\\/#breadcrumb\",\"itemListElement\":[{\"@type\":\"ListItem\",\"position\":1,\"name\":\"Accueil\",\"item\":\"https:\\\/\\\/www.royal-horse.com\\\/fr\\\/\"},{\"@type\":\"ListItem\",\"position\":2,\"name\":\"Aliments\",\"item\":\"https:\\\/\\\/www.royal-horse.com\\\/fr\\\/aliments-cheval\\\/\"},{\"@type\":\"ListItem\",\"position\":3,\"name\":\"C-150 : Aliment compl\u00e9mentaire de ration Apport de Fibres Longues\"}]},{\"@type\":\"WebSite\",\"@id\":\"https:\\\/\\\/www.royal-horse.com\\\/fr\\\/#website\",\"url\":\"https:\\\/\\\/www.royal-horse.com\\\/fr\\\/\",\"name\":\"Royal Horse\",\"description\":\"Leader de l&#039;alimentation pour chevaux\",\"publisher\":{\"@id\":\"https:\\\/\\\/www.royal-horse.com\\\/fr\\\/#organization\"},\"potentialAction\":[{\"@type\":\"SearchAction\",\"target\":{\"@type\":\"EntryPoint\",\"urlTemplate\":\"https:\\\/\\\/www.royal-horse.com\\\/fr\\\/?s={search_term_string}\"},\"query-input\":{\"@type\":\"PropertyValueSpecification\",\"valueRequired\":true,\"valueName\":\"search_term_string\"}}],\"inLanguage\":\"fr-FR\"},{\"@type\":\"Organization\",\"@id\":\"https:\\\/\\\/www.royal-horse.com\\\/fr\\\/#organization\",\"name\":\"Royal Horse\",\"url\":\"https:\\\/\\\/www.royal-horse.com\\\/fr\\\/\",\"logo\":{\"@type\":\"ImageObject\",\"inLanguage\":\"fr-FR\",\"@id\":\"https:\\\/\\\/www.royal-horse.com\\\/fr\\\/#\\\/schema\\\/logo\\\/image\\\/\",\"url\":\"https:\\\/\\\/www.royal-horse.com\\\/wp-content\\\/uploads\\\/2021\\\/10\\\/Logo-RH.svg\",\"contentUrl\":\"https:\\\/\\\/www.royal-horse.com\\\/wp-content\\\/uploads\\\/2021\\\/10\\\/Logo-RH.svg\",\"width\":71,\"height\":140,\"caption\":\"Royal Horse\"},\"image\":{\"@id\":\"https:\\\/\\\/www.royal-horse.com\\\/fr\\\/#\\\/schema\\\/logo\\\/image\\\/\"}}]}<\/script>\n<!-- \/ Yoast SEO plugin. -->","yoast_head_json":{"title":"C-150 : Aliment compl\u00e9mentaire de ration chevaux - Royal Horse","description":"Le C-150 est con\u00e7u pour venir compl\u00e9menter en fibres longues les rations de tous types de chevaux et poneys pour favoriser une\u00a0bonne hygi\u00e8ne digestive.","robots":{"index":"index","follow":"follow","max-snippet":"max-snippet:-1","max-image-preview":"max-image-preview:large","max-video-preview":"max-video-preview:-1"},"canonical":"https:\/\/www.royal-horse.com\/fr\/produit\/c-150-aliment-complementaire-de-ration-chevaux\/","og_locale":"fr_FR","og_type":"article","og_title":"C-150 : Aliment compl\u00e9mentaire de ration chevaux - Royal Horse","og_description":"Le C-150 est con\u00e7u pour venir compl\u00e9menter en fibres longues les rations de tous types de chevaux et poneys pour favoriser une\u00a0bonne hygi\u00e8ne digestive.","og_url":"https:\/\/www.royal-horse.com\/fr\/produit\/c-150-aliment-complementaire-de-ration-chevaux\/","og_site_name":"Royal Horse","article_modified_time":"2023-11-28T21:00:54+00:00","og_image":[{"width":410,"height":676,"url":"http:\/\/www.royal-horse.com\/wp-content\/uploads\/2023\/11\/C_150_new.png","type":"image\/png"}],"twitter_card":"summary_large_image","schema":{"@context":"https:\/\/schema.org","@graph":[{"@type":"WebPage","@id":"https:\/\/www.royal-horse.com\/fr\/produit\/c-150-aliment-complementaire-de-ration-chevaux\/","url":"https:\/\/www.royal-horse.com\/fr\/produit\/c-150-aliment-complementaire-de-ration-chevaux\/","name":"C-150 : Aliment compl\u00e9mentaire de ration chevaux - Royal Horse","isPartOf":{"@id":"https:\/\/www.royal-horse.com\/fr\/#website"},"primaryImageOfPage":{"@id":"https:\/\/www.royal-horse.com\/fr\/produit\/c-150-aliment-complementaire-de-ration-chevaux\/#primaryimage"},"image":{"@id":"https:\/\/www.royal-horse.com\/fr\/produit\/c-150-aliment-complementaire-de-ration-chevaux\/#primaryimage"},"thumbnailUrl":"https:\/\/www.royal-horse.com\/wp-content\/uploads\/2023\/11\/C_150_new.png","datePublished":"2022-04-06T11:10:24+00:00","dateModified":"2023-11-28T21:00:54+00:00","description":"Le C-150 est con\u00e7u pour venir compl\u00e9menter en fibres longues les rations de tous types de chevaux et poneys pour favoriser une\u00a0bonne hygi\u00e8ne digestive.","breadcrumb":{"@id":"https:\/\/www.royal-horse.com\/fr\/produit\/c-150-aliment-complementaire-de-ration-chevaux\/#breadcrumb"},"inLanguage":"fr-FR","potentialAction":[{"@type":"ReadAction","target":["https:\/\/www.royal-horse.com\/fr\/produit\/c-150-aliment-complementaire-de-ration-chevaux\/"]}]},{"@type":"ImageObject","inLanguage":"fr-FR","@id":"https:\/\/www.royal-horse.com\/fr\/produit\/c-150-aliment-complementaire-de-ration-chevaux\/#primaryimage","url":"https:\/\/www.royal-horse.com\/wp-content\/uploads\/2023\/11\/C_150_new.png","contentUrl":"https:\/\/www.royal-horse.com\/wp-content\/uploads\/2023\/11\/C_150_new.png","width":410,"height":676,"caption":"C_150"},{"@type":"BreadcrumbList","@id":"https:\/\/www.royal-horse.com\/fr\/produit\/c-150-aliment-complementaire-de-ration-chevaux\/#breadcrumb","itemListElement":[{"@type":"ListItem","position":1,"name":"Accueil","item":"https:\/\/www.royal-horse.com\/fr\/"},{"@type":"ListItem","position":2,"name":"Aliments","item":"https:\/\/www.royal-horse.com\/fr\/aliments-cheval\/"},{"@type":"ListItem","position":3,"name":"C-150 : Aliment compl\u00e9mentaire de ration Apport de Fibres Longues"}]},{"@type":"WebSite","@id":"https:\/\/www.royal-horse.com\/fr\/#website","url":"https:\/\/www.royal-horse.com\/fr\/","name":"Royal Horse","description":"Leader de l&#039;alimentation pour chevaux","publisher":{"@id":"https:\/\/www.royal-horse.com\/fr\/#organization"},"potentialAction":[{"@type":"SearchAction","target":{"@type":"EntryPoint","urlTemplate":"https:\/\/www.royal-horse.com\/fr\/?s={search_term_string}"},"query-input":{"@type":"PropertyValueSpecification","valueRequired":true,"valueName":"search_term_string"}}],"inLanguage":"fr-FR"},{"@type":"Organization","@id":"https:\/\/www.royal-horse.com\/fr\/#organization","name":"Royal Horse","url":"https:\/\/www.royal-horse.com\/fr\/","logo":{"@type":"ImageObject","inLanguage":"fr-FR","@id":"https:\/\/www.royal-horse.com\/fr\/#\/schema\/logo\/image\/","url":"https:\/\/www.royal-horse.com\/wp-content\/uploads\/2021\/10\/Logo-RH.svg","contentUrl":"https:\/\/www.royal-horse.com\/wp-content\/uploads\/2021\/10\/Logo-RH.svg","width":71,"height":140,"caption":"Royal Horse"},"image":{"@id":"https:\/\/www.royal-horse.com\/fr\/#\/schema\/logo\/image\/"}}]}},"_links":{"self":[{"href":"https:\/\/www.royal-horse.com\/fr\/wp-json\/wp\/v2\/product\/31589","targetHints":{"allow":["GET"]}}],"collection":[{"href":"https:\/\/www.royal-horse.com\/fr\/wp-json\/wp\/v2\/product"}],"about":[{"href":"https:\/\/www.royal-horse.com\/fr\/wp-json\/wp\/v2\/types\/product"}],"replies":[{"embeddable":true,"href":"https:\/\/www.royal-horse.com\/fr\/wp-json\/wp\/v2\/comments?post=31589"}],"wp:featuredmedia":[{"embeddable":true,"href":"https:\/\/www.royal-horse.com\/fr\/wp-json\/wp\/v2\/media\/31858"}],"wp:attachment":[{"href":"https:\/\/www.royal-horse.com\/fr\/wp-json\/wp\/v2\/media?parent=31589"}],"wp:term":[{"taxonomy":"dispo_ecurie","embeddable":true,"href":"https:\/\/www.royal-horse.com\/fr\/wp-json\/wp\/v2\/dispo_ecurie?post=31589"},{"taxonomy":"activite_cheval","embeddable":true,"href":"https:\/\/www.royal-horse.com\/fr\/wp-json\/wp\/v2\/activite_cheval?post=31589"},{"taxonomy":"type_aliment","embeddable":true,"href":"https:\/\/www.royal-horse.com\/fr\/wp-json\/wp\/v2\/type_aliment?post=31589"},{"taxonomy":"product_brand","embeddable":true,"href":"https:\/\/www.royal-horse.com\/fr\/wp-json\/wp\/v2\/product_brand?post=31589"},{"taxonomy":"product_cat","embeddable":true,"href":"https:\/\/www.royal-horse.com\/fr\/wp-json\/wp\/v2\/product_cat?post=31589"},{"taxonomy":"product_tag","embeddable":true,"href":"https:\/\/www.royal-horse.com\/fr\/wp-json\/wp\/v2\/product_tag?post=31589"}],"curies":[{"name":"wp","href":"https:\/\/api.w.org\/{rel}","templated":true}]}}