{"id":37746,"date":"2026-05-04T16:44:48","date_gmt":"2026-05-04T14:44:48","guid":{"rendered":"https:\/\/www.royal-horse.com\/?post_type=product&#038;p=37746"},"modified":"2026-05-04T16:57:06","modified_gmt":"2026-05-04T14:57:06","slug":"performer-race-r-400-aliment-granule-pour-chevaux-course","status":"publish","type":"product","link":"https:\/\/www.royal-horse.com\/fr\/produit\/performer-race-r-400-aliment-granule-pour-chevaux-course\/","title":{"rendered":"R 400 &#8211; PERFORMER RACE"},"content":{"rendered":"<div class=\"ewa-rteLine\"><strong>L\u2019ALIMENT POUR CHEVAUX DE COURSE R-400 PERFORMER RACE EST CON\u00c7U POUR : <\/strong><\/div>\n<div class=\"ewa-rteLine\">Les chevaux de course ayant une activit\u00e9 intense.<\/div>\n<div><\/div>\n<div class=\"ewa-rteLine\"><strong>QUAND UTILISER CET ALIMENT ? : <\/strong><\/div>\n<div class=\"ewa-rteLine\">Aliment granul\u00e9 pour nourrir votre cheval de course : du trotteur et du galopeur au pr\u00e9-entra\u00eenement, entra\u00eenement et course<\/div>\n<div><\/div>\n<div class=\"ewa-rteLine\"><strong>BENEFICES <\/strong><\/div>\n<div class=\"ewa-rteLine\">&#8211; Energie optimale pour des efforts tr\u00e8s intenses.<\/div>\n<div class=\"ewa-rteLine\">&#8211; Stabilise la flore intestinale<\/div>\n<div class=\"ewa-rteLine\">&#8211; Efforts et r\u00e9cup\u00e9ration optimis\u00e9s<\/div>\n<div class=\"ewa-rteLine\"><\/div>\n<div class=\"ewa-rteLine\">L\u2019aliment R-400 est un aliment granul\u00e9, compl\u00e9mentaire de fourrages, suppl\u00e9ment\u00e9 en L-Carnitine, AO Elite et oligo-\u00e9l\u00e9ments ch\u00e9lat\u00e9s pour prot\u00e9ger les muscles en optimisant la r\u00e9cup\u00e9ration<\/div>\n","protected":false},"excerpt":{"rendered":"<div class=\"ewa-rteLine\"><strong>L\u2019ALIMENT POUR CHEVAUX DE COURSE R-400 PERFORMER RACE EST CON\u00c7U POUR : <\/strong><\/div>\n<div class=\"ewa-rteLine\">Les chevaux de course ayant une activit\u00e9 intense.<\/div>\n<div><\/div>\n<div class=\"ewa-rteLine\"><strong>QUAND UTILISER CET ALIMENT ? : <\/strong><\/div>\n<div class=\"ewa-rteLine\">Aliment granul\u00e9 pour nourrir votre cheval de course : du trotteur et du galopeur au pr\u00e9-entra\u00eenement, entra\u00eenement et course<\/div>\n<div><\/div>\n<div class=\"ewa-rteLine\"><strong>BENEFICES <\/strong><\/div>\n<div class=\"ewa-rteLine\">&#8211; Energie optimale pour des efforts tr\u00e8s intenses.<\/div>\n<div class=\"ewa-rteLine\">&#8211; Stabilise la flore intestinale<\/div>\n<div class=\"ewa-rteLine\">&#8211; Efforts et r\u00e9cup\u00e9ration optimis\u00e9s<\/div>\n<div class=\"ewa-rteLine\"><\/div>\n<div class=\"ewa-rteLine\">L\u2019aliment R-400 est un aliment granul\u00e9, compl\u00e9mentaire de fourrages, suppl\u00e9ment\u00e9 en L-Carnitine, AO Elite et oligo-\u00e9l\u00e9ments ch\u00e9lat\u00e9s pour prot\u00e9ger les muscles en optimisant la r\u00e9cup\u00e9ration<\/div>\n<p> [&#8230;]<\/p>\n<p><a class=\"btn btn-secondary understrap-read-more-link\" href=\"https:\/\/www.royal-horse.com\/fr\/produit\/performer-race-r-400-aliment-granule-pour-chevaux-course\/\">Lire la suite\u2026<span class=\"screen-reader-text\"> from R 400 &#8211; PERFORMER RACE<\/span><\/a><\/p>\n","protected":false},"featured_media":37748,"comment_status":"closed","ping_status":"closed","template":"","meta":{"_acf_changed":false,"_joinchat":[]},"dispo_ecurie":[],"activite_cheval":[78],"type_aliment":[87],"product_brand":[],"product_cat":[125],"product_tag":[],"class_list":{"0":"post-37746","1":"product","2":"type-product","3":"status-publish","4":"has-post-thumbnail","6":"activite_cheval-travail-quotidien-1h-jour-intense-et-soutenu","7":"type_aliment-granule","8":"product_cat-course","10":"first","11":"instock","12":"shipping-taxable","13":"product-type-simple"},"acf":[],"yoast_head":"<!-- This site is optimized with the Yoast SEO plugin v27.5 - https:\/\/yoast.com\/product\/yoast-seo-wordpress\/ -->\n<title>R 400 - PERFORMER RACE - Royal Horse<\/title>\n<meta name=\"description\" content=\"Aliment granul\u00e9 compl\u00e9mentaire de fourrages pour chevaux de course ayant une activit\u00e9 intensive.\" \/>\n<meta name=\"robots\" content=\"index, follow, max-snippet:-1, max-image-preview:large, max-video-preview:-1\" \/>\n<link rel=\"canonical\" href=\"https:\/\/www.royal-horse.com\/fr\/produit\/performer-race-r-400-aliment-granule-pour-chevaux-course\/\" \/>\n<meta property=\"og:locale\" content=\"fr_FR\" \/>\n<meta property=\"og:type\" content=\"article\" \/>\n<meta property=\"og:title\" content=\"R 400 - PERFORMER RACE - Royal Horse\" \/>\n<meta property=\"og:description\" content=\"Aliment granul\u00e9 compl\u00e9mentaire de fourrages pour chevaux de course ayant une activit\u00e9 intensive.\" \/>\n<meta property=\"og:url\" content=\"https:\/\/www.royal-horse.com\/fr\/produit\/performer-race-r-400-aliment-granule-pour-chevaux-course\/\" \/>\n<meta property=\"og:site_name\" content=\"Royal Horse\" \/>\n<meta property=\"article:modified_time\" content=\"2026-05-04T14:57:06+00:00\" \/>\n<meta property=\"og:image\" content=\"https:\/\/www.royal-horse.com\/wp-content\/uploads\/2026\/05\/R400.png\" \/>\n\t<meta property=\"og:image:width\" content=\"2068\" \/>\n\t<meta property=\"og:image:height\" content=\"2560\" \/>\n\t<meta property=\"og:image:type\" content=\"image\/png\" \/>\n<meta name=\"twitter:card\" content=\"summary_large_image\" \/>\n<meta name=\"twitter:label1\" content=\"Dur\u00e9e de lecture estim\u00e9e\" \/>\n\t<meta name=\"twitter:data1\" content=\"1 minute\" \/>\n<script type=\"application\/ld+json\" class=\"yoast-schema-graph\">{\"@context\":\"https:\\\/\\\/schema.org\",\"@graph\":[{\"@type\":\"WebPage\",\"@id\":\"https:\\\/\\\/www.royal-horse.com\\\/fr\\\/produit\\\/performer-race-r-400-aliment-granule-pour-chevaux-course\\\/\",\"url\":\"https:\\\/\\\/www.royal-horse.com\\\/fr\\\/produit\\\/performer-race-r-400-aliment-granule-pour-chevaux-course\\\/\",\"name\":\"R 400 - PERFORMER RACE - Royal Horse\",\"isPartOf\":{\"@id\":\"https:\\\/\\\/www.royal-horse.com\\\/fr\\\/#website\"},\"primaryImageOfPage\":{\"@id\":\"https:\\\/\\\/www.royal-horse.com\\\/fr\\\/produit\\\/performer-race-r-400-aliment-granule-pour-chevaux-course\\\/#primaryimage\"},\"image\":{\"@id\":\"https:\\\/\\\/www.royal-horse.com\\\/fr\\\/produit\\\/performer-race-r-400-aliment-granule-pour-chevaux-course\\\/#primaryimage\"},\"thumbnailUrl\":\"https:\\\/\\\/www.royal-horse.com\\\/wp-content\\\/uploads\\\/2026\\\/05\\\/R400.png\",\"datePublished\":\"2026-05-04T14:44:48+00:00\",\"dateModified\":\"2026-05-04T14:57:06+00:00\",\"description\":\"Aliment granul\u00e9 compl\u00e9mentaire de fourrages pour chevaux de course ayant une activit\u00e9 intensive.\",\"breadcrumb\":{\"@id\":\"https:\\\/\\\/www.royal-horse.com\\\/fr\\\/produit\\\/performer-race-r-400-aliment-granule-pour-chevaux-course\\\/#breadcrumb\"},\"inLanguage\":\"fr-FR\",\"potentialAction\":[{\"@type\":\"ReadAction\",\"target\":[\"https:\\\/\\\/www.royal-horse.com\\\/fr\\\/produit\\\/performer-race-r-400-aliment-granule-pour-chevaux-course\\\/\"]}]},{\"@type\":\"ImageObject\",\"inLanguage\":\"fr-FR\",\"@id\":\"https:\\\/\\\/www.royal-horse.com\\\/fr\\\/produit\\\/performer-race-r-400-aliment-granule-pour-chevaux-course\\\/#primaryimage\",\"url\":\"https:\\\/\\\/www.royal-horse.com\\\/wp-content\\\/uploads\\\/2026\\\/05\\\/R400.png\",\"contentUrl\":\"https:\\\/\\\/www.royal-horse.com\\\/wp-content\\\/uploads\\\/2026\\\/05\\\/R400.png\",\"width\":2068,\"height\":2560},{\"@type\":\"BreadcrumbList\",\"@id\":\"https:\\\/\\\/www.royal-horse.com\\\/fr\\\/produit\\\/performer-race-r-400-aliment-granule-pour-chevaux-course\\\/#breadcrumb\",\"itemListElement\":[{\"@type\":\"ListItem\",\"position\":1,\"name\":\"Accueil\",\"item\":\"https:\\\/\\\/www.royal-horse.com\\\/fr\\\/\"},{\"@type\":\"ListItem\",\"position\":2,\"name\":\"Aliments\",\"item\":\"https:\\\/\\\/www.royal-horse.com\\\/fr\\\/aliments-cheval\\\/\"},{\"@type\":\"ListItem\",\"position\":3,\"name\":\"R 400 &#8211; PERFORMER RACE\"}]},{\"@type\":\"WebSite\",\"@id\":\"https:\\\/\\\/www.royal-horse.com\\\/fr\\\/#website\",\"url\":\"https:\\\/\\\/www.royal-horse.com\\\/fr\\\/\",\"name\":\"Royal Horse\",\"description\":\"Leader de l&#039;alimentation pour chevaux\",\"publisher\":{\"@id\":\"https:\\\/\\\/www.royal-horse.com\\\/fr\\\/#organization\"},\"potentialAction\":[{\"@type\":\"SearchAction\",\"target\":{\"@type\":\"EntryPoint\",\"urlTemplate\":\"https:\\\/\\\/www.royal-horse.com\\\/fr\\\/?s={search_term_string}\"},\"query-input\":{\"@type\":\"PropertyValueSpecification\",\"valueRequired\":true,\"valueName\":\"search_term_string\"}}],\"inLanguage\":\"fr-FR\"},{\"@type\":\"Organization\",\"@id\":\"https:\\\/\\\/www.royal-horse.com\\\/fr\\\/#organization\",\"name\":\"Royal Horse\",\"url\":\"https:\\\/\\\/www.royal-horse.com\\\/fr\\\/\",\"logo\":{\"@type\":\"ImageObject\",\"inLanguage\":\"fr-FR\",\"@id\":\"https:\\\/\\\/www.royal-horse.com\\\/fr\\\/#\\\/schema\\\/logo\\\/image\\\/\",\"url\":\"https:\\\/\\\/www.royal-horse.com\\\/wp-content\\\/uploads\\\/2021\\\/10\\\/Logo-RH.svg\",\"contentUrl\":\"https:\\\/\\\/www.royal-horse.com\\\/wp-content\\\/uploads\\\/2021\\\/10\\\/Logo-RH.svg\",\"width\":71,\"height\":140,\"caption\":\"Royal Horse\"},\"image\":{\"@id\":\"https:\\\/\\\/www.royal-horse.com\\\/fr\\\/#\\\/schema\\\/logo\\\/image\\\/\"}}]}<\/script>\n<!-- \/ Yoast SEO plugin. -->","yoast_head_json":{"title":"R 400 - PERFORMER RACE - Royal Horse","description":"Aliment granul\u00e9 compl\u00e9mentaire de fourrages pour chevaux de course ayant une activit\u00e9 intensive.","robots":{"index":"index","follow":"follow","max-snippet":"max-snippet:-1","max-image-preview":"max-image-preview:large","max-video-preview":"max-video-preview:-1"},"canonical":"https:\/\/www.royal-horse.com\/fr\/produit\/performer-race-r-400-aliment-granule-pour-chevaux-course\/","og_locale":"fr_FR","og_type":"article","og_title":"R 400 - PERFORMER RACE - Royal Horse","og_description":"Aliment granul\u00e9 compl\u00e9mentaire de fourrages pour chevaux de course ayant une activit\u00e9 intensive.","og_url":"https:\/\/www.royal-horse.com\/fr\/produit\/performer-race-r-400-aliment-granule-pour-chevaux-course\/","og_site_name":"Royal Horse","article_modified_time":"2026-05-04T14:57:06+00:00","og_image":[{"width":2068,"height":2560,"url":"https:\/\/www.royal-horse.com\/wp-content\/uploads\/2026\/05\/R400.png","type":"image\/png"}],"twitter_card":"summary_large_image","twitter_misc":{"Dur\u00e9e de lecture estim\u00e9e":"1 minute"},"schema":{"@context":"https:\/\/schema.org","@graph":[{"@type":"WebPage","@id":"https:\/\/www.royal-horse.com\/fr\/produit\/performer-race-r-400-aliment-granule-pour-chevaux-course\/","url":"https:\/\/www.royal-horse.com\/fr\/produit\/performer-race-r-400-aliment-granule-pour-chevaux-course\/","name":"R 400 - PERFORMER RACE - Royal Horse","isPartOf":{"@id":"https:\/\/www.royal-horse.com\/fr\/#website"},"primaryImageOfPage":{"@id":"https:\/\/www.royal-horse.com\/fr\/produit\/performer-race-r-400-aliment-granule-pour-chevaux-course\/#primaryimage"},"image":{"@id":"https:\/\/www.royal-horse.com\/fr\/produit\/performer-race-r-400-aliment-granule-pour-chevaux-course\/#primaryimage"},"thumbnailUrl":"https:\/\/www.royal-horse.com\/wp-content\/uploads\/2026\/05\/R400.png","datePublished":"2026-05-04T14:44:48+00:00","dateModified":"2026-05-04T14:57:06+00:00","description":"Aliment granul\u00e9 compl\u00e9mentaire de fourrages pour chevaux de course ayant une activit\u00e9 intensive.","breadcrumb":{"@id":"https:\/\/www.royal-horse.com\/fr\/produit\/performer-race-r-400-aliment-granule-pour-chevaux-course\/#breadcrumb"},"inLanguage":"fr-FR","potentialAction":[{"@type":"ReadAction","target":["https:\/\/www.royal-horse.com\/fr\/produit\/performer-race-r-400-aliment-granule-pour-chevaux-course\/"]}]},{"@type":"ImageObject","inLanguage":"fr-FR","@id":"https:\/\/www.royal-horse.com\/fr\/produit\/performer-race-r-400-aliment-granule-pour-chevaux-course\/#primaryimage","url":"https:\/\/www.royal-horse.com\/wp-content\/uploads\/2026\/05\/R400.png","contentUrl":"https:\/\/www.royal-horse.com\/wp-content\/uploads\/2026\/05\/R400.png","width":2068,"height":2560},{"@type":"BreadcrumbList","@id":"https:\/\/www.royal-horse.com\/fr\/produit\/performer-race-r-400-aliment-granule-pour-chevaux-course\/#breadcrumb","itemListElement":[{"@type":"ListItem","position":1,"name":"Accueil","item":"https:\/\/www.royal-horse.com\/fr\/"},{"@type":"ListItem","position":2,"name":"Aliments","item":"https:\/\/www.royal-horse.com\/fr\/aliments-cheval\/"},{"@type":"ListItem","position":3,"name":"R 400 &#8211; PERFORMER RACE"}]},{"@type":"WebSite","@id":"https:\/\/www.royal-horse.com\/fr\/#website","url":"https:\/\/www.royal-horse.com\/fr\/","name":"Royal Horse","description":"Leader de l&#039;alimentation pour chevaux","publisher":{"@id":"https:\/\/www.royal-horse.com\/fr\/#organization"},"potentialAction":[{"@type":"SearchAction","target":{"@type":"EntryPoint","urlTemplate":"https:\/\/www.royal-horse.com\/fr\/?s={search_term_string}"},"query-input":{"@type":"PropertyValueSpecification","valueRequired":true,"valueName":"search_term_string"}}],"inLanguage":"fr-FR"},{"@type":"Organization","@id":"https:\/\/www.royal-horse.com\/fr\/#organization","name":"Royal Horse","url":"https:\/\/www.royal-horse.com\/fr\/","logo":{"@type":"ImageObject","inLanguage":"fr-FR","@id":"https:\/\/www.royal-horse.com\/fr\/#\/schema\/logo\/image\/","url":"https:\/\/www.royal-horse.com\/wp-content\/uploads\/2021\/10\/Logo-RH.svg","contentUrl":"https:\/\/www.royal-horse.com\/wp-content\/uploads\/2021\/10\/Logo-RH.svg","width":71,"height":140,"caption":"Royal Horse"},"image":{"@id":"https:\/\/www.royal-horse.com\/fr\/#\/schema\/logo\/image\/"}}]}},"_links":{"self":[{"href":"https:\/\/www.royal-horse.com\/fr\/wp-json\/wp\/v2\/product\/37746","targetHints":{"allow":["GET"]}}],"collection":[{"href":"https:\/\/www.royal-horse.com\/fr\/wp-json\/wp\/v2\/product"}],"about":[{"href":"https:\/\/www.royal-horse.com\/fr\/wp-json\/wp\/v2\/types\/product"}],"replies":[{"embeddable":true,"href":"https:\/\/www.royal-horse.com\/fr\/wp-json\/wp\/v2\/comments?post=37746"}],"wp:featuredmedia":[{"embeddable":true,"href":"https:\/\/www.royal-horse.com\/fr\/wp-json\/wp\/v2\/media\/37748"}],"wp:attachment":[{"href":"https:\/\/www.royal-horse.com\/fr\/wp-json\/wp\/v2\/media?parent=37746"}],"wp:term":[{"taxonomy":"dispo_ecurie","embeddable":true,"href":"https:\/\/www.royal-horse.com\/fr\/wp-json\/wp\/v2\/dispo_ecurie?post=37746"},{"taxonomy":"activite_cheval","embeddable":true,"href":"https:\/\/www.royal-horse.com\/fr\/wp-json\/wp\/v2\/activite_cheval?post=37746"},{"taxonomy":"type_aliment","embeddable":true,"href":"https:\/\/www.royal-horse.com\/fr\/wp-json\/wp\/v2\/type_aliment?post=37746"},{"taxonomy":"product_brand","embeddable":true,"href":"https:\/\/www.royal-horse.com\/fr\/wp-json\/wp\/v2\/product_brand?post=37746"},{"taxonomy":"product_cat","embeddable":true,"href":"https:\/\/www.royal-horse.com\/fr\/wp-json\/wp\/v2\/product_cat?post=37746"},{"taxonomy":"product_tag","embeddable":true,"href":"https:\/\/www.royal-horse.com\/fr\/wp-json\/wp\/v2\/product_tag?post=37746"}],"curies":[{"name":"wp","href":"https:\/\/api.w.org\/{rel}","templated":true}]}}