{"id":37757,"date":"2026-05-06T14:29:45","date_gmt":"2026-05-06T12:29:45","guid":{"rendered":"https:\/\/www.royal-horse.com\/?post_type=product&#038;p=37757"},"modified":"2026-05-06T16:22:46","modified_gmt":"2026-05-06T14:22:46","slug":"r-550-performer-race-aliment-floconne-pour-chevaux-coursee","status":"publish","type":"product","link":"https:\/\/www.royal-horse.com\/fr\/produit\/r-550-performer-race-aliment-floconne-pour-chevaux-coursee\/","title":{"rendered":"R 550 &#8211; FLOC BALANCER"},"content":{"rendered":"<div class=\"ewa-rteLine\"><strong>L\u2019ALIMENT POUR CHEVAUX DE COURSE R 550 &#8211; FLOC BALANCER EST CON\u00c7U POUR :<\/strong><\/div>\n<div class=\"ewa-rteLine\">Les chevaux de course ayant une activit\u00e9 soutenue \u00e0 intense.<\/div>\n<div><\/div>\n<div class=\"ewa-rteLine\"><strong>QUAND UTILISER CET ALIMENT ?\u00a0<\/strong><\/div>\n<div class=\"ewa-rteLine\">Pour nourrir votre cheval de course : du trotteur et du galopeur au pr\u00e9-entra\u00eenement, entra\u00eenement et course.<\/div>\n<div><\/div>\n<div class=\"ewa-rteLine\"><strong>BENEFICES<\/strong><\/div>\n<div class=\"ewa-rteLine\">&#8211; Compl\u00e8te la ration pour des efforts intenses<\/div>\n<div class=\"ewa-rteLine\">&#8211; Stabilise la flore intestinale<\/div>\n<div class=\"ewa-rteLine\">&#8211; Efforts et r\u00e9cup\u00e9ration optimis\u00e9s<\/div>\n<div class=\"ewa-rteLine\"><\/div>\n<div class=\"ewa-rteLine\">L\u2019aliment <strong>R-550 est un aliment floconn\u00e9, compl\u00e9mentaire de fourrages<\/strong>, supplement\u00e9 en GWB et levures vivantes pour le confort digestif et en L-Carnitine, AO Elite et oligo-\u00e9l\u00e9ments ch\u00e9lat\u00e9s pour prot\u00e9ger les muscles en optimisant la r\u00e9cup\u00e9ration<\/div>\n","protected":false},"excerpt":{"rendered":"<p>L\u2019ALIMENT POUR CHEVAUX DE COURSE R 550 &#8211; FLOC BALANCER EST CON\u00c7U POUR : Les chevaux de course ayant une activit\u00e9 soutenue \u00e0 intense. QUAND UTILISER CET ALIMENT ?\u00a0 Pour nourrir votre cheval de course : du trotteur et du galopeur au pr\u00e9-entra\u00eenement, entra\u00eenement et course. BENEFICES &#8211; Compl\u00e8te la ration pour des efforts intenses [&#8230;]<\/p>\n<p><a class=\"btn btn-secondary understrap-read-more-link\" href=\"https:\/\/www.royal-horse.com\/fr\/produit\/r-550-performer-race-aliment-floconne-pour-chevaux-coursee\/\">Lire la suite\u2026<span class=\"screen-reader-text\"> from R 550 &#8211; FLOC BALANCER<\/span><\/a><\/p>\n","protected":false},"featured_media":37758,"comment_status":"closed","ping_status":"closed","template":"","meta":{"_acf_changed":false,"_joinchat":[]},"dispo_ecurie":[],"activite_cheval":[78],"type_aliment":[86],"product_brand":[],"product_cat":[125],"product_tag":[],"class_list":{"0":"post-37757","1":"product","2":"type-product","3":"status-publish","4":"has-post-thumbnail","6":"activite_cheval-travail-quotidien-1h-jour-intense-et-soutenu","7":"type_aliment-floconne","8":"product_cat-course","10":"first","11":"instock","12":"shipping-taxable","13":"product-type-simple"},"acf":[],"yoast_head":"<!-- This site is optimized with the Yoast SEO plugin v27.5 - https:\/\/yoast.com\/product\/yoast-seo-wordpress\/ -->\n<title>R 550 - FLOC BALANCER - Royal Horse<\/title>\n<meta name=\"description\" content=\"Aliment floconn\u00e9 compl\u00e9mentaire de ration et de fourrages pour chevaux de course ayant une activit\u00e9 soutenue \u00e0 intensive.\" \/>\n<meta name=\"robots\" content=\"index, follow, max-snippet:-1, max-image-preview:large, max-video-preview:-1\" \/>\n<link rel=\"canonical\" href=\"https:\/\/www.royal-horse.com\/fr\/produit\/r-550-performer-race-aliment-floconne-pour-chevaux-coursee\/\" \/>\n<meta property=\"og:locale\" content=\"fr_FR\" \/>\n<meta property=\"og:type\" content=\"article\" \/>\n<meta property=\"og:title\" content=\"R 550 - FLOC BALANCER - Royal Horse\" \/>\n<meta property=\"og:description\" content=\"Aliment floconn\u00e9 compl\u00e9mentaire de ration et de fourrages pour chevaux de course ayant une activit\u00e9 soutenue \u00e0 intensive.\" \/>\n<meta property=\"og:url\" content=\"https:\/\/www.royal-horse.com\/fr\/produit\/r-550-performer-race-aliment-floconne-pour-chevaux-coursee\/\" \/>\n<meta property=\"og:site_name\" content=\"Royal Horse\" \/>\n<meta property=\"article:modified_time\" content=\"2026-05-06T14:22:46+00:00\" \/>\n<meta property=\"og:image\" content=\"https:\/\/www.royal-horse.com\/wp-content\/uploads\/2026\/05\/R550-827x1024.png\" \/>\n\t<meta property=\"og:image:width\" content=\"827\" \/>\n\t<meta property=\"og:image:height\" content=\"1024\" \/>\n\t<meta property=\"og:image:type\" content=\"image\/png\" \/>\n<meta name=\"twitter:card\" content=\"summary_large_image\" \/>\n<meta name=\"twitter:label1\" content=\"Dur\u00e9e de lecture estim\u00e9e\" \/>\n\t<meta name=\"twitter:data1\" content=\"1 minute\" \/>\n<script type=\"application\/ld+json\" class=\"yoast-schema-graph\">{\"@context\":\"https:\\\/\\\/schema.org\",\"@graph\":[{\"@type\":\"WebPage\",\"@id\":\"https:\\\/\\\/www.royal-horse.com\\\/fr\\\/produit\\\/r-550-performer-race-aliment-floconne-pour-chevaux-coursee\\\/\",\"url\":\"https:\\\/\\\/www.royal-horse.com\\\/fr\\\/produit\\\/r-550-performer-race-aliment-floconne-pour-chevaux-coursee\\\/\",\"name\":\"R 550 - FLOC BALANCER - Royal Horse\",\"isPartOf\":{\"@id\":\"https:\\\/\\\/www.royal-horse.com\\\/fr\\\/#website\"},\"primaryImageOfPage\":{\"@id\":\"https:\\\/\\\/www.royal-horse.com\\\/fr\\\/produit\\\/r-550-performer-race-aliment-floconne-pour-chevaux-coursee\\\/#primaryimage\"},\"image\":{\"@id\":\"https:\\\/\\\/www.royal-horse.com\\\/fr\\\/produit\\\/r-550-performer-race-aliment-floconne-pour-chevaux-coursee\\\/#primaryimage\"},\"thumbnailUrl\":\"https:\\\/\\\/www.royal-horse.com\\\/wp-content\\\/uploads\\\/2026\\\/05\\\/R550.png\",\"datePublished\":\"2026-05-06T12:29:45+00:00\",\"dateModified\":\"2026-05-06T14:22:46+00:00\",\"description\":\"Aliment floconn\u00e9 compl\u00e9mentaire de ration et de fourrages pour chevaux de course ayant une activit\u00e9 soutenue \u00e0 intensive.\",\"breadcrumb\":{\"@id\":\"https:\\\/\\\/www.royal-horse.com\\\/fr\\\/produit\\\/r-550-performer-race-aliment-floconne-pour-chevaux-coursee\\\/#breadcrumb\"},\"inLanguage\":\"fr-FR\",\"potentialAction\":[{\"@type\":\"ReadAction\",\"target\":[\"https:\\\/\\\/www.royal-horse.com\\\/fr\\\/produit\\\/r-550-performer-race-aliment-floconne-pour-chevaux-coursee\\\/\"]}]},{\"@type\":\"ImageObject\",\"inLanguage\":\"fr-FR\",\"@id\":\"https:\\\/\\\/www.royal-horse.com\\\/fr\\\/produit\\\/r-550-performer-race-aliment-floconne-pour-chevaux-coursee\\\/#primaryimage\",\"url\":\"https:\\\/\\\/www.royal-horse.com\\\/wp-content\\\/uploads\\\/2026\\\/05\\\/R550.png\",\"contentUrl\":\"https:\\\/\\\/www.royal-horse.com\\\/wp-content\\\/uploads\\\/2026\\\/05\\\/R550.png\",\"width\":2068,\"height\":2560},{\"@type\":\"BreadcrumbList\",\"@id\":\"https:\\\/\\\/www.royal-horse.com\\\/fr\\\/produit\\\/r-550-performer-race-aliment-floconne-pour-chevaux-coursee\\\/#breadcrumb\",\"itemListElement\":[{\"@type\":\"ListItem\",\"position\":1,\"name\":\"Accueil\",\"item\":\"https:\\\/\\\/www.royal-horse.com\\\/fr\\\/\"},{\"@type\":\"ListItem\",\"position\":2,\"name\":\"Aliments\",\"item\":\"https:\\\/\\\/www.royal-horse.com\\\/fr\\\/aliments-cheval\\\/\"},{\"@type\":\"ListItem\",\"position\":3,\"name\":\"R 550 &#8211; FLOC BALANCER\"}]},{\"@type\":\"WebSite\",\"@id\":\"https:\\\/\\\/www.royal-horse.com\\\/fr\\\/#website\",\"url\":\"https:\\\/\\\/www.royal-horse.com\\\/fr\\\/\",\"name\":\"Royal Horse\",\"description\":\"Leader de l&#039;alimentation pour chevaux\",\"publisher\":{\"@id\":\"https:\\\/\\\/www.royal-horse.com\\\/fr\\\/#organization\"},\"potentialAction\":[{\"@type\":\"SearchAction\",\"target\":{\"@type\":\"EntryPoint\",\"urlTemplate\":\"https:\\\/\\\/www.royal-horse.com\\\/fr\\\/?s={search_term_string}\"},\"query-input\":{\"@type\":\"PropertyValueSpecification\",\"valueRequired\":true,\"valueName\":\"search_term_string\"}}],\"inLanguage\":\"fr-FR\"},{\"@type\":\"Organization\",\"@id\":\"https:\\\/\\\/www.royal-horse.com\\\/fr\\\/#organization\",\"name\":\"Royal Horse\",\"url\":\"https:\\\/\\\/www.royal-horse.com\\\/fr\\\/\",\"logo\":{\"@type\":\"ImageObject\",\"inLanguage\":\"fr-FR\",\"@id\":\"https:\\\/\\\/www.royal-horse.com\\\/fr\\\/#\\\/schema\\\/logo\\\/image\\\/\",\"url\":\"https:\\\/\\\/www.royal-horse.com\\\/wp-content\\\/uploads\\\/2021\\\/10\\\/Logo-RH.svg\",\"contentUrl\":\"https:\\\/\\\/www.royal-horse.com\\\/wp-content\\\/uploads\\\/2021\\\/10\\\/Logo-RH.svg\",\"width\":71,\"height\":140,\"caption\":\"Royal Horse\"},\"image\":{\"@id\":\"https:\\\/\\\/www.royal-horse.com\\\/fr\\\/#\\\/schema\\\/logo\\\/image\\\/\"}}]}<\/script>\n<!-- \/ Yoast SEO plugin. -->","yoast_head_json":{"title":"R 550 - FLOC BALANCER - Royal Horse","description":"Aliment floconn\u00e9 compl\u00e9mentaire de ration et de fourrages pour chevaux de course ayant une activit\u00e9 soutenue \u00e0 intensive.","robots":{"index":"index","follow":"follow","max-snippet":"max-snippet:-1","max-image-preview":"max-image-preview:large","max-video-preview":"max-video-preview:-1"},"canonical":"https:\/\/www.royal-horse.com\/fr\/produit\/r-550-performer-race-aliment-floconne-pour-chevaux-coursee\/","og_locale":"fr_FR","og_type":"article","og_title":"R 550 - FLOC BALANCER - Royal Horse","og_description":"Aliment floconn\u00e9 compl\u00e9mentaire de ration et de fourrages pour chevaux de course ayant une activit\u00e9 soutenue \u00e0 intensive.","og_url":"https:\/\/www.royal-horse.com\/fr\/produit\/r-550-performer-race-aliment-floconne-pour-chevaux-coursee\/","og_site_name":"Royal Horse","article_modified_time":"2026-05-06T14:22:46+00:00","og_image":[{"width":827,"height":1024,"url":"https:\/\/www.royal-horse.com\/wp-content\/uploads\/2026\/05\/R550-827x1024.png","type":"image\/png"}],"twitter_card":"summary_large_image","twitter_misc":{"Dur\u00e9e de lecture estim\u00e9e":"1 minute"},"schema":{"@context":"https:\/\/schema.org","@graph":[{"@type":"WebPage","@id":"https:\/\/www.royal-horse.com\/fr\/produit\/r-550-performer-race-aliment-floconne-pour-chevaux-coursee\/","url":"https:\/\/www.royal-horse.com\/fr\/produit\/r-550-performer-race-aliment-floconne-pour-chevaux-coursee\/","name":"R 550 - FLOC BALANCER - Royal Horse","isPartOf":{"@id":"https:\/\/www.royal-horse.com\/fr\/#website"},"primaryImageOfPage":{"@id":"https:\/\/www.royal-horse.com\/fr\/produit\/r-550-performer-race-aliment-floconne-pour-chevaux-coursee\/#primaryimage"},"image":{"@id":"https:\/\/www.royal-horse.com\/fr\/produit\/r-550-performer-race-aliment-floconne-pour-chevaux-coursee\/#primaryimage"},"thumbnailUrl":"https:\/\/www.royal-horse.com\/wp-content\/uploads\/2026\/05\/R550.png","datePublished":"2026-05-06T12:29:45+00:00","dateModified":"2026-05-06T14:22:46+00:00","description":"Aliment floconn\u00e9 compl\u00e9mentaire de ration et de fourrages pour chevaux de course ayant une activit\u00e9 soutenue \u00e0 intensive.","breadcrumb":{"@id":"https:\/\/www.royal-horse.com\/fr\/produit\/r-550-performer-race-aliment-floconne-pour-chevaux-coursee\/#breadcrumb"},"inLanguage":"fr-FR","potentialAction":[{"@type":"ReadAction","target":["https:\/\/www.royal-horse.com\/fr\/produit\/r-550-performer-race-aliment-floconne-pour-chevaux-coursee\/"]}]},{"@type":"ImageObject","inLanguage":"fr-FR","@id":"https:\/\/www.royal-horse.com\/fr\/produit\/r-550-performer-race-aliment-floconne-pour-chevaux-coursee\/#primaryimage","url":"https:\/\/www.royal-horse.com\/wp-content\/uploads\/2026\/05\/R550.png","contentUrl":"https:\/\/www.royal-horse.com\/wp-content\/uploads\/2026\/05\/R550.png","width":2068,"height":2560},{"@type":"BreadcrumbList","@id":"https:\/\/www.royal-horse.com\/fr\/produit\/r-550-performer-race-aliment-floconne-pour-chevaux-coursee\/#breadcrumb","itemListElement":[{"@type":"ListItem","position":1,"name":"Accueil","item":"https:\/\/www.royal-horse.com\/fr\/"},{"@type":"ListItem","position":2,"name":"Aliments","item":"https:\/\/www.royal-horse.com\/fr\/aliments-cheval\/"},{"@type":"ListItem","position":3,"name":"R 550 &#8211; FLOC BALANCER"}]},{"@type":"WebSite","@id":"https:\/\/www.royal-horse.com\/fr\/#website","url":"https:\/\/www.royal-horse.com\/fr\/","name":"Royal Horse","description":"Leader de l&#039;alimentation pour chevaux","publisher":{"@id":"https:\/\/www.royal-horse.com\/fr\/#organization"},"potentialAction":[{"@type":"SearchAction","target":{"@type":"EntryPoint","urlTemplate":"https:\/\/www.royal-horse.com\/fr\/?s={search_term_string}"},"query-input":{"@type":"PropertyValueSpecification","valueRequired":true,"valueName":"search_term_string"}}],"inLanguage":"fr-FR"},{"@type":"Organization","@id":"https:\/\/www.royal-horse.com\/fr\/#organization","name":"Royal Horse","url":"https:\/\/www.royal-horse.com\/fr\/","logo":{"@type":"ImageObject","inLanguage":"fr-FR","@id":"https:\/\/www.royal-horse.com\/fr\/#\/schema\/logo\/image\/","url":"https:\/\/www.royal-horse.com\/wp-content\/uploads\/2021\/10\/Logo-RH.svg","contentUrl":"https:\/\/www.royal-horse.com\/wp-content\/uploads\/2021\/10\/Logo-RH.svg","width":71,"height":140,"caption":"Royal Horse"},"image":{"@id":"https:\/\/www.royal-horse.com\/fr\/#\/schema\/logo\/image\/"}}]}},"_links":{"self":[{"href":"https:\/\/www.royal-horse.com\/fr\/wp-json\/wp\/v2\/product\/37757","targetHints":{"allow":["GET"]}}],"collection":[{"href":"https:\/\/www.royal-horse.com\/fr\/wp-json\/wp\/v2\/product"}],"about":[{"href":"https:\/\/www.royal-horse.com\/fr\/wp-json\/wp\/v2\/types\/product"}],"replies":[{"embeddable":true,"href":"https:\/\/www.royal-horse.com\/fr\/wp-json\/wp\/v2\/comments?post=37757"}],"wp:featuredmedia":[{"embeddable":true,"href":"https:\/\/www.royal-horse.com\/fr\/wp-json\/wp\/v2\/media\/37758"}],"wp:attachment":[{"href":"https:\/\/www.royal-horse.com\/fr\/wp-json\/wp\/v2\/media?parent=37757"}],"wp:term":[{"taxonomy":"dispo_ecurie","embeddable":true,"href":"https:\/\/www.royal-horse.com\/fr\/wp-json\/wp\/v2\/dispo_ecurie?post=37757"},{"taxonomy":"activite_cheval","embeddable":true,"href":"https:\/\/www.royal-horse.com\/fr\/wp-json\/wp\/v2\/activite_cheval?post=37757"},{"taxonomy":"type_aliment","embeddable":true,"href":"https:\/\/www.royal-horse.com\/fr\/wp-json\/wp\/v2\/type_aliment?post=37757"},{"taxonomy":"product_brand","embeddable":true,"href":"https:\/\/www.royal-horse.com\/fr\/wp-json\/wp\/v2\/product_brand?post=37757"},{"taxonomy":"product_cat","embeddable":true,"href":"https:\/\/www.royal-horse.com\/fr\/wp-json\/wp\/v2\/product_cat?post=37757"},{"taxonomy":"product_tag","embeddable":true,"href":"https:\/\/www.royal-horse.com\/fr\/wp-json\/wp\/v2\/product_tag?post=37757"}],"curies":[{"name":"wp","href":"https:\/\/api.w.org\/{rel}","templated":true}]}}