{"id":37769,"date":"2026-05-06T15:04:23","date_gmt":"2026-05-06T13:04:23","guid":{"rendered":"https:\/\/www.royal-horse.com\/?post_type=product&#038;p=37769"},"modified":"2026-05-06T16:25:38","modified_gmt":"2026-05-06T14:25:38","slug":"b-300-14-elevage-aliment-gros-bouchons","status":"publish","type":"product","link":"https:\/\/www.royal-horse.com\/fr\/produit\/b-300-14-elevage-aliment-gros-bouchons\/","title":{"rendered":"B 300 &#8211; 14 ELEVAGE"},"content":{"rendered":"<div class=\"ewa-rteLine\"><strong>L\u2019ALIMENT POUR CHEVAUX DE COURSE B 300 &#8211; 14 ELEVAGE EST CON\u00c7U POUR :<\/strong><\/div>\n<div class=\"ewa-rteLine\">Les poulini\u00e8res pleines et suit\u00e9es, les poulains et jeunes en croissance et les \u00e9talons.<\/div>\n<div><\/div>\n<div class=\"ewa-rteLine\"><strong>QUAND UTILISER CET ALIMENT ?\u00a0<\/strong><\/div>\n<div class=\"ewa-rteLine\">Aliment gros bouchon pour r\u00e9pondre aux besoins de votre cheval en :<\/div>\n<div class=\"ewa-rteLine\">&#8211; s\u00e9curit\u00e9 digestive et \u00e9nergie<\/div>\n<div class=\"ewa-rteLine\">&#8211; croissance, lactation et fertilit\u00e9<\/div>\n<div class=\"ewa-rteLine\">&#8211; immunit\u00e9 et d\u00e9veloppement ost\u00e9o-articulaire<\/div>\n<div><\/div>\n<div class=\"ewa-rteLine\"><strong>BENEFICES<\/strong><\/div>\n<div class=\"ewa-rteLine\">&#8211; Soutien la croissance et la production laiti\u00e8re<\/div>\n<div class=\"ewa-rteLine\">&#8211; Le L-carnitine pour le d\u00e9veloppement du poulain<\/div>\n<div class=\"ewa-rteLine\">&#8211; D\u00e9veloppement ost\u00e9o-articulaire s\u00e9curis\u00e9<\/div>\n<div><\/div>\n<div class=\"ewa-rteLine\">L\u2019aliment <strong>B 300 &#8211; 14 ELEVAGE est un aliment gros bouchon, compl\u00e9mentaire de fourrages<\/strong>, suppl\u00e9ment\u00e9 en L-carnitine favorisant la croissance du poulain et la fertilit\u00e9<\/div>\n","protected":false},"excerpt":{"rendered":"<p>L\u2019ALIMENT POUR CHEVAUX DE COURSE B 300 &#8211; 14 ELEVAGE EST CON\u00c7U POUR : Les poulini\u00e8res pleines et suit\u00e9es, les poulains et jeunes en croissance et les \u00e9talons. QUAND UTILISER CET ALIMENT ?\u00a0 Aliment gros bouchon pour r\u00e9pondre aux besoins de votre cheval en : &#8211; s\u00e9curit\u00e9 digestive et \u00e9nergie &#8211; croissance, lactation et fertilit\u00e9 [&#8230;]<\/p>\n<p><a class=\"btn btn-secondary understrap-read-more-link\" href=\"https:\/\/www.royal-horse.com\/fr\/produit\/b-300-14-elevage-aliment-gros-bouchons\/\">Lire la suite\u2026<span class=\"screen-reader-text\"> from B 300 &#8211; 14 ELEVAGE<\/span><\/a><\/p>\n","protected":false},"featured_media":37771,"comment_status":"closed","ping_status":"closed","template":"","meta":{"_acf_changed":false,"_joinchat":[]},"dispo_ecurie":[],"activite_cheval":[73,74],"type_aliment":[],"product_brand":[],"product_cat":[125],"product_tag":[],"class_list":{"0":"post-37769","1":"product","2":"type-product","3":"status-publish","4":"has-post-thumbnail","6":"activite_cheval-poulain","7":"activite_cheval-pouliniere","8":"product_cat-course","10":"first","11":"instock","12":"shipping-taxable","13":"product-type-simple"},"acf":[],"yoast_head":"<!-- This site is optimized with the Yoast SEO plugin v27.5 - https:\/\/yoast.com\/product\/yoast-seo-wordpress\/ -->\n<title>B 300 - 14 ELEVAGE - Royal Horse<\/title>\n<meta name=\"description\" content=\"Aliment gros bouchon compl\u00e9mentaire de fourrages destin\u00e9 aux poulini\u00e8res pleines et suit\u00e9es, aux poulains, aux jeunes en croissance ainsi qu\u2019aux \u00e9talons\" \/>\n<meta name=\"robots\" content=\"index, follow, max-snippet:-1, max-image-preview:large, max-video-preview:-1\" \/>\n<link rel=\"canonical\" href=\"https:\/\/www.royal-horse.com\/fr\/produit\/b-300-14-elevage-aliment-gros-bouchons\/\" \/>\n<meta property=\"og:locale\" content=\"fr_FR\" \/>\n<meta property=\"og:type\" content=\"article\" \/>\n<meta property=\"og:title\" content=\"B 300 - 14 ELEVAGE - Royal Horse\" \/>\n<meta property=\"og:description\" content=\"Aliment gros bouchon compl\u00e9mentaire de fourrages destin\u00e9 aux poulini\u00e8res pleines et suit\u00e9es, aux poulains, aux jeunes en croissance ainsi qu\u2019aux \u00e9talons\" \/>\n<meta property=\"og:url\" content=\"https:\/\/www.royal-horse.com\/fr\/produit\/b-300-14-elevage-aliment-gros-bouchons\/\" \/>\n<meta property=\"og:site_name\" content=\"Royal Horse\" \/>\n<meta property=\"article:modified_time\" content=\"2026-05-06T14:25:38+00:00\" \/>\n<meta property=\"og:image\" content=\"https:\/\/www.royal-horse.com\/wp-content\/uploads\/2026\/05\/B300-827x1024.png\" \/>\n\t<meta property=\"og:image:width\" content=\"827\" \/>\n\t<meta property=\"og:image:height\" content=\"1024\" \/>\n\t<meta property=\"og:image:type\" content=\"image\/png\" \/>\n<meta name=\"twitter:card\" content=\"summary_large_image\" \/>\n<meta name=\"twitter:label1\" content=\"Dur\u00e9e de lecture estim\u00e9e\" \/>\n\t<meta name=\"twitter:data1\" content=\"1 minute\" \/>\n<script type=\"application\/ld+json\" class=\"yoast-schema-graph\">{\"@context\":\"https:\\\/\\\/schema.org\",\"@graph\":[{\"@type\":\"WebPage\",\"@id\":\"https:\\\/\\\/www.royal-horse.com\\\/fr\\\/produit\\\/b-300-14-elevage-aliment-gros-bouchons\\\/\",\"url\":\"https:\\\/\\\/www.royal-horse.com\\\/fr\\\/produit\\\/b-300-14-elevage-aliment-gros-bouchons\\\/\",\"name\":\"B 300 - 14 ELEVAGE - Royal Horse\",\"isPartOf\":{\"@id\":\"https:\\\/\\\/www.royal-horse.com\\\/fr\\\/#website\"},\"primaryImageOfPage\":{\"@id\":\"https:\\\/\\\/www.royal-horse.com\\\/fr\\\/produit\\\/b-300-14-elevage-aliment-gros-bouchons\\\/#primaryimage\"},\"image\":{\"@id\":\"https:\\\/\\\/www.royal-horse.com\\\/fr\\\/produit\\\/b-300-14-elevage-aliment-gros-bouchons\\\/#primaryimage\"},\"thumbnailUrl\":\"https:\\\/\\\/www.royal-horse.com\\\/wp-content\\\/uploads\\\/2026\\\/05\\\/B300.png\",\"datePublished\":\"2026-05-06T13:04:23+00:00\",\"dateModified\":\"2026-05-06T14:25:38+00:00\",\"description\":\"Aliment gros bouchon compl\u00e9mentaire de fourrages destin\u00e9 aux poulini\u00e8res pleines et suit\u00e9es, aux poulains, aux jeunes en croissance ainsi qu\u2019aux \u00e9talons\",\"breadcrumb\":{\"@id\":\"https:\\\/\\\/www.royal-horse.com\\\/fr\\\/produit\\\/b-300-14-elevage-aliment-gros-bouchons\\\/#breadcrumb\"},\"inLanguage\":\"fr-FR\",\"potentialAction\":[{\"@type\":\"ReadAction\",\"target\":[\"https:\\\/\\\/www.royal-horse.com\\\/fr\\\/produit\\\/b-300-14-elevage-aliment-gros-bouchons\\\/\"]}]},{\"@type\":\"ImageObject\",\"inLanguage\":\"fr-FR\",\"@id\":\"https:\\\/\\\/www.royal-horse.com\\\/fr\\\/produit\\\/b-300-14-elevage-aliment-gros-bouchons\\\/#primaryimage\",\"url\":\"https:\\\/\\\/www.royal-horse.com\\\/wp-content\\\/uploads\\\/2026\\\/05\\\/B300.png\",\"contentUrl\":\"https:\\\/\\\/www.royal-horse.com\\\/wp-content\\\/uploads\\\/2026\\\/05\\\/B300.png\",\"width\":2068,\"height\":2560},{\"@type\":\"BreadcrumbList\",\"@id\":\"https:\\\/\\\/www.royal-horse.com\\\/fr\\\/produit\\\/b-300-14-elevage-aliment-gros-bouchons\\\/#breadcrumb\",\"itemListElement\":[{\"@type\":\"ListItem\",\"position\":1,\"name\":\"Accueil\",\"item\":\"https:\\\/\\\/www.royal-horse.com\\\/fr\\\/\"},{\"@type\":\"ListItem\",\"position\":2,\"name\":\"Aliments\",\"item\":\"https:\\\/\\\/www.royal-horse.com\\\/fr\\\/aliments-cheval\\\/\"},{\"@type\":\"ListItem\",\"position\":3,\"name\":\"B 300 &#8211; 14 ELEVAGE\"}]},{\"@type\":\"WebSite\",\"@id\":\"https:\\\/\\\/www.royal-horse.com\\\/fr\\\/#website\",\"url\":\"https:\\\/\\\/www.royal-horse.com\\\/fr\\\/\",\"name\":\"Royal Horse\",\"description\":\"Leader de l&#039;alimentation pour chevaux\",\"publisher\":{\"@id\":\"https:\\\/\\\/www.royal-horse.com\\\/fr\\\/#organization\"},\"potentialAction\":[{\"@type\":\"SearchAction\",\"target\":{\"@type\":\"EntryPoint\",\"urlTemplate\":\"https:\\\/\\\/www.royal-horse.com\\\/fr\\\/?s={search_term_string}\"},\"query-input\":{\"@type\":\"PropertyValueSpecification\",\"valueRequired\":true,\"valueName\":\"search_term_string\"}}],\"inLanguage\":\"fr-FR\"},{\"@type\":\"Organization\",\"@id\":\"https:\\\/\\\/www.royal-horse.com\\\/fr\\\/#organization\",\"name\":\"Royal Horse\",\"url\":\"https:\\\/\\\/www.royal-horse.com\\\/fr\\\/\",\"logo\":{\"@type\":\"ImageObject\",\"inLanguage\":\"fr-FR\",\"@id\":\"https:\\\/\\\/www.royal-horse.com\\\/fr\\\/#\\\/schema\\\/logo\\\/image\\\/\",\"url\":\"https:\\\/\\\/www.royal-horse.com\\\/wp-content\\\/uploads\\\/2021\\\/10\\\/Logo-RH.svg\",\"contentUrl\":\"https:\\\/\\\/www.royal-horse.com\\\/wp-content\\\/uploads\\\/2021\\\/10\\\/Logo-RH.svg\",\"width\":71,\"height\":140,\"caption\":\"Royal Horse\"},\"image\":{\"@id\":\"https:\\\/\\\/www.royal-horse.com\\\/fr\\\/#\\\/schema\\\/logo\\\/image\\\/\"}}]}<\/script>\n<!-- \/ Yoast SEO plugin. -->","yoast_head_json":{"title":"B 300 - 14 ELEVAGE - Royal Horse","description":"Aliment gros bouchon compl\u00e9mentaire de fourrages destin\u00e9 aux poulini\u00e8res pleines et suit\u00e9es, aux poulains, aux jeunes en croissance ainsi qu\u2019aux \u00e9talons","robots":{"index":"index","follow":"follow","max-snippet":"max-snippet:-1","max-image-preview":"max-image-preview:large","max-video-preview":"max-video-preview:-1"},"canonical":"https:\/\/www.royal-horse.com\/fr\/produit\/b-300-14-elevage-aliment-gros-bouchons\/","og_locale":"fr_FR","og_type":"article","og_title":"B 300 - 14 ELEVAGE - Royal Horse","og_description":"Aliment gros bouchon compl\u00e9mentaire de fourrages destin\u00e9 aux poulini\u00e8res pleines et suit\u00e9es, aux poulains, aux jeunes en croissance ainsi qu\u2019aux \u00e9talons","og_url":"https:\/\/www.royal-horse.com\/fr\/produit\/b-300-14-elevage-aliment-gros-bouchons\/","og_site_name":"Royal Horse","article_modified_time":"2026-05-06T14:25:38+00:00","og_image":[{"width":827,"height":1024,"url":"https:\/\/www.royal-horse.com\/wp-content\/uploads\/2026\/05\/B300-827x1024.png","type":"image\/png"}],"twitter_card":"summary_large_image","twitter_misc":{"Dur\u00e9e de lecture estim\u00e9e":"1 minute"},"schema":{"@context":"https:\/\/schema.org","@graph":[{"@type":"WebPage","@id":"https:\/\/www.royal-horse.com\/fr\/produit\/b-300-14-elevage-aliment-gros-bouchons\/","url":"https:\/\/www.royal-horse.com\/fr\/produit\/b-300-14-elevage-aliment-gros-bouchons\/","name":"B 300 - 14 ELEVAGE - Royal Horse","isPartOf":{"@id":"https:\/\/www.royal-horse.com\/fr\/#website"},"primaryImageOfPage":{"@id":"https:\/\/www.royal-horse.com\/fr\/produit\/b-300-14-elevage-aliment-gros-bouchons\/#primaryimage"},"image":{"@id":"https:\/\/www.royal-horse.com\/fr\/produit\/b-300-14-elevage-aliment-gros-bouchons\/#primaryimage"},"thumbnailUrl":"https:\/\/www.royal-horse.com\/wp-content\/uploads\/2026\/05\/B300.png","datePublished":"2026-05-06T13:04:23+00:00","dateModified":"2026-05-06T14:25:38+00:00","description":"Aliment gros bouchon compl\u00e9mentaire de fourrages destin\u00e9 aux poulini\u00e8res pleines et suit\u00e9es, aux poulains, aux jeunes en croissance ainsi qu\u2019aux \u00e9talons","breadcrumb":{"@id":"https:\/\/www.royal-horse.com\/fr\/produit\/b-300-14-elevage-aliment-gros-bouchons\/#breadcrumb"},"inLanguage":"fr-FR","potentialAction":[{"@type":"ReadAction","target":["https:\/\/www.royal-horse.com\/fr\/produit\/b-300-14-elevage-aliment-gros-bouchons\/"]}]},{"@type":"ImageObject","inLanguage":"fr-FR","@id":"https:\/\/www.royal-horse.com\/fr\/produit\/b-300-14-elevage-aliment-gros-bouchons\/#primaryimage","url":"https:\/\/www.royal-horse.com\/wp-content\/uploads\/2026\/05\/B300.png","contentUrl":"https:\/\/www.royal-horse.com\/wp-content\/uploads\/2026\/05\/B300.png","width":2068,"height":2560},{"@type":"BreadcrumbList","@id":"https:\/\/www.royal-horse.com\/fr\/produit\/b-300-14-elevage-aliment-gros-bouchons\/#breadcrumb","itemListElement":[{"@type":"ListItem","position":1,"name":"Accueil","item":"https:\/\/www.royal-horse.com\/fr\/"},{"@type":"ListItem","position":2,"name":"Aliments","item":"https:\/\/www.royal-horse.com\/fr\/aliments-cheval\/"},{"@type":"ListItem","position":3,"name":"B 300 &#8211; 14 ELEVAGE"}]},{"@type":"WebSite","@id":"https:\/\/www.royal-horse.com\/fr\/#website","url":"https:\/\/www.royal-horse.com\/fr\/","name":"Royal Horse","description":"Leader de l&#039;alimentation pour chevaux","publisher":{"@id":"https:\/\/www.royal-horse.com\/fr\/#organization"},"potentialAction":[{"@type":"SearchAction","target":{"@type":"EntryPoint","urlTemplate":"https:\/\/www.royal-horse.com\/fr\/?s={search_term_string}"},"query-input":{"@type":"PropertyValueSpecification","valueRequired":true,"valueName":"search_term_string"}}],"inLanguage":"fr-FR"},{"@type":"Organization","@id":"https:\/\/www.royal-horse.com\/fr\/#organization","name":"Royal Horse","url":"https:\/\/www.royal-horse.com\/fr\/","logo":{"@type":"ImageObject","inLanguage":"fr-FR","@id":"https:\/\/www.royal-horse.com\/fr\/#\/schema\/logo\/image\/","url":"https:\/\/www.royal-horse.com\/wp-content\/uploads\/2021\/10\/Logo-RH.svg","contentUrl":"https:\/\/www.royal-horse.com\/wp-content\/uploads\/2021\/10\/Logo-RH.svg","width":71,"height":140,"caption":"Royal Horse"},"image":{"@id":"https:\/\/www.royal-horse.com\/fr\/#\/schema\/logo\/image\/"}}]}},"_links":{"self":[{"href":"https:\/\/www.royal-horse.com\/fr\/wp-json\/wp\/v2\/product\/37769","targetHints":{"allow":["GET"]}}],"collection":[{"href":"https:\/\/www.royal-horse.com\/fr\/wp-json\/wp\/v2\/product"}],"about":[{"href":"https:\/\/www.royal-horse.com\/fr\/wp-json\/wp\/v2\/types\/product"}],"replies":[{"embeddable":true,"href":"https:\/\/www.royal-horse.com\/fr\/wp-json\/wp\/v2\/comments?post=37769"}],"wp:featuredmedia":[{"embeddable":true,"href":"https:\/\/www.royal-horse.com\/fr\/wp-json\/wp\/v2\/media\/37771"}],"wp:attachment":[{"href":"https:\/\/www.royal-horse.com\/fr\/wp-json\/wp\/v2\/media?parent=37769"}],"wp:term":[{"taxonomy":"dispo_ecurie","embeddable":true,"href":"https:\/\/www.royal-horse.com\/fr\/wp-json\/wp\/v2\/dispo_ecurie?post=37769"},{"taxonomy":"activite_cheval","embeddable":true,"href":"https:\/\/www.royal-horse.com\/fr\/wp-json\/wp\/v2\/activite_cheval?post=37769"},{"taxonomy":"type_aliment","embeddable":true,"href":"https:\/\/www.royal-horse.com\/fr\/wp-json\/wp\/v2\/type_aliment?post=37769"},{"taxonomy":"product_brand","embeddable":true,"href":"https:\/\/www.royal-horse.com\/fr\/wp-json\/wp\/v2\/product_brand?post=37769"},{"taxonomy":"product_cat","embeddable":true,"href":"https:\/\/www.royal-horse.com\/fr\/wp-json\/wp\/v2\/product_cat?post=37769"},{"taxonomy":"product_tag","embeddable":true,"href":"https:\/\/www.royal-horse.com\/fr\/wp-json\/wp\/v2\/product_tag?post=37769"}],"curies":[{"name":"wp","href":"https:\/\/api.w.org\/{rel}","templated":true}]}}