{"id":888,"date":"2022-04-13T17:10:53","date_gmt":"2022-04-13T15:10:53","guid":{"rendered":"https:\/\/www.royal-horse.com\/?post_type=product&#038;p=888"},"modified":"2024-02-28T09:48:50","modified_gmt":"2024-02-28T08:48:50","slug":"s350-aliment-floconne-chevaux-seniors","status":"publish","type":"product","link":"https:\/\/www.royal-horse.com\/fr\/produit\/s350-aliment-floconne-chevaux-seniors\/","title":{"rendered":"S-350 : Aliment floconn\u00e9 pour cheval senior"},"content":{"rendered":"","protected":false},"excerpt":{"rendered":"<p> [&#8230;]<\/p>\n<p><a class=\"btn btn-secondary understrap-read-more-link\" href=\"https:\/\/www.royal-horse.com\/fr\/produit\/s350-aliment-floconne-chevaux-seniors\/\">Lire la suite\u2026<span class=\"screen-reader-text\"> from S-350 : Aliment floconn\u00e9 pour cheval senior<\/span><\/a><\/p>\n","protected":false},"featured_media":8137,"comment_status":"open","ping_status":"closed","template":"","meta":{"_acf_changed":false,"_joinchat":[]},"dispo_ecurie":[69],"activite_cheval":[71],"type_aliment":[86],"product_brand":[],"product_cat":[82],"product_tag":[],"class_list":{"0":"post-888","1":"product","2":"type-product","3":"status-publish","4":"has-post-thumbnail","6":"dispo_ecurie-foin","7":"activite_cheval-cheval-a-la-retraite-senior","8":"type_aliment-floconne","9":"product_cat-alimentation-chevaux-gamme-sport-loisir","11":"first","12":"instock","13":"shipping-taxable","14":"product-type-simple"},"acf":[],"yoast_head":"<!-- This site is optimized with the Yoast SEO plugin v27.4 - https:\/\/yoast.com\/product\/yoast-seo-wordpress\/ -->\n<title>S-350 - Aliment Floconn\u00e9 pour cheval \u00e2g\u00e9 \u00e0 la retraite<\/title>\n<meta name=\"description\" content=\"Aliment floconn\u00e9 compl\u00e9mentaire de fourrages, formul\u00e9 pour le bien-\u00eatre et la sant\u00e9 des chevaux s\u00e9niors (\u00e0 partir de 20 ans en moyenne).\" \/>\n<meta name=\"robots\" content=\"index, follow, max-snippet:-1, max-image-preview:large, max-video-preview:-1\" \/>\n<link rel=\"canonical\" href=\"https:\/\/www.royal-horse.com\/fr\/produit\/s350-aliment-floconne-chevaux-seniors\/\" \/>\n<meta property=\"og:locale\" content=\"fr_FR\" \/>\n<meta property=\"og:type\" content=\"article\" \/>\n<meta property=\"og:title\" content=\"S-350 - Aliment Floconn\u00e9 pour cheval \u00e2g\u00e9 \u00e0 la retraite\" \/>\n<meta property=\"og:description\" content=\"Aliment floconn\u00e9 compl\u00e9mentaire de fourrages, formul\u00e9 pour le bien-\u00eatre et la sant\u00e9 des chevaux s\u00e9niors (\u00e0 partir de 20 ans en moyenne).\" \/>\n<meta property=\"og:url\" content=\"https:\/\/www.royal-horse.com\/fr\/produit\/s350-aliment-floconne-chevaux-seniors\/\" \/>\n<meta property=\"og:site_name\" content=\"Royal Horse\" \/>\n<meta property=\"article:modified_time\" content=\"2024-02-28T08:48:50+00:00\" \/>\n<meta property=\"og:image\" content=\"https:\/\/www.royal-horse.com\/wp-content\/uploads\/2022\/01\/S_350.png\" \/>\n\t<meta property=\"og:image:width\" content=\"410\" \/>\n\t<meta property=\"og:image:height\" content=\"676\" \/>\n\t<meta property=\"og:image:type\" content=\"image\/png\" \/>\n<meta name=\"twitter:card\" content=\"summary_large_image\" \/>\n<script type=\"application\/ld+json\" class=\"yoast-schema-graph\">{\"@context\":\"https:\\\/\\\/schema.org\",\"@graph\":[{\"@type\":\"WebPage\",\"@id\":\"https:\\\/\\\/www.royal-horse.com\\\/fr\\\/produit\\\/s350-aliment-floconne-chevaux-seniors\\\/\",\"url\":\"https:\\\/\\\/www.royal-horse.com\\\/fr\\\/produit\\\/s350-aliment-floconne-chevaux-seniors\\\/\",\"name\":\"S-350 - Aliment Floconn\u00e9 pour cheval \u00e2g\u00e9 \u00e0 la retraite\",\"isPartOf\":{\"@id\":\"https:\\\/\\\/www.royal-horse.com\\\/fr\\\/#website\"},\"primaryImageOfPage\":{\"@id\":\"https:\\\/\\\/www.royal-horse.com\\\/fr\\\/produit\\\/s350-aliment-floconne-chevaux-seniors\\\/#primaryimage\"},\"image\":{\"@id\":\"https:\\\/\\\/www.royal-horse.com\\\/fr\\\/produit\\\/s350-aliment-floconne-chevaux-seniors\\\/#primaryimage\"},\"thumbnailUrl\":\"https:\\\/\\\/www.royal-horse.com\\\/wp-content\\\/uploads\\\/2022\\\/01\\\/S_350.png\",\"datePublished\":\"2022-04-13T15:10:53+00:00\",\"dateModified\":\"2024-02-28T08:48:50+00:00\",\"description\":\"Aliment floconn\u00e9 compl\u00e9mentaire de fourrages, formul\u00e9 pour le bien-\u00eatre et la sant\u00e9 des chevaux s\u00e9niors (\u00e0 partir de 20 ans en moyenne).\",\"breadcrumb\":{\"@id\":\"https:\\\/\\\/www.royal-horse.com\\\/fr\\\/produit\\\/s350-aliment-floconne-chevaux-seniors\\\/#breadcrumb\"},\"inLanguage\":\"fr-FR\",\"potentialAction\":[{\"@type\":\"ReadAction\",\"target\":[\"https:\\\/\\\/www.royal-horse.com\\\/fr\\\/produit\\\/s350-aliment-floconne-chevaux-seniors\\\/\"]}]},{\"@type\":\"ImageObject\",\"inLanguage\":\"fr-FR\",\"@id\":\"https:\\\/\\\/www.royal-horse.com\\\/fr\\\/produit\\\/s350-aliment-floconne-chevaux-seniors\\\/#primaryimage\",\"url\":\"https:\\\/\\\/www.royal-horse.com\\\/wp-content\\\/uploads\\\/2022\\\/01\\\/S_350.png\",\"contentUrl\":\"https:\\\/\\\/www.royal-horse.com\\\/wp-content\\\/uploads\\\/2022\\\/01\\\/S_350.png\",\"width\":410,\"height\":676},{\"@type\":\"BreadcrumbList\",\"@id\":\"https:\\\/\\\/www.royal-horse.com\\\/fr\\\/produit\\\/s350-aliment-floconne-chevaux-seniors\\\/#breadcrumb\",\"itemListElement\":[{\"@type\":\"ListItem\",\"position\":1,\"name\":\"Accueil\",\"item\":\"https:\\\/\\\/www.royal-horse.com\\\/fr\\\/\"},{\"@type\":\"ListItem\",\"position\":2,\"name\":\"Aliments\",\"item\":\"https:\\\/\\\/www.royal-horse.com\\\/fr\\\/aliments-cheval\\\/\"},{\"@type\":\"ListItem\",\"position\":3,\"name\":\"S-350 : Aliment floconn\u00e9 pour cheval senior\"}]},{\"@type\":\"WebSite\",\"@id\":\"https:\\\/\\\/www.royal-horse.com\\\/fr\\\/#website\",\"url\":\"https:\\\/\\\/www.royal-horse.com\\\/fr\\\/\",\"name\":\"Royal Horse\",\"description\":\"Leader de l&#039;alimentation pour chevaux\",\"publisher\":{\"@id\":\"https:\\\/\\\/www.royal-horse.com\\\/fr\\\/#organization\"},\"potentialAction\":[{\"@type\":\"SearchAction\",\"target\":{\"@type\":\"EntryPoint\",\"urlTemplate\":\"https:\\\/\\\/www.royal-horse.com\\\/fr\\\/?s={search_term_string}\"},\"query-input\":{\"@type\":\"PropertyValueSpecification\",\"valueRequired\":true,\"valueName\":\"search_term_string\"}}],\"inLanguage\":\"fr-FR\"},{\"@type\":\"Organization\",\"@id\":\"https:\\\/\\\/www.royal-horse.com\\\/fr\\\/#organization\",\"name\":\"Royal Horse\",\"url\":\"https:\\\/\\\/www.royal-horse.com\\\/fr\\\/\",\"logo\":{\"@type\":\"ImageObject\",\"inLanguage\":\"fr-FR\",\"@id\":\"https:\\\/\\\/www.royal-horse.com\\\/fr\\\/#\\\/schema\\\/logo\\\/image\\\/\",\"url\":\"https:\\\/\\\/www.royal-horse.com\\\/wp-content\\\/uploads\\\/2021\\\/10\\\/Logo-RH.svg\",\"contentUrl\":\"https:\\\/\\\/www.royal-horse.com\\\/wp-content\\\/uploads\\\/2021\\\/10\\\/Logo-RH.svg\",\"width\":71,\"height\":140,\"caption\":\"Royal Horse\"},\"image\":{\"@id\":\"https:\\\/\\\/www.royal-horse.com\\\/fr\\\/#\\\/schema\\\/logo\\\/image\\\/\"}}]}<\/script>\n<!-- \/ Yoast SEO plugin. -->","yoast_head_json":{"title":"S-350 - Aliment Floconn\u00e9 pour cheval \u00e2g\u00e9 \u00e0 la retraite","description":"Aliment floconn\u00e9 compl\u00e9mentaire de fourrages, formul\u00e9 pour le bien-\u00eatre et la sant\u00e9 des chevaux s\u00e9niors (\u00e0 partir de 20 ans en moyenne).","robots":{"index":"index","follow":"follow","max-snippet":"max-snippet:-1","max-image-preview":"max-image-preview:large","max-video-preview":"max-video-preview:-1"},"canonical":"https:\/\/www.royal-horse.com\/fr\/produit\/s350-aliment-floconne-chevaux-seniors\/","og_locale":"fr_FR","og_type":"article","og_title":"S-350 - Aliment Floconn\u00e9 pour cheval \u00e2g\u00e9 \u00e0 la retraite","og_description":"Aliment floconn\u00e9 compl\u00e9mentaire de fourrages, formul\u00e9 pour le bien-\u00eatre et la sant\u00e9 des chevaux s\u00e9niors (\u00e0 partir de 20 ans en moyenne).","og_url":"https:\/\/www.royal-horse.com\/fr\/produit\/s350-aliment-floconne-chevaux-seniors\/","og_site_name":"Royal Horse","article_modified_time":"2024-02-28T08:48:50+00:00","og_image":[{"width":410,"height":676,"url":"https:\/\/www.royal-horse.com\/wp-content\/uploads\/2022\/01\/S_350.png","type":"image\/png"}],"twitter_card":"summary_large_image","schema":{"@context":"https:\/\/schema.org","@graph":[{"@type":"WebPage","@id":"https:\/\/www.royal-horse.com\/fr\/produit\/s350-aliment-floconne-chevaux-seniors\/","url":"https:\/\/www.royal-horse.com\/fr\/produit\/s350-aliment-floconne-chevaux-seniors\/","name":"S-350 - Aliment Floconn\u00e9 pour cheval \u00e2g\u00e9 \u00e0 la retraite","isPartOf":{"@id":"https:\/\/www.royal-horse.com\/fr\/#website"},"primaryImageOfPage":{"@id":"https:\/\/www.royal-horse.com\/fr\/produit\/s350-aliment-floconne-chevaux-seniors\/#primaryimage"},"image":{"@id":"https:\/\/www.royal-horse.com\/fr\/produit\/s350-aliment-floconne-chevaux-seniors\/#primaryimage"},"thumbnailUrl":"https:\/\/www.royal-horse.com\/wp-content\/uploads\/2022\/01\/S_350.png","datePublished":"2022-04-13T15:10:53+00:00","dateModified":"2024-02-28T08:48:50+00:00","description":"Aliment floconn\u00e9 compl\u00e9mentaire de fourrages, formul\u00e9 pour le bien-\u00eatre et la sant\u00e9 des chevaux s\u00e9niors (\u00e0 partir de 20 ans en moyenne).","breadcrumb":{"@id":"https:\/\/www.royal-horse.com\/fr\/produit\/s350-aliment-floconne-chevaux-seniors\/#breadcrumb"},"inLanguage":"fr-FR","potentialAction":[{"@type":"ReadAction","target":["https:\/\/www.royal-horse.com\/fr\/produit\/s350-aliment-floconne-chevaux-seniors\/"]}]},{"@type":"ImageObject","inLanguage":"fr-FR","@id":"https:\/\/www.royal-horse.com\/fr\/produit\/s350-aliment-floconne-chevaux-seniors\/#primaryimage","url":"https:\/\/www.royal-horse.com\/wp-content\/uploads\/2022\/01\/S_350.png","contentUrl":"https:\/\/www.royal-horse.com\/wp-content\/uploads\/2022\/01\/S_350.png","width":410,"height":676},{"@type":"BreadcrumbList","@id":"https:\/\/www.royal-horse.com\/fr\/produit\/s350-aliment-floconne-chevaux-seniors\/#breadcrumb","itemListElement":[{"@type":"ListItem","position":1,"name":"Accueil","item":"https:\/\/www.royal-horse.com\/fr\/"},{"@type":"ListItem","position":2,"name":"Aliments","item":"https:\/\/www.royal-horse.com\/fr\/aliments-cheval\/"},{"@type":"ListItem","position":3,"name":"S-350 : Aliment floconn\u00e9 pour cheval senior"}]},{"@type":"WebSite","@id":"https:\/\/www.royal-horse.com\/fr\/#website","url":"https:\/\/www.royal-horse.com\/fr\/","name":"Royal Horse","description":"Leader de l&#039;alimentation pour chevaux","publisher":{"@id":"https:\/\/www.royal-horse.com\/fr\/#organization"},"potentialAction":[{"@type":"SearchAction","target":{"@type":"EntryPoint","urlTemplate":"https:\/\/www.royal-horse.com\/fr\/?s={search_term_string}"},"query-input":{"@type":"PropertyValueSpecification","valueRequired":true,"valueName":"search_term_string"}}],"inLanguage":"fr-FR"},{"@type":"Organization","@id":"https:\/\/www.royal-horse.com\/fr\/#organization","name":"Royal Horse","url":"https:\/\/www.royal-horse.com\/fr\/","logo":{"@type":"ImageObject","inLanguage":"fr-FR","@id":"https:\/\/www.royal-horse.com\/fr\/#\/schema\/logo\/image\/","url":"https:\/\/www.royal-horse.com\/wp-content\/uploads\/2021\/10\/Logo-RH.svg","contentUrl":"https:\/\/www.royal-horse.com\/wp-content\/uploads\/2021\/10\/Logo-RH.svg","width":71,"height":140,"caption":"Royal Horse"},"image":{"@id":"https:\/\/www.royal-horse.com\/fr\/#\/schema\/logo\/image\/"}}]}},"_links":{"self":[{"href":"https:\/\/www.royal-horse.com\/fr\/wp-json\/wp\/v2\/product\/888","targetHints":{"allow":["GET"]}}],"collection":[{"href":"https:\/\/www.royal-horse.com\/fr\/wp-json\/wp\/v2\/product"}],"about":[{"href":"https:\/\/www.royal-horse.com\/fr\/wp-json\/wp\/v2\/types\/product"}],"replies":[{"embeddable":true,"href":"https:\/\/www.royal-horse.com\/fr\/wp-json\/wp\/v2\/comments?post=888"}],"wp:featuredmedia":[{"embeddable":true,"href":"https:\/\/www.royal-horse.com\/fr\/wp-json\/wp\/v2\/media\/8137"}],"wp:attachment":[{"href":"https:\/\/www.royal-horse.com\/fr\/wp-json\/wp\/v2\/media?parent=888"}],"wp:term":[{"taxonomy":"dispo_ecurie","embeddable":true,"href":"https:\/\/www.royal-horse.com\/fr\/wp-json\/wp\/v2\/dispo_ecurie?post=888"},{"taxonomy":"activite_cheval","embeddable":true,"href":"https:\/\/www.royal-horse.com\/fr\/wp-json\/wp\/v2\/activite_cheval?post=888"},{"taxonomy":"type_aliment","embeddable":true,"href":"https:\/\/www.royal-horse.com\/fr\/wp-json\/wp\/v2\/type_aliment?post=888"},{"taxonomy":"product_brand","embeddable":true,"href":"https:\/\/www.royal-horse.com\/fr\/wp-json\/wp\/v2\/product_brand?post=888"},{"taxonomy":"product_cat","embeddable":true,"href":"https:\/\/www.royal-horse.com\/fr\/wp-json\/wp\/v2\/product_cat?post=888"},{"taxonomy":"product_tag","embeddable":true,"href":"https:\/\/www.royal-horse.com\/fr\/wp-json\/wp\/v2\/product_tag?post=888"}],"curies":[{"name":"wp","href":"https:\/\/api.w.org\/{rel}","templated":true}]}}