{"id":22916,"date":"2022-11-17T18:11:21","date_gmt":"2022-11-17T17:11:21","guid":{"rendered":"https:\/\/www.royal-horse.com\/?page_id=22916"},"modified":"2022-12-02T17:44:46","modified_gmt":"2022-12-02T16:44:46","slug":"aciu-puslapis","status":"publish","type":"page","link":"https:\/\/www.royal-horse.com\/lt\/aciu-puslapis\/","title":{"rendered":"A\u010di\u016b puslapis"},"content":{"rendered":"","protected":false},"excerpt":{"rendered":"<p> [&#8230;]<\/p>\n<p><a class=\"btn btn-secondary understrap-read-more-link\" href=\"https:\/\/www.royal-horse.com\/lt\/aciu-puslapis\/\">Read More&#8230;<span class=\"screen-reader-text\"> from A\u010di\u016b puslapis<\/span><\/a><\/p>\n","protected":false},"author":18,"featured_media":0,"parent":0,"menu_order":0,"comment_status":"closed","ping_status":"closed","template":"page-thank-you.php","meta":{"_acf_changed":false,"_joinchat":[],"footnotes":""},"class_list":["post-22916","page","type-page","status-publish","hentry"],"acf":[],"yoast_head":"<!-- This site is optimized with the Yoast SEO plugin v27.5 - https:\/\/yoast.com\/product\/yoast-seo-wordpress\/ -->\n<title>A\u010di\u016b puslapis - Royal Horse<\/title>\n<meta name=\"robots\" content=\"index, follow, max-snippet:-1, max-image-preview:large, max-video-preview:-1\" \/>\n<link rel=\"canonical\" href=\"https:\/\/www.royal-horse.com\/lt\/aciu-puslapis\/\" \/>\n<meta property=\"og:locale\" content=\"lt_LT\" \/>\n<meta property=\"og:type\" content=\"article\" \/>\n<meta property=\"og:title\" content=\"A\u010di\u016b puslapis - Royal Horse\" \/>\n<meta property=\"og:description\" content=\"[...]Read More... from A\u010di\u016b puslapis\" \/>\n<meta property=\"og:url\" content=\"https:\/\/www.royal-horse.com\/lt\/aciu-puslapis\/\" \/>\n<meta property=\"og:site_name\" content=\"Royal Horse\" \/>\n<meta property=\"article:modified_time\" content=\"2022-12-02T16:44:46+00:00\" \/>\n<meta name=\"twitter:card\" content=\"summary_large_image\" \/>\n<script type=\"application\/ld+json\" class=\"yoast-schema-graph\">{\"@context\":\"https:\\\/\\\/schema.org\",\"@graph\":[{\"@type\":\"WebPage\",\"@id\":\"https:\\\/\\\/www.royal-horse.com\\\/lt\\\/aciu-puslapis\\\/\",\"url\":\"https:\\\/\\\/www.royal-horse.com\\\/lt\\\/aciu-puslapis\\\/\",\"name\":\"A\u010di\u016b puslapis - Royal Horse\",\"isPartOf\":{\"@id\":\"https:\\\/\\\/www.royal-horse.com\\\/lt\\\/#website\"},\"datePublished\":\"2022-11-17T17:11:21+00:00\",\"dateModified\":\"2022-12-02T16:44:46+00:00\",\"breadcrumb\":{\"@id\":\"https:\\\/\\\/www.royal-horse.com\\\/lt\\\/aciu-puslapis\\\/#breadcrumb\"},\"inLanguage\":\"lt-LT\",\"potentialAction\":[{\"@type\":\"ReadAction\",\"target\":[\"https:\\\/\\\/www.royal-horse.com\\\/lt\\\/aciu-puslapis\\\/\"]}]},{\"@type\":\"BreadcrumbList\",\"@id\":\"https:\\\/\\\/www.royal-horse.com\\\/lt\\\/aciu-puslapis\\\/#breadcrumb\",\"itemListElement\":[{\"@type\":\"ListItem\",\"position\":1,\"name\":\"Accueil\",\"item\":\"https:\\\/\\\/www.royal-horse.com\\\/lt\\\/\"},{\"@type\":\"ListItem\",\"position\":2,\"name\":\"A\u010di\u016b puslapis\"}]},{\"@type\":\"WebSite\",\"@id\":\"https:\\\/\\\/www.royal-horse.com\\\/lt\\\/#website\",\"url\":\"https:\\\/\\\/www.royal-horse.com\\\/lt\\\/\",\"name\":\"Royal Horse\",\"description\":\"Leader de l&#039;alimentation pour chevaux\",\"publisher\":{\"@id\":\"https:\\\/\\\/www.royal-horse.com\\\/lt\\\/#organization\"},\"potentialAction\":[{\"@type\":\"SearchAction\",\"target\":{\"@type\":\"EntryPoint\",\"urlTemplate\":\"https:\\\/\\\/www.royal-horse.com\\\/lt\\\/?s={search_term_string}\"},\"query-input\":{\"@type\":\"PropertyValueSpecification\",\"valueRequired\":true,\"valueName\":\"search_term_string\"}}],\"inLanguage\":\"lt-LT\"},{\"@type\":\"Organization\",\"@id\":\"https:\\\/\\\/www.royal-horse.com\\\/lt\\\/#organization\",\"name\":\"Royal Horse\",\"url\":\"https:\\\/\\\/www.royal-horse.com\\\/lt\\\/\",\"logo\":{\"@type\":\"ImageObject\",\"inLanguage\":\"lt-LT\",\"@id\":\"https:\\\/\\\/www.royal-horse.com\\\/lt\\\/#\\\/schema\\\/logo\\\/image\\\/\",\"url\":\"https:\\\/\\\/www.royal-horse.com\\\/wp-content\\\/uploads\\\/2021\\\/10\\\/Logo-RH.svg\",\"contentUrl\":\"https:\\\/\\\/www.royal-horse.com\\\/wp-content\\\/uploads\\\/2021\\\/10\\\/Logo-RH.svg\",\"width\":71,\"height\":140,\"caption\":\"Royal Horse\"},\"image\":{\"@id\":\"https:\\\/\\\/www.royal-horse.com\\\/lt\\\/#\\\/schema\\\/logo\\\/image\\\/\"}}]}<\/script>\n<!-- \/ Yoast SEO plugin. -->","yoast_head_json":{"title":"A\u010di\u016b puslapis - Royal Horse","robots":{"index":"index","follow":"follow","max-snippet":"max-snippet:-1","max-image-preview":"max-image-preview:large","max-video-preview":"max-video-preview:-1"},"canonical":"https:\/\/www.royal-horse.com\/lt\/aciu-puslapis\/","og_locale":"lt_LT","og_type":"article","og_title":"A\u010di\u016b puslapis - Royal Horse","og_description":"[...]Read More... from A\u010di\u016b puslapis","og_url":"https:\/\/www.royal-horse.com\/lt\/aciu-puslapis\/","og_site_name":"Royal Horse","article_modified_time":"2022-12-02T16:44:46+00:00","twitter_card":"summary_large_image","schema":{"@context":"https:\/\/schema.org","@graph":[{"@type":"WebPage","@id":"https:\/\/www.royal-horse.com\/lt\/aciu-puslapis\/","url":"https:\/\/www.royal-horse.com\/lt\/aciu-puslapis\/","name":"A\u010di\u016b puslapis - Royal Horse","isPartOf":{"@id":"https:\/\/www.royal-horse.com\/lt\/#website"},"datePublished":"2022-11-17T17:11:21+00:00","dateModified":"2022-12-02T16:44:46+00:00","breadcrumb":{"@id":"https:\/\/www.royal-horse.com\/lt\/aciu-puslapis\/#breadcrumb"},"inLanguage":"lt-LT","potentialAction":[{"@type":"ReadAction","target":["https:\/\/www.royal-horse.com\/lt\/aciu-puslapis\/"]}]},{"@type":"BreadcrumbList","@id":"https:\/\/www.royal-horse.com\/lt\/aciu-puslapis\/#breadcrumb","itemListElement":[{"@type":"ListItem","position":1,"name":"Accueil","item":"https:\/\/www.royal-horse.com\/lt\/"},{"@type":"ListItem","position":2,"name":"A\u010di\u016b puslapis"}]},{"@type":"WebSite","@id":"https:\/\/www.royal-horse.com\/lt\/#website","url":"https:\/\/www.royal-horse.com\/lt\/","name":"Royal Horse","description":"Leader de l&#039;alimentation pour chevaux","publisher":{"@id":"https:\/\/www.royal-horse.com\/lt\/#organization"},"potentialAction":[{"@type":"SearchAction","target":{"@type":"EntryPoint","urlTemplate":"https:\/\/www.royal-horse.com\/lt\/?s={search_term_string}"},"query-input":{"@type":"PropertyValueSpecification","valueRequired":true,"valueName":"search_term_string"}}],"inLanguage":"lt-LT"},{"@type":"Organization","@id":"https:\/\/www.royal-horse.com\/lt\/#organization","name":"Royal Horse","url":"https:\/\/www.royal-horse.com\/lt\/","logo":{"@type":"ImageObject","inLanguage":"lt-LT","@id":"https:\/\/www.royal-horse.com\/lt\/#\/schema\/logo\/image\/","url":"https:\/\/www.royal-horse.com\/wp-content\/uploads\/2021\/10\/Logo-RH.svg","contentUrl":"https:\/\/www.royal-horse.com\/wp-content\/uploads\/2021\/10\/Logo-RH.svg","width":71,"height":140,"caption":"Royal Horse"},"image":{"@id":"https:\/\/www.royal-horse.com\/lt\/#\/schema\/logo\/image\/"}}]}},"_links":{"self":[{"href":"https:\/\/www.royal-horse.com\/lt\/wp-json\/wp\/v2\/pages\/22916","targetHints":{"allow":["GET"]}}],"collection":[{"href":"https:\/\/www.royal-horse.com\/lt\/wp-json\/wp\/v2\/pages"}],"about":[{"href":"https:\/\/www.royal-horse.com\/lt\/wp-json\/wp\/v2\/types\/page"}],"author":[{"embeddable":true,"href":"https:\/\/www.royal-horse.com\/lt\/wp-json\/wp\/v2\/users\/18"}],"replies":[{"embeddable":true,"href":"https:\/\/www.royal-horse.com\/lt\/wp-json\/wp\/v2\/comments?post=22916"}],"version-history":[{"count":2,"href":"https:\/\/www.royal-horse.com\/lt\/wp-json\/wp\/v2\/pages\/22916\/revisions"}],"predecessor-version":[{"id":23804,"href":"https:\/\/www.royal-horse.com\/lt\/wp-json\/wp\/v2\/pages\/22916\/revisions\/23804"}],"wp:attachment":[{"href":"https:\/\/www.royal-horse.com\/lt\/wp-json\/wp\/v2\/media?parent=22916"}],"curies":[{"name":"wp","href":"https:\/\/api.w.org\/{rel}","templated":true}]}}