{"id":22891,"date":"2022-11-18T14:29:05","date_gmt":"2022-11-18T13:29:05","guid":{"rendered":"https:\/\/www.royal-horse.com\/alimentacion-caballos\/h350-dribsniu-pasaras-varzybu-zirgams\/"},"modified":"2023-11-21T16:50:14","modified_gmt":"2023-11-21T15:50:14","slug":"h350-dribsniu-pasaras-varzybu-zirgams","status":"publish","type":"product","link":"https:\/\/www.royal-horse.com\/lt\/arkliu-pasaras\/h350-dribsniu-pasaras-varzybu-zirgams\/","title":{"rendered":"H-350 : dribsni\u0173 pa\u0161aras var\u017eyb\u0173 \u017eirgams"},"content":{"rendered":"","protected":false},"excerpt":{"rendered":"<p> [&#8230;]<\/p>\n<p><a class=\"btn btn-secondary understrap-read-more-link\" href=\"https:\/\/www.royal-horse.com\/lt\/arkliu-pasaras\/h350-dribsniu-pasaras-varzybu-zirgams\/\">Read More&#8230;<span class=\"screen-reader-text\"> from H-350 : dribsni\u0173 pa\u0161aras var\u017eyb\u0173 \u017eirgams<\/span><\/a><\/p>\n","protected":false},"featured_media":20988,"comment_status":"closed","ping_status":"closed","template":"","meta":{"_acf_changed":false,"_joinchat":[]},"dispo_ecurie":[380],"activite_cheval":[387],"type_aliment":[383],"product_brand":[],"product_cat":[394],"product_tag":[],"class_list":{"0":"post-22891","1":"product","2":"type-product","3":"status-publish","4":"has-post-thumbnail","6":"dispo_ecurie-sienas","7":"activite_cheval-kasdienis-darbas-1val-per-diena-ilgos-pastangos-ilgalaikis-darbas","8":"type_aliment-dribsniai","9":"product_cat-konkursas-linija","11":"first","12":"instock","13":"shipping-taxable","14":"product-type-simple"},"acf":[],"yoast_head":"<!-- This site is optimized with the Yoast SEO plugin v27.3 - https:\/\/yoast.com\/product\/yoast-seo-wordpress\/ -->\n<title>H-350 - Pa\u0161arai var\u017eyb\u0173 \u017eirgams - ilgos pastangos<\/title>\n<meta name=\"description\" content=\"H-350 dribsni\u0173 pa\u0161aras, papildantis pa\u0161arus, skirtas ilgalaikiam darbui, var\u017eyb\u0173 \u017eirgams ir poniams\" \/>\n<meta name=\"robots\" content=\"index, follow, max-snippet:-1, max-image-preview:large, max-video-preview:-1\" \/>\n<link rel=\"canonical\" href=\"https:\/\/www.royal-horse.com\/lt\/arkliu-pasaras\/h350-dribsniu-pasaras-varzybu-zirgams\/\" \/>\n<meta property=\"og:locale\" content=\"lt_LT\" \/>\n<meta property=\"og:type\" content=\"article\" \/>\n<meta property=\"og:title\" content=\"H-350 - Pa\u0161arai var\u017eyb\u0173 \u017eirgams - ilgos pastangos\" \/>\n<meta property=\"og:description\" content=\"H-350 dribsni\u0173 pa\u0161aras, papildantis pa\u0161arus, skirtas ilgalaikiam darbui, var\u017eyb\u0173 \u017eirgams ir poniams\" \/>\n<meta property=\"og:url\" content=\"https:\/\/www.royal-horse.com\/lt\/arkliu-pasaras\/h350-dribsniu-pasaras-varzybu-zirgams\/\" \/>\n<meta property=\"og:site_name\" content=\"Royal Horse\" \/>\n<meta property=\"article:modified_time\" content=\"2023-11-21T15:50:14+00:00\" \/>\n<meta property=\"og:image\" content=\"http:\/\/www.royal-horse.com\/wp-content\/uploads\/2022\/01\/H_350.png\" \/>\n\t<meta property=\"og:image:width\" content=\"410\" \/>\n\t<meta property=\"og:image:height\" content=\"676\" \/>\n\t<meta property=\"og:image:type\" content=\"image\/png\" \/>\n<meta name=\"twitter:card\" content=\"summary_large_image\" \/>\n<script type=\"application\/ld+json\" class=\"yoast-schema-graph\">{\"@context\":\"https:\\\/\\\/schema.org\",\"@graph\":[{\"@type\":\"WebPage\",\"@id\":\"https:\\\/\\\/www.royal-horse.com\\\/lt\\\/arkliu-pasaras\\\/h350-dribsniu-pasaras-varzybu-zirgams\\\/\",\"url\":\"https:\\\/\\\/www.royal-horse.com\\\/lt\\\/arkliu-pasaras\\\/h350-dribsniu-pasaras-varzybu-zirgams\\\/\",\"name\":\"H-350 - Pa\u0161arai var\u017eyb\u0173 \u017eirgams - ilgos pastangos\",\"isPartOf\":{\"@id\":\"https:\\\/\\\/www.royal-horse.com\\\/lt\\\/#website\"},\"primaryImageOfPage\":{\"@id\":\"https:\\\/\\\/www.royal-horse.com\\\/lt\\\/arkliu-pasaras\\\/h350-dribsniu-pasaras-varzybu-zirgams\\\/#primaryimage\"},\"image\":{\"@id\":\"https:\\\/\\\/www.royal-horse.com\\\/lt\\\/arkliu-pasaras\\\/h350-dribsniu-pasaras-varzybu-zirgams\\\/#primaryimage\"},\"thumbnailUrl\":\"https:\\\/\\\/www.royal-horse.com\\\/wp-content\\\/uploads\\\/2022\\\/01\\\/H_350.png\",\"datePublished\":\"2022-11-18T13:29:05+00:00\",\"dateModified\":\"2023-11-21T15:50:14+00:00\",\"description\":\"H-350 dribsni\u0173 pa\u0161aras, papildantis pa\u0161arus, skirtas ilgalaikiam darbui, var\u017eyb\u0173 \u017eirgams ir poniams\",\"breadcrumb\":{\"@id\":\"https:\\\/\\\/www.royal-horse.com\\\/lt\\\/arkliu-pasaras\\\/h350-dribsniu-pasaras-varzybu-zirgams\\\/#breadcrumb\"},\"inLanguage\":\"lt-LT\",\"potentialAction\":[{\"@type\":\"ReadAction\",\"target\":[\"https:\\\/\\\/www.royal-horse.com\\\/lt\\\/arkliu-pasaras\\\/h350-dribsniu-pasaras-varzybu-zirgams\\\/\"]}]},{\"@type\":\"ImageObject\",\"inLanguage\":\"lt-LT\",\"@id\":\"https:\\\/\\\/www.royal-horse.com\\\/lt\\\/arkliu-pasaras\\\/h350-dribsniu-pasaras-varzybu-zirgams\\\/#primaryimage\",\"url\":\"https:\\\/\\\/www.royal-horse.com\\\/wp-content\\\/uploads\\\/2022\\\/01\\\/H_350.png\",\"contentUrl\":\"https:\\\/\\\/www.royal-horse.com\\\/wp-content\\\/uploads\\\/2022\\\/01\\\/H_350.png\",\"width\":410,\"height\":676},{\"@type\":\"BreadcrumbList\",\"@id\":\"https:\\\/\\\/www.royal-horse.com\\\/lt\\\/arkliu-pasaras\\\/h350-dribsniu-pasaras-varzybu-zirgams\\\/#breadcrumb\",\"itemListElement\":[{\"@type\":\"ListItem\",\"position\":1,\"name\":\"Accueil\",\"item\":\"https:\\\/\\\/www.royal-horse.com\\\/lt\\\/\"},{\"@type\":\"ListItem\",\"position\":2,\"name\":\"M\u016bs\u0173 produktai\",\"item\":\"https:\\\/\\\/www.royal-horse.com\\\/lt\\\/arkliu-pasarai\\\/\"},{\"@type\":\"ListItem\",\"position\":3,\"name\":\"H-350 : dribsni\u0173 pa\u0161aras var\u017eyb\u0173 \u017eirgams\"}]},{\"@type\":\"WebSite\",\"@id\":\"https:\\\/\\\/www.royal-horse.com\\\/lt\\\/#website\",\"url\":\"https:\\\/\\\/www.royal-horse.com\\\/lt\\\/\",\"name\":\"Royal Horse\",\"description\":\"Leader de l&#039;alimentation pour chevaux\",\"publisher\":{\"@id\":\"https:\\\/\\\/www.royal-horse.com\\\/lt\\\/#organization\"},\"potentialAction\":[{\"@type\":\"SearchAction\",\"target\":{\"@type\":\"EntryPoint\",\"urlTemplate\":\"https:\\\/\\\/www.royal-horse.com\\\/lt\\\/?s={search_term_string}\"},\"query-input\":{\"@type\":\"PropertyValueSpecification\",\"valueRequired\":true,\"valueName\":\"search_term_string\"}}],\"inLanguage\":\"lt-LT\"},{\"@type\":\"Organization\",\"@id\":\"https:\\\/\\\/www.royal-horse.com\\\/lt\\\/#organization\",\"name\":\"Royal Horse\",\"url\":\"https:\\\/\\\/www.royal-horse.com\\\/lt\\\/\",\"logo\":{\"@type\":\"ImageObject\",\"inLanguage\":\"lt-LT\",\"@id\":\"https:\\\/\\\/www.royal-horse.com\\\/lt\\\/#\\\/schema\\\/logo\\\/image\\\/\",\"url\":\"https:\\\/\\\/www.royal-horse.com\\\/wp-content\\\/uploads\\\/2021\\\/10\\\/Logo-RH.svg\",\"contentUrl\":\"https:\\\/\\\/www.royal-horse.com\\\/wp-content\\\/uploads\\\/2021\\\/10\\\/Logo-RH.svg\",\"width\":71,\"height\":140,\"caption\":\"Royal Horse\"},\"image\":{\"@id\":\"https:\\\/\\\/www.royal-horse.com\\\/lt\\\/#\\\/schema\\\/logo\\\/image\\\/\"}}]}<\/script>\n<!-- \/ Yoast SEO plugin. -->","yoast_head_json":{"title":"H-350 - Pa\u0161arai var\u017eyb\u0173 \u017eirgams - ilgos pastangos","description":"H-350 dribsni\u0173 pa\u0161aras, papildantis pa\u0161arus, skirtas ilgalaikiam darbui, var\u017eyb\u0173 \u017eirgams ir poniams","robots":{"index":"index","follow":"follow","max-snippet":"max-snippet:-1","max-image-preview":"max-image-preview:large","max-video-preview":"max-video-preview:-1"},"canonical":"https:\/\/www.royal-horse.com\/lt\/arkliu-pasaras\/h350-dribsniu-pasaras-varzybu-zirgams\/","og_locale":"lt_LT","og_type":"article","og_title":"H-350 - Pa\u0161arai var\u017eyb\u0173 \u017eirgams - ilgos pastangos","og_description":"H-350 dribsni\u0173 pa\u0161aras, papildantis pa\u0161arus, skirtas ilgalaikiam darbui, var\u017eyb\u0173 \u017eirgams ir poniams","og_url":"https:\/\/www.royal-horse.com\/lt\/arkliu-pasaras\/h350-dribsniu-pasaras-varzybu-zirgams\/","og_site_name":"Royal Horse","article_modified_time":"2023-11-21T15:50:14+00:00","og_image":[{"width":410,"height":676,"url":"http:\/\/www.royal-horse.com\/wp-content\/uploads\/2022\/01\/H_350.png","type":"image\/png"}],"twitter_card":"summary_large_image","schema":{"@context":"https:\/\/schema.org","@graph":[{"@type":"WebPage","@id":"https:\/\/www.royal-horse.com\/lt\/arkliu-pasaras\/h350-dribsniu-pasaras-varzybu-zirgams\/","url":"https:\/\/www.royal-horse.com\/lt\/arkliu-pasaras\/h350-dribsniu-pasaras-varzybu-zirgams\/","name":"H-350 - Pa\u0161arai var\u017eyb\u0173 \u017eirgams - ilgos pastangos","isPartOf":{"@id":"https:\/\/www.royal-horse.com\/lt\/#website"},"primaryImageOfPage":{"@id":"https:\/\/www.royal-horse.com\/lt\/arkliu-pasaras\/h350-dribsniu-pasaras-varzybu-zirgams\/#primaryimage"},"image":{"@id":"https:\/\/www.royal-horse.com\/lt\/arkliu-pasaras\/h350-dribsniu-pasaras-varzybu-zirgams\/#primaryimage"},"thumbnailUrl":"https:\/\/www.royal-horse.com\/wp-content\/uploads\/2022\/01\/H_350.png","datePublished":"2022-11-18T13:29:05+00:00","dateModified":"2023-11-21T15:50:14+00:00","description":"H-350 dribsni\u0173 pa\u0161aras, papildantis pa\u0161arus, skirtas ilgalaikiam darbui, var\u017eyb\u0173 \u017eirgams ir poniams","breadcrumb":{"@id":"https:\/\/www.royal-horse.com\/lt\/arkliu-pasaras\/h350-dribsniu-pasaras-varzybu-zirgams\/#breadcrumb"},"inLanguage":"lt-LT","potentialAction":[{"@type":"ReadAction","target":["https:\/\/www.royal-horse.com\/lt\/arkliu-pasaras\/h350-dribsniu-pasaras-varzybu-zirgams\/"]}]},{"@type":"ImageObject","inLanguage":"lt-LT","@id":"https:\/\/www.royal-horse.com\/lt\/arkliu-pasaras\/h350-dribsniu-pasaras-varzybu-zirgams\/#primaryimage","url":"https:\/\/www.royal-horse.com\/wp-content\/uploads\/2022\/01\/H_350.png","contentUrl":"https:\/\/www.royal-horse.com\/wp-content\/uploads\/2022\/01\/H_350.png","width":410,"height":676},{"@type":"BreadcrumbList","@id":"https:\/\/www.royal-horse.com\/lt\/arkliu-pasaras\/h350-dribsniu-pasaras-varzybu-zirgams\/#breadcrumb","itemListElement":[{"@type":"ListItem","position":1,"name":"Accueil","item":"https:\/\/www.royal-horse.com\/lt\/"},{"@type":"ListItem","position":2,"name":"M\u016bs\u0173 produktai","item":"https:\/\/www.royal-horse.com\/lt\/arkliu-pasarai\/"},{"@type":"ListItem","position":3,"name":"H-350 : dribsni\u0173 pa\u0161aras var\u017eyb\u0173 \u017eirgams"}]},{"@type":"WebSite","@id":"https:\/\/www.royal-horse.com\/lt\/#website","url":"https:\/\/www.royal-horse.com\/lt\/","name":"Royal Horse","description":"Leader de l&#039;alimentation pour chevaux","publisher":{"@id":"https:\/\/www.royal-horse.com\/lt\/#organization"},"potentialAction":[{"@type":"SearchAction","target":{"@type":"EntryPoint","urlTemplate":"https:\/\/www.royal-horse.com\/lt\/?s={search_term_string}"},"query-input":{"@type":"PropertyValueSpecification","valueRequired":true,"valueName":"search_term_string"}}],"inLanguage":"lt-LT"},{"@type":"Organization","@id":"https:\/\/www.royal-horse.com\/lt\/#organization","name":"Royal Horse","url":"https:\/\/www.royal-horse.com\/lt\/","logo":{"@type":"ImageObject","inLanguage":"lt-LT","@id":"https:\/\/www.royal-horse.com\/lt\/#\/schema\/logo\/image\/","url":"https:\/\/www.royal-horse.com\/wp-content\/uploads\/2021\/10\/Logo-RH.svg","contentUrl":"https:\/\/www.royal-horse.com\/wp-content\/uploads\/2021\/10\/Logo-RH.svg","width":71,"height":140,"caption":"Royal Horse"},"image":{"@id":"https:\/\/www.royal-horse.com\/lt\/#\/schema\/logo\/image\/"}}]}},"_links":{"self":[{"href":"https:\/\/www.royal-horse.com\/lt\/wp-json\/wp\/v2\/product\/22891","targetHints":{"allow":["GET"]}}],"collection":[{"href":"https:\/\/www.royal-horse.com\/lt\/wp-json\/wp\/v2\/product"}],"about":[{"href":"https:\/\/www.royal-horse.com\/lt\/wp-json\/wp\/v2\/types\/product"}],"replies":[{"embeddable":true,"href":"https:\/\/www.royal-horse.com\/lt\/wp-json\/wp\/v2\/comments?post=22891"}],"wp:featuredmedia":[{"embeddable":true,"href":"https:\/\/www.royal-horse.com\/lt\/wp-json\/wp\/v2\/media\/20988"}],"wp:attachment":[{"href":"https:\/\/www.royal-horse.com\/lt\/wp-json\/wp\/v2\/media?parent=22891"}],"wp:term":[{"taxonomy":"dispo_ecurie","embeddable":true,"href":"https:\/\/www.royal-horse.com\/lt\/wp-json\/wp\/v2\/dispo_ecurie?post=22891"},{"taxonomy":"activite_cheval","embeddable":true,"href":"https:\/\/www.royal-horse.com\/lt\/wp-json\/wp\/v2\/activite_cheval?post=22891"},{"taxonomy":"type_aliment","embeddable":true,"href":"https:\/\/www.royal-horse.com\/lt\/wp-json\/wp\/v2\/type_aliment?post=22891"},{"taxonomy":"product_brand","embeddable":true,"href":"https:\/\/www.royal-horse.com\/lt\/wp-json\/wp\/v2\/product_brand?post=22891"},{"taxonomy":"product_cat","embeddable":true,"href":"https:\/\/www.royal-horse.com\/lt\/wp-json\/wp\/v2\/product_cat?post=22891"},{"taxonomy":"product_tag","embeddable":true,"href":"https:\/\/www.royal-horse.com\/lt\/wp-json\/wp\/v2\/product_tag?post=22891"}],"curies":[{"name":"wp","href":"https:\/\/api.w.org\/{rel}","templated":true}]}}