{"id":22911,"date":"2022-11-12T17:44:13","date_gmt":"2022-11-12T16:44:13","guid":{"rendered":"https:\/\/www.royal-horse.com\/alimentacion-caballos\/c-600-pasaru-papildas-arkliams\/"},"modified":"2024-03-04T16:55:57","modified_gmt":"2024-03-04T15:55:57","slug":"c600-papildomas-pasaras-arklys-pastangos-atsigavimas","status":"publish","type":"product","link":"https:\/\/www.royal-horse.com\/lt\/arkliu-pasaras\/c600-papildomas-pasaras-arklys-pastangos-atsigavimas\/","title":{"rendered":"C-600: PA\u0160AR\u0172 PAPILDAS ARKLIAMS"},"content":{"rendered":"","protected":false},"excerpt":{"rendered":"<p> [&#8230;]<\/p>\n<p><a class=\"btn btn-secondary understrap-read-more-link\" href=\"https:\/\/www.royal-horse.com\/lt\/arkliu-pasaras\/c600-papildomas-pasaras-arklys-pastangos-atsigavimas\/\">Read More&#8230;<span class=\"screen-reader-text\"> from C-600: PA\u0160AR\u0172 PAPILDAS ARKLIAMS<\/span><\/a><\/p>\n","protected":false},"featured_media":20976,"comment_status":"closed","ping_status":"closed","template":"","meta":{"_acf_changed":false,"_joinchat":[]},"dispo_ecurie":[],"activite_cheval":[],"type_aliment":[],"product_brand":[],"product_cat":[395],"product_tag":[],"class_list":{"0":"post-22911","1":"product","2":"type-product","3":"status-publish","4":"has-post-thumbnail","6":"product_cat-papildomas-pasaras-linija","8":"first","9":"instock","10":"shipping-taxable","11":"product-type-simple"},"acf":[],"yoast_head":"<!-- This site is optimized with the Yoast SEO plugin v27.3 - https:\/\/yoast.com\/product\/yoast-seo-wordpress\/ -->\n<title>C-600 - Pa\u0161ar\u0173 papildas, Arklio pastangos ir atsigavimas<\/title>\n<meta name=\"description\" content=\"Pa\u0161ar\u0173 papildo arkliams C-600 paskirtis - palaikyti ilg\u0105 ir daugkartin\u012f kr\u016bv\u012f patirian\u010di\u0173 arkli\u0173 \u0161irdies veikl\u0105, pastangas ir atsigavim\u0105.\" \/>\n<meta name=\"robots\" content=\"index, follow, max-snippet:-1, max-image-preview:large, max-video-preview:-1\" \/>\n<link rel=\"canonical\" href=\"https:\/\/www.royal-horse.com\/lt\/arkliu-pasaras\/c600-papildomas-pasaras-arklys-pastangos-atsigavimas\/\" \/>\n<meta property=\"og:locale\" content=\"lt_LT\" \/>\n<meta property=\"og:type\" content=\"article\" \/>\n<meta property=\"og:title\" content=\"C-600 - Pa\u0161ar\u0173 papildas, Arklio pastangos ir atsigavimas\" \/>\n<meta property=\"og:description\" content=\"Pa\u0161ar\u0173 papildo arkliams C-600 paskirtis - palaikyti ilg\u0105 ir daugkartin\u012f kr\u016bv\u012f patirian\u010di\u0173 arkli\u0173 \u0161irdies veikl\u0105, pastangas ir atsigavim\u0105.\" \/>\n<meta property=\"og:url\" content=\"https:\/\/www.royal-horse.com\/lt\/arkliu-pasaras\/c600-papildomas-pasaras-arklys-pastangos-atsigavimas\/\" \/>\n<meta property=\"og:site_name\" content=\"Royal Horse\" \/>\n<meta property=\"article:modified_time\" content=\"2024-03-04T15:55:57+00:00\" \/>\n<meta property=\"og:image\" content=\"https:\/\/www.royal-horse.com\/wp-content\/uploads\/2022\/01\/C_600.png\" \/>\n\t<meta property=\"og:image:width\" content=\"410\" \/>\n\t<meta property=\"og:image:height\" content=\"676\" \/>\n\t<meta property=\"og:image:type\" content=\"image\/png\" \/>\n<meta name=\"twitter:card\" content=\"summary_large_image\" \/>\n<meta name=\"twitter:label1\" content=\"Est. reading time\" \/>\n\t<meta name=\"twitter:data1\" content=\"1 minut\u0117\" \/>\n<script type=\"application\/ld+json\" class=\"yoast-schema-graph\">{\"@context\":\"https:\\\/\\\/schema.org\",\"@graph\":[{\"@type\":\"WebPage\",\"@id\":\"https:\\\/\\\/www.royal-horse.com\\\/lt\\\/arkliu-pasaras\\\/c600-papildomas-pasaras-arklys-pastangos-atsigavimas\\\/\",\"url\":\"https:\\\/\\\/www.royal-horse.com\\\/lt\\\/arkliu-pasaras\\\/c600-papildomas-pasaras-arklys-pastangos-atsigavimas\\\/\",\"name\":\"C-600 - Pa\u0161ar\u0173 papildas, Arklio pastangos ir atsigavimas\",\"isPartOf\":{\"@id\":\"https:\\\/\\\/www.royal-horse.com\\\/lt\\\/#website\"},\"primaryImageOfPage\":{\"@id\":\"https:\\\/\\\/www.royal-horse.com\\\/lt\\\/arkliu-pasaras\\\/c600-papildomas-pasaras-arklys-pastangos-atsigavimas\\\/#primaryimage\"},\"image\":{\"@id\":\"https:\\\/\\\/www.royal-horse.com\\\/lt\\\/arkliu-pasaras\\\/c600-papildomas-pasaras-arklys-pastangos-atsigavimas\\\/#primaryimage\"},\"thumbnailUrl\":\"https:\\\/\\\/www.royal-horse.com\\\/wp-content\\\/uploads\\\/2022\\\/01\\\/C_600.png\",\"datePublished\":\"2022-11-12T16:44:13+00:00\",\"dateModified\":\"2024-03-04T15:55:57+00:00\",\"description\":\"Pa\u0161ar\u0173 papildo arkliams C-600 paskirtis - palaikyti ilg\u0105 ir daugkartin\u012f kr\u016bv\u012f patirian\u010di\u0173 arkli\u0173 \u0161irdies veikl\u0105, pastangas ir atsigavim\u0105.\",\"breadcrumb\":{\"@id\":\"https:\\\/\\\/www.royal-horse.com\\\/lt\\\/arkliu-pasaras\\\/c600-papildomas-pasaras-arklys-pastangos-atsigavimas\\\/#breadcrumb\"},\"inLanguage\":\"lt-LT\",\"potentialAction\":[{\"@type\":\"ReadAction\",\"target\":[\"https:\\\/\\\/www.royal-horse.com\\\/lt\\\/arkliu-pasaras\\\/c600-papildomas-pasaras-arklys-pastangos-atsigavimas\\\/\"]}]},{\"@type\":\"ImageObject\",\"inLanguage\":\"lt-LT\",\"@id\":\"https:\\\/\\\/www.royal-horse.com\\\/lt\\\/arkliu-pasaras\\\/c600-papildomas-pasaras-arklys-pastangos-atsigavimas\\\/#primaryimage\",\"url\":\"https:\\\/\\\/www.royal-horse.com\\\/wp-content\\\/uploads\\\/2022\\\/01\\\/C_600.png\",\"contentUrl\":\"https:\\\/\\\/www.royal-horse.com\\\/wp-content\\\/uploads\\\/2022\\\/01\\\/C_600.png\",\"width\":410,\"height\":676},{\"@type\":\"BreadcrumbList\",\"@id\":\"https:\\\/\\\/www.royal-horse.com\\\/lt\\\/arkliu-pasaras\\\/c600-papildomas-pasaras-arklys-pastangos-atsigavimas\\\/#breadcrumb\",\"itemListElement\":[{\"@type\":\"ListItem\",\"position\":1,\"name\":\"Accueil\",\"item\":\"https:\\\/\\\/www.royal-horse.com\\\/lt\\\/\"},{\"@type\":\"ListItem\",\"position\":2,\"name\":\"M\u016bs\u0173 produktai\",\"item\":\"https:\\\/\\\/www.royal-horse.com\\\/lt\\\/arkliu-pasarai\\\/\"},{\"@type\":\"ListItem\",\"position\":3,\"name\":\"C-600: PA\u0160AR\u0172 PAPILDAS ARKLIAMS\"}]},{\"@type\":\"WebSite\",\"@id\":\"https:\\\/\\\/www.royal-horse.com\\\/lt\\\/#website\",\"url\":\"https:\\\/\\\/www.royal-horse.com\\\/lt\\\/\",\"name\":\"Royal Horse\",\"description\":\"Leader de l&#039;alimentation pour chevaux\",\"publisher\":{\"@id\":\"https:\\\/\\\/www.royal-horse.com\\\/lt\\\/#organization\"},\"potentialAction\":[{\"@type\":\"SearchAction\",\"target\":{\"@type\":\"EntryPoint\",\"urlTemplate\":\"https:\\\/\\\/www.royal-horse.com\\\/lt\\\/?s={search_term_string}\"},\"query-input\":{\"@type\":\"PropertyValueSpecification\",\"valueRequired\":true,\"valueName\":\"search_term_string\"}}],\"inLanguage\":\"lt-LT\"},{\"@type\":\"Organization\",\"@id\":\"https:\\\/\\\/www.royal-horse.com\\\/lt\\\/#organization\",\"name\":\"Royal Horse\",\"url\":\"https:\\\/\\\/www.royal-horse.com\\\/lt\\\/\",\"logo\":{\"@type\":\"ImageObject\",\"inLanguage\":\"lt-LT\",\"@id\":\"https:\\\/\\\/www.royal-horse.com\\\/lt\\\/#\\\/schema\\\/logo\\\/image\\\/\",\"url\":\"https:\\\/\\\/www.royal-horse.com\\\/wp-content\\\/uploads\\\/2021\\\/10\\\/Logo-RH.svg\",\"contentUrl\":\"https:\\\/\\\/www.royal-horse.com\\\/wp-content\\\/uploads\\\/2021\\\/10\\\/Logo-RH.svg\",\"width\":71,\"height\":140,\"caption\":\"Royal Horse\"},\"image\":{\"@id\":\"https:\\\/\\\/www.royal-horse.com\\\/lt\\\/#\\\/schema\\\/logo\\\/image\\\/\"}}]}<\/script>\n<!-- \/ Yoast SEO plugin. -->","yoast_head_json":{"title":"C-600 - Pa\u0161ar\u0173 papildas, Arklio pastangos ir atsigavimas","description":"Pa\u0161ar\u0173 papildo arkliams C-600 paskirtis - palaikyti ilg\u0105 ir daugkartin\u012f kr\u016bv\u012f patirian\u010di\u0173 arkli\u0173 \u0161irdies veikl\u0105, pastangas ir atsigavim\u0105.","robots":{"index":"index","follow":"follow","max-snippet":"max-snippet:-1","max-image-preview":"max-image-preview:large","max-video-preview":"max-video-preview:-1"},"canonical":"https:\/\/www.royal-horse.com\/lt\/arkliu-pasaras\/c600-papildomas-pasaras-arklys-pastangos-atsigavimas\/","og_locale":"lt_LT","og_type":"article","og_title":"C-600 - Pa\u0161ar\u0173 papildas, Arklio pastangos ir atsigavimas","og_description":"Pa\u0161ar\u0173 papildo arkliams C-600 paskirtis - palaikyti ilg\u0105 ir daugkartin\u012f kr\u016bv\u012f patirian\u010di\u0173 arkli\u0173 \u0161irdies veikl\u0105, pastangas ir atsigavim\u0105.","og_url":"https:\/\/www.royal-horse.com\/lt\/arkliu-pasaras\/c600-papildomas-pasaras-arklys-pastangos-atsigavimas\/","og_site_name":"Royal Horse","article_modified_time":"2024-03-04T15:55:57+00:00","og_image":[{"width":410,"height":676,"url":"https:\/\/www.royal-horse.com\/wp-content\/uploads\/2022\/01\/C_600.png","type":"image\/png"}],"twitter_card":"summary_large_image","twitter_misc":{"Est. reading time":"1 minut\u0117"},"schema":{"@context":"https:\/\/schema.org","@graph":[{"@type":"WebPage","@id":"https:\/\/www.royal-horse.com\/lt\/arkliu-pasaras\/c600-papildomas-pasaras-arklys-pastangos-atsigavimas\/","url":"https:\/\/www.royal-horse.com\/lt\/arkliu-pasaras\/c600-papildomas-pasaras-arklys-pastangos-atsigavimas\/","name":"C-600 - Pa\u0161ar\u0173 papildas, Arklio pastangos ir atsigavimas","isPartOf":{"@id":"https:\/\/www.royal-horse.com\/lt\/#website"},"primaryImageOfPage":{"@id":"https:\/\/www.royal-horse.com\/lt\/arkliu-pasaras\/c600-papildomas-pasaras-arklys-pastangos-atsigavimas\/#primaryimage"},"image":{"@id":"https:\/\/www.royal-horse.com\/lt\/arkliu-pasaras\/c600-papildomas-pasaras-arklys-pastangos-atsigavimas\/#primaryimage"},"thumbnailUrl":"https:\/\/www.royal-horse.com\/wp-content\/uploads\/2022\/01\/C_600.png","datePublished":"2022-11-12T16:44:13+00:00","dateModified":"2024-03-04T15:55:57+00:00","description":"Pa\u0161ar\u0173 papildo arkliams C-600 paskirtis - palaikyti ilg\u0105 ir daugkartin\u012f kr\u016bv\u012f patirian\u010di\u0173 arkli\u0173 \u0161irdies veikl\u0105, pastangas ir atsigavim\u0105.","breadcrumb":{"@id":"https:\/\/www.royal-horse.com\/lt\/arkliu-pasaras\/c600-papildomas-pasaras-arklys-pastangos-atsigavimas\/#breadcrumb"},"inLanguage":"lt-LT","potentialAction":[{"@type":"ReadAction","target":["https:\/\/www.royal-horse.com\/lt\/arkliu-pasaras\/c600-papildomas-pasaras-arklys-pastangos-atsigavimas\/"]}]},{"@type":"ImageObject","inLanguage":"lt-LT","@id":"https:\/\/www.royal-horse.com\/lt\/arkliu-pasaras\/c600-papildomas-pasaras-arklys-pastangos-atsigavimas\/#primaryimage","url":"https:\/\/www.royal-horse.com\/wp-content\/uploads\/2022\/01\/C_600.png","contentUrl":"https:\/\/www.royal-horse.com\/wp-content\/uploads\/2022\/01\/C_600.png","width":410,"height":676},{"@type":"BreadcrumbList","@id":"https:\/\/www.royal-horse.com\/lt\/arkliu-pasaras\/c600-papildomas-pasaras-arklys-pastangos-atsigavimas\/#breadcrumb","itemListElement":[{"@type":"ListItem","position":1,"name":"Accueil","item":"https:\/\/www.royal-horse.com\/lt\/"},{"@type":"ListItem","position":2,"name":"M\u016bs\u0173 produktai","item":"https:\/\/www.royal-horse.com\/lt\/arkliu-pasarai\/"},{"@type":"ListItem","position":3,"name":"C-600: PA\u0160AR\u0172 PAPILDAS ARKLIAMS"}]},{"@type":"WebSite","@id":"https:\/\/www.royal-horse.com\/lt\/#website","url":"https:\/\/www.royal-horse.com\/lt\/","name":"Royal Horse","description":"Leader de l&#039;alimentation pour chevaux","publisher":{"@id":"https:\/\/www.royal-horse.com\/lt\/#organization"},"potentialAction":[{"@type":"SearchAction","target":{"@type":"EntryPoint","urlTemplate":"https:\/\/www.royal-horse.com\/lt\/?s={search_term_string}"},"query-input":{"@type":"PropertyValueSpecification","valueRequired":true,"valueName":"search_term_string"}}],"inLanguage":"lt-LT"},{"@type":"Organization","@id":"https:\/\/www.royal-horse.com\/lt\/#organization","name":"Royal Horse","url":"https:\/\/www.royal-horse.com\/lt\/","logo":{"@type":"ImageObject","inLanguage":"lt-LT","@id":"https:\/\/www.royal-horse.com\/lt\/#\/schema\/logo\/image\/","url":"https:\/\/www.royal-horse.com\/wp-content\/uploads\/2021\/10\/Logo-RH.svg","contentUrl":"https:\/\/www.royal-horse.com\/wp-content\/uploads\/2021\/10\/Logo-RH.svg","width":71,"height":140,"caption":"Royal Horse"},"image":{"@id":"https:\/\/www.royal-horse.com\/lt\/#\/schema\/logo\/image\/"}}]}},"_links":{"self":[{"href":"https:\/\/www.royal-horse.com\/lt\/wp-json\/wp\/v2\/product\/22911","targetHints":{"allow":["GET"]}}],"collection":[{"href":"https:\/\/www.royal-horse.com\/lt\/wp-json\/wp\/v2\/product"}],"about":[{"href":"https:\/\/www.royal-horse.com\/lt\/wp-json\/wp\/v2\/types\/product"}],"replies":[{"embeddable":true,"href":"https:\/\/www.royal-horse.com\/lt\/wp-json\/wp\/v2\/comments?post=22911"}],"wp:featuredmedia":[{"embeddable":true,"href":"https:\/\/www.royal-horse.com\/lt\/wp-json\/wp\/v2\/media\/20976"}],"wp:attachment":[{"href":"https:\/\/www.royal-horse.com\/lt\/wp-json\/wp\/v2\/media?parent=22911"}],"wp:term":[{"taxonomy":"dispo_ecurie","embeddable":true,"href":"https:\/\/www.royal-horse.com\/lt\/wp-json\/wp\/v2\/dispo_ecurie?post=22911"},{"taxonomy":"activite_cheval","embeddable":true,"href":"https:\/\/www.royal-horse.com\/lt\/wp-json\/wp\/v2\/activite_cheval?post=22911"},{"taxonomy":"type_aliment","embeddable":true,"href":"https:\/\/www.royal-horse.com\/lt\/wp-json\/wp\/v2\/type_aliment?post=22911"},{"taxonomy":"product_brand","embeddable":true,"href":"https:\/\/www.royal-horse.com\/lt\/wp-json\/wp\/v2\/product_brand?post=22911"},{"taxonomy":"product_cat","embeddable":true,"href":"https:\/\/www.royal-horse.com\/lt\/wp-json\/wp\/v2\/product_cat?post=22911"},{"taxonomy":"product_tag","embeddable":true,"href":"https:\/\/www.royal-horse.com\/lt\/wp-json\/wp\/v2\/product_tag?post=22911"}],"curies":[{"name":"wp","href":"https:\/\/api.w.org\/{rel}","templated":true}]}}