{"id":31792,"date":"2023-11-28T17:38:24","date_gmt":"2023-11-28T16:38:24","guid":{"rendered":"https:\/\/www.royal-horse.com\/alimentacion-caballos\/s-150-ilgo-pluosto-ir-granuliu-pasarai-sportiniams-ir-laisvalaikio-arkliams\/"},"modified":"2023-12-13T16:19:24","modified_gmt":"2023-12-13T15:19:24","slug":"s-150-ilgo-pluosto-ir-granuliu-pasarai-sportiniams-ir-laisvalaikio-arkliams","status":"publish","type":"product","link":"https:\/\/www.royal-horse.com\/lt\/arkliu-pasaras\/s-150-ilgo-pluosto-ir-granuliu-pasarai-sportiniams-ir-laisvalaikio-arkliams\/","title":{"rendered":"S-150: ILGO PLUO\u0160TO IR GRANULI\u0172 PA\u0160ARAI SPORTINIAMS IR LAISVALAIKIO ARKLIAMS"},"content":{"rendered":"","protected":false},"excerpt":{"rendered":"<p> [&#8230;]<\/p>\n<p><a class=\"btn btn-secondary understrap-read-more-link\" href=\"https:\/\/www.royal-horse.com\/lt\/arkliu-pasaras\/s-150-ilgo-pluosto-ir-granuliu-pasarai-sportiniams-ir-laisvalaikio-arkliams\/\">Read More&#8230;<span class=\"screen-reader-text\"> from S-150: ILGO PLUO\u0160TO IR GRANULI\u0172 PA\u0160ARAI SPORTINIAMS IR LAISVALAIKIO ARKLIAMS<\/span><\/a><\/p>\n","protected":false},"featured_media":31747,"comment_status":"closed","ping_status":"closed","template":"","meta":{"_acf_changed":false,"_joinchat":[]},"dispo_ecurie":[380],"activite_cheval":[390,389],"type_aliment":[384],"product_brand":[],"product_cat":[396],"product_tag":[],"class_list":{"0":"post-31792","1":"product","2":"type-product","3":"status-publish","4":"has-post-thumbnail","6":"dispo_ecurie-sienas","7":"activite_cheval-iprastas-kasdienis-darbas-1-val-per-diena","8":"activite_cheval-lengvas-darbas-1-val-per-diena","9":"type_aliment-granuliuotas","10":"product_cat-sportas-laisvalaikis-linija","12":"first","13":"instock","14":"shipping-taxable","15":"product-type-simple"},"acf":[],"yoast_head":"<!-- This site is optimized with the Yoast SEO plugin v27.4 - https:\/\/yoast.com\/product\/yoast-seo-wordpress\/ -->\n<title>S-150: Ilgos pluo\u0161to maisto med\u017eiagos ir granul\u0117s - Royal Horse<\/title>\n<meta name=\"description\" content=\"S-150 \u0161eimai skirtas sportiniams ir laisvalaikio arkliais yra sudarytas i\u0161 ilg\u0173 alfalfos pluo\u0161t\u0173, kurie skatina seil\u0117jim\u0105 ir ma\u017eina skrand\u017eio r\u016bg\u0161t\u012f.\" \/>\n<meta name=\"robots\" content=\"index, follow, max-snippet:-1, max-image-preview:large, max-video-preview:-1\" \/>\n<link rel=\"canonical\" href=\"https:\/\/www.royal-horse.com\/lt\/arkliu-pasaras\/s-150-ilgo-pluosto-ir-granuliu-pasarai-sportiniams-ir-laisvalaikio-arkliams\/\" \/>\n<meta property=\"og:locale\" content=\"lt_LT\" \/>\n<meta property=\"og:type\" content=\"article\" \/>\n<meta property=\"og:title\" content=\"S-150: Ilgos pluo\u0161to maisto med\u017eiagos ir granul\u0117s - Royal Horse\" \/>\n<meta property=\"og:description\" content=\"S-150 \u0161eimai skirtas sportiniams ir laisvalaikio arkliais yra sudarytas i\u0161 ilg\u0173 alfalfos pluo\u0161t\u0173, kurie skatina seil\u0117jim\u0105 ir ma\u017eina skrand\u017eio r\u016bg\u0161t\u012f.\" \/>\n<meta property=\"og:url\" content=\"https:\/\/www.royal-horse.com\/lt\/arkliu-pasaras\/s-150-ilgo-pluosto-ir-granuliu-pasarai-sportiniams-ir-laisvalaikio-arkliams\/\" \/>\n<meta property=\"og:site_name\" content=\"Royal Horse\" \/>\n<meta property=\"article:modified_time\" content=\"2023-12-13T15:19:24+00:00\" \/>\n<meta property=\"og:image\" content=\"http:\/\/www.royal-horse.com\/wp-content\/uploads\/2023\/11\/S_150.png\" \/>\n\t<meta property=\"og:image:width\" content=\"410\" \/>\n\t<meta property=\"og:image:height\" content=\"676\" \/>\n\t<meta property=\"og:image:type\" content=\"image\/png\" \/>\n<meta name=\"twitter:card\" content=\"summary_large_image\" \/>\n<script type=\"application\/ld+json\" class=\"yoast-schema-graph\">{\"@context\":\"https:\\\/\\\/schema.org\",\"@graph\":[{\"@type\":\"WebPage\",\"@id\":\"https:\\\/\\\/www.royal-horse.com\\\/lt\\\/arkliu-pasaras\\\/s-150-ilgo-pluosto-ir-granuliu-pasarai-sportiniams-ir-laisvalaikio-arkliams\\\/\",\"url\":\"https:\\\/\\\/www.royal-horse.com\\\/lt\\\/arkliu-pasaras\\\/s-150-ilgo-pluosto-ir-granuliu-pasarai-sportiniams-ir-laisvalaikio-arkliams\\\/\",\"name\":\"S-150: Ilgos pluo\u0161to maisto med\u017eiagos ir granul\u0117s - Royal Horse\",\"isPartOf\":{\"@id\":\"https:\\\/\\\/www.royal-horse.com\\\/lt\\\/#website\"},\"primaryImageOfPage\":{\"@id\":\"https:\\\/\\\/www.royal-horse.com\\\/lt\\\/arkliu-pasaras\\\/s-150-ilgo-pluosto-ir-granuliu-pasarai-sportiniams-ir-laisvalaikio-arkliams\\\/#primaryimage\"},\"image\":{\"@id\":\"https:\\\/\\\/www.royal-horse.com\\\/lt\\\/arkliu-pasaras\\\/s-150-ilgo-pluosto-ir-granuliu-pasarai-sportiniams-ir-laisvalaikio-arkliams\\\/#primaryimage\"},\"thumbnailUrl\":\"https:\\\/\\\/www.royal-horse.com\\\/wp-content\\\/uploads\\\/2023\\\/11\\\/S_150.png\",\"datePublished\":\"2023-11-28T16:38:24+00:00\",\"dateModified\":\"2023-12-13T15:19:24+00:00\",\"description\":\"S-150 \u0161eimai skirtas sportiniams ir laisvalaikio arkliais yra sudarytas i\u0161 ilg\u0173 alfalfos pluo\u0161t\u0173, kurie skatina seil\u0117jim\u0105 ir ma\u017eina skrand\u017eio r\u016bg\u0161t\u012f.\",\"breadcrumb\":{\"@id\":\"https:\\\/\\\/www.royal-horse.com\\\/lt\\\/arkliu-pasaras\\\/s-150-ilgo-pluosto-ir-granuliu-pasarai-sportiniams-ir-laisvalaikio-arkliams\\\/#breadcrumb\"},\"inLanguage\":\"lt-LT\",\"potentialAction\":[{\"@type\":\"ReadAction\",\"target\":[\"https:\\\/\\\/www.royal-horse.com\\\/lt\\\/arkliu-pasaras\\\/s-150-ilgo-pluosto-ir-granuliu-pasarai-sportiniams-ir-laisvalaikio-arkliams\\\/\"]}]},{\"@type\":\"ImageObject\",\"inLanguage\":\"lt-LT\",\"@id\":\"https:\\\/\\\/www.royal-horse.com\\\/lt\\\/arkliu-pasaras\\\/s-150-ilgo-pluosto-ir-granuliu-pasarai-sportiniams-ir-laisvalaikio-arkliams\\\/#primaryimage\",\"url\":\"https:\\\/\\\/www.royal-horse.com\\\/wp-content\\\/uploads\\\/2023\\\/11\\\/S_150.png\",\"contentUrl\":\"https:\\\/\\\/www.royal-horse.com\\\/wp-content\\\/uploads\\\/2023\\\/11\\\/S_150.png\",\"width\":410,\"height\":676},{\"@type\":\"BreadcrumbList\",\"@id\":\"https:\\\/\\\/www.royal-horse.com\\\/lt\\\/arkliu-pasaras\\\/s-150-ilgo-pluosto-ir-granuliu-pasarai-sportiniams-ir-laisvalaikio-arkliams\\\/#breadcrumb\",\"itemListElement\":[{\"@type\":\"ListItem\",\"position\":1,\"name\":\"Accueil\",\"item\":\"https:\\\/\\\/www.royal-horse.com\\\/lt\\\/\"},{\"@type\":\"ListItem\",\"position\":2,\"name\":\"M\u016bs\u0173 produktai\",\"item\":\"https:\\\/\\\/www.royal-horse.com\\\/lt\\\/arkliu-pasarai\\\/\"},{\"@type\":\"ListItem\",\"position\":3,\"name\":\"S-150: ILGO PLUO\u0160TO IR GRANULI\u0172 PA\u0160ARAI SPORTINIAMS IR LAISVALAIKIO ARKLIAMS\"}]},{\"@type\":\"WebSite\",\"@id\":\"https:\\\/\\\/www.royal-horse.com\\\/lt\\\/#website\",\"url\":\"https:\\\/\\\/www.royal-horse.com\\\/lt\\\/\",\"name\":\"Royal Horse\",\"description\":\"Leader de l&#039;alimentation pour chevaux\",\"publisher\":{\"@id\":\"https:\\\/\\\/www.royal-horse.com\\\/lt\\\/#organization\"},\"potentialAction\":[{\"@type\":\"SearchAction\",\"target\":{\"@type\":\"EntryPoint\",\"urlTemplate\":\"https:\\\/\\\/www.royal-horse.com\\\/lt\\\/?s={search_term_string}\"},\"query-input\":{\"@type\":\"PropertyValueSpecification\",\"valueRequired\":true,\"valueName\":\"search_term_string\"}}],\"inLanguage\":\"lt-LT\"},{\"@type\":\"Organization\",\"@id\":\"https:\\\/\\\/www.royal-horse.com\\\/lt\\\/#organization\",\"name\":\"Royal Horse\",\"url\":\"https:\\\/\\\/www.royal-horse.com\\\/lt\\\/\",\"logo\":{\"@type\":\"ImageObject\",\"inLanguage\":\"lt-LT\",\"@id\":\"https:\\\/\\\/www.royal-horse.com\\\/lt\\\/#\\\/schema\\\/logo\\\/image\\\/\",\"url\":\"https:\\\/\\\/www.royal-horse.com\\\/wp-content\\\/uploads\\\/2021\\\/10\\\/Logo-RH.svg\",\"contentUrl\":\"https:\\\/\\\/www.royal-horse.com\\\/wp-content\\\/uploads\\\/2021\\\/10\\\/Logo-RH.svg\",\"width\":71,\"height\":140,\"caption\":\"Royal Horse\"},\"image\":{\"@id\":\"https:\\\/\\\/www.royal-horse.com\\\/lt\\\/#\\\/schema\\\/logo\\\/image\\\/\"}}]}<\/script>\n<!-- \/ Yoast SEO plugin. -->","yoast_head_json":{"title":"S-150: Ilgos pluo\u0161to maisto med\u017eiagos ir granul\u0117s - Royal Horse","description":"S-150 \u0161eimai skirtas sportiniams ir laisvalaikio arkliais yra sudarytas i\u0161 ilg\u0173 alfalfos pluo\u0161t\u0173, kurie skatina seil\u0117jim\u0105 ir ma\u017eina skrand\u017eio r\u016bg\u0161t\u012f.","robots":{"index":"index","follow":"follow","max-snippet":"max-snippet:-1","max-image-preview":"max-image-preview:large","max-video-preview":"max-video-preview:-1"},"canonical":"https:\/\/www.royal-horse.com\/lt\/arkliu-pasaras\/s-150-ilgo-pluosto-ir-granuliu-pasarai-sportiniams-ir-laisvalaikio-arkliams\/","og_locale":"lt_LT","og_type":"article","og_title":"S-150: Ilgos pluo\u0161to maisto med\u017eiagos ir granul\u0117s - Royal Horse","og_description":"S-150 \u0161eimai skirtas sportiniams ir laisvalaikio arkliais yra sudarytas i\u0161 ilg\u0173 alfalfos pluo\u0161t\u0173, kurie skatina seil\u0117jim\u0105 ir ma\u017eina skrand\u017eio r\u016bg\u0161t\u012f.","og_url":"https:\/\/www.royal-horse.com\/lt\/arkliu-pasaras\/s-150-ilgo-pluosto-ir-granuliu-pasarai-sportiniams-ir-laisvalaikio-arkliams\/","og_site_name":"Royal Horse","article_modified_time":"2023-12-13T15:19:24+00:00","og_image":[{"width":410,"height":676,"url":"http:\/\/www.royal-horse.com\/wp-content\/uploads\/2023\/11\/S_150.png","type":"image\/png"}],"twitter_card":"summary_large_image","schema":{"@context":"https:\/\/schema.org","@graph":[{"@type":"WebPage","@id":"https:\/\/www.royal-horse.com\/lt\/arkliu-pasaras\/s-150-ilgo-pluosto-ir-granuliu-pasarai-sportiniams-ir-laisvalaikio-arkliams\/","url":"https:\/\/www.royal-horse.com\/lt\/arkliu-pasaras\/s-150-ilgo-pluosto-ir-granuliu-pasarai-sportiniams-ir-laisvalaikio-arkliams\/","name":"S-150: Ilgos pluo\u0161to maisto med\u017eiagos ir granul\u0117s - Royal Horse","isPartOf":{"@id":"https:\/\/www.royal-horse.com\/lt\/#website"},"primaryImageOfPage":{"@id":"https:\/\/www.royal-horse.com\/lt\/arkliu-pasaras\/s-150-ilgo-pluosto-ir-granuliu-pasarai-sportiniams-ir-laisvalaikio-arkliams\/#primaryimage"},"image":{"@id":"https:\/\/www.royal-horse.com\/lt\/arkliu-pasaras\/s-150-ilgo-pluosto-ir-granuliu-pasarai-sportiniams-ir-laisvalaikio-arkliams\/#primaryimage"},"thumbnailUrl":"https:\/\/www.royal-horse.com\/wp-content\/uploads\/2023\/11\/S_150.png","datePublished":"2023-11-28T16:38:24+00:00","dateModified":"2023-12-13T15:19:24+00:00","description":"S-150 \u0161eimai skirtas sportiniams ir laisvalaikio arkliais yra sudarytas i\u0161 ilg\u0173 alfalfos pluo\u0161t\u0173, kurie skatina seil\u0117jim\u0105 ir ma\u017eina skrand\u017eio r\u016bg\u0161t\u012f.","breadcrumb":{"@id":"https:\/\/www.royal-horse.com\/lt\/arkliu-pasaras\/s-150-ilgo-pluosto-ir-granuliu-pasarai-sportiniams-ir-laisvalaikio-arkliams\/#breadcrumb"},"inLanguage":"lt-LT","potentialAction":[{"@type":"ReadAction","target":["https:\/\/www.royal-horse.com\/lt\/arkliu-pasaras\/s-150-ilgo-pluosto-ir-granuliu-pasarai-sportiniams-ir-laisvalaikio-arkliams\/"]}]},{"@type":"ImageObject","inLanguage":"lt-LT","@id":"https:\/\/www.royal-horse.com\/lt\/arkliu-pasaras\/s-150-ilgo-pluosto-ir-granuliu-pasarai-sportiniams-ir-laisvalaikio-arkliams\/#primaryimage","url":"https:\/\/www.royal-horse.com\/wp-content\/uploads\/2023\/11\/S_150.png","contentUrl":"https:\/\/www.royal-horse.com\/wp-content\/uploads\/2023\/11\/S_150.png","width":410,"height":676},{"@type":"BreadcrumbList","@id":"https:\/\/www.royal-horse.com\/lt\/arkliu-pasaras\/s-150-ilgo-pluosto-ir-granuliu-pasarai-sportiniams-ir-laisvalaikio-arkliams\/#breadcrumb","itemListElement":[{"@type":"ListItem","position":1,"name":"Accueil","item":"https:\/\/www.royal-horse.com\/lt\/"},{"@type":"ListItem","position":2,"name":"M\u016bs\u0173 produktai","item":"https:\/\/www.royal-horse.com\/lt\/arkliu-pasarai\/"},{"@type":"ListItem","position":3,"name":"S-150: ILGO PLUO\u0160TO IR GRANULI\u0172 PA\u0160ARAI SPORTINIAMS IR LAISVALAIKIO ARKLIAMS"}]},{"@type":"WebSite","@id":"https:\/\/www.royal-horse.com\/lt\/#website","url":"https:\/\/www.royal-horse.com\/lt\/","name":"Royal Horse","description":"Leader de l&#039;alimentation pour chevaux","publisher":{"@id":"https:\/\/www.royal-horse.com\/lt\/#organization"},"potentialAction":[{"@type":"SearchAction","target":{"@type":"EntryPoint","urlTemplate":"https:\/\/www.royal-horse.com\/lt\/?s={search_term_string}"},"query-input":{"@type":"PropertyValueSpecification","valueRequired":true,"valueName":"search_term_string"}}],"inLanguage":"lt-LT"},{"@type":"Organization","@id":"https:\/\/www.royal-horse.com\/lt\/#organization","name":"Royal Horse","url":"https:\/\/www.royal-horse.com\/lt\/","logo":{"@type":"ImageObject","inLanguage":"lt-LT","@id":"https:\/\/www.royal-horse.com\/lt\/#\/schema\/logo\/image\/","url":"https:\/\/www.royal-horse.com\/wp-content\/uploads\/2021\/10\/Logo-RH.svg","contentUrl":"https:\/\/www.royal-horse.com\/wp-content\/uploads\/2021\/10\/Logo-RH.svg","width":71,"height":140,"caption":"Royal Horse"},"image":{"@id":"https:\/\/www.royal-horse.com\/lt\/#\/schema\/logo\/image\/"}}]}},"_links":{"self":[{"href":"https:\/\/www.royal-horse.com\/lt\/wp-json\/wp\/v2\/product\/31792","targetHints":{"allow":["GET"]}}],"collection":[{"href":"https:\/\/www.royal-horse.com\/lt\/wp-json\/wp\/v2\/product"}],"about":[{"href":"https:\/\/www.royal-horse.com\/lt\/wp-json\/wp\/v2\/types\/product"}],"replies":[{"embeddable":true,"href":"https:\/\/www.royal-horse.com\/lt\/wp-json\/wp\/v2\/comments?post=31792"}],"wp:featuredmedia":[{"embeddable":true,"href":"https:\/\/www.royal-horse.com\/lt\/wp-json\/wp\/v2\/media\/31747"}],"wp:attachment":[{"href":"https:\/\/www.royal-horse.com\/lt\/wp-json\/wp\/v2\/media?parent=31792"}],"wp:term":[{"taxonomy":"dispo_ecurie","embeddable":true,"href":"https:\/\/www.royal-horse.com\/lt\/wp-json\/wp\/v2\/dispo_ecurie?post=31792"},{"taxonomy":"activite_cheval","embeddable":true,"href":"https:\/\/www.royal-horse.com\/lt\/wp-json\/wp\/v2\/activite_cheval?post=31792"},{"taxonomy":"type_aliment","embeddable":true,"href":"https:\/\/www.royal-horse.com\/lt\/wp-json\/wp\/v2\/type_aliment?post=31792"},{"taxonomy":"product_brand","embeddable":true,"href":"https:\/\/www.royal-horse.com\/lt\/wp-json\/wp\/v2\/product_brand?post=31792"},{"taxonomy":"product_cat","embeddable":true,"href":"https:\/\/www.royal-horse.com\/lt\/wp-json\/wp\/v2\/product_cat?post=31792"},{"taxonomy":"product_tag","embeddable":true,"href":"https:\/\/www.royal-horse.com\/lt\/wp-json\/wp\/v2\/product_tag?post=31792"}],"curies":[{"name":"wp","href":"https:\/\/api.w.org\/{rel}","templated":true}]}}