{"id":12501,"date":"2022-03-18T16:40:38","date_gmt":"2022-03-18T15:40:38","guid":{"rendered":"https:\/\/www.royal-horse.com\/?page_id=12501"},"modified":"2022-06-08T16:17:09","modified_gmt":"2022-06-08T14:17:09","slug":"contato","status":"publish","type":"page","link":"https:\/\/www.royal-horse.com\/pt-br\/contato\/","title":{"rendered":"Propriet\u00e1rio"},"content":{"rendered":"\n<div class=\"wp-block-contact-form-7-contact-form-selector\">\n<div class=\"wpcf7 no-js\" id=\"wpcf7-f17268-o1\" lang=\"pt-BR\" dir=\"ltr\" data-wpcf7-id=\"17268\">\n<div class=\"screen-reader-response\"><p role=\"status\" aria-live=\"polite\" aria-atomic=\"true\"><\/p> <ul><\/ul><\/div>\n<form action=\"\/pt-br\/wp-json\/wp\/v2\/pages\/12501#wpcf7-f17268-o1\" method=\"post\" class=\"wpcf7-form init\" aria-label=\"Formul\u00e1rios de contato\" enctype=\"multipart\/form-data\" novalidate=\"novalidate\" data-status=\"init\">\n<fieldset class=\"hidden-fields-container\"><input type=\"hidden\" name=\"_wpcf7\" value=\"17268\" \/><input type=\"hidden\" name=\"_wpcf7_version\" value=\"6.1.5\" \/><input type=\"hidden\" name=\"_wpcf7_locale\" value=\"pt_BR\" \/><input type=\"hidden\" name=\"_wpcf7_unit_tag\" value=\"wpcf7-f17268-o1\" \/><input type=\"hidden\" name=\"_wpcf7_container_post\" value=\"0\" \/><input type=\"hidden\" name=\"_wpcf7_posted_data_hash\" value=\"\" \/><input type=\"hidden\" name=\"_wpcf7_recaptcha_response\" value=\"\" \/>\n<\/fieldset>\n<div class=\"form_row\">\n     <label class=\"align-items-start\"> Voc\u00ea \u00e9* :  <\/label>\n     <div class=\"input\"> <span class=\"wpcf7-form-control-wrap\" data-name=\"your-status\"><span class=\"wpcf7-form-control wpcf7-radio\"><span class=\"wpcf7-list-item first\"><input type=\"radio\" name=\"your-status\" value=\"Propriet\u00e1rio\/Cavaleiro Amador\" checked=\"checked\" \/><span class=\"wpcf7-list-item-label\">Propriet\u00e1rio\/Cavaleiro Amador<\/span><\/span><span class=\"wpcf7-list-item\"><input type=\"radio\" name=\"your-status\" value=\"Criador\" \/><span class=\"wpcf7-list-item-label\">Criador<\/span><\/span><span class=\"wpcf7-list-item\"><input type=\"radio\" name=\"your-status\" value=\"Profissional\" \/><span class=\"wpcf7-list-item-label\">Profissional<\/span><\/span><span class=\"wpcf7-list-item last\"><input type=\"radio\" name=\"your-status\" value=\"Competidor\" \/><span class=\"wpcf7-list-item-label\">Competidor<\/span><\/span><\/span><\/span> <\/div>\n<\/div>\n\n<div class=\"form_row\">\n     <label> Primeiro Nome* : <\/label>\n     <div class=\"input\"> <span class=\"wpcf7-form-control-wrap\" data-name=\"primeiro_nome\"><input size=\"40\" maxlength=\"400\" class=\"wpcf7-form-control wpcf7-text wpcf7-validates-as-required\" aria-required=\"true\" aria-invalid=\"false\" value=\"\" type=\"text\" name=\"primeiro_nome\" \/><\/span> <\/div>\n<\/div>\n\n<div class=\"form_row\">\n     <label> Nome* : <\/label>\n     <div class=\"input\"> <span class=\"wpcf7-form-control-wrap\" data-name=\"your-name\"><input size=\"40\" maxlength=\"400\" class=\"wpcf7-form-control wpcf7-text wpcf7-validates-as-required\" aria-required=\"true\" aria-invalid=\"false\" value=\"\" type=\"text\" name=\"your-name\" \/><\/span> <\/div>\n<\/div>\n\n\n<div class=\"form_row\">\n     <label> Endere\u00e7o* : <\/label>\n     <div class=\"input\"><span class=\"wpcf7-form-control-wrap\" data-name=\"your-adress\"><input size=\"40\" maxlength=\"400\" class=\"wpcf7-form-control wpcf7-text wpcf7-validates-as-required\" aria-required=\"true\" aria-invalid=\"false\" value=\"\" type=\"text\" name=\"your-adress\" \/><\/span><\/div> \n<\/div>\n\n\n\n<div class=\"form_row form_row_w_col\">\n     <label> CEP* : <\/label>\n     <div class=\"input\"><span class=\"wpcf7-form-control-wrap\" data-name=\"CEP\"><input size=\"40\" maxlength=\"400\" class=\"wpcf7-form-control wpcf7-text wpcf7-validates-as-required\" aria-required=\"true\" aria-invalid=\"false\" value=\"\" type=\"text\" name=\"CEP\" \/><\/span> <\/div>\n<\/div>\n\n<div class=\"form_row\">\n     <label> Cidade*: <\/label>\n     <div class=\"input\"><span class=\"wpcf7-form-control-wrap\" data-name=\"cidade\"><input size=\"40\" maxlength=\"400\" class=\"wpcf7-form-control wpcf7-text wpcf7-validates-as-required\" aria-required=\"true\" aria-invalid=\"false\" value=\"\" type=\"text\" name=\"cidade\" \/><\/span> <\/div>\n<\/div>\n\n<div class=\"form_row\">\n     <label> Empresa* <\/label>\n     <div class=\"input\"><span class=\"wpcf7-form-control-wrap\" data-name=\"empresa\"><input size=\"40\" maxlength=\"400\" class=\"wpcf7-form-control wpcf7-text\" aria-invalid=\"false\" value=\"\" type=\"text\" name=\"empresa\" \/><\/span> <\/div>\n<\/div>\n\n<div class=\"form_row\">\n     <label> E-mail* : <\/label>\n     <div class=\"input\"><span class=\"wpcf7-form-control-wrap\" data-name=\"your-email\"><input size=\"40\" maxlength=\"400\" class=\"wpcf7-form-control wpcf7-email wpcf7-validates-as-required wpcf7-text wpcf7-validates-as-email\" aria-required=\"true\" aria-invalid=\"false\" value=\"\" type=\"email\" name=\"your-email\" \/><\/span> <\/div>\n<\/div>\n\n<div class=\"form_row\">\n     <label> Telefone*: <\/label>\n     <div class=\"input\"><span class=\"wpcf7-form-control-wrap\" data-name=\"your-tel\"><input size=\"40\" maxlength=\"400\" class=\"wpcf7-form-control wpcf7-tel wpcf7-validates-as-required wpcf7-text wpcf7-validates-as-tel\" aria-required=\"true\" aria-invalid=\"false\" value=\"\" type=\"tel\" name=\"your-tel\" \/><\/span> <\/div>\n<\/div>\n\n<div class=\"form_row message\">\n     <label> Mensagem*: <\/label>\n     <div class=\"input\"> <span class=\"wpcf7-form-control-wrap\" data-name=\"your-message\"><textarea cols=\"40\" rows=\"10\" maxlength=\"2000\" class=\"wpcf7-form-control wpcf7-textarea wpcf7-validates-as-required\" aria-required=\"true\" aria-invalid=\"false\" name=\"your-message\"><\/textarea><\/span> <\/div>\n<\/div>\n\n<div class=\"form_row form_upload\">\n     <label> Adicione um arquivo: <\/label>\n     <div class=\"input\">\n          <div class=\"upload_button\" id=\"upload_button\">Selecione o arquivo<\/div>\n          <span class=\"wpcf7-form-control-wrap\" data-name=\"your-file\"><input size=\"40\" class=\"wpcf7-form-control wpcf7-file file_upload\" id=\"fileuploadfield\" accept=\"audio\/*,video\/*,image\/*\" aria-invalid=\"false\" type=\"file\" name=\"your-file\" \/><\/span>\n          <span class=\"wpcf7-form-control-wrap\" data-name=\"uploadtextfield\"><input size=\"40\" maxlength=\"400\" class=\"wpcf7-form-control wpcf7-text uploadtextfield\" id=\"uploadtextfield\" aria-invalid=\"false\" value=\"\" type=\"text\" name=\"uploadtextfield\" \/><\/span> \n     <\/div>\n<\/div>\n\n\n<span class=\"wpcf7-form-control-wrap\" data-name=\"your-newsletter\"><span class=\"wpcf7-form-control wpcf7-checkbox\"><span class=\"wpcf7-list-item first last\"><input type=\"checkbox\" name=\"your-newsletter[]\" value=\"Gostaria de ser mantido informado sobre as novidades e ofertas da Royal Horse.\" \/><span class=\"wpcf7-list-item-label\">Gostaria de ser mantido informado sobre as novidades e ofertas da Royal Horse.<\/span><\/span><\/span><\/span>\n\n<input class=\"wpcf7-form-control wpcf7-hidden\" value=\"\/pt-br\/pagina-agradecimento\" type=\"hidden\" name=\"url_redirect\" \/>\n\n<input class=\"wpcf7-form-control wpcf7-hidden\" value=\"false\" type=\"hidden\" name=\"newsletter_id\" \/>\n\n<div class=\"form_row submit_row\">\n     <div class=\"informa\u00e7\u00f5es_requeridas\"> *informa\u00e7\u00f5es obrigat\u00f3rias<\/div>\n     <div class=\"envoi\"><input class=\"wpcf7-form-control wpcf7-submit has-spinner\" type=\"submit\" value=\"Enviar\" \/><\/div>\n<\/div>\n\n<script type=\"text\/javascript\">\n    window.onload = (event) => {\n        const elem = document.getElementsByName(\"your-newsletter[]\");\n        elem[0].addEventListener(\"click\", (event) => {\n            element_news=document.getElementsByName(\"newsletter_id\");\n            element_news[0].value=(element_news[0].value==\"true\" ? \"false\" : \"true\");\n        });        \n    };\n<\/script><p style=\"display: none !important;\" class=\"akismet-fields-container\" data-prefix=\"_wpcf7_ak_\"><label>&#916;<textarea name=\"_wpcf7_ak_hp_textarea\" cols=\"45\" rows=\"8\" maxlength=\"100\"><\/textarea><\/label><input type=\"hidden\" id=\"ak_js_1\" name=\"_wpcf7_ak_js\" value=\"122\"\/><script>\ndocument.getElementById( \"ak_js_1\" ).setAttribute( \"value\", ( new Date() ).getTime() );\n<\/script>\n<\/p><div class=\"wpcf7-response-output\" aria-hidden=\"true\"><\/div>\n<\/form>\n<\/div>\n<\/div>\n","protected":false},"excerpt":{"rendered":"<p> [&#8230;]<\/p>\n<p><a class=\"btn btn-secondary understrap-read-more-link\" href=\"https:\/\/www.royal-horse.com\/pt-br\/contato\/\">Leia mais&#8230;<span class=\"screen-reader-text\"> from Propriet\u00e1rio<\/span><\/a><\/p>\n","protected":false},"author":13,"featured_media":0,"parent":0,"menu_order":0,"comment_status":"closed","ping_status":"closed","template":"page-contactez-nous.php","meta":{"_acf_changed":false,"_joinchat":{"telephone":"+5519996808244"},"footnotes":""},"class_list":["post-12501","page","type-page","status-publish","hentry"],"acf":[],"yoast_head":"<!-- This site is optimized with the Yoast SEO plugin v27.6 - https:\/\/yoast.com\/product\/yoast-seo-wordpress\/ -->\n<title>Onde nos encontrar ? - Royal Horse<\/title>\n<meta name=\"description\" content=\"Contate as equipes da Royal Horse, estamos aqui para responder a todas as suas perguntas enviadas com o formul\u00e1rio de contato\" \/>\n<meta name=\"robots\" content=\"index, follow, max-snippet:-1, max-image-preview:large, max-video-preview:-1\" \/>\n<link rel=\"canonical\" href=\"https:\/\/www.royal-horse.com\/pt-br\/contato\/\" \/>\n<meta property=\"og:locale\" content=\"pt_BR\" \/>\n<meta property=\"og:type\" content=\"article\" \/>\n<meta property=\"og:title\" content=\"Onde nos encontrar ? - Royal Horse\" \/>\n<meta property=\"og:description\" content=\"Contate as equipes da Royal Horse, estamos aqui para responder a todas as suas perguntas enviadas com o formul\u00e1rio de contato\" \/>\n<meta property=\"og:url\" content=\"https:\/\/www.royal-horse.com\/pt-br\/contato\/\" \/>\n<meta property=\"og:site_name\" content=\"Royal Horse\" \/>\n<meta property=\"article:modified_time\" content=\"2022-06-08T14:17:09+00:00\" \/>\n<meta name=\"twitter:card\" content=\"summary_large_image\" \/>\n<meta name=\"twitter:label1\" content=\"Est. tempo de leitura\" \/>\n\t<meta name=\"twitter:data1\" content=\"1 minuto\" \/>\n<script type=\"application\/ld+json\" class=\"yoast-schema-graph\">{\"@context\":\"https:\\\/\\\/schema.org\",\"@graph\":[{\"@type\":\"WebPage\",\"@id\":\"https:\\\/\\\/www.royal-horse.com\\\/pt-br\\\/contato\\\/\",\"url\":\"https:\\\/\\\/www.royal-horse.com\\\/pt-br\\\/contato\\\/\",\"name\":\"Onde nos encontrar ? - Royal Horse\",\"isPartOf\":{\"@id\":\"https:\\\/\\\/www.royal-horse.com\\\/pt-br\\\/#website\"},\"datePublished\":\"2022-03-18T15:40:38+00:00\",\"dateModified\":\"2022-06-08T14:17:09+00:00\",\"description\":\"Contate as equipes da Royal Horse, estamos aqui para responder a todas as suas perguntas enviadas com o formul\u00e1rio de contato\",\"breadcrumb\":{\"@id\":\"https:\\\/\\\/www.royal-horse.com\\\/pt-br\\\/contato\\\/#breadcrumb\"},\"inLanguage\":\"pt-BR\",\"potentialAction\":[{\"@type\":\"ReadAction\",\"target\":[\"https:\\\/\\\/www.royal-horse.com\\\/pt-br\\\/contato\\\/\"]}]},{\"@type\":\"BreadcrumbList\",\"@id\":\"https:\\\/\\\/www.royal-horse.com\\\/pt-br\\\/contato\\\/#breadcrumb\",\"itemListElement\":[{\"@type\":\"ListItem\",\"position\":1,\"name\":\"Accueil\",\"item\":\"https:\\\/\\\/www.royal-horse.com\\\/pt-br\\\/\"},{\"@type\":\"ListItem\",\"position\":2,\"name\":\"Propriet\u00e1rio\"}]},{\"@type\":\"WebSite\",\"@id\":\"https:\\\/\\\/www.royal-horse.com\\\/pt-br\\\/#website\",\"url\":\"https:\\\/\\\/www.royal-horse.com\\\/pt-br\\\/\",\"name\":\"Royal Horse\",\"description\":\"Leader de l&#039;alimentation pour chevaux\",\"publisher\":{\"@id\":\"https:\\\/\\\/www.royal-horse.com\\\/pt-br\\\/#organization\"},\"potentialAction\":[{\"@type\":\"SearchAction\",\"target\":{\"@type\":\"EntryPoint\",\"urlTemplate\":\"https:\\\/\\\/www.royal-horse.com\\\/pt-br\\\/?s={search_term_string}\"},\"query-input\":{\"@type\":\"PropertyValueSpecification\",\"valueRequired\":true,\"valueName\":\"search_term_string\"}}],\"inLanguage\":\"pt-BR\"},{\"@type\":\"Organization\",\"@id\":\"https:\\\/\\\/www.royal-horse.com\\\/pt-br\\\/#organization\",\"name\":\"Royal Horse\",\"url\":\"https:\\\/\\\/www.royal-horse.com\\\/pt-br\\\/\",\"logo\":{\"@type\":\"ImageObject\",\"inLanguage\":\"pt-BR\",\"@id\":\"https:\\\/\\\/www.royal-horse.com\\\/pt-br\\\/#\\\/schema\\\/logo\\\/image\\\/\",\"url\":\"https:\\\/\\\/www.royal-horse.com\\\/wp-content\\\/uploads\\\/2021\\\/10\\\/Logo-RH.svg\",\"contentUrl\":\"https:\\\/\\\/www.royal-horse.com\\\/wp-content\\\/uploads\\\/2021\\\/10\\\/Logo-RH.svg\",\"width\":71,\"height\":140,\"caption\":\"Royal Horse\"},\"image\":{\"@id\":\"https:\\\/\\\/www.royal-horse.com\\\/pt-br\\\/#\\\/schema\\\/logo\\\/image\\\/\"}}]}<\/script>\n<!-- \/ Yoast SEO plugin. -->","yoast_head_json":{"title":"Onde nos encontrar ? - Royal Horse","description":"Contate as equipes da Royal Horse, estamos aqui para responder a todas as suas perguntas enviadas com o formul\u00e1rio de contato","robots":{"index":"index","follow":"follow","max-snippet":"max-snippet:-1","max-image-preview":"max-image-preview:large","max-video-preview":"max-video-preview:-1"},"canonical":"https:\/\/www.royal-horse.com\/pt-br\/contato\/","og_locale":"pt_BR","og_type":"article","og_title":"Onde nos encontrar ? - Royal Horse","og_description":"Contate as equipes da Royal Horse, estamos aqui para responder a todas as suas perguntas enviadas com o formul\u00e1rio de contato","og_url":"https:\/\/www.royal-horse.com\/pt-br\/contato\/","og_site_name":"Royal Horse","article_modified_time":"2022-06-08T14:17:09+00:00","twitter_card":"summary_large_image","twitter_misc":{"Est. tempo de leitura":"1 minuto"},"schema":{"@context":"https:\/\/schema.org","@graph":[{"@type":"WebPage","@id":"https:\/\/www.royal-horse.com\/pt-br\/contato\/","url":"https:\/\/www.royal-horse.com\/pt-br\/contato\/","name":"Onde nos encontrar ? - Royal Horse","isPartOf":{"@id":"https:\/\/www.royal-horse.com\/pt-br\/#website"},"datePublished":"2022-03-18T15:40:38+00:00","dateModified":"2022-06-08T14:17:09+00:00","description":"Contate as equipes da Royal Horse, estamos aqui para responder a todas as suas perguntas enviadas com o formul\u00e1rio de contato","breadcrumb":{"@id":"https:\/\/www.royal-horse.com\/pt-br\/contato\/#breadcrumb"},"inLanguage":"pt-BR","potentialAction":[{"@type":"ReadAction","target":["https:\/\/www.royal-horse.com\/pt-br\/contato\/"]}]},{"@type":"BreadcrumbList","@id":"https:\/\/www.royal-horse.com\/pt-br\/contato\/#breadcrumb","itemListElement":[{"@type":"ListItem","position":1,"name":"Accueil","item":"https:\/\/www.royal-horse.com\/pt-br\/"},{"@type":"ListItem","position":2,"name":"Propriet\u00e1rio"}]},{"@type":"WebSite","@id":"https:\/\/www.royal-horse.com\/pt-br\/#website","url":"https:\/\/www.royal-horse.com\/pt-br\/","name":"Royal Horse","description":"Leader de l&#039;alimentation pour chevaux","publisher":{"@id":"https:\/\/www.royal-horse.com\/pt-br\/#organization"},"potentialAction":[{"@type":"SearchAction","target":{"@type":"EntryPoint","urlTemplate":"https:\/\/www.royal-horse.com\/pt-br\/?s={search_term_string}"},"query-input":{"@type":"PropertyValueSpecification","valueRequired":true,"valueName":"search_term_string"}}],"inLanguage":"pt-BR"},{"@type":"Organization","@id":"https:\/\/www.royal-horse.com\/pt-br\/#organization","name":"Royal Horse","url":"https:\/\/www.royal-horse.com\/pt-br\/","logo":{"@type":"ImageObject","inLanguage":"pt-BR","@id":"https:\/\/www.royal-horse.com\/pt-br\/#\/schema\/logo\/image\/","url":"https:\/\/www.royal-horse.com\/wp-content\/uploads\/2021\/10\/Logo-RH.svg","contentUrl":"https:\/\/www.royal-horse.com\/wp-content\/uploads\/2021\/10\/Logo-RH.svg","width":71,"height":140,"caption":"Royal Horse"},"image":{"@id":"https:\/\/www.royal-horse.com\/pt-br\/#\/schema\/logo\/image\/"}}]}},"_links":{"self":[{"href":"https:\/\/www.royal-horse.com\/pt-br\/wp-json\/wp\/v2\/pages\/12501","targetHints":{"allow":["GET"]}}],"collection":[{"href":"https:\/\/www.royal-horse.com\/pt-br\/wp-json\/wp\/v2\/pages"}],"about":[{"href":"https:\/\/www.royal-horse.com\/pt-br\/wp-json\/wp\/v2\/types\/page"}],"author":[{"embeddable":true,"href":"https:\/\/www.royal-horse.com\/pt-br\/wp-json\/wp\/v2\/users\/13"}],"replies":[{"embeddable":true,"href":"https:\/\/www.royal-horse.com\/pt-br\/wp-json\/wp\/v2\/comments?post=12501"}],"version-history":[{"count":5,"href":"https:\/\/www.royal-horse.com\/pt-br\/wp-json\/wp\/v2\/pages\/12501\/revisions"}],"predecessor-version":[{"id":18379,"href":"https:\/\/www.royal-horse.com\/pt-br\/wp-json\/wp\/v2\/pages\/12501\/revisions\/18379"}],"wp:attachment":[{"href":"https:\/\/www.royal-horse.com\/pt-br\/wp-json\/wp\/v2\/media?parent=12501"}],"curies":[{"name":"wp","href":"https:\/\/api.w.org\/{rel}","templated":true}]}}