{"id":19414,"date":"2022-10-05T14:52:41","date_gmt":"2022-10-05T12:52:41","guid":{"rendered":"https:\/\/www.royal-horse.com\/?page_id=19414"},"modified":"2022-10-31T12:26:35","modified_gmt":"2022-10-31T11:26:35","slug":"pesquisa-desenvolvimento","status":"publish","type":"page","link":"https:\/\/www.royal-horse.com\/pt-br\/historia\/pesquisa-desenvolvimento\/","title":{"rendered":"Pesquisa e desenvolvimento"},"content":{"rendered":"","protected":false},"excerpt":{"rendered":"<p> [&#8230;]<\/p>\n<p><a class=\"btn btn-secondary understrap-read-more-link\" href=\"https:\/\/www.royal-horse.com\/pt-br\/historia\/pesquisa-desenvolvimento\/\">Leia mais&#8230;<span class=\"screen-reader-text\"> from Pesquisa e desenvolvimento<\/span><\/a><\/p>\n","protected":false},"author":13,"featured_media":0,"parent":12395,"menu_order":0,"comment_status":"closed","ping_status":"closed","template":"page-recherche-developpement.php","meta":{"_acf_changed":false,"_joinchat":[],"footnotes":""},"class_list":["post-19414","page","type-page","status-publish","hentry"],"acf":[],"yoast_head":"<!-- This site is optimized with the Yoast SEO plugin v27.6 - https:\/\/yoast.com\/product\/yoast-seo-wordpress\/ -->\n<title>Pesquisa e desenvolvimento - Royal Horse<\/title>\n<meta name=\"description\" content=\"Durante muitos anos, ROYAL HORSE tem colaborado com as melhores equipas de investiga\u00e7\u00e3o em nutri\u00e7\u00e3o equina para desenvolver ra\u00e7\u00f5es para cavalos adaptadas \u00e0s suas necessidades nutricionais.\" \/>\n<meta name=\"robots\" content=\"index, follow, max-snippet:-1, max-image-preview:large, max-video-preview:-1\" \/>\n<link rel=\"canonical\" href=\"https:\/\/www.royal-horse.com\/pt-br\/historia\/pesquisa-desenvolvimento\/\" \/>\n<meta property=\"og:locale\" content=\"pt_BR\" \/>\n<meta property=\"og:type\" content=\"article\" \/>\n<meta property=\"og:title\" content=\"Pesquisa e desenvolvimento - Royal Horse\" \/>\n<meta property=\"og:description\" content=\"Durante muitos anos, ROYAL HORSE tem colaborado com as melhores equipas de investiga\u00e7\u00e3o em nutri\u00e7\u00e3o equina para desenvolver ra\u00e7\u00f5es para cavalos adaptadas \u00e0s suas necessidades nutricionais.\" \/>\n<meta property=\"og:url\" content=\"https:\/\/www.royal-horse.com\/pt-br\/historia\/pesquisa-desenvolvimento\/\" \/>\n<meta property=\"og:site_name\" content=\"Royal Horse\" \/>\n<meta property=\"article:modified_time\" content=\"2022-10-31T11:26:35+00:00\" \/>\n<meta name=\"twitter:card\" content=\"summary_large_image\" \/>\n<script type=\"application\/ld+json\" class=\"yoast-schema-graph\">{\"@context\":\"https:\\\/\\\/schema.org\",\"@graph\":[{\"@type\":\"WebPage\",\"@id\":\"https:\\\/\\\/www.royal-horse.com\\\/pt-br\\\/historia\\\/pesquisa-desenvolvimento\\\/\",\"url\":\"https:\\\/\\\/www.royal-horse.com\\\/pt-br\\\/historia\\\/pesquisa-desenvolvimento\\\/\",\"name\":\"Pesquisa e desenvolvimento - Royal Horse\",\"isPartOf\":{\"@id\":\"https:\\\/\\\/www.royal-horse.com\\\/pt-br\\\/#website\"},\"datePublished\":\"2022-10-05T12:52:41+00:00\",\"dateModified\":\"2022-10-31T11:26:35+00:00\",\"description\":\"Durante muitos anos, ROYAL HORSE tem colaborado com as melhores equipas de investiga\u00e7\u00e3o em nutri\u00e7\u00e3o equina para desenvolver ra\u00e7\u00f5es para cavalos adaptadas \u00e0s suas necessidades nutricionais.\",\"breadcrumb\":{\"@id\":\"https:\\\/\\\/www.royal-horse.com\\\/pt-br\\\/historia\\\/pesquisa-desenvolvimento\\\/#breadcrumb\"},\"inLanguage\":\"pt-BR\",\"potentialAction\":[{\"@type\":\"ReadAction\",\"target\":[\"https:\\\/\\\/www.royal-horse.com\\\/pt-br\\\/historia\\\/pesquisa-desenvolvimento\\\/\"]}]},{\"@type\":\"BreadcrumbList\",\"@id\":\"https:\\\/\\\/www.royal-horse.com\\\/pt-br\\\/historia\\\/pesquisa-desenvolvimento\\\/#breadcrumb\",\"itemListElement\":[{\"@type\":\"ListItem\",\"position\":1,\"name\":\"Accueil\",\"item\":\"https:\\\/\\\/www.royal-horse.com\\\/pt-br\\\/\"},{\"@type\":\"ListItem\",\"position\":2,\"name\":\"Hist\u00f3ria\",\"item\":\"https:\\\/\\\/www.royal-horse.com\\\/pt-br\\\/historia\\\/\"},{\"@type\":\"ListItem\",\"position\":3,\"name\":\"Pesquisa e desenvolvimento\"}]},{\"@type\":\"WebSite\",\"@id\":\"https:\\\/\\\/www.royal-horse.com\\\/pt-br\\\/#website\",\"url\":\"https:\\\/\\\/www.royal-horse.com\\\/pt-br\\\/\",\"name\":\"Royal Horse\",\"description\":\"Leader de l&#039;alimentation pour chevaux\",\"publisher\":{\"@id\":\"https:\\\/\\\/www.royal-horse.com\\\/pt-br\\\/#organization\"},\"potentialAction\":[{\"@type\":\"SearchAction\",\"target\":{\"@type\":\"EntryPoint\",\"urlTemplate\":\"https:\\\/\\\/www.royal-horse.com\\\/pt-br\\\/?s={search_term_string}\"},\"query-input\":{\"@type\":\"PropertyValueSpecification\",\"valueRequired\":true,\"valueName\":\"search_term_string\"}}],\"inLanguage\":\"pt-BR\"},{\"@type\":\"Organization\",\"@id\":\"https:\\\/\\\/www.royal-horse.com\\\/pt-br\\\/#organization\",\"name\":\"Royal Horse\",\"url\":\"https:\\\/\\\/www.royal-horse.com\\\/pt-br\\\/\",\"logo\":{\"@type\":\"ImageObject\",\"inLanguage\":\"pt-BR\",\"@id\":\"https:\\\/\\\/www.royal-horse.com\\\/pt-br\\\/#\\\/schema\\\/logo\\\/image\\\/\",\"url\":\"https:\\\/\\\/www.royal-horse.com\\\/wp-content\\\/uploads\\\/2021\\\/10\\\/Logo-RH.svg\",\"contentUrl\":\"https:\\\/\\\/www.royal-horse.com\\\/wp-content\\\/uploads\\\/2021\\\/10\\\/Logo-RH.svg\",\"width\":71,\"height\":140,\"caption\":\"Royal Horse\"},\"image\":{\"@id\":\"https:\\\/\\\/www.royal-horse.com\\\/pt-br\\\/#\\\/schema\\\/logo\\\/image\\\/\"}}]}<\/script>\n<!-- \/ Yoast SEO plugin. -->","yoast_head_json":{"title":"Pesquisa e desenvolvimento - Royal Horse","description":"Durante muitos anos, ROYAL HORSE tem colaborado com as melhores equipas de investiga\u00e7\u00e3o em nutri\u00e7\u00e3o equina para desenvolver ra\u00e7\u00f5es para cavalos adaptadas \u00e0s suas necessidades nutricionais.","robots":{"index":"index","follow":"follow","max-snippet":"max-snippet:-1","max-image-preview":"max-image-preview:large","max-video-preview":"max-video-preview:-1"},"canonical":"https:\/\/www.royal-horse.com\/pt-br\/historia\/pesquisa-desenvolvimento\/","og_locale":"pt_BR","og_type":"article","og_title":"Pesquisa e desenvolvimento - Royal Horse","og_description":"Durante muitos anos, ROYAL HORSE tem colaborado com as melhores equipas de investiga\u00e7\u00e3o em nutri\u00e7\u00e3o equina para desenvolver ra\u00e7\u00f5es para cavalos adaptadas \u00e0s suas necessidades nutricionais.","og_url":"https:\/\/www.royal-horse.com\/pt-br\/historia\/pesquisa-desenvolvimento\/","og_site_name":"Royal Horse","article_modified_time":"2022-10-31T11:26:35+00:00","twitter_card":"summary_large_image","schema":{"@context":"https:\/\/schema.org","@graph":[{"@type":"WebPage","@id":"https:\/\/www.royal-horse.com\/pt-br\/historia\/pesquisa-desenvolvimento\/","url":"https:\/\/www.royal-horse.com\/pt-br\/historia\/pesquisa-desenvolvimento\/","name":"Pesquisa e desenvolvimento - Royal Horse","isPartOf":{"@id":"https:\/\/www.royal-horse.com\/pt-br\/#website"},"datePublished":"2022-10-05T12:52:41+00:00","dateModified":"2022-10-31T11:26:35+00:00","description":"Durante muitos anos, ROYAL HORSE tem colaborado com as melhores equipas de investiga\u00e7\u00e3o em nutri\u00e7\u00e3o equina para desenvolver ra\u00e7\u00f5es para cavalos adaptadas \u00e0s suas necessidades nutricionais.","breadcrumb":{"@id":"https:\/\/www.royal-horse.com\/pt-br\/historia\/pesquisa-desenvolvimento\/#breadcrumb"},"inLanguage":"pt-BR","potentialAction":[{"@type":"ReadAction","target":["https:\/\/www.royal-horse.com\/pt-br\/historia\/pesquisa-desenvolvimento\/"]}]},{"@type":"BreadcrumbList","@id":"https:\/\/www.royal-horse.com\/pt-br\/historia\/pesquisa-desenvolvimento\/#breadcrumb","itemListElement":[{"@type":"ListItem","position":1,"name":"Accueil","item":"https:\/\/www.royal-horse.com\/pt-br\/"},{"@type":"ListItem","position":2,"name":"Hist\u00f3ria","item":"https:\/\/www.royal-horse.com\/pt-br\/historia\/"},{"@type":"ListItem","position":3,"name":"Pesquisa e desenvolvimento"}]},{"@type":"WebSite","@id":"https:\/\/www.royal-horse.com\/pt-br\/#website","url":"https:\/\/www.royal-horse.com\/pt-br\/","name":"Royal Horse","description":"Leader de l&#039;alimentation pour chevaux","publisher":{"@id":"https:\/\/www.royal-horse.com\/pt-br\/#organization"},"potentialAction":[{"@type":"SearchAction","target":{"@type":"EntryPoint","urlTemplate":"https:\/\/www.royal-horse.com\/pt-br\/?s={search_term_string}"},"query-input":{"@type":"PropertyValueSpecification","valueRequired":true,"valueName":"search_term_string"}}],"inLanguage":"pt-BR"},{"@type":"Organization","@id":"https:\/\/www.royal-horse.com\/pt-br\/#organization","name":"Royal Horse","url":"https:\/\/www.royal-horse.com\/pt-br\/","logo":{"@type":"ImageObject","inLanguage":"pt-BR","@id":"https:\/\/www.royal-horse.com\/pt-br\/#\/schema\/logo\/image\/","url":"https:\/\/www.royal-horse.com\/wp-content\/uploads\/2021\/10\/Logo-RH.svg","contentUrl":"https:\/\/www.royal-horse.com\/wp-content\/uploads\/2021\/10\/Logo-RH.svg","width":71,"height":140,"caption":"Royal Horse"},"image":{"@id":"https:\/\/www.royal-horse.com\/pt-br\/#\/schema\/logo\/image\/"}}]}},"_links":{"self":[{"href":"https:\/\/www.royal-horse.com\/pt-br\/wp-json\/wp\/v2\/pages\/19414","targetHints":{"allow":["GET"]}}],"collection":[{"href":"https:\/\/www.royal-horse.com\/pt-br\/wp-json\/wp\/v2\/pages"}],"about":[{"href":"https:\/\/www.royal-horse.com\/pt-br\/wp-json\/wp\/v2\/types\/page"}],"author":[{"embeddable":true,"href":"https:\/\/www.royal-horse.com\/pt-br\/wp-json\/wp\/v2\/users\/13"}],"replies":[{"embeddable":true,"href":"https:\/\/www.royal-horse.com\/pt-br\/wp-json\/wp\/v2\/comments?post=19414"}],"version-history":[{"count":4,"href":"https:\/\/www.royal-horse.com\/pt-br\/wp-json\/wp\/v2\/pages\/19414\/revisions"}],"predecessor-version":[{"id":19858,"href":"https:\/\/www.royal-horse.com\/pt-br\/wp-json\/wp\/v2\/pages\/19414\/revisions\/19858"}],"up":[{"embeddable":true,"href":"https:\/\/www.royal-horse.com\/pt-br\/wp-json\/wp\/v2\/pages\/12395"}],"wp:attachment":[{"href":"https:\/\/www.royal-horse.com\/pt-br\/wp-json\/wp\/v2\/media?parent=19414"}],"curies":[{"name":"wp","href":"https:\/\/api.w.org\/{rel}","templated":true}]}}