{"id":30991,"date":"2023-11-20T12:16:04","date_gmt":"2023-11-20T11:16:04","guid":{"rendered":"https:\/\/www.royal-horse.com\/?page_id=30991"},"modified":"2023-11-21T18:34:48","modified_gmt":"2023-11-21T17:34:48","slug":"complementos-nutricionais","status":"publish","type":"page","link":"https:\/\/www.royal-horse.com\/pt-br\/complementos-nutricionais\/","title":{"rendered":"Linha Complementos"},"content":{"rendered":"","protected":false},"excerpt":{"rendered":"<p> [&#8230;]<\/p>\n<p><a class=\"btn btn-secondary understrap-read-more-link\" href=\"https:\/\/www.royal-horse.com\/pt-br\/complementos-nutricionais\/\">Leia mais&#8230;<span class=\"screen-reader-text\"> from Linha Complementos<\/span><\/a><\/p>\n","protected":false},"author":18,"featured_media":0,"parent":0,"menu_order":0,"comment_status":"closed","ping_status":"closed","template":"page-complements.php","meta":{"_acf_changed":false,"_joinchat":[],"footnotes":""},"class_list":["post-30991","page","type-page","status-publish","hentry"],"acf":[],"yoast_head":"<!-- This site is optimized with the Yoast SEO plugin v27.4 - https:\/\/yoast.com\/product\/yoast-seo-wordpress\/ -->\n<title>Linha Complementos - Royal Horse<\/title>\n<meta name=\"description\" content=\"A linha de alimentos complementares para cavalos \u00e9 especialmente formulada para permitir que voc\u00ea componha uma dieta adaptada \u00e0s necessidades espec\u00edficas do seu cavalo.\" \/>\n<meta name=\"robots\" content=\"index, follow, max-snippet:-1, max-image-preview:large, max-video-preview:-1\" \/>\n<link rel=\"canonical\" href=\"https:\/\/www.royal-horse.com\/pt-br\/complementos-nutricionais\/\" \/>\n<meta property=\"og:locale\" content=\"pt_BR\" \/>\n<meta property=\"og:type\" content=\"article\" \/>\n<meta property=\"og:title\" content=\"Linha Complementos - Royal Horse\" \/>\n<meta property=\"og:description\" content=\"A linha de alimentos complementares para cavalos \u00e9 especialmente formulada para permitir que voc\u00ea componha uma dieta adaptada \u00e0s necessidades espec\u00edficas do seu cavalo.\" \/>\n<meta property=\"og:url\" content=\"https:\/\/www.royal-horse.com\/pt-br\/complementos-nutricionais\/\" \/>\n<meta property=\"og:site_name\" content=\"Royal Horse\" \/>\n<meta property=\"article:modified_time\" content=\"2023-11-21T17:34:48+00:00\" \/>\n<meta name=\"twitter:card\" content=\"summary_large_image\" \/>\n<script type=\"application\/ld+json\" class=\"yoast-schema-graph\">{\"@context\":\"https:\\\/\\\/schema.org\",\"@graph\":[{\"@type\":\"WebPage\",\"@id\":\"https:\\\/\\\/www.royal-horse.com\\\/pt-br\\\/complementos-nutricionais\\\/\",\"url\":\"https:\\\/\\\/www.royal-horse.com\\\/pt-br\\\/complementos-nutricionais\\\/\",\"name\":\"Linha Complementos - Royal Horse\",\"isPartOf\":{\"@id\":\"https:\\\/\\\/www.royal-horse.com\\\/pt-br\\\/#website\"},\"datePublished\":\"2023-11-20T11:16:04+00:00\",\"dateModified\":\"2023-11-21T17:34:48+00:00\",\"description\":\"A linha de alimentos complementares para cavalos \u00e9 especialmente formulada para permitir que voc\u00ea componha uma dieta adaptada \u00e0s necessidades espec\u00edficas do seu cavalo.\",\"breadcrumb\":{\"@id\":\"https:\\\/\\\/www.royal-horse.com\\\/pt-br\\\/complementos-nutricionais\\\/#breadcrumb\"},\"inLanguage\":\"pt-BR\",\"potentialAction\":[{\"@type\":\"ReadAction\",\"target\":[\"https:\\\/\\\/www.royal-horse.com\\\/pt-br\\\/complementos-nutricionais\\\/\"]}]},{\"@type\":\"BreadcrumbList\",\"@id\":\"https:\\\/\\\/www.royal-horse.com\\\/pt-br\\\/complementos-nutricionais\\\/#breadcrumb\",\"itemListElement\":[{\"@type\":\"ListItem\",\"position\":1,\"name\":\"Accueil\",\"item\":\"https:\\\/\\\/www.royal-horse.com\\\/pt-br\\\/\"},{\"@type\":\"ListItem\",\"position\":2,\"name\":\"Linha Complementos\"}]},{\"@type\":\"WebSite\",\"@id\":\"https:\\\/\\\/www.royal-horse.com\\\/pt-br\\\/#website\",\"url\":\"https:\\\/\\\/www.royal-horse.com\\\/pt-br\\\/\",\"name\":\"Royal Horse\",\"description\":\"Leader de l&#039;alimentation pour chevaux\",\"publisher\":{\"@id\":\"https:\\\/\\\/www.royal-horse.com\\\/pt-br\\\/#organization\"},\"potentialAction\":[{\"@type\":\"SearchAction\",\"target\":{\"@type\":\"EntryPoint\",\"urlTemplate\":\"https:\\\/\\\/www.royal-horse.com\\\/pt-br\\\/?s={search_term_string}\"},\"query-input\":{\"@type\":\"PropertyValueSpecification\",\"valueRequired\":true,\"valueName\":\"search_term_string\"}}],\"inLanguage\":\"pt-BR\"},{\"@type\":\"Organization\",\"@id\":\"https:\\\/\\\/www.royal-horse.com\\\/pt-br\\\/#organization\",\"name\":\"Royal Horse\",\"url\":\"https:\\\/\\\/www.royal-horse.com\\\/pt-br\\\/\",\"logo\":{\"@type\":\"ImageObject\",\"inLanguage\":\"pt-BR\",\"@id\":\"https:\\\/\\\/www.royal-horse.com\\\/pt-br\\\/#\\\/schema\\\/logo\\\/image\\\/\",\"url\":\"https:\\\/\\\/www.royal-horse.com\\\/wp-content\\\/uploads\\\/2021\\\/10\\\/Logo-RH.svg\",\"contentUrl\":\"https:\\\/\\\/www.royal-horse.com\\\/wp-content\\\/uploads\\\/2021\\\/10\\\/Logo-RH.svg\",\"width\":71,\"height\":140,\"caption\":\"Royal Horse\"},\"image\":{\"@id\":\"https:\\\/\\\/www.royal-horse.com\\\/pt-br\\\/#\\\/schema\\\/logo\\\/image\\\/\"}}]}<\/script>\n<!-- \/ Yoast SEO plugin. -->","yoast_head_json":{"title":"Linha Complementos - Royal Horse","description":"A linha de alimentos complementares para cavalos \u00e9 especialmente formulada para permitir que voc\u00ea componha uma dieta adaptada \u00e0s necessidades espec\u00edficas do seu cavalo.","robots":{"index":"index","follow":"follow","max-snippet":"max-snippet:-1","max-image-preview":"max-image-preview:large","max-video-preview":"max-video-preview:-1"},"canonical":"https:\/\/www.royal-horse.com\/pt-br\/complementos-nutricionais\/","og_locale":"pt_BR","og_type":"article","og_title":"Linha Complementos - Royal Horse","og_description":"A linha de alimentos complementares para cavalos \u00e9 especialmente formulada para permitir que voc\u00ea componha uma dieta adaptada \u00e0s necessidades espec\u00edficas do seu cavalo.","og_url":"https:\/\/www.royal-horse.com\/pt-br\/complementos-nutricionais\/","og_site_name":"Royal Horse","article_modified_time":"2023-11-21T17:34:48+00:00","twitter_card":"summary_large_image","schema":{"@context":"https:\/\/schema.org","@graph":[{"@type":"WebPage","@id":"https:\/\/www.royal-horse.com\/pt-br\/complementos-nutricionais\/","url":"https:\/\/www.royal-horse.com\/pt-br\/complementos-nutricionais\/","name":"Linha Complementos - Royal Horse","isPartOf":{"@id":"https:\/\/www.royal-horse.com\/pt-br\/#website"},"datePublished":"2023-11-20T11:16:04+00:00","dateModified":"2023-11-21T17:34:48+00:00","description":"A linha de alimentos complementares para cavalos \u00e9 especialmente formulada para permitir que voc\u00ea componha uma dieta adaptada \u00e0s necessidades espec\u00edficas do seu cavalo.","breadcrumb":{"@id":"https:\/\/www.royal-horse.com\/pt-br\/complementos-nutricionais\/#breadcrumb"},"inLanguage":"pt-BR","potentialAction":[{"@type":"ReadAction","target":["https:\/\/www.royal-horse.com\/pt-br\/complementos-nutricionais\/"]}]},{"@type":"BreadcrumbList","@id":"https:\/\/www.royal-horse.com\/pt-br\/complementos-nutricionais\/#breadcrumb","itemListElement":[{"@type":"ListItem","position":1,"name":"Accueil","item":"https:\/\/www.royal-horse.com\/pt-br\/"},{"@type":"ListItem","position":2,"name":"Linha Complementos"}]},{"@type":"WebSite","@id":"https:\/\/www.royal-horse.com\/pt-br\/#website","url":"https:\/\/www.royal-horse.com\/pt-br\/","name":"Royal Horse","description":"Leader de l&#039;alimentation pour chevaux","publisher":{"@id":"https:\/\/www.royal-horse.com\/pt-br\/#organization"},"potentialAction":[{"@type":"SearchAction","target":{"@type":"EntryPoint","urlTemplate":"https:\/\/www.royal-horse.com\/pt-br\/?s={search_term_string}"},"query-input":{"@type":"PropertyValueSpecification","valueRequired":true,"valueName":"search_term_string"}}],"inLanguage":"pt-BR"},{"@type":"Organization","@id":"https:\/\/www.royal-horse.com\/pt-br\/#organization","name":"Royal Horse","url":"https:\/\/www.royal-horse.com\/pt-br\/","logo":{"@type":"ImageObject","inLanguage":"pt-BR","@id":"https:\/\/www.royal-horse.com\/pt-br\/#\/schema\/logo\/image\/","url":"https:\/\/www.royal-horse.com\/wp-content\/uploads\/2021\/10\/Logo-RH.svg","contentUrl":"https:\/\/www.royal-horse.com\/wp-content\/uploads\/2021\/10\/Logo-RH.svg","width":71,"height":140,"caption":"Royal Horse"},"image":{"@id":"https:\/\/www.royal-horse.com\/pt-br\/#\/schema\/logo\/image\/"}}]}},"_links":{"self":[{"href":"https:\/\/www.royal-horse.com\/pt-br\/wp-json\/wp\/v2\/pages\/30991","targetHints":{"allow":["GET"]}}],"collection":[{"href":"https:\/\/www.royal-horse.com\/pt-br\/wp-json\/wp\/v2\/pages"}],"about":[{"href":"https:\/\/www.royal-horse.com\/pt-br\/wp-json\/wp\/v2\/types\/page"}],"author":[{"embeddable":true,"href":"https:\/\/www.royal-horse.com\/pt-br\/wp-json\/wp\/v2\/users\/18"}],"replies":[{"embeddable":true,"href":"https:\/\/www.royal-horse.com\/pt-br\/wp-json\/wp\/v2\/comments?post=30991"}],"version-history":[{"count":5,"href":"https:\/\/www.royal-horse.com\/pt-br\/wp-json\/wp\/v2\/pages\/30991\/revisions"}],"predecessor-version":[{"id":31396,"href":"https:\/\/www.royal-horse.com\/pt-br\/wp-json\/wp\/v2\/pages\/30991\/revisions\/31396"}],"wp:attachment":[{"href":"https:\/\/www.royal-horse.com\/pt-br\/wp-json\/wp\/v2\/media?parent=30991"}],"curies":[{"name":"wp","href":"https:\/\/api.w.org\/{rel}","templated":true}]}}