{"id":10281,"date":"2023-04-04T17:29:57","date_gmt":"2023-04-04T15:29:57","guid":{"rendered":"https:\/\/www.royal-horse.com\/produit\/h-350-racao-em-flocos-para-cavalos-de-competicao\/"},"modified":"2025-08-04T20:13:27","modified_gmt":"2025-08-04T18:13:27","slug":"podium-multiparticulas-milho-extrusado-aveia-cavalos-atletas-esforco-intenso","status":"publish","type":"product","link":"https:\/\/www.royal-horse.com\/pt-br\/alimentacao-cavalos\/podium-multiparticulas-milho-extrusado-aveia-cavalos-atletas-esforco-intenso\/","title":{"rendered":"Podium"},"content":{"rendered":"","protected":false},"excerpt":{"rendered":"<p> [&#8230;]<\/p>\n<p><a class=\"btn btn-secondary understrap-read-more-link\" href=\"https:\/\/www.royal-horse.com\/pt-br\/alimentacao-cavalos\/podium-multiparticulas-milho-extrusado-aveia-cavalos-atletas-esforco-intenso\/\">Leia mais&#8230;<span class=\"screen-reader-text\"> from Podium<\/span><\/a><\/p>\n","protected":false},"featured_media":33450,"comment_status":"closed","ping_status":"closed","template":"","meta":{"_acf_changed":false,"_joinchat":[]},"dispo_ecurie":[211],"activite_cheval":[273],"type_aliment":[208],"product_brand":[],"product_cat":[202],"product_tag":[],"class_list":{"0":"post-10281","1":"product","2":"type-product","3":"status-publish","4":"has-post-thumbnail","6":"dispo_ecurie-feno","7":"activite_cheval-trabalho-intenso","8":"type_aliment-multiparticulas","9":"product_cat-linha-competicao-high","11":"first","12":"instock","13":"shipping-taxable","14":"product-type-simple"},"acf":[],"yoast_head":"<!-- This site is optimized with the Yoast SEO plugin v27.4 - https:\/\/yoast.com\/product\/yoast-seo-wordpress\/ -->\n<title>PODIUM H-350 - Royal Horse<\/title>\n<meta name=\"description\" content=\"ROYAL HORSE PODIUM ra\u00e7\u00e3o com milho extrusado, aveia e banho de mela\u00e7o, formulada para trabalhos intensos\" \/>\n<meta name=\"robots\" content=\"index, follow, max-snippet:-1, max-image-preview:large, max-video-preview:-1\" \/>\n<link rel=\"canonical\" href=\"https:\/\/www.royal-horse.com\/pt-br\/alimentacao-cavalos\/podium-multiparticulas-milho-extrusado-aveia-cavalos-atletas-esforco-intenso\/\" \/>\n<meta property=\"og:locale\" content=\"pt_BR\" \/>\n<meta property=\"og:type\" content=\"article\" \/>\n<meta property=\"og:title\" content=\"PODIUM H-350 - Royal Horse\" \/>\n<meta property=\"og:description\" content=\"ROYAL HORSE PODIUM ra\u00e7\u00e3o com milho extrusado, aveia e banho de mela\u00e7o, formulada para trabalhos intensos\" \/>\n<meta property=\"og:url\" content=\"https:\/\/www.royal-horse.com\/pt-br\/alimentacao-cavalos\/podium-multiparticulas-milho-extrusado-aveia-cavalos-atletas-esforco-intenso\/\" \/>\n<meta property=\"og:site_name\" content=\"Royal Horse\" \/>\n<meta property=\"article:modified_time\" content=\"2025-08-04T18:13:27+00:00\" \/>\n<meta property=\"og:image\" content=\"https:\/\/www.royal-horse.com\/wp-content\/uploads\/2023\/04\/RH-Podium-scaled.png\" \/>\n\t<meta property=\"og:image:width\" content=\"2068\" \/>\n\t<meta property=\"og:image:height\" content=\"2560\" \/>\n\t<meta property=\"og:image:type\" content=\"image\/png\" \/>\n<meta name=\"twitter:card\" content=\"summary_large_image\" \/>\n<meta name=\"twitter:label1\" content=\"Est. tempo de leitura\" \/>\n\t<meta name=\"twitter:data1\" content=\"1 minuto\" \/>\n<script type=\"application\/ld+json\" class=\"yoast-schema-graph\">{\"@context\":\"https:\\\/\\\/schema.org\",\"@graph\":[{\"@type\":\"WebPage\",\"@id\":\"https:\\\/\\\/www.royal-horse.com\\\/pt-br\\\/alimentacao-cavalos\\\/podium-multiparticulas-milho-extrusado-aveia-cavalos-atletas-esforco-intenso\\\/\",\"url\":\"https:\\\/\\\/www.royal-horse.com\\\/pt-br\\\/alimentacao-cavalos\\\/podium-multiparticulas-milho-extrusado-aveia-cavalos-atletas-esforco-intenso\\\/\",\"name\":\"PODIUM H-350 - Royal Horse\",\"isPartOf\":{\"@id\":\"https:\\\/\\\/www.royal-horse.com\\\/pt-br\\\/#website\"},\"primaryImageOfPage\":{\"@id\":\"https:\\\/\\\/www.royal-horse.com\\\/pt-br\\\/alimentacao-cavalos\\\/podium-multiparticulas-milho-extrusado-aveia-cavalos-atletas-esforco-intenso\\\/#primaryimage\"},\"image\":{\"@id\":\"https:\\\/\\\/www.royal-horse.com\\\/pt-br\\\/alimentacao-cavalos\\\/podium-multiparticulas-milho-extrusado-aveia-cavalos-atletas-esforco-intenso\\\/#primaryimage\"},\"thumbnailUrl\":\"https:\\\/\\\/www.royal-horse.com\\\/wp-content\\\/uploads\\\/2023\\\/04\\\/RH-Podium-scaled.png\",\"datePublished\":\"2023-04-04T15:29:57+00:00\",\"dateModified\":\"2025-08-04T18:13:27+00:00\",\"description\":\"ROYAL HORSE PODIUM ra\u00e7\u00e3o com milho extrusado, aveia e banho de mela\u00e7o, formulada para trabalhos intensos\",\"breadcrumb\":{\"@id\":\"https:\\\/\\\/www.royal-horse.com\\\/pt-br\\\/alimentacao-cavalos\\\/podium-multiparticulas-milho-extrusado-aveia-cavalos-atletas-esforco-intenso\\\/#breadcrumb\"},\"inLanguage\":\"pt-BR\",\"potentialAction\":[{\"@type\":\"ReadAction\",\"target\":[\"https:\\\/\\\/www.royal-horse.com\\\/pt-br\\\/alimentacao-cavalos\\\/podium-multiparticulas-milho-extrusado-aveia-cavalos-atletas-esforco-intenso\\\/\"]}]},{\"@type\":\"ImageObject\",\"inLanguage\":\"pt-BR\",\"@id\":\"https:\\\/\\\/www.royal-horse.com\\\/pt-br\\\/alimentacao-cavalos\\\/podium-multiparticulas-milho-extrusado-aveia-cavalos-atletas-esforco-intenso\\\/#primaryimage\",\"url\":\"https:\\\/\\\/www.royal-horse.com\\\/wp-content\\\/uploads\\\/2023\\\/04\\\/RH-Podium-scaled.png\",\"contentUrl\":\"https:\\\/\\\/www.royal-horse.com\\\/wp-content\\\/uploads\\\/2023\\\/04\\\/RH-Podium-scaled.png\",\"width\":2068,\"height\":2560},{\"@type\":\"BreadcrumbList\",\"@id\":\"https:\\\/\\\/www.royal-horse.com\\\/pt-br\\\/alimentacao-cavalos\\\/podium-multiparticulas-milho-extrusado-aveia-cavalos-atletas-esforco-intenso\\\/#breadcrumb\",\"itemListElement\":[{\"@type\":\"ListItem\",\"position\":1,\"name\":\"Accueil\",\"item\":\"https:\\\/\\\/www.royal-horse.com\\\/pt-br\\\/\"},{\"@type\":\"ListItem\",\"position\":2,\"name\":\"Produtos\",\"item\":\"https:\\\/\\\/www.royal-horse.com\\\/pt-br\\\/alimentacao-cavalos\\\/\"},{\"@type\":\"ListItem\",\"position\":3,\"name\":\"Podium\"}]},{\"@type\":\"WebSite\",\"@id\":\"https:\\\/\\\/www.royal-horse.com\\\/pt-br\\\/#website\",\"url\":\"https:\\\/\\\/www.royal-horse.com\\\/pt-br\\\/\",\"name\":\"Royal Horse\",\"description\":\"Leader de l&#039;alimentation pour chevaux\",\"publisher\":{\"@id\":\"https:\\\/\\\/www.royal-horse.com\\\/pt-br\\\/#organization\"},\"potentialAction\":[{\"@type\":\"SearchAction\",\"target\":{\"@type\":\"EntryPoint\",\"urlTemplate\":\"https:\\\/\\\/www.royal-horse.com\\\/pt-br\\\/?s={search_term_string}\"},\"query-input\":{\"@type\":\"PropertyValueSpecification\",\"valueRequired\":true,\"valueName\":\"search_term_string\"}}],\"inLanguage\":\"pt-BR\"},{\"@type\":\"Organization\",\"@id\":\"https:\\\/\\\/www.royal-horse.com\\\/pt-br\\\/#organization\",\"name\":\"Royal Horse\",\"url\":\"https:\\\/\\\/www.royal-horse.com\\\/pt-br\\\/\",\"logo\":{\"@type\":\"ImageObject\",\"inLanguage\":\"pt-BR\",\"@id\":\"https:\\\/\\\/www.royal-horse.com\\\/pt-br\\\/#\\\/schema\\\/logo\\\/image\\\/\",\"url\":\"https:\\\/\\\/www.royal-horse.com\\\/wp-content\\\/uploads\\\/2021\\\/10\\\/Logo-RH.svg\",\"contentUrl\":\"https:\\\/\\\/www.royal-horse.com\\\/wp-content\\\/uploads\\\/2021\\\/10\\\/Logo-RH.svg\",\"width\":71,\"height\":140,\"caption\":\"Royal Horse\"},\"image\":{\"@id\":\"https:\\\/\\\/www.royal-horse.com\\\/pt-br\\\/#\\\/schema\\\/logo\\\/image\\\/\"}}]}<\/script>\n<!-- \/ Yoast SEO plugin. -->","yoast_head_json":{"title":"PODIUM H-350 - Royal Horse","description":"ROYAL HORSE PODIUM ra\u00e7\u00e3o com milho extrusado, aveia e banho de mela\u00e7o, formulada para trabalhos intensos","robots":{"index":"index","follow":"follow","max-snippet":"max-snippet:-1","max-image-preview":"max-image-preview:large","max-video-preview":"max-video-preview:-1"},"canonical":"https:\/\/www.royal-horse.com\/pt-br\/alimentacao-cavalos\/podium-multiparticulas-milho-extrusado-aveia-cavalos-atletas-esforco-intenso\/","og_locale":"pt_BR","og_type":"article","og_title":"PODIUM H-350 - Royal Horse","og_description":"ROYAL HORSE PODIUM ra\u00e7\u00e3o com milho extrusado, aveia e banho de mela\u00e7o, formulada para trabalhos intensos","og_url":"https:\/\/www.royal-horse.com\/pt-br\/alimentacao-cavalos\/podium-multiparticulas-milho-extrusado-aveia-cavalos-atletas-esforco-intenso\/","og_site_name":"Royal Horse","article_modified_time":"2025-08-04T18:13:27+00:00","og_image":[{"width":2068,"height":2560,"url":"https:\/\/www.royal-horse.com\/wp-content\/uploads\/2023\/04\/RH-Podium-scaled.png","type":"image\/png"}],"twitter_card":"summary_large_image","twitter_misc":{"Est. tempo de leitura":"1 minuto"},"schema":{"@context":"https:\/\/schema.org","@graph":[{"@type":"WebPage","@id":"https:\/\/www.royal-horse.com\/pt-br\/alimentacao-cavalos\/podium-multiparticulas-milho-extrusado-aveia-cavalos-atletas-esforco-intenso\/","url":"https:\/\/www.royal-horse.com\/pt-br\/alimentacao-cavalos\/podium-multiparticulas-milho-extrusado-aveia-cavalos-atletas-esforco-intenso\/","name":"PODIUM H-350 - Royal Horse","isPartOf":{"@id":"https:\/\/www.royal-horse.com\/pt-br\/#website"},"primaryImageOfPage":{"@id":"https:\/\/www.royal-horse.com\/pt-br\/alimentacao-cavalos\/podium-multiparticulas-milho-extrusado-aveia-cavalos-atletas-esforco-intenso\/#primaryimage"},"image":{"@id":"https:\/\/www.royal-horse.com\/pt-br\/alimentacao-cavalos\/podium-multiparticulas-milho-extrusado-aveia-cavalos-atletas-esforco-intenso\/#primaryimage"},"thumbnailUrl":"https:\/\/www.royal-horse.com\/wp-content\/uploads\/2023\/04\/RH-Podium-scaled.png","datePublished":"2023-04-04T15:29:57+00:00","dateModified":"2025-08-04T18:13:27+00:00","description":"ROYAL HORSE PODIUM ra\u00e7\u00e3o com milho extrusado, aveia e banho de mela\u00e7o, formulada para trabalhos intensos","breadcrumb":{"@id":"https:\/\/www.royal-horse.com\/pt-br\/alimentacao-cavalos\/podium-multiparticulas-milho-extrusado-aveia-cavalos-atletas-esforco-intenso\/#breadcrumb"},"inLanguage":"pt-BR","potentialAction":[{"@type":"ReadAction","target":["https:\/\/www.royal-horse.com\/pt-br\/alimentacao-cavalos\/podium-multiparticulas-milho-extrusado-aveia-cavalos-atletas-esforco-intenso\/"]}]},{"@type":"ImageObject","inLanguage":"pt-BR","@id":"https:\/\/www.royal-horse.com\/pt-br\/alimentacao-cavalos\/podium-multiparticulas-milho-extrusado-aveia-cavalos-atletas-esforco-intenso\/#primaryimage","url":"https:\/\/www.royal-horse.com\/wp-content\/uploads\/2023\/04\/RH-Podium-scaled.png","contentUrl":"https:\/\/www.royal-horse.com\/wp-content\/uploads\/2023\/04\/RH-Podium-scaled.png","width":2068,"height":2560},{"@type":"BreadcrumbList","@id":"https:\/\/www.royal-horse.com\/pt-br\/alimentacao-cavalos\/podium-multiparticulas-milho-extrusado-aveia-cavalos-atletas-esforco-intenso\/#breadcrumb","itemListElement":[{"@type":"ListItem","position":1,"name":"Accueil","item":"https:\/\/www.royal-horse.com\/pt-br\/"},{"@type":"ListItem","position":2,"name":"Produtos","item":"https:\/\/www.royal-horse.com\/pt-br\/alimentacao-cavalos\/"},{"@type":"ListItem","position":3,"name":"Podium"}]},{"@type":"WebSite","@id":"https:\/\/www.royal-horse.com\/pt-br\/#website","url":"https:\/\/www.royal-horse.com\/pt-br\/","name":"Royal Horse","description":"Leader de l&#039;alimentation pour chevaux","publisher":{"@id":"https:\/\/www.royal-horse.com\/pt-br\/#organization"},"potentialAction":[{"@type":"SearchAction","target":{"@type":"EntryPoint","urlTemplate":"https:\/\/www.royal-horse.com\/pt-br\/?s={search_term_string}"},"query-input":{"@type":"PropertyValueSpecification","valueRequired":true,"valueName":"search_term_string"}}],"inLanguage":"pt-BR"},{"@type":"Organization","@id":"https:\/\/www.royal-horse.com\/pt-br\/#organization","name":"Royal Horse","url":"https:\/\/www.royal-horse.com\/pt-br\/","logo":{"@type":"ImageObject","inLanguage":"pt-BR","@id":"https:\/\/www.royal-horse.com\/pt-br\/#\/schema\/logo\/image\/","url":"https:\/\/www.royal-horse.com\/wp-content\/uploads\/2021\/10\/Logo-RH.svg","contentUrl":"https:\/\/www.royal-horse.com\/wp-content\/uploads\/2021\/10\/Logo-RH.svg","width":71,"height":140,"caption":"Royal Horse"},"image":{"@id":"https:\/\/www.royal-horse.com\/pt-br\/#\/schema\/logo\/image\/"}}]}},"_links":{"self":[{"href":"https:\/\/www.royal-horse.com\/pt-br\/wp-json\/wp\/v2\/product\/10281","targetHints":{"allow":["GET"]}}],"collection":[{"href":"https:\/\/www.royal-horse.com\/pt-br\/wp-json\/wp\/v2\/product"}],"about":[{"href":"https:\/\/www.royal-horse.com\/pt-br\/wp-json\/wp\/v2\/types\/product"}],"replies":[{"embeddable":true,"href":"https:\/\/www.royal-horse.com\/pt-br\/wp-json\/wp\/v2\/comments?post=10281"}],"wp:featuredmedia":[{"embeddable":true,"href":"https:\/\/www.royal-horse.com\/pt-br\/wp-json\/wp\/v2\/media\/33450"}],"wp:attachment":[{"href":"https:\/\/www.royal-horse.com\/pt-br\/wp-json\/wp\/v2\/media?parent=10281"}],"wp:term":[{"taxonomy":"dispo_ecurie","embeddable":true,"href":"https:\/\/www.royal-horse.com\/pt-br\/wp-json\/wp\/v2\/dispo_ecurie?post=10281"},{"taxonomy":"activite_cheval","embeddable":true,"href":"https:\/\/www.royal-horse.com\/pt-br\/wp-json\/wp\/v2\/activite_cheval?post=10281"},{"taxonomy":"type_aliment","embeddable":true,"href":"https:\/\/www.royal-horse.com\/pt-br\/wp-json\/wp\/v2\/type_aliment?post=10281"},{"taxonomy":"product_brand","embeddable":true,"href":"https:\/\/www.royal-horse.com\/pt-br\/wp-json\/wp\/v2\/product_brand?post=10281"},{"taxonomy":"product_cat","embeddable":true,"href":"https:\/\/www.royal-horse.com\/pt-br\/wp-json\/wp\/v2\/product_cat?post=10281"},{"taxonomy":"product_tag","embeddable":true,"href":"https:\/\/www.royal-horse.com\/pt-br\/wp-json\/wp\/v2\/product_tag?post=10281"}],"curies":[{"name":"wp","href":"https:\/\/api.w.org\/{rel}","templated":true}]}}