{"id":12059,"date":"2023-02-28T17:25:13","date_gmt":"2023-02-28T16:25:13","guid":{"rendered":"https:\/\/www.royal-horse.com\/aliments-cheval\/b150-royal-horse-potrus-junior\/"},"modified":"2025-08-04T19:52:22","modified_gmt":"2025-08-04T17:52:22","slug":"potrus-junior-racao-multiparticulas-eguas-cria-potros","status":"publish","type":"product","link":"https:\/\/www.royal-horse.com\/pt-br\/alimentacao-cavalos\/potrus-junior-racao-multiparticulas-eguas-cria-potros\/","title":{"rendered":"Potrus Junior"},"content":{"rendered":"","protected":false},"excerpt":{"rendered":"<p> [&#8230;]<\/p>\n<p><a class=\"btn btn-secondary understrap-read-more-link\" href=\"https:\/\/www.royal-horse.com\/pt-br\/alimentacao-cavalos\/potrus-junior-racao-multiparticulas-eguas-cria-potros\/\">Leia mais&#8230;<span class=\"screen-reader-text\"> from Potrus Junior<\/span><\/a><\/p>\n","protected":false},"featured_media":33421,"comment_status":"closed","ping_status":"closed","template":"","meta":{"_acf_changed":false,"_joinchat":[]},"dispo_ecurie":[211],"activite_cheval":[210,209],"type_aliment":[208],"product_brand":[],"product_cat":[203],"product_tag":[],"class_list":{"0":"post-12059","1":"product","2":"type-product","3":"status-publish","4":"has-post-thumbnail","6":"dispo_ecurie-feno","7":"activite_cheval-eguas-de-cria","8":"activite_cheval-potros","9":"type_aliment-multiparticulas","10":"product_cat-criacaoencoraja-o-desenvolvimento-harmonioso-de-seus-cavalos","12":"first","13":"instock","14":"shipping-taxable","15":"product-type-simple"},"acf":[],"yoast_head":"<!-- This site is optimized with the Yoast SEO plugin v27.3 - https:\/\/yoast.com\/product\/yoast-seo-wordpress\/ -->\n<title>Potrus Junior B-150 - Royal Horse<\/title>\n<meta name=\"description\" content=\"Potros Junior \u00e9 um produto multipart\u00edculas desenvolvido para potros lactantes at\u00e9 os 24 meses ou 36 meses para ra\u00e7as tardias.\" \/>\n<meta name=\"robots\" content=\"index, follow, max-snippet:-1, max-image-preview:large, max-video-preview:-1\" \/>\n<link rel=\"canonical\" href=\"https:\/\/www.royal-horse.com\/pt-br\/alimentacao-cavalos\/potrus-junior-racao-multiparticulas-eguas-cria-potros\/\" \/>\n<meta property=\"og:locale\" content=\"pt_BR\" \/>\n<meta property=\"og:type\" content=\"article\" \/>\n<meta property=\"og:title\" content=\"Potrus Junior B-150 - Royal Horse\" \/>\n<meta property=\"og:description\" content=\"Potros Junior \u00e9 um produto multipart\u00edculas desenvolvido para potros lactantes at\u00e9 os 24 meses ou 36 meses para ra\u00e7as tardias.\" \/>\n<meta property=\"og:url\" content=\"https:\/\/www.royal-horse.com\/pt-br\/alimentacao-cavalos\/potrus-junior-racao-multiparticulas-eguas-cria-potros\/\" \/>\n<meta property=\"og:site_name\" content=\"Royal Horse\" \/>\n<meta property=\"article:modified_time\" content=\"2025-08-04T17:52:22+00:00\" \/>\n<meta property=\"og:image\" content=\"https:\/\/www.royal-horse.com\/wp-content\/uploads\/2023\/02\/RH-Potrus-Junior-scaled.png\" \/>\n\t<meta property=\"og:image:width\" content=\"2068\" \/>\n\t<meta property=\"og:image:height\" content=\"2560\" \/>\n\t<meta property=\"og:image:type\" content=\"image\/png\" \/>\n<meta name=\"twitter:card\" content=\"summary_large_image\" \/>\n<meta name=\"twitter:label1\" content=\"Est. tempo de leitura\" \/>\n\t<meta name=\"twitter:data1\" content=\"1 minuto\" \/>\n<script type=\"application\/ld+json\" class=\"yoast-schema-graph\">{\"@context\":\"https:\\\/\\\/schema.org\",\"@graph\":[{\"@type\":\"WebPage\",\"@id\":\"https:\\\/\\\/www.royal-horse.com\\\/pt-br\\\/alimentacao-cavalos\\\/potrus-junior-racao-multiparticulas-eguas-cria-potros\\\/\",\"url\":\"https:\\\/\\\/www.royal-horse.com\\\/pt-br\\\/alimentacao-cavalos\\\/potrus-junior-racao-multiparticulas-eguas-cria-potros\\\/\",\"name\":\"Potrus Junior B-150 - Royal Horse\",\"isPartOf\":{\"@id\":\"https:\\\/\\\/www.royal-horse.com\\\/pt-br\\\/#website\"},\"primaryImageOfPage\":{\"@id\":\"https:\\\/\\\/www.royal-horse.com\\\/pt-br\\\/alimentacao-cavalos\\\/potrus-junior-racao-multiparticulas-eguas-cria-potros\\\/#primaryimage\"},\"image\":{\"@id\":\"https:\\\/\\\/www.royal-horse.com\\\/pt-br\\\/alimentacao-cavalos\\\/potrus-junior-racao-multiparticulas-eguas-cria-potros\\\/#primaryimage\"},\"thumbnailUrl\":\"https:\\\/\\\/www.royal-horse.com\\\/wp-content\\\/uploads\\\/2023\\\/02\\\/RH-Potrus-Junior-scaled.png\",\"datePublished\":\"2023-02-28T16:25:13+00:00\",\"dateModified\":\"2025-08-04T17:52:22+00:00\",\"description\":\"Potros Junior \u00e9 um produto multipart\u00edculas desenvolvido para potros lactantes at\u00e9 os 24 meses ou 36 meses para ra\u00e7as tardias.\",\"breadcrumb\":{\"@id\":\"https:\\\/\\\/www.royal-horse.com\\\/pt-br\\\/alimentacao-cavalos\\\/potrus-junior-racao-multiparticulas-eguas-cria-potros\\\/#breadcrumb\"},\"inLanguage\":\"pt-BR\",\"potentialAction\":[{\"@type\":\"ReadAction\",\"target\":[\"https:\\\/\\\/www.royal-horse.com\\\/pt-br\\\/alimentacao-cavalos\\\/potrus-junior-racao-multiparticulas-eguas-cria-potros\\\/\"]}]},{\"@type\":\"ImageObject\",\"inLanguage\":\"pt-BR\",\"@id\":\"https:\\\/\\\/www.royal-horse.com\\\/pt-br\\\/alimentacao-cavalos\\\/potrus-junior-racao-multiparticulas-eguas-cria-potros\\\/#primaryimage\",\"url\":\"https:\\\/\\\/www.royal-horse.com\\\/wp-content\\\/uploads\\\/2023\\\/02\\\/RH-Potrus-Junior-scaled.png\",\"contentUrl\":\"https:\\\/\\\/www.royal-horse.com\\\/wp-content\\\/uploads\\\/2023\\\/02\\\/RH-Potrus-Junior-scaled.png\",\"width\":2068,\"height\":2560},{\"@type\":\"BreadcrumbList\",\"@id\":\"https:\\\/\\\/www.royal-horse.com\\\/pt-br\\\/alimentacao-cavalos\\\/potrus-junior-racao-multiparticulas-eguas-cria-potros\\\/#breadcrumb\",\"itemListElement\":[{\"@type\":\"ListItem\",\"position\":1,\"name\":\"Accueil\",\"item\":\"https:\\\/\\\/www.royal-horse.com\\\/pt-br\\\/\"},{\"@type\":\"ListItem\",\"position\":2,\"name\":\"Produtos\",\"item\":\"https:\\\/\\\/www.royal-horse.com\\\/pt-br\\\/alimentacao-cavalos\\\/\"},{\"@type\":\"ListItem\",\"position\":3,\"name\":\"Potrus Junior\"}]},{\"@type\":\"WebSite\",\"@id\":\"https:\\\/\\\/www.royal-horse.com\\\/pt-br\\\/#website\",\"url\":\"https:\\\/\\\/www.royal-horse.com\\\/pt-br\\\/\",\"name\":\"Royal Horse\",\"description\":\"Leader de l&#039;alimentation pour chevaux\",\"publisher\":{\"@id\":\"https:\\\/\\\/www.royal-horse.com\\\/pt-br\\\/#organization\"},\"potentialAction\":[{\"@type\":\"SearchAction\",\"target\":{\"@type\":\"EntryPoint\",\"urlTemplate\":\"https:\\\/\\\/www.royal-horse.com\\\/pt-br\\\/?s={search_term_string}\"},\"query-input\":{\"@type\":\"PropertyValueSpecification\",\"valueRequired\":true,\"valueName\":\"search_term_string\"}}],\"inLanguage\":\"pt-BR\"},{\"@type\":\"Organization\",\"@id\":\"https:\\\/\\\/www.royal-horse.com\\\/pt-br\\\/#organization\",\"name\":\"Royal Horse\",\"url\":\"https:\\\/\\\/www.royal-horse.com\\\/pt-br\\\/\",\"logo\":{\"@type\":\"ImageObject\",\"inLanguage\":\"pt-BR\",\"@id\":\"https:\\\/\\\/www.royal-horse.com\\\/pt-br\\\/#\\\/schema\\\/logo\\\/image\\\/\",\"url\":\"https:\\\/\\\/www.royal-horse.com\\\/wp-content\\\/uploads\\\/2021\\\/10\\\/Logo-RH.svg\",\"contentUrl\":\"https:\\\/\\\/www.royal-horse.com\\\/wp-content\\\/uploads\\\/2021\\\/10\\\/Logo-RH.svg\",\"width\":71,\"height\":140,\"caption\":\"Royal Horse\"},\"image\":{\"@id\":\"https:\\\/\\\/www.royal-horse.com\\\/pt-br\\\/#\\\/schema\\\/logo\\\/image\\\/\"}}]}<\/script>\n<!-- \/ Yoast SEO plugin. -->","yoast_head_json":{"title":"Potrus Junior B-150 - Royal Horse","description":"Potros Junior \u00e9 um produto multipart\u00edculas desenvolvido para potros lactantes at\u00e9 os 24 meses ou 36 meses para ra\u00e7as tardias.","robots":{"index":"index","follow":"follow","max-snippet":"max-snippet:-1","max-image-preview":"max-image-preview:large","max-video-preview":"max-video-preview:-1"},"canonical":"https:\/\/www.royal-horse.com\/pt-br\/alimentacao-cavalos\/potrus-junior-racao-multiparticulas-eguas-cria-potros\/","og_locale":"pt_BR","og_type":"article","og_title":"Potrus Junior B-150 - Royal Horse","og_description":"Potros Junior \u00e9 um produto multipart\u00edculas desenvolvido para potros lactantes at\u00e9 os 24 meses ou 36 meses para ra\u00e7as tardias.","og_url":"https:\/\/www.royal-horse.com\/pt-br\/alimentacao-cavalos\/potrus-junior-racao-multiparticulas-eguas-cria-potros\/","og_site_name":"Royal Horse","article_modified_time":"2025-08-04T17:52:22+00:00","og_image":[{"width":2068,"height":2560,"url":"https:\/\/www.royal-horse.com\/wp-content\/uploads\/2023\/02\/RH-Potrus-Junior-scaled.png","type":"image\/png"}],"twitter_card":"summary_large_image","twitter_misc":{"Est. tempo de leitura":"1 minuto"},"schema":{"@context":"https:\/\/schema.org","@graph":[{"@type":"WebPage","@id":"https:\/\/www.royal-horse.com\/pt-br\/alimentacao-cavalos\/potrus-junior-racao-multiparticulas-eguas-cria-potros\/","url":"https:\/\/www.royal-horse.com\/pt-br\/alimentacao-cavalos\/potrus-junior-racao-multiparticulas-eguas-cria-potros\/","name":"Potrus Junior B-150 - Royal Horse","isPartOf":{"@id":"https:\/\/www.royal-horse.com\/pt-br\/#website"},"primaryImageOfPage":{"@id":"https:\/\/www.royal-horse.com\/pt-br\/alimentacao-cavalos\/potrus-junior-racao-multiparticulas-eguas-cria-potros\/#primaryimage"},"image":{"@id":"https:\/\/www.royal-horse.com\/pt-br\/alimentacao-cavalos\/potrus-junior-racao-multiparticulas-eguas-cria-potros\/#primaryimage"},"thumbnailUrl":"https:\/\/www.royal-horse.com\/wp-content\/uploads\/2023\/02\/RH-Potrus-Junior-scaled.png","datePublished":"2023-02-28T16:25:13+00:00","dateModified":"2025-08-04T17:52:22+00:00","description":"Potros Junior \u00e9 um produto multipart\u00edculas desenvolvido para potros lactantes at\u00e9 os 24 meses ou 36 meses para ra\u00e7as tardias.","breadcrumb":{"@id":"https:\/\/www.royal-horse.com\/pt-br\/alimentacao-cavalos\/potrus-junior-racao-multiparticulas-eguas-cria-potros\/#breadcrumb"},"inLanguage":"pt-BR","potentialAction":[{"@type":"ReadAction","target":["https:\/\/www.royal-horse.com\/pt-br\/alimentacao-cavalos\/potrus-junior-racao-multiparticulas-eguas-cria-potros\/"]}]},{"@type":"ImageObject","inLanguage":"pt-BR","@id":"https:\/\/www.royal-horse.com\/pt-br\/alimentacao-cavalos\/potrus-junior-racao-multiparticulas-eguas-cria-potros\/#primaryimage","url":"https:\/\/www.royal-horse.com\/wp-content\/uploads\/2023\/02\/RH-Potrus-Junior-scaled.png","contentUrl":"https:\/\/www.royal-horse.com\/wp-content\/uploads\/2023\/02\/RH-Potrus-Junior-scaled.png","width":2068,"height":2560},{"@type":"BreadcrumbList","@id":"https:\/\/www.royal-horse.com\/pt-br\/alimentacao-cavalos\/potrus-junior-racao-multiparticulas-eguas-cria-potros\/#breadcrumb","itemListElement":[{"@type":"ListItem","position":1,"name":"Accueil","item":"https:\/\/www.royal-horse.com\/pt-br\/"},{"@type":"ListItem","position":2,"name":"Produtos","item":"https:\/\/www.royal-horse.com\/pt-br\/alimentacao-cavalos\/"},{"@type":"ListItem","position":3,"name":"Potrus Junior"}]},{"@type":"WebSite","@id":"https:\/\/www.royal-horse.com\/pt-br\/#website","url":"https:\/\/www.royal-horse.com\/pt-br\/","name":"Royal Horse","description":"Leader de l&#039;alimentation pour chevaux","publisher":{"@id":"https:\/\/www.royal-horse.com\/pt-br\/#organization"},"potentialAction":[{"@type":"SearchAction","target":{"@type":"EntryPoint","urlTemplate":"https:\/\/www.royal-horse.com\/pt-br\/?s={search_term_string}"},"query-input":{"@type":"PropertyValueSpecification","valueRequired":true,"valueName":"search_term_string"}}],"inLanguage":"pt-BR"},{"@type":"Organization","@id":"https:\/\/www.royal-horse.com\/pt-br\/#organization","name":"Royal Horse","url":"https:\/\/www.royal-horse.com\/pt-br\/","logo":{"@type":"ImageObject","inLanguage":"pt-BR","@id":"https:\/\/www.royal-horse.com\/pt-br\/#\/schema\/logo\/image\/","url":"https:\/\/www.royal-horse.com\/wp-content\/uploads\/2021\/10\/Logo-RH.svg","contentUrl":"https:\/\/www.royal-horse.com\/wp-content\/uploads\/2021\/10\/Logo-RH.svg","width":71,"height":140,"caption":"Royal Horse"},"image":{"@id":"https:\/\/www.royal-horse.com\/pt-br\/#\/schema\/logo\/image\/"}}]}},"_links":{"self":[{"href":"https:\/\/www.royal-horse.com\/pt-br\/wp-json\/wp\/v2\/product\/12059","targetHints":{"allow":["GET"]}}],"collection":[{"href":"https:\/\/www.royal-horse.com\/pt-br\/wp-json\/wp\/v2\/product"}],"about":[{"href":"https:\/\/www.royal-horse.com\/pt-br\/wp-json\/wp\/v2\/types\/product"}],"replies":[{"embeddable":true,"href":"https:\/\/www.royal-horse.com\/pt-br\/wp-json\/wp\/v2\/comments?post=12059"}],"wp:featuredmedia":[{"embeddable":true,"href":"https:\/\/www.royal-horse.com\/pt-br\/wp-json\/wp\/v2\/media\/33421"}],"wp:attachment":[{"href":"https:\/\/www.royal-horse.com\/pt-br\/wp-json\/wp\/v2\/media?parent=12059"}],"wp:term":[{"taxonomy":"dispo_ecurie","embeddable":true,"href":"https:\/\/www.royal-horse.com\/pt-br\/wp-json\/wp\/v2\/dispo_ecurie?post=12059"},{"taxonomy":"activite_cheval","embeddable":true,"href":"https:\/\/www.royal-horse.com\/pt-br\/wp-json\/wp\/v2\/activite_cheval?post=12059"},{"taxonomy":"type_aliment","embeddable":true,"href":"https:\/\/www.royal-horse.com\/pt-br\/wp-json\/wp\/v2\/type_aliment?post=12059"},{"taxonomy":"product_brand","embeddable":true,"href":"https:\/\/www.royal-horse.com\/pt-br\/wp-json\/wp\/v2\/product_brand?post=12059"},{"taxonomy":"product_cat","embeddable":true,"href":"https:\/\/www.royal-horse.com\/pt-br\/wp-json\/wp\/v2\/product_cat?post=12059"},{"taxonomy":"product_tag","embeddable":true,"href":"https:\/\/www.royal-horse.com\/pt-br\/wp-json\/wp\/v2\/product_tag?post=12059"}],"curies":[{"name":"wp","href":"https:\/\/api.w.org\/{rel}","templated":true}]}}