{"id":19812,"date":"2023-03-03T10:57:33","date_gmt":"2023-03-03T09:57:33","guid":{"rendered":"https:\/\/www.royal-horse.com\/alimentacion-caballos\/b100-fertilite-peletizado-eguas-cria-potros-1\/"},"modified":"2025-08-04T19:45:36","modified_gmt":"2025-08-04T17:45:36","slug":"fertilite-peletizado-eguas-cria-potros","status":"publish","type":"product","link":"https:\/\/www.royal-horse.com\/pt-br\/alimentacao-cavalos\/fertilite-peletizado-eguas-cria-potros\/","title":{"rendered":"Fertilit\u00e9"},"content":{"rendered":"","protected":false},"excerpt":{"rendered":"<p> [&#8230;]<\/p>\n<p><a class=\"btn btn-secondary understrap-read-more-link\" href=\"https:\/\/www.royal-horse.com\/pt-br\/alimentacao-cavalos\/fertilite-peletizado-eguas-cria-potros\/\">Leia mais&#8230;<span class=\"screen-reader-text\"> from Fertilit\u00e9<\/span><\/a><\/p>\n","protected":false},"featured_media":33412,"comment_status":"closed","ping_status":"closed","template":"","meta":{"_acf_changed":false,"_joinchat":[]},"dispo_ecurie":[211],"activite_cheval":[210,209],"type_aliment":[212],"product_brand":[],"product_cat":[203],"product_tag":[],"class_list":{"0":"post-19812","1":"product","2":"type-product","3":"status-publish","4":"has-post-thumbnail","6":"dispo_ecurie-feno","7":"activite_cheval-eguas-de-cria","8":"activite_cheval-potros","9":"type_aliment-peletizado","10":"product_cat-criacaoencoraja-o-desenvolvimento-harmonioso-de-seus-cavalos","12":"first","13":"instock","14":"shipping-taxable","15":"product-type-simple"},"acf":[],"yoast_head":"<!-- This site is optimized with the Yoast SEO plugin v27.3 - https:\/\/yoast.com\/product\/yoast-seo-wordpress\/ -->\n<title>Fertilit\u00e9 B-100 - Produto peletizado para \u00e9guas de crias<\/title>\n<meta name=\"description\" content=\"Fertilit\u00e9 atende as necessidades dos cavalos reprodutores. Suplemento de feno e\/ou erva para \u00e9guas em gesta\u00e7\u00e3o, lacta\u00e7\u00e3o e potros lactantes\" \/>\n<meta name=\"robots\" content=\"index, follow, max-snippet:-1, max-image-preview:large, max-video-preview:-1\" \/>\n<link rel=\"canonical\" href=\"https:\/\/www.royal-horse.com\/pt-br\/alimentacao-cavalos\/fertilite-peletizado-eguas-cria-potros\/\" \/>\n<meta property=\"og:locale\" content=\"pt_BR\" \/>\n<meta property=\"og:type\" content=\"article\" \/>\n<meta property=\"og:title\" content=\"Fertilit\u00e9 B-100 - Produto peletizado para \u00e9guas de crias\" \/>\n<meta property=\"og:description\" content=\"Fertilit\u00e9 atende as necessidades dos cavalos reprodutores. Suplemento de feno e\/ou erva para \u00e9guas em gesta\u00e7\u00e3o, lacta\u00e7\u00e3o e potros lactantes\" \/>\n<meta property=\"og:url\" content=\"https:\/\/www.royal-horse.com\/pt-br\/alimentacao-cavalos\/fertilite-peletizado-eguas-cria-potros\/\" \/>\n<meta property=\"og:site_name\" content=\"Royal Horse\" \/>\n<meta property=\"article:modified_time\" content=\"2025-08-04T17:45:36+00:00\" \/>\n<meta property=\"og:image\" content=\"https:\/\/www.royal-horse.com\/wp-content\/uploads\/2023\/03\/RH-Fertilite-scaled.png\" \/>\n\t<meta property=\"og:image:width\" content=\"2068\" \/>\n\t<meta property=\"og:image:height\" content=\"2560\" \/>\n\t<meta property=\"og:image:type\" content=\"image\/png\" \/>\n<meta name=\"twitter:card\" content=\"summary_large_image\" \/>\n<meta name=\"twitter:label1\" content=\"Est. tempo de leitura\" \/>\n\t<meta name=\"twitter:data1\" content=\"1 minuto\" \/>\n<script type=\"application\/ld+json\" class=\"yoast-schema-graph\">{\"@context\":\"https:\\\/\\\/schema.org\",\"@graph\":[{\"@type\":\"WebPage\",\"@id\":\"https:\\\/\\\/www.royal-horse.com\\\/pt-br\\\/alimentacao-cavalos\\\/fertilite-peletizado-eguas-cria-potros\\\/\",\"url\":\"https:\\\/\\\/www.royal-horse.com\\\/pt-br\\\/alimentacao-cavalos\\\/fertilite-peletizado-eguas-cria-potros\\\/\",\"name\":\"Fertilit\u00e9 B-100 - Produto peletizado para \u00e9guas de crias\",\"isPartOf\":{\"@id\":\"https:\\\/\\\/www.royal-horse.com\\\/pt-br\\\/#website\"},\"primaryImageOfPage\":{\"@id\":\"https:\\\/\\\/www.royal-horse.com\\\/pt-br\\\/alimentacao-cavalos\\\/fertilite-peletizado-eguas-cria-potros\\\/#primaryimage\"},\"image\":{\"@id\":\"https:\\\/\\\/www.royal-horse.com\\\/pt-br\\\/alimentacao-cavalos\\\/fertilite-peletizado-eguas-cria-potros\\\/#primaryimage\"},\"thumbnailUrl\":\"https:\\\/\\\/www.royal-horse.com\\\/wp-content\\\/uploads\\\/2023\\\/03\\\/RH-Fertilite-scaled.png\",\"datePublished\":\"2023-03-03T09:57:33+00:00\",\"dateModified\":\"2025-08-04T17:45:36+00:00\",\"description\":\"Fertilit\u00e9 atende as necessidades dos cavalos reprodutores. Suplemento de feno e\\\/ou erva para \u00e9guas em gesta\u00e7\u00e3o, lacta\u00e7\u00e3o e potros lactantes\",\"breadcrumb\":{\"@id\":\"https:\\\/\\\/www.royal-horse.com\\\/pt-br\\\/alimentacao-cavalos\\\/fertilite-peletizado-eguas-cria-potros\\\/#breadcrumb\"},\"inLanguage\":\"pt-BR\",\"potentialAction\":[{\"@type\":\"ReadAction\",\"target\":[\"https:\\\/\\\/www.royal-horse.com\\\/pt-br\\\/alimentacao-cavalos\\\/fertilite-peletizado-eguas-cria-potros\\\/\"]}]},{\"@type\":\"ImageObject\",\"inLanguage\":\"pt-BR\",\"@id\":\"https:\\\/\\\/www.royal-horse.com\\\/pt-br\\\/alimentacao-cavalos\\\/fertilite-peletizado-eguas-cria-potros\\\/#primaryimage\",\"url\":\"https:\\\/\\\/www.royal-horse.com\\\/wp-content\\\/uploads\\\/2023\\\/03\\\/RH-Fertilite-scaled.png\",\"contentUrl\":\"https:\\\/\\\/www.royal-horse.com\\\/wp-content\\\/uploads\\\/2023\\\/03\\\/RH-Fertilite-scaled.png\",\"width\":2068,\"height\":2560},{\"@type\":\"BreadcrumbList\",\"@id\":\"https:\\\/\\\/www.royal-horse.com\\\/pt-br\\\/alimentacao-cavalos\\\/fertilite-peletizado-eguas-cria-potros\\\/#breadcrumb\",\"itemListElement\":[{\"@type\":\"ListItem\",\"position\":1,\"name\":\"Accueil\",\"item\":\"https:\\\/\\\/www.royal-horse.com\\\/pt-br\\\/\"},{\"@type\":\"ListItem\",\"position\":2,\"name\":\"Produtos\",\"item\":\"https:\\\/\\\/www.royal-horse.com\\\/pt-br\\\/alimentacao-cavalos\\\/\"},{\"@type\":\"ListItem\",\"position\":3,\"name\":\"Fertilit\u00e9\"}]},{\"@type\":\"WebSite\",\"@id\":\"https:\\\/\\\/www.royal-horse.com\\\/pt-br\\\/#website\",\"url\":\"https:\\\/\\\/www.royal-horse.com\\\/pt-br\\\/\",\"name\":\"Royal Horse\",\"description\":\"Leader de l&#039;alimentation pour chevaux\",\"publisher\":{\"@id\":\"https:\\\/\\\/www.royal-horse.com\\\/pt-br\\\/#organization\"},\"potentialAction\":[{\"@type\":\"SearchAction\",\"target\":{\"@type\":\"EntryPoint\",\"urlTemplate\":\"https:\\\/\\\/www.royal-horse.com\\\/pt-br\\\/?s={search_term_string}\"},\"query-input\":{\"@type\":\"PropertyValueSpecification\",\"valueRequired\":true,\"valueName\":\"search_term_string\"}}],\"inLanguage\":\"pt-BR\"},{\"@type\":\"Organization\",\"@id\":\"https:\\\/\\\/www.royal-horse.com\\\/pt-br\\\/#organization\",\"name\":\"Royal Horse\",\"url\":\"https:\\\/\\\/www.royal-horse.com\\\/pt-br\\\/\",\"logo\":{\"@type\":\"ImageObject\",\"inLanguage\":\"pt-BR\",\"@id\":\"https:\\\/\\\/www.royal-horse.com\\\/pt-br\\\/#\\\/schema\\\/logo\\\/image\\\/\",\"url\":\"https:\\\/\\\/www.royal-horse.com\\\/wp-content\\\/uploads\\\/2021\\\/10\\\/Logo-RH.svg\",\"contentUrl\":\"https:\\\/\\\/www.royal-horse.com\\\/wp-content\\\/uploads\\\/2021\\\/10\\\/Logo-RH.svg\",\"width\":71,\"height\":140,\"caption\":\"Royal Horse\"},\"image\":{\"@id\":\"https:\\\/\\\/www.royal-horse.com\\\/pt-br\\\/#\\\/schema\\\/logo\\\/image\\\/\"}}]}<\/script>\n<!-- \/ Yoast SEO plugin. -->","yoast_head_json":{"title":"Fertilit\u00e9 B-100 - Produto peletizado para \u00e9guas de crias","description":"Fertilit\u00e9 atende as necessidades dos cavalos reprodutores. Suplemento de feno e\/ou erva para \u00e9guas em gesta\u00e7\u00e3o, lacta\u00e7\u00e3o e potros lactantes","robots":{"index":"index","follow":"follow","max-snippet":"max-snippet:-1","max-image-preview":"max-image-preview:large","max-video-preview":"max-video-preview:-1"},"canonical":"https:\/\/www.royal-horse.com\/pt-br\/alimentacao-cavalos\/fertilite-peletizado-eguas-cria-potros\/","og_locale":"pt_BR","og_type":"article","og_title":"Fertilit\u00e9 B-100 - Produto peletizado para \u00e9guas de crias","og_description":"Fertilit\u00e9 atende as necessidades dos cavalos reprodutores. Suplemento de feno e\/ou erva para \u00e9guas em gesta\u00e7\u00e3o, lacta\u00e7\u00e3o e potros lactantes","og_url":"https:\/\/www.royal-horse.com\/pt-br\/alimentacao-cavalos\/fertilite-peletizado-eguas-cria-potros\/","og_site_name":"Royal Horse","article_modified_time":"2025-08-04T17:45:36+00:00","og_image":[{"width":2068,"height":2560,"url":"https:\/\/www.royal-horse.com\/wp-content\/uploads\/2023\/03\/RH-Fertilite-scaled.png","type":"image\/png"}],"twitter_card":"summary_large_image","twitter_misc":{"Est. tempo de leitura":"1 minuto"},"schema":{"@context":"https:\/\/schema.org","@graph":[{"@type":"WebPage","@id":"https:\/\/www.royal-horse.com\/pt-br\/alimentacao-cavalos\/fertilite-peletizado-eguas-cria-potros\/","url":"https:\/\/www.royal-horse.com\/pt-br\/alimentacao-cavalos\/fertilite-peletizado-eguas-cria-potros\/","name":"Fertilit\u00e9 B-100 - Produto peletizado para \u00e9guas de crias","isPartOf":{"@id":"https:\/\/www.royal-horse.com\/pt-br\/#website"},"primaryImageOfPage":{"@id":"https:\/\/www.royal-horse.com\/pt-br\/alimentacao-cavalos\/fertilite-peletizado-eguas-cria-potros\/#primaryimage"},"image":{"@id":"https:\/\/www.royal-horse.com\/pt-br\/alimentacao-cavalos\/fertilite-peletizado-eguas-cria-potros\/#primaryimage"},"thumbnailUrl":"https:\/\/www.royal-horse.com\/wp-content\/uploads\/2023\/03\/RH-Fertilite-scaled.png","datePublished":"2023-03-03T09:57:33+00:00","dateModified":"2025-08-04T17:45:36+00:00","description":"Fertilit\u00e9 atende as necessidades dos cavalos reprodutores. Suplemento de feno e\/ou erva para \u00e9guas em gesta\u00e7\u00e3o, lacta\u00e7\u00e3o e potros lactantes","breadcrumb":{"@id":"https:\/\/www.royal-horse.com\/pt-br\/alimentacao-cavalos\/fertilite-peletizado-eguas-cria-potros\/#breadcrumb"},"inLanguage":"pt-BR","potentialAction":[{"@type":"ReadAction","target":["https:\/\/www.royal-horse.com\/pt-br\/alimentacao-cavalos\/fertilite-peletizado-eguas-cria-potros\/"]}]},{"@type":"ImageObject","inLanguage":"pt-BR","@id":"https:\/\/www.royal-horse.com\/pt-br\/alimentacao-cavalos\/fertilite-peletizado-eguas-cria-potros\/#primaryimage","url":"https:\/\/www.royal-horse.com\/wp-content\/uploads\/2023\/03\/RH-Fertilite-scaled.png","contentUrl":"https:\/\/www.royal-horse.com\/wp-content\/uploads\/2023\/03\/RH-Fertilite-scaled.png","width":2068,"height":2560},{"@type":"BreadcrumbList","@id":"https:\/\/www.royal-horse.com\/pt-br\/alimentacao-cavalos\/fertilite-peletizado-eguas-cria-potros\/#breadcrumb","itemListElement":[{"@type":"ListItem","position":1,"name":"Accueil","item":"https:\/\/www.royal-horse.com\/pt-br\/"},{"@type":"ListItem","position":2,"name":"Produtos","item":"https:\/\/www.royal-horse.com\/pt-br\/alimentacao-cavalos\/"},{"@type":"ListItem","position":3,"name":"Fertilit\u00e9"}]},{"@type":"WebSite","@id":"https:\/\/www.royal-horse.com\/pt-br\/#website","url":"https:\/\/www.royal-horse.com\/pt-br\/","name":"Royal Horse","description":"Leader de l&#039;alimentation pour chevaux","publisher":{"@id":"https:\/\/www.royal-horse.com\/pt-br\/#organization"},"potentialAction":[{"@type":"SearchAction","target":{"@type":"EntryPoint","urlTemplate":"https:\/\/www.royal-horse.com\/pt-br\/?s={search_term_string}"},"query-input":{"@type":"PropertyValueSpecification","valueRequired":true,"valueName":"search_term_string"}}],"inLanguage":"pt-BR"},{"@type":"Organization","@id":"https:\/\/www.royal-horse.com\/pt-br\/#organization","name":"Royal Horse","url":"https:\/\/www.royal-horse.com\/pt-br\/","logo":{"@type":"ImageObject","inLanguage":"pt-BR","@id":"https:\/\/www.royal-horse.com\/pt-br\/#\/schema\/logo\/image\/","url":"https:\/\/www.royal-horse.com\/wp-content\/uploads\/2021\/10\/Logo-RH.svg","contentUrl":"https:\/\/www.royal-horse.com\/wp-content\/uploads\/2021\/10\/Logo-RH.svg","width":71,"height":140,"caption":"Royal Horse"},"image":{"@id":"https:\/\/www.royal-horse.com\/pt-br\/#\/schema\/logo\/image\/"}}]}},"_links":{"self":[{"href":"https:\/\/www.royal-horse.com\/pt-br\/wp-json\/wp\/v2\/product\/19812","targetHints":{"allow":["GET"]}}],"collection":[{"href":"https:\/\/www.royal-horse.com\/pt-br\/wp-json\/wp\/v2\/product"}],"about":[{"href":"https:\/\/www.royal-horse.com\/pt-br\/wp-json\/wp\/v2\/types\/product"}],"replies":[{"embeddable":true,"href":"https:\/\/www.royal-horse.com\/pt-br\/wp-json\/wp\/v2\/comments?post=19812"}],"wp:featuredmedia":[{"embeddable":true,"href":"https:\/\/www.royal-horse.com\/pt-br\/wp-json\/wp\/v2\/media\/33412"}],"wp:attachment":[{"href":"https:\/\/www.royal-horse.com\/pt-br\/wp-json\/wp\/v2\/media?parent=19812"}],"wp:term":[{"taxonomy":"dispo_ecurie","embeddable":true,"href":"https:\/\/www.royal-horse.com\/pt-br\/wp-json\/wp\/v2\/dispo_ecurie?post=19812"},{"taxonomy":"activite_cheval","embeddable":true,"href":"https:\/\/www.royal-horse.com\/pt-br\/wp-json\/wp\/v2\/activite_cheval?post=19812"},{"taxonomy":"type_aliment","embeddable":true,"href":"https:\/\/www.royal-horse.com\/pt-br\/wp-json\/wp\/v2\/type_aliment?post=19812"},{"taxonomy":"product_brand","embeddable":true,"href":"https:\/\/www.royal-horse.com\/pt-br\/wp-json\/wp\/v2\/product_brand?post=19812"},{"taxonomy":"product_cat","embeddable":true,"href":"https:\/\/www.royal-horse.com\/pt-br\/wp-json\/wp\/v2\/product_cat?post=19812"},{"taxonomy":"product_tag","embeddable":true,"href":"https:\/\/www.royal-horse.com\/pt-br\/wp-json\/wp\/v2\/product_tag?post=19812"}],"curies":[{"name":"wp","href":"https:\/\/api.w.org\/{rel}","templated":true}]}}