{"id":30916,"date":"2022-11-07T20:39:19","date_gmt":"2022-11-07T19:39:19","guid":{"rendered":"https:\/\/www.royal-horse.com\/?post_type=product&#038;p=30916"},"modified":"2025-08-04T20:41:51","modified_gmt":"2025-08-04T18:41:51","slug":"mineral-tropa","status":"publish","type":"product","link":"https:\/\/www.royal-horse.com\/pt-br\/alimentacao-cavalos\/mineral-tropa\/","title":{"rendered":"Mineral Tropa"},"content":{"rendered":"<p>O Mineral Tropa \u00e9 um suplemento mineral contendo macro e micronutrientes indicado para animais mantidos a pasto. Cont\u00e9m alta inclus\u00e3o de C\u00e1lcio e \u00e9 indicado para equilibrar dietas \u00e0 base de gr\u00e3os n\u00e3o enriquecidos e pastos nativos com muito oxalato.<\/p>\n","protected":false},"excerpt":{"rendered":"<p>O Mineral Tropa \u00e9 um suplemento mineral contendo macro e micronutrientes indicado para animais mantidos a pasto. Cont\u00e9m alta inclus\u00e3o de C\u00e1lcio e \u00e9 indicado para equilibrar dietas \u00e0 base de gr\u00e3os n\u00e3o enriquecidos e pastos nativos com muito oxalato. [&#8230;]<\/p>\n<p><a class=\"btn btn-secondary understrap-read-more-link\" href=\"https:\/\/www.royal-horse.com\/pt-br\/alimentacao-cavalos\/mineral-tropa\/\">Leia mais&#8230;<span class=\"screen-reader-text\"> from Mineral Tropa<\/span><\/a><\/p>\n","protected":false},"featured_media":33468,"comment_status":"closed","ping_status":"closed","template":"","meta":{"_acf_changed":false,"_joinchat":[]},"dispo_ecurie":[211,454,453,456,455],"activite_cheval":[274,210,457,209],"type_aliment":[],"product_brand":[],"product_cat":[452],"product_tag":[],"class_list":{"0":"post-30916","1":"product","2":"type-product","3":"status-publish","4":"has-post-thumbnail","6":"dispo_ecurie-feno","7":"dispo_ecurie-feno-de-alfafa","8":"dispo_ecurie-pasto","9":"dispo_ecurie-pre-secado","10":"dispo_ecurie-silagem","11":"activite_cheval-animal-senior","12":"activite_cheval-eguas-de-cria","13":"activite_cheval-manutencao","14":"activite_cheval-potros","15":"product_cat-suplementos","17":"first","18":"instock","19":"shipping-taxable","20":"product-type-simple"},"acf":[],"yoast_head":"<!-- This site is optimized with the Yoast SEO plugin v27.6 - https:\/\/yoast.com\/product\/yoast-seo-wordpress\/ -->\n<title>Mineral Tropa - Royal Horse<\/title>\n<meta name=\"description\" content=\"Produto farelado indicado para todas as fases de cria\u00e7\u00e3o e animais atletas.\" \/>\n<meta name=\"robots\" content=\"index, follow, max-snippet:-1, max-image-preview:large, max-video-preview:-1\" \/>\n<link rel=\"canonical\" href=\"https:\/\/www.royal-horse.com\/pt-br\/alimentacao-cavalos\/mineral-tropa\/\" \/>\n<meta property=\"og:locale\" content=\"pt_BR\" \/>\n<meta property=\"og:type\" content=\"article\" \/>\n<meta property=\"og:title\" content=\"Mineral Tropa - Royal Horse\" \/>\n<meta property=\"og:description\" content=\"Produto farelado indicado para todas as fases de cria\u00e7\u00e3o e animais atletas.\" \/>\n<meta property=\"og:url\" content=\"https:\/\/www.royal-horse.com\/pt-br\/alimentacao-cavalos\/mineral-tropa\/\" \/>\n<meta property=\"og:site_name\" content=\"Royal Horse\" \/>\n<meta property=\"article:modified_time\" content=\"2025-08-04T18:41:51+00:00\" \/>\n<meta property=\"og:image\" content=\"https:\/\/www.royal-horse.com\/wp-content\/uploads\/2022\/11\/RH-Mineral-25kg-scaled.png\" \/>\n\t<meta property=\"og:image:width\" content=\"2068\" \/>\n\t<meta property=\"og:image:height\" content=\"2560\" \/>\n\t<meta property=\"og:image:type\" content=\"image\/png\" \/>\n<meta name=\"twitter:card\" content=\"summary_large_image\" \/>\n<meta name=\"twitter:label1\" content=\"Est. tempo de leitura\" \/>\n\t<meta name=\"twitter:data1\" content=\"1 minuto\" \/>\n<script type=\"application\/ld+json\" class=\"yoast-schema-graph\">{\"@context\":\"https:\\\/\\\/schema.org\",\"@graph\":[{\"@type\":\"WebPage\",\"@id\":\"https:\\\/\\\/www.royal-horse.com\\\/pt-br\\\/alimentacao-cavalos\\\/mineral-tropa\\\/\",\"url\":\"https:\\\/\\\/www.royal-horse.com\\\/pt-br\\\/alimentacao-cavalos\\\/mineral-tropa\\\/\",\"name\":\"Mineral Tropa - Royal Horse\",\"isPartOf\":{\"@id\":\"https:\\\/\\\/www.royal-horse.com\\\/pt-br\\\/#website\"},\"primaryImageOfPage\":{\"@id\":\"https:\\\/\\\/www.royal-horse.com\\\/pt-br\\\/alimentacao-cavalos\\\/mineral-tropa\\\/#primaryimage\"},\"image\":{\"@id\":\"https:\\\/\\\/www.royal-horse.com\\\/pt-br\\\/alimentacao-cavalos\\\/mineral-tropa\\\/#primaryimage\"},\"thumbnailUrl\":\"https:\\\/\\\/www.royal-horse.com\\\/wp-content\\\/uploads\\\/2022\\\/11\\\/RH-Mineral-25kg-scaled.png\",\"datePublished\":\"2022-11-07T19:39:19+00:00\",\"dateModified\":\"2025-08-04T18:41:51+00:00\",\"description\":\"Produto farelado indicado para todas as fases de cria\u00e7\u00e3o e animais atletas.\",\"breadcrumb\":{\"@id\":\"https:\\\/\\\/www.royal-horse.com\\\/pt-br\\\/alimentacao-cavalos\\\/mineral-tropa\\\/#breadcrumb\"},\"inLanguage\":\"pt-BR\",\"potentialAction\":[{\"@type\":\"ReadAction\",\"target\":[\"https:\\\/\\\/www.royal-horse.com\\\/pt-br\\\/alimentacao-cavalos\\\/mineral-tropa\\\/\"]}]},{\"@type\":\"ImageObject\",\"inLanguage\":\"pt-BR\",\"@id\":\"https:\\\/\\\/www.royal-horse.com\\\/pt-br\\\/alimentacao-cavalos\\\/mineral-tropa\\\/#primaryimage\",\"url\":\"https:\\\/\\\/www.royal-horse.com\\\/wp-content\\\/uploads\\\/2022\\\/11\\\/RH-Mineral-25kg-scaled.png\",\"contentUrl\":\"https:\\\/\\\/www.royal-horse.com\\\/wp-content\\\/uploads\\\/2022\\\/11\\\/RH-Mineral-25kg-scaled.png\",\"width\":2068,\"height\":2560},{\"@type\":\"BreadcrumbList\",\"@id\":\"https:\\\/\\\/www.royal-horse.com\\\/pt-br\\\/alimentacao-cavalos\\\/mineral-tropa\\\/#breadcrumb\",\"itemListElement\":[{\"@type\":\"ListItem\",\"position\":1,\"name\":\"Accueil\",\"item\":\"https:\\\/\\\/www.royal-horse.com\\\/pt-br\\\/\"},{\"@type\":\"ListItem\",\"position\":2,\"name\":\"Produtos\",\"item\":\"https:\\\/\\\/www.royal-horse.com\\\/pt-br\\\/alimentacao-cavalos\\\/\"},{\"@type\":\"ListItem\",\"position\":3,\"name\":\"Mineral Tropa\"}]},{\"@type\":\"WebSite\",\"@id\":\"https:\\\/\\\/www.royal-horse.com\\\/pt-br\\\/#website\",\"url\":\"https:\\\/\\\/www.royal-horse.com\\\/pt-br\\\/\",\"name\":\"Royal Horse\",\"description\":\"Leader de l&#039;alimentation pour chevaux\",\"publisher\":{\"@id\":\"https:\\\/\\\/www.royal-horse.com\\\/pt-br\\\/#organization\"},\"potentialAction\":[{\"@type\":\"SearchAction\",\"target\":{\"@type\":\"EntryPoint\",\"urlTemplate\":\"https:\\\/\\\/www.royal-horse.com\\\/pt-br\\\/?s={search_term_string}\"},\"query-input\":{\"@type\":\"PropertyValueSpecification\",\"valueRequired\":true,\"valueName\":\"search_term_string\"}}],\"inLanguage\":\"pt-BR\"},{\"@type\":\"Organization\",\"@id\":\"https:\\\/\\\/www.royal-horse.com\\\/pt-br\\\/#organization\",\"name\":\"Royal Horse\",\"url\":\"https:\\\/\\\/www.royal-horse.com\\\/pt-br\\\/\",\"logo\":{\"@type\":\"ImageObject\",\"inLanguage\":\"pt-BR\",\"@id\":\"https:\\\/\\\/www.royal-horse.com\\\/pt-br\\\/#\\\/schema\\\/logo\\\/image\\\/\",\"url\":\"https:\\\/\\\/www.royal-horse.com\\\/wp-content\\\/uploads\\\/2021\\\/10\\\/Logo-RH.svg\",\"contentUrl\":\"https:\\\/\\\/www.royal-horse.com\\\/wp-content\\\/uploads\\\/2021\\\/10\\\/Logo-RH.svg\",\"width\":71,\"height\":140,\"caption\":\"Royal Horse\"},\"image\":{\"@id\":\"https:\\\/\\\/www.royal-horse.com\\\/pt-br\\\/#\\\/schema\\\/logo\\\/image\\\/\"}}]}<\/script>\n<!-- \/ Yoast SEO plugin. -->","yoast_head_json":{"title":"Mineral Tropa - Royal Horse","description":"Produto farelado indicado para todas as fases de cria\u00e7\u00e3o e animais atletas.","robots":{"index":"index","follow":"follow","max-snippet":"max-snippet:-1","max-image-preview":"max-image-preview:large","max-video-preview":"max-video-preview:-1"},"canonical":"https:\/\/www.royal-horse.com\/pt-br\/alimentacao-cavalos\/mineral-tropa\/","og_locale":"pt_BR","og_type":"article","og_title":"Mineral Tropa - Royal Horse","og_description":"Produto farelado indicado para todas as fases de cria\u00e7\u00e3o e animais atletas.","og_url":"https:\/\/www.royal-horse.com\/pt-br\/alimentacao-cavalos\/mineral-tropa\/","og_site_name":"Royal Horse","article_modified_time":"2025-08-04T18:41:51+00:00","og_image":[{"width":2068,"height":2560,"url":"https:\/\/www.royal-horse.com\/wp-content\/uploads\/2022\/11\/RH-Mineral-25kg-scaled.png","type":"image\/png"}],"twitter_card":"summary_large_image","twitter_misc":{"Est. tempo de leitura":"1 minuto"},"schema":{"@context":"https:\/\/schema.org","@graph":[{"@type":"WebPage","@id":"https:\/\/www.royal-horse.com\/pt-br\/alimentacao-cavalos\/mineral-tropa\/","url":"https:\/\/www.royal-horse.com\/pt-br\/alimentacao-cavalos\/mineral-tropa\/","name":"Mineral Tropa - Royal Horse","isPartOf":{"@id":"https:\/\/www.royal-horse.com\/pt-br\/#website"},"primaryImageOfPage":{"@id":"https:\/\/www.royal-horse.com\/pt-br\/alimentacao-cavalos\/mineral-tropa\/#primaryimage"},"image":{"@id":"https:\/\/www.royal-horse.com\/pt-br\/alimentacao-cavalos\/mineral-tropa\/#primaryimage"},"thumbnailUrl":"https:\/\/www.royal-horse.com\/wp-content\/uploads\/2022\/11\/RH-Mineral-25kg-scaled.png","datePublished":"2022-11-07T19:39:19+00:00","dateModified":"2025-08-04T18:41:51+00:00","description":"Produto farelado indicado para todas as fases de cria\u00e7\u00e3o e animais atletas.","breadcrumb":{"@id":"https:\/\/www.royal-horse.com\/pt-br\/alimentacao-cavalos\/mineral-tropa\/#breadcrumb"},"inLanguage":"pt-BR","potentialAction":[{"@type":"ReadAction","target":["https:\/\/www.royal-horse.com\/pt-br\/alimentacao-cavalos\/mineral-tropa\/"]}]},{"@type":"ImageObject","inLanguage":"pt-BR","@id":"https:\/\/www.royal-horse.com\/pt-br\/alimentacao-cavalos\/mineral-tropa\/#primaryimage","url":"https:\/\/www.royal-horse.com\/wp-content\/uploads\/2022\/11\/RH-Mineral-25kg-scaled.png","contentUrl":"https:\/\/www.royal-horse.com\/wp-content\/uploads\/2022\/11\/RH-Mineral-25kg-scaled.png","width":2068,"height":2560},{"@type":"BreadcrumbList","@id":"https:\/\/www.royal-horse.com\/pt-br\/alimentacao-cavalos\/mineral-tropa\/#breadcrumb","itemListElement":[{"@type":"ListItem","position":1,"name":"Accueil","item":"https:\/\/www.royal-horse.com\/pt-br\/"},{"@type":"ListItem","position":2,"name":"Produtos","item":"https:\/\/www.royal-horse.com\/pt-br\/alimentacao-cavalos\/"},{"@type":"ListItem","position":3,"name":"Mineral Tropa"}]},{"@type":"WebSite","@id":"https:\/\/www.royal-horse.com\/pt-br\/#website","url":"https:\/\/www.royal-horse.com\/pt-br\/","name":"Royal Horse","description":"Leader de l&#039;alimentation pour chevaux","publisher":{"@id":"https:\/\/www.royal-horse.com\/pt-br\/#organization"},"potentialAction":[{"@type":"SearchAction","target":{"@type":"EntryPoint","urlTemplate":"https:\/\/www.royal-horse.com\/pt-br\/?s={search_term_string}"},"query-input":{"@type":"PropertyValueSpecification","valueRequired":true,"valueName":"search_term_string"}}],"inLanguage":"pt-BR"},{"@type":"Organization","@id":"https:\/\/www.royal-horse.com\/pt-br\/#organization","name":"Royal Horse","url":"https:\/\/www.royal-horse.com\/pt-br\/","logo":{"@type":"ImageObject","inLanguage":"pt-BR","@id":"https:\/\/www.royal-horse.com\/pt-br\/#\/schema\/logo\/image\/","url":"https:\/\/www.royal-horse.com\/wp-content\/uploads\/2021\/10\/Logo-RH.svg","contentUrl":"https:\/\/www.royal-horse.com\/wp-content\/uploads\/2021\/10\/Logo-RH.svg","width":71,"height":140,"caption":"Royal Horse"},"image":{"@id":"https:\/\/www.royal-horse.com\/pt-br\/#\/schema\/logo\/image\/"}}]}},"_links":{"self":[{"href":"https:\/\/www.royal-horse.com\/pt-br\/wp-json\/wp\/v2\/product\/30916","targetHints":{"allow":["GET"]}}],"collection":[{"href":"https:\/\/www.royal-horse.com\/pt-br\/wp-json\/wp\/v2\/product"}],"about":[{"href":"https:\/\/www.royal-horse.com\/pt-br\/wp-json\/wp\/v2\/types\/product"}],"replies":[{"embeddable":true,"href":"https:\/\/www.royal-horse.com\/pt-br\/wp-json\/wp\/v2\/comments?post=30916"}],"wp:featuredmedia":[{"embeddable":true,"href":"https:\/\/www.royal-horse.com\/pt-br\/wp-json\/wp\/v2\/media\/33468"}],"wp:attachment":[{"href":"https:\/\/www.royal-horse.com\/pt-br\/wp-json\/wp\/v2\/media?parent=30916"}],"wp:term":[{"taxonomy":"dispo_ecurie","embeddable":true,"href":"https:\/\/www.royal-horse.com\/pt-br\/wp-json\/wp\/v2\/dispo_ecurie?post=30916"},{"taxonomy":"activite_cheval","embeddable":true,"href":"https:\/\/www.royal-horse.com\/pt-br\/wp-json\/wp\/v2\/activite_cheval?post=30916"},{"taxonomy":"type_aliment","embeddable":true,"href":"https:\/\/www.royal-horse.com\/pt-br\/wp-json\/wp\/v2\/type_aliment?post=30916"},{"taxonomy":"product_brand","embeddable":true,"href":"https:\/\/www.royal-horse.com\/pt-br\/wp-json\/wp\/v2\/product_brand?post=30916"},{"taxonomy":"product_cat","embeddable":true,"href":"https:\/\/www.royal-horse.com\/pt-br\/wp-json\/wp\/v2\/product_cat?post=30916"},{"taxonomy":"product_tag","embeddable":true,"href":"https:\/\/www.royal-horse.com\/pt-br\/wp-json\/wp\/v2\/product_tag?post=30916"}],"curies":[{"name":"wp","href":"https:\/\/api.w.org\/{rel}","templated":true}]}}